{"id":1718,"date":"2023-11-09T17:34:03","date_gmt":"2023-11-09T17:34:03","guid":{"rendered":"https:\/\/tulinkahveci.com\/?page_id=1718"},"modified":"2023-11-09T17:34:03","modified_gmt":"2023-11-09T17:34:03","slug":"kvkk-hakkinda-aydinlatma-metni","status":"publish","type":"page","link":"https:\/\/tulinkahveci.com\/index.php\/kvkk-hakkinda-aydinlatma-metni\/","title":{"rendered":"KVKK Hakk\u0131nda Ayd\u0131nlatma Metni"},"content":{"rendered":"\t\t<div data-elementor-type=\"wp-page\" data-elementor-id=\"1718\" class=\"elementor elementor-1718\">\n\t\t\t\t\t\t<section class=\"elementor-section elementor-top-section elementor-element elementor-element-0e9dbfc elementor-section-boxed elementor-section-height-default elementor-section-height-default\" data-id=\"0e9dbfc\" data-element_type=\"section\" data-e-type=\"section\">\n\t\t\t\t\t\t<div class=\"elementor-container elementor-column-gap-default\">\n\t\t\t\t\t<div class=\"aux-parallax-section elementor-column elementor-col-100 elementor-top-column elementor-element elementor-element-317e660\" data-id=\"317e660\" data-element_type=\"column\" data-e-type=\"column\">\n\t\t\t<div class=\"elementor-widget-wrap elementor-element-populated\">\n\t\t\t\t\t\t<div class=\"elementor-element elementor-element-00dc89b elementor-widget elementor-widget-heading\" data-id=\"00dc89b\" data-element_type=\"widget\" data-e-type=\"widget\" data-widget_type=\"heading.default\">\n\t\t\t\t\t<h2 class=\"elementor-heading-title elementor-size-default\">Ki\u015fisel Verilerin Korunmas\u0131 Hakk\u0131nda Ayd\u0131nlatma Metni<\/h2>\t\t\t\t<\/div>\n\t\t\t\t\t<\/div>\n\t\t<\/div>\n\t\t\t\t\t<\/div>\n\t\t<\/section>\n\t\t\t\t<section class=\"elementor-section elementor-top-section elementor-element elementor-element-6ab9d0d elementor-section-boxed elementor-section-height-default elementor-section-height-default\" data-id=\"6ab9d0d\" data-element_type=\"section\" data-e-type=\"section\">\n\t\t\t\t\t\t<div class=\"elementor-container elementor-column-gap-default\">\n\t\t\t\t\t<div class=\"aux-parallax-section elementor-column elementor-col-100 elementor-top-column elementor-element elementor-element-9b75a25\" data-id=\"9b75a25\" data-element_type=\"column\" data-e-type=\"column\">\n\t\t\t<div class=\"elementor-widget-wrap elementor-element-populated\">\n\t\t\t\t\t\t<div class=\"elementor-element elementor-element-e9c7db5 elementor-widget elementor-widget-text-editor\" data-id=\"e9c7db5\" data-element_type=\"widget\" data-e-type=\"widget\" data-widget_type=\"text-editor.default\">\n\t\t\t\t\t\t\t\t\t<p align=\"left\"><strong><span style=\"color: #000000;\"><span style=\"font-family: Times New Roman, serif;\"><span style=\"font-size: large;\"><b>Ki\u015fisel Verilerin Korunmas\u0131 Hakk\u0131nda <\/b><\/span><\/span><\/span><\/strong><strong><span style=\"color: #000000;\"><span style=\"font-family: Times New Roman, serif;\"><span style=\"font-size: large;\"><b>Ayd\u0131nlatma Metni<\/b><\/span><\/span><\/span><\/strong><span style=\"color: #000000;\"><span style=\"font-family: Times New Roman, serif;\"><span style=\"font-size: large;\"><br \/>Op.Dr T\u00fclin<\/span><\/span><\/span><span style=\"color: #000000;\"><span style=\"font-family: Times New Roman, serif;\"><span style=\"font-size: large;\"> KAHVEC\u0130<\/span><\/span><\/span><span style=\"color: #000000;\"><span style=\"font-family: Times New Roman, serif;\"><span style=\"font-size: large;\"> ve muayenehane ekibi (\u201cMuayenehane\u201d) olarak, ki\u015fisel verilerinizin g\u00fcvenli\u011fine b\u00fcy\u00fck \u00f6nem vermekteyiz.<br \/>Hastalar\u0131m\u0131z taraf\u0131ndan payla\u015f\u0131lan her t\u00fcrl\u00fc ki\u015fisel veriyi hasta mahremiyetine \u00f6zen g\u00f6sterecek \u015fekilde ve ki\u015fisel verilerinize ili\u015fkin uygun g\u00fcvenlik d\u00fczeyini temin etmeye y\u00f6nelik gerekli her t\u00fcrl\u00fc teknik ve idari tedbiri alacak \u015fekilde muhafaza etmekteyiz.<br \/>\u0130\u015fbu Ki\u015fisel Verilerin Korunmas\u0131 Hakk\u0131nda Bilgilendirme, ki\u015fisel veri koruma ve i\u015fleme politikam\u0131z\u0131 ve Muayenehane taraf\u0131ndan ifa edilen hizmetler s\u0131ras\u0131nda ki\u015fisel verilerinizi nas\u0131l toplad\u0131\u011f\u0131m\u0131z, aktard\u0131\u011f\u0131m\u0131z, kulland\u0131\u011f\u0131m\u0131z ve korudu\u011fumuzu a\u00e7\u0131klamaktad\u0131r.<br \/>1. Muayenehane Taraf\u0131ndan Toplanan Ki\u015fisel Veriler<br \/>Hastalar\u0131m\u0131zdan, sa\u011flad\u0131\u011f\u0131m\u0131z sa\u011fl\u0131k hizmetleri \u00e7er\u00e7evesinde \u00e7e\u015fitli bilgiler toplamaktay\u0131z. S\u00f6z konusu bilgiler, her \u015fartta 6698 say\u0131l\u0131 Ki\u015fisel Verilerin Korunmas\u0131 Kanunu\u2019nda (\u201cKVKK\u201d) yer alan veri i\u015fleme ilke ve \u015fartlar\u0131na uygun olarak toplanmaktad\u0131r. Sizlerden a\u015fa\u011f\u0131da 2. B\u00f6l\u00fcm\u2019de a\u00e7\u0131klanan ama\u00e7lar kapsam\u0131nda toplad\u0131\u011f\u0131m\u0131z bilgiler aras\u0131nda a\u015fa\u011f\u0131dakiler yer alabilir:<br \/>\uf09f Ad\u0131n\u0131z soyad\u0131n\u0131z,<br \/>\uf09f T.C. Kimlik bilgileriniz, T.C. kimlik numaran\u0131z, pasaport numaran\u0131z,<br \/>\uf09f Do\u011fum yeriniz ve tarihiniz,<br \/>\uf09f Cinsiyetiniz,<\/span><\/span><\/span><\/p><p align=\"left\"><span style=\"color: #000000;\">\uf09f<\/span> <span style=\"font-family: Times New Roman, serif;\"><span style=\"font-size: large;\"><span style=\"color: #000000;\">Medeni Haliniz<\/span><span style=\"color: #000000;\"><br \/>\uf09f Adresiniz,<br \/>\uf09f Telefon numaran\u0131z,<br \/>\uf09f E-posta adresiniz,<br \/>\uf09f Size \u00f6zg\u00fclenen hasta protokol numaran\u0131z,<br \/>\uf09f \u00d6deme, fatura bilgileri gibi finansal bilgileriniz,<br \/>\uf09f \u00d6zel sa\u011fl\u0131k sigortas\u0131 ve Sosyal G\u00fcvenlik Kurumu bilgileriniz,<br \/>\uf09f Sosyal G\u00fcvenlik Kurumu kapsam\u0131nda finanse edilen hizmetler kapsam\u0131nda biyometrik verileriniz,<br \/>\uf09f Genel olarak biyometrik ve genetik verileriniz,<br \/>\uf09f Laboratuvar sonu\u00e7lar\u0131n\u0131z,<br \/>\uf09f Test, tahlil ve tetkik sonu\u00e7lar\u0131n\u0131z,<br \/>\uf09f Muayene verileriniz,<br \/>\uf09f Check-up bilgileriniz,<br \/>\uf09f Re\u00e7ete bilgileriniz ve bunlarla s\u0131n\u0131rl\u0131 olmamak \u00fczere t\u0131bb\u00ee te\u015fhis, tedavi ve bak\u0131m hizmetlerinin y\u00fcr\u00fct\u00fclmesi s\u0131ras\u0131nda veya bunlar\u0131n bir sonucu olarak elde edilen her t\u00fcrl\u00fc sa\u011fl\u0131k ve cinsel hayata ili\u015fkin ki\u015fisel verileriniz.<br \/>\uf09f Posta, telefon, faks, e-posta ve sair kanalar ile bize ula\u015ft\u0131\u011f\u0131n\u0131z taktirde payla\u015ft\u0131\u011f\u0131n\u0131z di\u011fer verileriniz.<\/span><\/span><\/span><\/p><p align=\"left\"><span style=\"color: #000000;\"><span style=\"font-family: Times New Roman, serif;\"><span style=\"font-size: large;\">2. Ki\u015fisel Verilerinizin \u0130\u015flenme Ama\u00e7lar\u0131<br \/>Bizden almakta oldu\u011funuz hizmetler kapsam\u0131nda toplad\u0131\u011f\u0131m\u0131z ki\u015fisel veriler, a\u015fa\u011f\u0131dakilerin de aras\u0131nda yer ald\u0131\u011f\u0131 \u00e7e\u015fitli ama\u00e7lar dahilinde i\u015flenmektedir:<br \/>a. 3359 say\u0131l\u0131 Sa\u011fl\u0131k Hizmetleri Temel Kanunu, 663 say\u0131l\u0131 Sa\u011fl\u0131k Bakanl\u0131\u011f\u0131 ve Ba\u011fl\u0131 Kurulu\u015flar\u0131n\u0131n Te\u015fkilat ve G\u00f6revleri Hakk\u0131nda Kanun H\u00fckm\u00fcnde Kararname, Ayakta Te\u015fhis Ve Tedavi Yap\u0131lan \u00d6zel Sa\u011fl\u0131k Kurulu\u015flar\u0131 Hakk\u0131nda Y\u00f6netmelik, Ki\u015fisel Sa\u011fl\u0131k Verilerinin \u0130\u015flenmesi ve Mahremiyetinin Sa\u011flanmas\u0131 Hakk\u0131nda Y\u00f6netmelik ve ilgili di\u011fer d\u00fczenlemelerde yer alan hukuki y\u00fck\u00fcml\u00fcl\u00fcklerimizi yerine getirme;<br \/>b. Kamu sa\u011fl\u0131\u011f\u0131n\u0131n korunmas\u0131, koruyucu hekimlik, t\u0131bb\u00ee te\u015fhis, tedavi ve bak\u0131m hizmetlerinin y\u00fcr\u00fct\u00fclmesi, sa\u011fl\u0131k hizmetleri ile finansman\u0131n\u0131n planlanmas\u0131 ve y\u00f6netimi;<br \/>c. Randevu ald\u0131\u011f\u0131n\u0131z takdirde randevunuza ili\u015fkin size bilgi sa\u011flama;<br \/>d. Muayenehanenin i\u00e7 i\u015fleyi\u015fini planlanma ve y\u00f6netme,<br \/>e. Hizmetlerimizi geli\u015ftirmek amac\u0131yla analiz yapma;<br \/>f. Faturaland\u0131rma yap\u0131lmas\u0131;<br \/>g. Kimli\u011finizin do\u011frulanmas\u0131;<br \/>h. Anla\u015fmal\u0131 kurumlarla ili\u015fkinizin do\u011frulanmas\u0131;<br \/>i. Uygulanan mevzuat uyar\u0131nca Sa\u011fl\u0131k Bakanl\u0131\u011f\u0131 ve di\u011fer kamu kurum ve kurulu\u015flar\u0131n\u0131n taleplerine yan\u0131t verme;<br \/>j. Hizmetlerimize ili\u015fkin soru veya \u015fikayetlerinize yan\u0131t verme;<br \/>k.Sundu\u011fumuz hizmetlerin geli\u015ftirilmesi amac\u0131yla sa\u011fl\u0131k hizmetleri kullan\u0131m\u0131n\u0131z\u0131 analiz etme;<br \/>l. Muayenehanenin i\u00e7 politika ve prensiplerine uyum sa\u011flama;<br \/>m. Sa\u011fl\u0131k hizmetleri alman\u0131z\u0131 takiben hasta memnuniyetinin \u00f6l\u00e7\u00fclmesi ve hasta memnuniyetinin art\u0131r\u0131lmas\u0131;<br \/>n. Hizmetlerimize ili\u015fkin olarak bilgilendirme amac\u0131yla sizinle ileti\u015fime ge\u00e7ilmesi;<br \/>o. \u0130la\u00e7 veya t\u0131bbi cihaz temini.<br \/>Bununla birlikte, ki\u015fisel verileriniz yukar\u0131da say\u0131lan faaliyetler ve ilgili mevzuat\u0131n gerektirdi\u011fi haller haricinde hi\u00e7bir \u015fekilde ticari bir ama\u00e7la kullan\u0131lmayacakt\u0131r.<br \/>3. Ki\u015fisel Verilerinizin Aktar\u0131labilece\u011fi Ki\u015fi ve Kurulu\u015flar<br \/>KVKK ve ilgili sa\u011fl\u0131k mevzuat\u0131 uyar\u0131nca uygun g\u00fcvenlik d\u00fczeyini temin etmeye y\u00f6nelik gerekli her t\u00fcrl\u00fc teknik ve idari tedbirlerin al\u0131nmas\u0131n\u0131 sa\u011flayarak, ki\u015fisel verilerinizi yukar\u0131da B\u00f6l\u00fcm 2\u2019de yer alan ama\u00e7lar do\u011frultusunda; 3359 say\u0131l\u0131 Sa\u011fl\u0131k Hizmetleri Temel Kanunu, 663 say\u0131l\u0131 Sa\u011fl\u0131k Bakanl\u0131\u011f\u0131 ve Ba\u011fl\u0131 Kurulu\u015flar\u0131n\u0131n Te\u015fkilat ve G\u00f6revleri Hakk\u0131nda Kanun H\u00fckm\u00fcnde Kararname, Ayakta Te\u015fhis Ve Tedavi Yap\u0131lan \u00d6zel Sa\u011fl\u0131k Kurulu\u015flar\u0131 Hakk\u0131nda Y\u00f6netmelik, Ki\u015fisel Sa\u011fl\u0131k Verilerinin \u0130\u015flenmesi ve Mahremiyetinin Sa\u011flanmas\u0131 Hakk\u0131nda Y\u00f6netmelik ve ilgili di\u011fer mevzuat h\u00fck\u00fcmlerinin izin verdi\u011fi kurum veya kurulu\u015flar; \u00f6zel sigorta \u015firketleri; denet\u00e7iler; dan\u0131\u015fmanlar; i\u015f ortaklar\u0131; faaliyetlerimizi y\u00fcr\u00fctmek \u00fczere s\u00f6zle\u015fmesel olarak hizmet ald\u0131\u011f\u0131m\u0131z, i\u015fbirli\u011fi yapt\u0131\u011f\u0131m\u0131z, yurt i\u00e7i kurulu\u015flar ve di\u011fer \u00fc\u00e7\u00fcnc\u00fc ki\u015filere aktarabiliriz.<br \/>4. Ki\u015fisel Veri Toplaman\u0131n Y\u00f6ntemi ve Hukuki Sebebi<br \/>Ki\u015fisel verileriniz, her t\u00fcrl\u00fc s\u00f6zl\u00fc, yaz\u0131l\u0131 ya da elektronik ortamda, yukar\u0131da yer verilen ama\u00e7lar kapsam\u0131nda, Muayenehanenin s\u00f6zle\u015fmesel ve kanuni y\u00fck\u00fcml\u00fcl\u00fcklerini yerine getirebilmesi amac\u0131yla toplan\u0131r.<br \/>Ki\u015fisel verileriniz;<br \/>Elden, elektronik postayla, postayla, faks ile sosyal medya hesaplar\u0131 arac\u0131l\u0131\u011f\u0131 ile, y\u00fcz y\u00fcze yap\u0131lan g\u00f6r\u00fc\u015fmeler, telefon-telekonferans-video konferans y\u00f6ntemleri ile yap\u0131lan g\u00f6r\u00fc\u015fmeler s\u0131ras\u0131nda edinilen bilgiler ile toplanmakta ve i\u015flenmektedir.<br \/>Ki\u015fisel verileriniz; 6698 Say\u0131l\u0131 Kanun\u2019un 5. Ve 6. Maddelerinde yer alan a\u015fa\u011f\u0131daki hukuki sebeplerle i\u015flenmektedir;<br \/>i.A\u00e7\u0131k r\u0131zan\u0131z\u0131n bulunmas\u0131,<br \/>ii.Kanunlarda a\u00e7\u0131k\u00e7a \u00f6ng\u00f6r\u00fclmesi,<br \/>iii.Fiili imk\u00e2ns\u0131zl\u0131k nedeniyle r\u0131zan\u0131z\u0131 a\u00e7\u0131klayamayacak durumda olman\u0131z halinde veya r\u0131zan\u0131za hukuki ge\u00e7erlilik tan\u0131nmayan sizin yahut bir ba\u015fkas\u0131n\u0131n hayat veya beden b\u00fct\u00fcnl\u00fc\u011f\u00fcn\u00fcn korunmas\u0131 i\u00e7in zorunlu olmas\u0131,<br \/>iv.Bir s\u00f6zle\u015fmenin kurulmas\u0131 veya ifas\u0131yla ilgili olarak ki\u015fisel veri i\u015flenmesi,<br \/>v.Hukuki y\u00fck\u00fcml\u00fcl\u00fcklerimizin yerine getirilebilmesi i\u00e7in zorunlu olmas\u0131,<br \/>vi.\u0130lgili ki\u015finin kendisi taraf\u0131ndan alenile\u015ftirilmi\u015f olmas\u0131,<br \/>vii.Bir hakk\u0131n tesisi, kullan\u0131lmas\u0131 veya korunmas\u0131 i\u00e7in veri i\u015flemenin zorunlu olmas\u0131,<br \/>viii.Sizlerin temel hak ve \u00f6zg\u00fcrl\u00fcklerine zarar vermemek kayd\u0131yla, me\u015fru menfaatlerimiz i\u00e7in zorunlu olmas\u0131,<br \/>ix.Sa\u011fl\u0131k ve cinsel hayata ili\u015fkin ki\u015fisel veriler ise ancak kamu sa\u011fl\u0131\u011f\u0131n\u0131n korunmas\u0131, koruyucu hekimlik, t\u0131bb\u00ee te\u015fhis, tedavi ve bak\u0131m hizmetlerinin y\u00fcr\u00fct\u00fclmesi, sa\u011fl\u0131k hizmetleri ile finansman\u0131n\u0131n planlanmas\u0131 ve y\u00f6netimi amac\u0131yla, s\u0131r saklama y\u00fck\u00fcml\u00fcl\u00fc\u011f\u00fc alt\u0131nda bulunan ki\u015filer veya yetkili kurum ve kurulu\u015flar taraf\u0131ndan i\u015flenmesi.<br \/>5. Ki\u015fisel Verilerinize \u0130li\u015fkin Haklar\u0131n\u0131z<br \/>Ki\u015fisel verilerinizin Muayenehane taraf\u0131ndan veri sorumlusu s\u0131fat\u0131 ile i\u015flendi\u011fi \u00f6l\u00e7\u00fcde KVKK\u2019n\u0131n 11. maddesi gere\u011fi haklar\u0131n\u0131z a\u015fa\u011f\u0131daki gibidir;<br \/>a) Herhangi bir ki\u015fisel verinizin i\u015flenip i\u015flenmedi\u011fini \u00f6\u011frenme;<br \/>b) Ki\u015fisel verilerinizin i\u015flenme faaliyetlerine ili\u015fkin olarak bilgi talep etme;<br \/>c) Ki\u015fisel verilerinizin i\u015flenme ama\u00e7lar\u0131n\u0131 \u00f6\u011frenme;<br \/>d) Ki\u015fisel verilerin yurt i\u00e7inde veya yurt d\u0131\u015f\u0131nda \u00fc\u00e7\u00fcnc\u00fc ki\u015filere aktar\u0131lm\u0131\u015f olmas\u0131 durumunda bu ki\u015fileri \u00f6\u011frenme;<br \/>e) Ki\u015fisel verilerin eksik veya yanl\u0131\u015f i\u015flenmi\u015f olmas\u0131 halinde bunlar\u0131n d\u00fczeltilmesini isteme;<br \/>f) Ki\u015fisel verilerin i\u015flenmesini gerektiren sebeplerin ortadan kalkmas\u0131 veya Muayenehane\u2019nin s\u00f6z konusu verileri i\u015fleyebilmek i\u00e7in hukuki dayana\u011f\u0131 veya me\u015fru menfaatinin bulunmamas\u0131 halinde ki\u015fisel verilerin silinmesini veya yok edilmesini isteme;<br \/>g) Ki\u015fisel verilerin otomatik sistemler vas\u0131tas\u0131yla i\u015flenmesi sonucu ortaya \u00e7\u0131kabilecek aleyhte sonu\u00e7lara itiraz etme ve;<br \/>h) Ki\u015fisel verilerinizin kanuna ayk\u0131r\u0131 bir \u015fekilde i\u015flenmesi sebebiyle zarara u\u011framan\u0131z halinde bu zarar\u0131n tazmin edilmesini isteme hakk\u0131na sahipsiniz.<br \/>KVKK 13. maddesinin 1. f\u0131kras\u0131 gere\u011fince, yukar\u0131da belirtilen haklar\u0131n\u0131z\u0131 kullanmak ile ilgili talebinizi, yaz\u0131l\u0131 veya Ki\u015fisel Verileri Koruma Kurulu\u2019nun belirledi\u011fi di\u011fer y\u00f6ntemlerle Muayenehane\u2019ye yaz\u0131l\u0131 olarak iletmeniz gerekmektedir. Bu \u00e7er\u00e7evede KVKK\u2019n\u0131n 11. maddesi kapsam\u0131nda yapaca\u011f\u0131n\u0131z ba\u015fvurularda yaz\u0131l\u0131 olarak ba\u015fvurunuzu iletece\u011finiz kanallar ve usuller a\u015fa\u011f\u0131da a\u00e7\u0131klanmaktad\u0131r.<br \/>Yukar\u0131da belirtilen haklar\u0131n\u0131z\u0131 kullanmak i\u00e7in kimli\u011finizi tespit edici gerekli bilgiler ile KVKK\u2019n\u0131n 11. maddesinde belirtilen haklardan kullanmay\u0131 talep etti\u011finiz hakk\u0131n\u0131za y\u00f6nelik a\u00e7\u0131klamalar\u0131n\u0131z\u0131 i\u00e7eren talebinizi Plevne Mah. Sava\u015ftepe Cad. G\u00fcl\u015fah Apt. No:15\/6 Alt\u0131eyl\u00fcl\/BALIKES\u0130R adresine kimli\u011finizi tespit edici belgeler ile bizzat elden iletebilir, noter kanal\u0131yla veya KVK Kanunu\u2019nda belirtilen di\u011fer y\u00f6ntemler ile g\u00f6nderebilir, ilgili formu kay\u0131tl\u0131 elektronik posta adresinizden; daha \u00f6ncesinde Muayenehane\u2019ye bildirdi\u011finiz ve Muayenehane sistemlerinde kay\u0131tl\u0131 olan mail adresiniz kanal\u0131 ile drtulinkahveci@gmail.com adresine mail yolu ile iletebilirsiniz.<br \/>Muayenehane, talebin niteli\u011fine g\u00f6re talebi en k\u0131sa s\u00fcrede ve en ge\u00e7 otuz g\u00fcn i\u00e7inde \u00fccretsiz olarak sonu\u00e7land\u0131racakt\u0131r. Ancak, i\u015flemin ayr\u0131ca bir maliyeti gerektirmesi h\u00e2linde, Muayenehane taraf\u0131ndan Ki\u015fisel Verileri Koruma Kurulunca belirlenen tarifedeki \u00fccret al\u0131nacakt\u0131r.<\/span><\/span><\/span><\/p>\t\t\t\t\t\t\t\t<\/div>\n\t\t\t\t\t<\/div>\n\t\t<\/div>\n\t\t\t\t\t<\/div>\n\t\t<\/section>\n\t\t\t\t<section class=\"elementor-section elementor-top-section elementor-element elementor-element-9f76a64 elementor-section-boxed elementor-section-height-default elementor-section-height-default\" data-id=\"9f76a64\" data-element_type=\"section\" data-e-type=\"section\">\n\t\t\t\t\t\t<div class=\"elementor-container elementor-column-gap-default\">\n\t\t\t\t\t<div class=\"aux-parallax-section elementor-column elementor-col-100 elementor-top-column elementor-element elementor-element-b29fc68\" data-id=\"b29fc68\" data-element_type=\"column\" data-e-type=\"column\">\n\t\t\t<div class=\"elementor-widget-wrap elementor-element-populated\">\n\t\t\t\t\t\t<div class=\"elementor-element elementor-element-65a20da elementor-widget elementor-widget-wp-widget-text\" data-id=\"65a20da\" data-element_type=\"widget\" data-e-type=\"widget\" data-widget_type=\"wp-widget-text.default\">\n\t\t\t\t<div class=\"elementor-widget-container\">\n\t\t\t\t\t<h5>K\u0130\u015e\u0130SEL VER\u0130 SAH\u0130B\u0130 BA\u015eVURU FORMU<\/h5>\t\t\t<div class=\"textwidget\"><p><a href=\"https:\/\/tulinkahveci.com\/wp-content\/uploads\/2023\/11\/veri-sahibi-basvuru-formu.pdf\">veri sahibi basvuru formu \u0130\u00c7\u0130N TIKLAYIN<\/a><\/p>\n<\/div>\n\t\t\t\t\t\t<\/div>\n\t\t\t\t<\/div>\n\t\t\t\t\t<\/div>\n\t\t<\/div>\n\t\t\t\t\t<\/div>\n\t\t<\/section>\n\t\t\t\t<\/div>\n\t\t","protected":false},"excerpt":{"rendered":"<p>Ki\u015fisel Verilerin Korunmas\u0131 Hakk\u0131nda Ayd\u0131nlatma Metni Ki\u015fisel Verilerin Korunmas\u0131 Hakk\u0131nda Ayd\u0131nlatma MetniOp.Dr T\u00fclin KAHVEC\u0130 ve muayenehane ekibi (\u201cMuayenehane\u201d) olarak, ki\u015fisel verilerinizin g\u00fcvenli\u011fine b\u00fcy\u00fck \u00f6nem vermekteyiz.Hastalar\u0131m\u0131z taraf\u0131ndan payla\u015f\u0131lan her t\u00fcrl\u00fc ki\u015fisel veriyi hasta mahremiyetine \u00f6zen g\u00f6sterecek \u015fekilde ve ki\u015fisel verilerinize ili\u015fkin uygun g\u00fcvenlik d\u00fczeyini temin etmeye y\u00f6nelik gerekli her t\u00fcrl\u00fc teknik ve idari tedbiri alacak \u015fekilde [&hellip;]<\/p>\n","protected":false},"author":1,"featured_media":0,"parent":0,"menu_order":0,"comment_status":"closed","ping_status":"closed","template":"","meta":{"footnotes":""},"class_list":["post-1718","page","type-page","status-publish","hentry"],"yoast_head":"<!-- This site is optimized with the Yoast SEO plugin v27.4 - https:\/\/yoast.com\/product\/yoast-seo-wordpress\/ -->\n<title>KVKK Hakk\u0131nda Ayd\u0131nlatma Metni - T\u00dcL\u0130N KAHVEC\u0130<\/title>\n<meta name=\"robots\" content=\"index, follow, max-snippet:-1, max-image-preview:large, max-video-preview:-1\" \/>\n<link rel=\"canonical\" href=\"https:\/\/tulinkahveci.com\/index.php\/kvkk-hakkinda-aydinlatma-metni\/\" \/>\n<meta property=\"og:locale\" content=\"tr_TR\" \/>\n<meta property=\"og:type\" content=\"article\" \/>\n<meta property=\"og:title\" content=\"KVKK Hakk\u0131nda Ayd\u0131nlatma Metni - T\u00dcL\u0130N KAHVEC\u0130\" \/>\n<meta property=\"og:description\" content=\"Ki\u015fisel Verilerin Korunmas\u0131 Hakk\u0131nda Ayd\u0131nlatma Metni Ki\u015fisel Verilerin Korunmas\u0131 Hakk\u0131nda Ayd\u0131nlatma MetniOp.Dr T\u00fclin KAHVEC\u0130 ve muayenehane ekibi (\u201cMuayenehane\u201d) olarak, ki\u015fisel verilerinizin g\u00fcvenli\u011fine b\u00fcy\u00fck \u00f6nem vermekteyiz.Hastalar\u0131m\u0131z taraf\u0131ndan payla\u015f\u0131lan her t\u00fcrl\u00fc ki\u015fisel veriyi hasta mahremiyetine \u00f6zen g\u00f6sterecek \u015fekilde ve ki\u015fisel verilerinize ili\u015fkin uygun g\u00fcvenlik d\u00fczeyini temin etmeye y\u00f6nelik gerekli her t\u00fcrl\u00fc teknik ve idari tedbiri alacak \u015fekilde [&hellip;]\" \/>\n<meta property=\"og:url\" content=\"https:\/\/tulinkahveci.com\/index.php\/kvkk-hakkinda-aydinlatma-metni\/\" \/>\n<meta property=\"og:site_name\" content=\"T\u00dcL\u0130N KAHVEC\u0130\" \/>\n<meta name=\"twitter:card\" content=\"summary_large_image\" \/>\n<meta name=\"twitter:label1\" content=\"Tahmini okuma s\u00fcresi\" \/>\n\t<meta name=\"twitter:data1\" content=\"7 dakika\" \/>\n<script type=\"application\/ld+json\" class=\"yoast-schema-graph\">{\"@context\":\"https:\\\/\\\/schema.org\",\"@graph\":[{\"@type\":\"WebPage\",\"@id\":\"https:\\\/\\\/tulinkahveci.com\\\/index.php\\\/kvkk-hakkinda-aydinlatma-metni\\\/\",\"url\":\"https:\\\/\\\/tulinkahveci.com\\\/index.php\\\/kvkk-hakkinda-aydinlatma-metni\\\/\",\"name\":\"KVKK Hakk\u0131nda Ayd\u0131nlatma Metni - T\u00dcL\u0130N KAHVEC\u0130\",\"isPartOf\":{\"@id\":\"https:\\\/\\\/tulinkahveci.com\\\/#website\"},\"datePublished\":\"2023-11-09T17:34:03+00:00\",\"breadcrumb\":{\"@id\":\"https:\\\/\\\/tulinkahveci.com\\\/index.php\\\/kvkk-hakkinda-aydinlatma-metni\\\/#breadcrumb\"},\"inLanguage\":\"tr\",\"potentialAction\":[{\"@type\":\"ReadAction\",\"target\":[\"https:\\\/\\\/tulinkahveci.com\\\/index.php\\\/kvkk-hakkinda-aydinlatma-metni\\\/\"]}]},{\"@type\":\"BreadcrumbList\",\"@id\":\"https:\\\/\\\/tulinkahveci.com\\\/index.php\\\/kvkk-hakkinda-aydinlatma-metni\\\/#breadcrumb\",\"itemListElement\":[{\"@type\":\"ListItem\",\"position\":1,\"name\":\"Anasayfa\",\"item\":\"https:\\\/\\\/tulinkahveci.com\\\/\"},{\"@type\":\"ListItem\",\"position\":2,\"name\":\"KVKK Hakk\u0131nda Ayd\u0131nlatma Metni\"}]},{\"@type\":\"WebSite\",\"@id\":\"https:\\\/\\\/tulinkahveci.com\\\/#website\",\"url\":\"https:\\\/\\\/tulinkahveci.com\\\/\",\"name\":\"T\u00dcL\u0130N KAHVEC\u0130\",\"description\":\"\",\"potentialAction\":[{\"@type\":\"SearchAction\",\"target\":{\"@type\":\"EntryPoint\",\"urlTemplate\":\"https:\\\/\\\/tulinkahveci.com\\\/?s={search_term_string}\"},\"query-input\":{\"@type\":\"PropertyValueSpecification\",\"valueRequired\":true,\"valueName\":\"search_term_string\"}}],\"inLanguage\":\"tr\"}]}<\/script>\n<!-- \/ Yoast SEO plugin. -->","yoast_head_json":{"title":"KVKK Hakk\u0131nda Ayd\u0131nlatma Metni - T\u00dcL\u0130N KAHVEC\u0130","robots":{"index":"index","follow":"follow","max-snippet":"max-snippet:-1","max-image-preview":"max-image-preview:large","max-video-preview":"max-video-preview:-1"},"canonical":"https:\/\/tulinkahveci.com\/index.php\/kvkk-hakkinda-aydinlatma-metni\/","og_locale":"tr_TR","og_type":"article","og_title":"KVKK Hakk\u0131nda Ayd\u0131nlatma Metni - T\u00dcL\u0130N KAHVEC\u0130","og_description":"Ki\u015fisel Verilerin Korunmas\u0131 Hakk\u0131nda Ayd\u0131nlatma Metni Ki\u015fisel Verilerin Korunmas\u0131 Hakk\u0131nda Ayd\u0131nlatma MetniOp.Dr T\u00fclin KAHVEC\u0130 ve muayenehane ekibi (\u201cMuayenehane\u201d) olarak, ki\u015fisel verilerinizin g\u00fcvenli\u011fine b\u00fcy\u00fck \u00f6nem vermekteyiz.Hastalar\u0131m\u0131z taraf\u0131ndan payla\u015f\u0131lan her t\u00fcrl\u00fc ki\u015fisel veriyi hasta mahremiyetine \u00f6zen g\u00f6sterecek \u015fekilde ve ki\u015fisel verilerinize ili\u015fkin uygun g\u00fcvenlik d\u00fczeyini temin etmeye y\u00f6nelik gerekli her t\u00fcrl\u00fc teknik ve idari tedbiri alacak \u015fekilde [&hellip;]","og_url":"https:\/\/tulinkahveci.com\/index.php\/kvkk-hakkinda-aydinlatma-metni\/","og_site_name":"T\u00dcL\u0130N KAHVEC\u0130","twitter_card":"summary_large_image","twitter_misc":{"Tahmini okuma s\u00fcresi":"7 dakika"},"schema":{"@context":"https:\/\/schema.org","@graph":[{"@type":"WebPage","@id":"https:\/\/tulinkahveci.com\/index.php\/kvkk-hakkinda-aydinlatma-metni\/","url":"https:\/\/tulinkahveci.com\/index.php\/kvkk-hakkinda-aydinlatma-metni\/","name":"KVKK Hakk\u0131nda Ayd\u0131nlatma Metni - T\u00dcL\u0130N KAHVEC\u0130","isPartOf":{"@id":"https:\/\/tulinkahveci.com\/#website"},"datePublished":"2023-11-09T17:34:03+00:00","breadcrumb":{"@id":"https:\/\/tulinkahveci.com\/index.php\/kvkk-hakkinda-aydinlatma-metni\/#breadcrumb"},"inLanguage":"tr","potentialAction":[{"@type":"ReadAction","target":["https:\/\/tulinkahveci.com\/index.php\/kvkk-hakkinda-aydinlatma-metni\/"]}]},{"@type":"BreadcrumbList","@id":"https:\/\/tulinkahveci.com\/index.php\/kvkk-hakkinda-aydinlatma-metni\/#breadcrumb","itemListElement":[{"@type":"ListItem","position":1,"name":"Anasayfa","item":"https:\/\/tulinkahveci.com\/"},{"@type":"ListItem","position":2,"name":"KVKK Hakk\u0131nda Ayd\u0131nlatma Metni"}]},{"@type":"WebSite","@id":"https:\/\/tulinkahveci.com\/#website","url":"https:\/\/tulinkahveci.com\/","name":"T\u00dcL\u0130N KAHVEC\u0130","description":"","potentialAction":[{"@type":"SearchAction","target":{"@type":"EntryPoint","urlTemplate":"https:\/\/tulinkahveci.com\/?s={search_term_string}"},"query-input":{"@type":"PropertyValueSpecification","valueRequired":true,"valueName":"search_term_string"}}],"inLanguage":"tr"}]}},"_links":{"self":[{"href":"https:\/\/tulinkahveci.com\/index.php\/wp-json\/wp\/v2\/pages\/1718","targetHints":{"allow":["GET"]}}],"collection":[{"href":"https:\/\/tulinkahveci.com\/index.php\/wp-json\/wp\/v2\/pages"}],"about":[{"href":"https:\/\/tulinkahveci.com\/index.php\/wp-json\/wp\/v2\/types\/page"}],"author":[{"embeddable":true,"href":"https:\/\/tulinkahveci.com\/index.php\/wp-json\/wp\/v2\/users\/1"}],"replies":[{"embeddable":true,"href":"https:\/\/tulinkahveci.com\/index.php\/wp-json\/wp\/v2\/comments?post=1718"}],"version-history":[{"count":0,"href":"https:\/\/tulinkahveci.com\/index.php\/wp-json\/wp\/v2\/pages\/1718\/revisions"}],"wp:attachment":[{"href":"https:\/\/tulinkahveci.com\/index.php\/wp-json\/wp\/v2\/media?parent=1718"}],"curies":[{"name":"wp","href":"https:\/\/api.w.org\/{rel}","templated":true}]}}