{"id":2024,"date":"2025-01-16T14:35:42","date_gmt":"2025-01-16T14:35:42","guid":{"rendered":"https:\/\/tulinkahveci.com\/?page_id=2024"},"modified":"2025-01-16T14:35:42","modified_gmt":"2025-01-16T14:35:42","slug":"yedinci-haftada-hamilelik","status":"publish","type":"page","link":"https:\/\/tulinkahveci.com\/index.php\/yedinci-haftada-hamilelik\/","title":{"rendered":"YED\u0130NC\u0130 HAFTADA HAM\u0130LEL\u0130K"},"content":{"rendered":"\t\t<div data-elementor-type=\"wp-page\" data-elementor-id=\"2024\" class=\"elementor elementor-2024\">\n\t\t\t\t\t\t<section class=\"elementor-section elementor-top-section elementor-element elementor-element-4e8e9b4 elementor-section-boxed elementor-section-height-default elementor-section-height-default\" data-id=\"4e8e9b4\" data-element_type=\"section\" data-e-type=\"section\">\n\t\t\t\t\t\t<div class=\"elementor-container elementor-column-gap-default\">\n\t\t\t\t\t<div class=\"aux-parallax-section elementor-column elementor-col-100 elementor-top-column elementor-element elementor-element-b101dfe\" data-id=\"b101dfe\" data-element_type=\"column\" data-e-type=\"column\">\n\t\t\t<div class=\"elementor-widget-wrap elementor-element-populated\">\n\t\t\t\t\t\t<div class=\"elementor-element elementor-element-de25e1e elementor-widget elementor-widget-heading\" data-id=\"de25e1e\" data-element_type=\"widget\" data-e-type=\"widget\" data-widget_type=\"heading.default\">\n\t\t\t\t\t<h2 class=\"elementor-heading-title elementor-size-default\">YED\u0130NC\u0130 HAFTADA HAM\u0130LEL\u0130K<\/h2>\t\t\t\t<\/div>\n\t\t\t\t<div class=\"elementor-element elementor-element-816b818 elementor-widget elementor-widget-text-editor\" data-id=\"816b818\" data-element_type=\"widget\" data-e-type=\"widget\" data-widget_type=\"text-editor.default\">\n\t\t\t\t\t\t\t\t\t<p><span style=\"color: #000000;\"><span style=\"font-family: Times New Roman, serif;\"><span style=\"font-size: large;\">Bu haftada, embriyonun k\u00fc\u00e7\u00fck bedeninde her temel organ olu\u015fmaya ba\u015flad\u0131.<\/span><\/span><\/span><span style=\"color: #000000;\"><span style=\"font-family: Times New Roman, serif;\"><span style=\"font-size: large;\"><br \/>Yedi haftal\u0131k gebelikte bebe\u011fin boyu 7-8 mm civar\u0131ndad\u0131r yani yakla\u015f\u0131k olarak bir pirin\u00e7 tanesi kadard\u0131r. Bebe\u011fin kalp at\u0131m\u0131 rahatl\u0131kla izlenebilir.<br \/>Beyin, omurga, b\u00fcy\u00fck damarlar, g\u00f6z, barsak, b\u00f6brek, karaci\u011fer gibi organlar geli\u015fmeye ba\u015flam\u0131\u015ft\u0131r. G\u00f6zler kafan\u0131n yan taraflar\u0131ndan \u00f6n taraf\u0131na do\u011fru hareket etmeye ba\u015flar ve g\u00f6z kapaklar\u0131 geli\u015fmeye ba\u015flar.<br \/>Bebe\u011fin genital (k\u0131z-erkek) yap\u0131s\u0131n\u0131 olu\u015fturacak kabart\u0131 belirginle\u015fir ancak hen\u00fcz cinsiyeti anla\u015f\u0131lacak kadar geli\u015fmemi\u015ftir.<br \/>Bebe\u011fin ileride kol ve bacaklar\u0131n\u0131 olu\u015fturacak tomurcuklar olu\u015fmaya ba\u015flar ancak hen\u00fcz tam olarak v\u00fccuttan ayr\u0131 kol, bacak ve parmaklar olu\u015fmam\u0131\u015ft\u0131r. Bunlar ultrasonda g\u00f6r\u00fclemez \u00e7\u00fcnk\u00fc \u00e7ok k\u00fc\u00e7\u00fck boyuttad\u0131rlar.<br \/>\u0130lk haftalardan beri izlenen kuyruk k\u0131sm\u0131 k\u00fc\u00e7\u00fclm\u00fc\u015ft\u00fcr ancak hen\u00fcz tamamen kaybolmam\u0131\u015ft\u0131r, 10. haftaya kadar devam eder.<br \/><\/span><\/span><\/span><br \/><br \/><\/p><p><span style=\"color: #000000;\"><span style=\"font-family: Times New Roman, serif;\"><span style=\"font-size: large;\"><b>Hamileli\u011fin 7. haftas\u0131nda anne:<\/b><\/span><\/span><\/span><\/p><p><span style=\"color: #000000;\"><span style=\"font-family: Times New Roman, serif;\"><span style=\"font-size: large;\">Hamilelik s\u0131ras\u0131nda, v\u00fccudunuzda kademeli de\u011fi\u015fiklikler ya\u015fayacaks\u0131n\u0131z.\u00a0Etraf\u0131n\u0131zdaki insanlar bu haftada hamile oldu\u011funuzu bile anlayamazlar.\u00a0Birka\u00e7 kilo alm\u0131\u015f olabilirsiniz, ancak\u00a0<\/span><\/span><\/span><span style=\"color: #0000ff;\"><a href=\"http:\/\/americanpregnancy.org\/pregnancy-health\/morning-sickness-during-pregnancy\/\" target=\"Sabah rahats\u0131zl\u0131\u011f\u0131\"><span style=\"color: #000000;\"><span style=\"font-family: Times New Roman, serif;\"><span style=\"font-size: large;\">sabah bulant\u0131lar\u0131<\/span><\/span><\/span><\/a><\/span><span style=\"color: #000000;\"><span style=\"font-family: Times New Roman, serif;\"><span style=\"font-size: large;\">\u00a0ya\u015f\u0131yorsan\u0131z kilo vermi\u015f olabilirsiniz. Erken d\u00f6nemlerde kilo vermek nadir de\u011fildir ve birka\u00e7 haftada i\u015fler di\u011fer y\u00f6nde de\u011fi\u015fmeye ba\u015flayacakt\u0131r. Kilo alma da verme de kontrol alt\u0131nda oldu\u011fu s\u00fcrece problem te\u015fkil etmez.<\/span><\/span><\/span><span style=\"color: #000000;\"><span style=\"font-family: Times New Roman, serif;\"><span style=\"font-size: large;\"><br \/>Hamileli\u011fin yedinci haftas\u0131nda annede daha \u00f6nce ba\u015flayan bulant\u0131, kusma, halsizlik gibi belirtiler genellikle devam eder. Uykusuzluk \u015fikayeti ba\u015flayabilir. Anne aday\u0131 grip, nezle, \u00f6ks\u00fcr\u00fck gibi \u015fikayeti olan insanlarla \u00e7ok yak\u0131n temasta bulunmamaya dikkat etmeli \u00e7\u00fcnk\u00fc bu t\u00fcr hastal\u0131klar anneye bula\u015f\u0131rsa daha fazla bitkin d\u00fc\u015fmesine, beslenememesine neden olabilir. K\u0131zam\u0131k\u00e7\u0131k vb. bula\u015f\u0131c\u0131 hastal\u0131klar\u0131 olan k\u00fc\u00e7\u00fck \u00e7ocuklardan da uzak durmal\u0131 \u00e7\u00fcnk\u00fc bu t\u00fcr hastal\u0131klar\u0131 daha \u00f6nce ge\u00e7irmemi\u015f anneler hamileliklerinde ge\u00e7irebilirler ve bazen bebekte \u00f6z\u00fcrlere kadar ciddi problemlere neden olabilir. Evde kedi besleyen anneler beslemeye devam edebilir ancak kedi kumu ile cilt temas\u0131 etmemek gerekir ve kedi kumunu ba\u015fkalar\u0131n\u0131n temizlemesi gerekir. Kedi ile temastan sonra elleri dikkatlice y\u0131kamak gerekir.<\/span><\/span><\/span><\/p><p align=\"justify\"><span style=\"color: #000000;\"><span style=\"font-family: Times New Roman, serif;\"><span style=\"font-size: large;\"><b>Bu haftada olan mide problemlerini gidermek i\u00e7in;<\/b><\/span><\/span><\/span><\/p><ul><li><p align=\"justify\"><span style=\"color: #000000;\"><span style=\"font-family: Times New Roman, serif;\"><span style=\"font-size: large;\">S\u0131k s\u0131k k\u00fc\u00e7\u00fck porsiyonlarda yemek \u00f6nemlidir<\/span><\/span><\/span><\/p><\/li><li><p align=\"justify\"><span style=\"color: #000000;\"><span style=\"font-family: Times New Roman, serif;\"><span style=\"font-size: large;\">\u00c7evrenizde bulunan kokulardan uzakla\u015fman\u0131z bulant\u0131n\u0131n ba\u015flamas\u0131na engel olacakt\u0131r<\/span><\/span><\/span><\/p><\/li><li><p align=\"justify\"><span style=\"color: #000000;\"><span style=\"font-family: Times New Roman, serif;\"><span style=\"font-size: large;\">Bir s\u00fcre yemek pi\u015firmemek rahatlat\u0131c\u0131 olacakt\u0131r<\/span><\/span><\/span><\/p><\/li><li><p align=\"justify\"><span style=\"color: #000000;\"><span style=\"font-family: Times New Roman, serif;\"><span style=\"font-size: large;\">Kokulu, ac\u0131l\u0131, baharatl\u0131 yiyeceklerden uzak durmak sizin i\u00e7in faydal\u0131 olacakt\u0131r<\/span><\/span><\/span><\/p><\/li><li><p align=\"justify\"><span style=\"color: #000000;\"><span style=\"font-family: Times New Roman, serif;\"><span style=\"font-size: large;\">Yemek yedikten sonra hemen yatmamaya \u00e7al\u0131\u015f\u0131n<\/span><\/span><\/span><\/p><\/li><li><p align=\"justify\"><span style=\"color: #000000;\"><span style=\"font-family: Times New Roman, serif;\"><span style=\"font-size: large;\">Zencefil \u00e7o\u011fu zaman bulant\u0131n\u0131n azalmas\u0131nda yard\u0131mc\u0131 olacakt\u0131r <\/span><\/span><\/span><\/p><\/li><\/ul><p align=\"justify\"><span style=\"color: #000000;\"><span style=\"font-family: Times New Roman, serif;\"><span style=\"font-size: large;\"><b>Babalar i\u00e7in; <\/b><\/span><\/span><\/span><\/p><p align=\"justify\"><span style=\"color: #000000;\"><span style=\"font-family: Times New Roman, serif;\"><span style=\"font-size: large;\">Anne ile birlikte gebelik kontrollerine gidebilirsiniz. Yemek haz\u0131rlayabilirsiniz.<\/span><\/span><\/span><\/p>\t\t\t\t\t\t\t\t<\/div>\n\t\t\t\t\t<\/div>\n\t\t<\/div>\n\t\t\t\t\t<\/div>\n\t\t<\/section>\n\t\t\t\t<\/div>\n\t\t","protected":false},"excerpt":{"rendered":"<p>YED\u0130NC\u0130 HAFTADA HAM\u0130LEL\u0130K Bu haftada, embriyonun k\u00fc\u00e7\u00fck bedeninde her temel organ olu\u015fmaya ba\u015flad\u0131.Yedi haftal\u0131k gebelikte bebe\u011fin boyu 7-8 mm civar\u0131ndad\u0131r yani yakla\u015f\u0131k olarak bir pirin\u00e7 tanesi kadard\u0131r. Bebe\u011fin kalp at\u0131m\u0131 rahatl\u0131kla izlenebilir.Beyin, omurga, b\u00fcy\u00fck damarlar, g\u00f6z, barsak, b\u00f6brek, karaci\u011fer gibi organlar geli\u015fmeye ba\u015flam\u0131\u015ft\u0131r. G\u00f6zler kafan\u0131n yan taraflar\u0131ndan \u00f6n taraf\u0131na do\u011fru hareket etmeye ba\u015flar ve g\u00f6z [&hellip;]<\/p>\n","protected":false},"author":1,"featured_media":0,"parent":0,"menu_order":0,"comment_status":"closed","ping_status":"closed","template":"","meta":{"footnotes":""},"class_list":["post-2024","page","type-page","status-publish","hentry"],"yoast_head":"<!-- This site is optimized with the Yoast SEO plugin v27.4 - https:\/\/yoast.com\/product\/yoast-seo-wordpress\/ -->\n<title>YED\u0130NC\u0130 HAFTADA HAM\u0130LEL\u0130K - T\u00dcL\u0130N KAHVEC\u0130<\/title>\n<meta name=\"robots\" content=\"index, follow, max-snippet:-1, max-image-preview:large, max-video-preview:-1\" \/>\n<link rel=\"canonical\" href=\"https:\/\/tulinkahveci.com\/index.php\/yedinci-haftada-hamilelik\/\" \/>\n<meta property=\"og:locale\" content=\"tr_TR\" \/>\n<meta property=\"og:type\" content=\"article\" \/>\n<meta property=\"og:title\" content=\"YED\u0130NC\u0130 HAFTADA HAM\u0130LEL\u0130K - T\u00dcL\u0130N KAHVEC\u0130\" \/>\n<meta property=\"og:description\" content=\"YED\u0130NC\u0130 HAFTADA HAM\u0130LEL\u0130K Bu haftada, embriyonun k\u00fc\u00e7\u00fck bedeninde her temel organ olu\u015fmaya ba\u015flad\u0131.Yedi haftal\u0131k gebelikte bebe\u011fin boyu 7-8 mm civar\u0131ndad\u0131r yani yakla\u015f\u0131k olarak bir pirin\u00e7 tanesi kadard\u0131r. Bebe\u011fin kalp at\u0131m\u0131 rahatl\u0131kla izlenebilir.Beyin, omurga, b\u00fcy\u00fck damarlar, g\u00f6z, barsak, b\u00f6brek, karaci\u011fer gibi organlar geli\u015fmeye ba\u015flam\u0131\u015ft\u0131r. G\u00f6zler kafan\u0131n yan taraflar\u0131ndan \u00f6n taraf\u0131na do\u011fru hareket etmeye ba\u015flar ve g\u00f6z [&hellip;]\" \/>\n<meta property=\"og:url\" content=\"https:\/\/tulinkahveci.com\/index.php\/yedinci-haftada-hamilelik\/\" \/>\n<meta property=\"og:site_name\" content=\"T\u00dcL\u0130N KAHVEC\u0130\" \/>\n<meta name=\"twitter:card\" content=\"summary_large_image\" \/>\n<meta name=\"twitter:label1\" content=\"Tahmini okuma s\u00fcresi\" \/>\n\t<meta name=\"twitter:data1\" content=\"3 dakika\" \/>\n<script type=\"application\/ld+json\" class=\"yoast-schema-graph\">{\"@context\":\"https:\\\/\\\/schema.org\",\"@graph\":[{\"@type\":\"WebPage\",\"@id\":\"https:\\\/\\\/tulinkahveci.com\\\/index.php\\\/yedinci-haftada-hamilelik\\\/\",\"url\":\"https:\\\/\\\/tulinkahveci.com\\\/index.php\\\/yedinci-haftada-hamilelik\\\/\",\"name\":\"YED\u0130NC\u0130 HAFTADA HAM\u0130LEL\u0130K - T\u00dcL\u0130N KAHVEC\u0130\",\"isPartOf\":{\"@id\":\"https:\\\/\\\/tulinkahveci.com\\\/#website\"},\"datePublished\":\"2025-01-16T14:35:42+00:00\",\"breadcrumb\":{\"@id\":\"https:\\\/\\\/tulinkahveci.com\\\/index.php\\\/yedinci-haftada-hamilelik\\\/#breadcrumb\"},\"inLanguage\":\"tr\",\"potentialAction\":[{\"@type\":\"ReadAction\",\"target\":[\"https:\\\/\\\/tulinkahveci.com\\\/index.php\\\/yedinci-haftada-hamilelik\\\/\"]}]},{\"@type\":\"BreadcrumbList\",\"@id\":\"https:\\\/\\\/tulinkahveci.com\\\/index.php\\\/yedinci-haftada-hamilelik\\\/#breadcrumb\",\"itemListElement\":[{\"@type\":\"ListItem\",\"position\":1,\"name\":\"Anasayfa\",\"item\":\"https:\\\/\\\/tulinkahveci.com\\\/\"},{\"@type\":\"ListItem\",\"position\":2,\"name\":\"YED\u0130NC\u0130 HAFTADA HAM\u0130LEL\u0130K\"}]},{\"@type\":\"WebSite\",\"@id\":\"https:\\\/\\\/tulinkahveci.com\\\/#website\",\"url\":\"https:\\\/\\\/tulinkahveci.com\\\/\",\"name\":\"T\u00dcL\u0130N KAHVEC\u0130\",\"description\":\"\",\"potentialAction\":[{\"@type\":\"SearchAction\",\"target\":{\"@type\":\"EntryPoint\",\"urlTemplate\":\"https:\\\/\\\/tulinkahveci.com\\\/?s={search_term_string}\"},\"query-input\":{\"@type\":\"PropertyValueSpecification\",\"valueRequired\":true,\"valueName\":\"search_term_string\"}}],\"inLanguage\":\"tr\"}]}<\/script>\n<!-- \/ Yoast SEO plugin. -->","yoast_head_json":{"title":"YED\u0130NC\u0130 HAFTADA HAM\u0130LEL\u0130K - T\u00dcL\u0130N KAHVEC\u0130","robots":{"index":"index","follow":"follow","max-snippet":"max-snippet:-1","max-image-preview":"max-image-preview:large","max-video-preview":"max-video-preview:-1"},"canonical":"https:\/\/tulinkahveci.com\/index.php\/yedinci-haftada-hamilelik\/","og_locale":"tr_TR","og_type":"article","og_title":"YED\u0130NC\u0130 HAFTADA HAM\u0130LEL\u0130K - T\u00dcL\u0130N KAHVEC\u0130","og_description":"YED\u0130NC\u0130 HAFTADA HAM\u0130LEL\u0130K Bu haftada, embriyonun k\u00fc\u00e7\u00fck bedeninde her temel organ olu\u015fmaya ba\u015flad\u0131.Yedi haftal\u0131k gebelikte bebe\u011fin boyu 7-8 mm civar\u0131ndad\u0131r yani yakla\u015f\u0131k olarak bir pirin\u00e7 tanesi kadard\u0131r. Bebe\u011fin kalp at\u0131m\u0131 rahatl\u0131kla izlenebilir.Beyin, omurga, b\u00fcy\u00fck damarlar, g\u00f6z, barsak, b\u00f6brek, karaci\u011fer gibi organlar geli\u015fmeye ba\u015flam\u0131\u015ft\u0131r. G\u00f6zler kafan\u0131n yan taraflar\u0131ndan \u00f6n taraf\u0131na do\u011fru hareket etmeye ba\u015flar ve g\u00f6z [&hellip;]","og_url":"https:\/\/tulinkahveci.com\/index.php\/yedinci-haftada-hamilelik\/","og_site_name":"T\u00dcL\u0130N KAHVEC\u0130","twitter_card":"summary_large_image","twitter_misc":{"Tahmini okuma s\u00fcresi":"3 dakika"},"schema":{"@context":"https:\/\/schema.org","@graph":[{"@type":"WebPage","@id":"https:\/\/tulinkahveci.com\/index.php\/yedinci-haftada-hamilelik\/","url":"https:\/\/tulinkahveci.com\/index.php\/yedinci-haftada-hamilelik\/","name":"YED\u0130NC\u0130 HAFTADA HAM\u0130LEL\u0130K - T\u00dcL\u0130N KAHVEC\u0130","isPartOf":{"@id":"https:\/\/tulinkahveci.com\/#website"},"datePublished":"2025-01-16T14:35:42+00:00","breadcrumb":{"@id":"https:\/\/tulinkahveci.com\/index.php\/yedinci-haftada-hamilelik\/#breadcrumb"},"inLanguage":"tr","potentialAction":[{"@type":"ReadAction","target":["https:\/\/tulinkahveci.com\/index.php\/yedinci-haftada-hamilelik\/"]}]},{"@type":"BreadcrumbList","@id":"https:\/\/tulinkahveci.com\/index.php\/yedinci-haftada-hamilelik\/#breadcrumb","itemListElement":[{"@type":"ListItem","position":1,"name":"Anasayfa","item":"https:\/\/tulinkahveci.com\/"},{"@type":"ListItem","position":2,"name":"YED\u0130NC\u0130 HAFTADA HAM\u0130LEL\u0130K"}]},{"@type":"WebSite","@id":"https:\/\/tulinkahveci.com\/#website","url":"https:\/\/tulinkahveci.com\/","name":"T\u00dcL\u0130N KAHVEC\u0130","description":"","potentialAction":[{"@type":"SearchAction","target":{"@type":"EntryPoint","urlTemplate":"https:\/\/tulinkahveci.com\/?s={search_term_string}"},"query-input":{"@type":"PropertyValueSpecification","valueRequired":true,"valueName":"search_term_string"}}],"inLanguage":"tr"}]}},"_links":{"self":[{"href":"https:\/\/tulinkahveci.com\/index.php\/wp-json\/wp\/v2\/pages\/2024","targetHints":{"allow":["GET"]}}],"collection":[{"href":"https:\/\/tulinkahveci.com\/index.php\/wp-json\/wp\/v2\/pages"}],"about":[{"href":"https:\/\/tulinkahveci.com\/index.php\/wp-json\/wp\/v2\/types\/page"}],"author":[{"embeddable":true,"href":"https:\/\/tulinkahveci.com\/index.php\/wp-json\/wp\/v2\/users\/1"}],"replies":[{"embeddable":true,"href":"https:\/\/tulinkahveci.com\/index.php\/wp-json\/wp\/v2\/comments?post=2024"}],"version-history":[{"count":0,"href":"https:\/\/tulinkahveci.com\/index.php\/wp-json\/wp\/v2\/pages\/2024\/revisions"}],"wp:attachment":[{"href":"https:\/\/tulinkahveci.com\/index.php\/wp-json\/wp\/v2\/media?parent=2024"}],"curies":[{"name":"wp","href":"https:\/\/api.w.org\/{rel}","templated":true}]}}