{"id":2029,"date":"2025-01-16T14:31:03","date_gmt":"2025-01-16T14:31:03","guid":{"rendered":"https:\/\/tulinkahveci.com\/?page_id=2029"},"modified":"2025-01-16T14:31:03","modified_gmt":"2025-01-16T14:31:03","slug":"sekizinci-haftada-hamilelik","status":"publish","type":"page","link":"https:\/\/tulinkahveci.com\/index.php\/sekizinci-haftada-hamilelik\/","title":{"rendered":"SEK\u0130Z\u0130NC\u0130 HAFTADA HAM\u0130LEL\u0130K"},"content":{"rendered":"\t\t<div data-elementor-type=\"wp-page\" data-elementor-id=\"2029\" class=\"elementor elementor-2029\">\n\t\t\t\t\t\t<section class=\"elementor-section elementor-top-section elementor-element elementor-element-55f3078 elementor-section-boxed elementor-section-height-default elementor-section-height-default\" data-id=\"55f3078\" data-element_type=\"section\" data-e-type=\"section\">\n\t\t\t\t\t\t<div class=\"elementor-container elementor-column-gap-default\">\n\t\t\t\t\t<div class=\"aux-parallax-section elementor-column elementor-col-100 elementor-top-column elementor-element elementor-element-750e05d\" data-id=\"750e05d\" data-element_type=\"column\" data-e-type=\"column\">\n\t\t\t<div class=\"elementor-widget-wrap elementor-element-populated\">\n\t\t\t\t\t\t<div class=\"elementor-element elementor-element-7739295 elementor-widget elementor-widget-heading\" data-id=\"7739295\" data-element_type=\"widget\" data-e-type=\"widget\" data-widget_type=\"heading.default\">\n\t\t\t\t\t<h2 class=\"elementor-heading-title elementor-size-default\">SEK\u0130Z\u0130NC\u0130 HAFTADA HAM\u0130LEL\u0130K<\/h2>\t\t\t\t<\/div>\n\t\t\t\t<div class=\"elementor-element elementor-element-fbd9264 elementor-widget elementor-widget-text-editor\" data-id=\"fbd9264\" data-element_type=\"widget\" data-e-type=\"widget\" data-widget_type=\"text-editor.default\">\n\t\t\t\t\t\t\t\t\t<p><span style=\"font-family: Times New Roman, serif;\"><span style=\"font-size: large;\"><b>Hamileli\u011fin 8. haftas\u0131nda bebek:<\/b><\/span><\/span><span style=\"font-family: Times New Roman, serif;\"><span style=\"font-size: large;\"><br \/>Sekiz \u00a0haftal\u0131k gebelikte bebe\u011fin boyu yakla\u015f\u0131k 1,5 cm, a\u011f\u0131rl\u0131\u011f\u0131 hen\u00fcz 1 gram kadard\u0131r.<\/span><\/span><\/p><p><span style=\"font-family: Times New Roman, serif;\"><span style=\"font-size: large;\">Yeti\u015fkin bir insanda mevcut olan her \u015fey \u015fimdi bebe\u011finizde mevcuttur. <\/span><\/span><span style=\"font-family: Times New Roman, serif;\"><span style=\"font-size: large;\">Sekizinci haftada bebe\u011fin el ve ayaklar\u0131 olu\u015fmaya ba\u015flar.<\/span><\/span><span style=\"font-size: large;\">\u00a0<\/span><span style=\"font-family: Times New Roman, serif;\"><span style=\"font-size: large;\">Parmak aralar\u0131 \u00f6rdek aya\u011f\u0131 gibi birbirine yap\u0131\u015f\u0131kt\u0131r, ilerleyen haftalarda ayr\u0131lacakt\u0131r.<br \/>Y\u00fcz, g\u00f6z, burun ve g\u00f6z kapaklar\u0131 \u015fekillenmeye devam eder.<\/span><\/span><span style=\"font-family: Times New Roman, serif;\"><span style=\"font-size: large;\"> \u00a0Kulaklar d\u0131\u015far\u0131dan ve i\u00e7eriden olu\u015fturmaya devam ediyor.\u00a0<\/span><\/span><span style=\"font-family: Times New Roman, serif;\"><span style=\"font-size: large;\"> Damaklar\u0131n alt\u0131nda ileride di\u015fleri olu\u015fturacak olan tomurcuklar bu kadar erkenden olu\u015fmaya ba\u015flar. \u0130leride testis veya overleri (yumurtal\u0131k) olu\u015fturacak olan i\u00e7 genital yap\u0131lar geli\u015fmeye ba\u015flar. Bebe\u011fin s\u0131rt kaslar\u0131 omurga etraf\u0131nda belirginle\u015fmeye ba\u015flar. Kemikler sertle\u015fmeye ba\u015flar.<\/span><\/span><\/p><p><span style=\"font-family: Times New Roman, serif;\"><span style=\"font-size: large;\">Embriyonik kuyruk da ortadan kayboluyor ve bebe\u011finizin v\u00fccudu d\u00fczelmeye ba\u015fl\u0131yor.\u00a0Bebe\u011finizin cinsiyeti zaten belirlenirken, d\u0131\u015f cinsel organlar hala \u015fekilleniyor ve a\u00e7\u0131k\u00e7a g\u00f6r\u00fclemiyor.<\/span><\/span><\/p><p><span style=\"font-family: Times New Roman, serif;\"><span style=\"font-size: large;\">Anne ve bebe\u011fi birbirine ba\u011flayan g\u00f6bek kordonu ve i\u00e7erisindeki damarlar i\u015fleve ba\u015flar. Sekizinci haftada bebe\u011fin cildi hala \u00e7ok incedir ve \u015feffaft\u0131r. G\u00f6zlerdeki renk pigmentleri bu haftada geli\u015fmeye ba\u015flar. G\u00f6z kapaklar\u0131 geli\u015fmi\u015ftir ancak 26. haftaya kadar kapaklar a\u00e7\u0131lmaz, g\u00f6zler kapal\u0131 kal\u0131r.<br \/>Ultrasonda bebe\u011fin v\u00fccut ayr\u0131nt\u0131lar\u0131 net se\u00e7ilemese de kendisi ve kalp at\u0131m\u0131 net olarak g\u00f6r\u00fclebilir.<br \/><\/span><\/span><span style=\"font-family: Times New Roman, serif;\"><span style=\"font-size: large;\"><b>Hamileli\u011fin 8. haftas\u0131nda anne:<\/b><\/span><\/span><span style=\"font-family: Times New Roman, serif;\"><span style=\"font-size: large;\"><br \/><\/span><\/span><span style=\"font-family: Times New Roman, serif;\"><span style=\"font-size: large;\">V\u00fccudunuzun d\u0131\u015ftan de\u011fi\u015fmi\u015f gibi g\u00f6r\u00fcnmemesine ra\u011fmen, asl\u0131nda v\u00fccudunuzda bir\u00e7ok de\u011fi\u015fiklik meydana geldi. Gebeli\u011finizin ba\u015f\u0131nda, rahminiz yumru\u011funuz b\u00fcy\u00fckl\u00fc\u011f\u00fcndeydi, ama \u015fimdi <\/span><\/span><span style=\"font-family: Times New Roman, serif;\"><span style=\"font-size: large;\">normalin iki kat\u0131na \u00e7\u0131karak <\/span><\/span><span style=\"font-family: Times New Roman, serif;\"><span style=\"font-size: large;\">bir greyfurt boyutuna ula\u015ft\u0131.<\/span><\/span><\/p><p><span style=\"font-family: Times New Roman, serif;\"><span style=\"font-size: medium;\"><span style=\"font-size: large;\">Rahim b\u00fcy\u00fcd\u00fc\u011f\u00fc i\u00e7in idrar kesesi (mesane) \u00fczerine bask\u0131 yapar ve idrar kesesi fazla geni\u015fleyemez, bu nedenle kese \u00e7abuk dolar ve anne s\u0131k s\u0131k idrara \u00e7\u0131kmaya ba\u015flar. Bu haftada ba\u015flayan s\u0131k idrara \u00e7\u0131kmalar ilerleyen haftalarda rahmin idrar torbas\u0131 \u00fczerindeki bask\u0131s\u0131n\u0131n ortadan kalkmas\u0131 ile bitecektir. Annenin kendini yorgun, bitkin hissetmesi, s\u00fcrekli uyumak ve yatmak istemesi bu haftalarda s\u0131k rastlanan belirtilerdir. E\u011fer bulant\u0131 ve kusmalar katlan\u0131l\u0131r d\u00fczeyde de\u011filse doktorunuza ba\u015fvurabilirsiniz, ila\u00e7 veya gerekli ise serum tedavisi ile olduk\u00e7a rahatlama sa\u011flanacakt\u0131r.<\/span> <\/span><\/span><\/p><p><span style=\"font-family: Times New Roman, serif;\"><span style=\"font-size: medium;\"><span style=\"color: #0000ff;\"><a href=\"http:\/\/americanpregnancy.org\/pregnancy-health\/breast-changes-during-pregnancy\/\" target=\"Gebelikte G\u00f6\u011f\u00fcs De\u011fi\u015fiklikleri\"><span style=\"color: #000000;\"><span style=\"font-size: large;\">G\u00f6\u011f\u00fcslerinizdeki de\u011fi\u015fiklikleri<\/span><\/span><\/a><\/span><span style=\"font-size: large;\">\u00a0de fark etmi\u015f olabilirsiniz.\u00a0Daha hassas olabilirler.\u00a0V\u00fccudunuz emzirmeye haz\u0131rland\u0131\u011f\u0131 i\u00e7in bu tamamen normaldir.<\/span><\/span><\/span><\/p><p><span style=\"font-family: Times New Roman, serif;\"><span style=\"font-size: medium;\"><span style=\"font-size: large;\">Fark\u0131nda olmad\u0131\u011f\u0131n\u0131z bir ba\u015fka de\u011fi\u015fiklik de<\/span><span style=\"font-size: large;\"><b>,\u00a0<\/b><\/span><b><span style=\"font-size: large;\">kan hacminin y\u00fczde 40 ila 50 oran\u0131nda artt\u0131\u011f\u0131d\u0131r<\/span><\/b><span style=\"font-size: large;\"><b>.<\/b><\/span><\/span><\/span><\/p><p><span style=\"font-family: Times New Roman, serif;\"><span style=\"font-size: large;\">Hamilelik s\u0131ras\u0131nda baz\u0131 kad\u0131nlarda daha fazla ya\u011fl\u0131 cilt ve akne geli\u015febilir. Bunu tedavi etmek i\u00e7in ila\u00e7lar kullan\u0131yorsan\u0131z, \u00fcr\u00fcnlerin hangi i\u00e7erikleri i\u00e7erdi\u011fini bilmeniz ve ila\u00e7 kullan\u0131m\u0131 konusunda dikkatli olman\u0131z \u00f6nemlidir.<\/span><\/span><\/p><p><span style=\"font-family: Times New Roman, serif;\"><span style=\"font-size: large;\"><b>Babalar i\u00e7in;<\/b><\/span><\/span><\/p><p><span style=\"font-family: Times New Roman, serif;\"><span style=\"font-size: large;\">Evcil hayvan\u0131n\u0131z varsa, e\u015finiz hamile iken onlar\u0131n bak\u0131m\u0131n\u0131 \u00fcstlenmeniz gerekebilir.\u00a0Hamile bir kad\u0131n,\u00a0toksoplazma\u00a0ile enfekte olma olas\u0131l\u0131\u011f\u0131ndan dolay\u0131 kedi kumu de\u011fi\u015ftirmeye kar\u015f\u0131 dikkatli olunmal\u0131d\u0131r.\u00a0<\/span><\/span><\/p><p><span style=\"font-family: Times New Roman, serif;\"><span style=\"font-size: large;\">Ayr\u0131ca, al\u0131\u015fveri\u015f yaparak e\u015finize yard\u0131mc\u0131 olabilirsiniz, b\u00f6ylece b\u00fcy\u00fck torbalar\u0131n kald\u0131r\u0131lmas\u0131n\u0131n zorlu\u011funu \u00f6nlemi\u015f olursunuz.<\/span><\/span><\/p>\t\t\t\t\t\t\t\t<\/div>\n\t\t\t\t\t<\/div>\n\t\t<\/div>\n\t\t\t\t\t<\/div>\n\t\t<\/section>\n\t\t\t\t<\/div>\n\t\t","protected":false},"excerpt":{"rendered":"<p>SEK\u0130Z\u0130NC\u0130 HAFTADA HAM\u0130LEL\u0130K Hamileli\u011fin 8. haftas\u0131nda bebek:Sekiz \u00a0haftal\u0131k gebelikte bebe\u011fin boyu yakla\u015f\u0131k 1,5 cm, a\u011f\u0131rl\u0131\u011f\u0131 hen\u00fcz 1 gram kadard\u0131r. Yeti\u015fkin bir insanda mevcut olan her \u015fey \u015fimdi bebe\u011finizde mevcuttur. Sekizinci haftada bebe\u011fin el ve ayaklar\u0131 olu\u015fmaya ba\u015flar.\u00a0Parmak aralar\u0131 \u00f6rdek aya\u011f\u0131 gibi birbirine yap\u0131\u015f\u0131kt\u0131r, ilerleyen haftalarda ayr\u0131lacakt\u0131r.Y\u00fcz, g\u00f6z, burun ve g\u00f6z kapaklar\u0131 \u015fekillenmeye devam eder. \u00a0Kulaklar [&hellip;]<\/p>\n","protected":false},"author":1,"featured_media":0,"parent":0,"menu_order":0,"comment_status":"closed","ping_status":"closed","template":"","meta":{"footnotes":""},"class_list":["post-2029","page","type-page","status-publish","hentry"],"yoast_head":"<!-- This site is optimized with the Yoast SEO plugin v27.4 - https:\/\/yoast.com\/product\/yoast-seo-wordpress\/ -->\n<title>SEK\u0130Z\u0130NC\u0130 HAFTADA HAM\u0130LEL\u0130K - T\u00dcL\u0130N KAHVEC\u0130<\/title>\n<meta name=\"robots\" content=\"index, follow, max-snippet:-1, max-image-preview:large, max-video-preview:-1\" \/>\n<link rel=\"canonical\" href=\"https:\/\/tulinkahveci.com\/index.php\/sekizinci-haftada-hamilelik\/\" \/>\n<meta property=\"og:locale\" content=\"tr_TR\" \/>\n<meta property=\"og:type\" content=\"article\" \/>\n<meta property=\"og:title\" content=\"SEK\u0130Z\u0130NC\u0130 HAFTADA HAM\u0130LEL\u0130K - T\u00dcL\u0130N KAHVEC\u0130\" \/>\n<meta property=\"og:description\" content=\"SEK\u0130Z\u0130NC\u0130 HAFTADA HAM\u0130LEL\u0130K Hamileli\u011fin 8. haftas\u0131nda bebek:Sekiz \u00a0haftal\u0131k gebelikte bebe\u011fin boyu yakla\u015f\u0131k 1,5 cm, a\u011f\u0131rl\u0131\u011f\u0131 hen\u00fcz 1 gram kadard\u0131r. Yeti\u015fkin bir insanda mevcut olan her \u015fey \u015fimdi bebe\u011finizde mevcuttur. Sekizinci haftada bebe\u011fin el ve ayaklar\u0131 olu\u015fmaya ba\u015flar.\u00a0Parmak aralar\u0131 \u00f6rdek aya\u011f\u0131 gibi birbirine yap\u0131\u015f\u0131kt\u0131r, ilerleyen haftalarda ayr\u0131lacakt\u0131r.Y\u00fcz, g\u00f6z, burun ve g\u00f6z kapaklar\u0131 \u015fekillenmeye devam eder. \u00a0Kulaklar [&hellip;]\" \/>\n<meta property=\"og:url\" content=\"https:\/\/tulinkahveci.com\/index.php\/sekizinci-haftada-hamilelik\/\" \/>\n<meta property=\"og:site_name\" content=\"T\u00dcL\u0130N KAHVEC\u0130\" \/>\n<meta name=\"twitter:card\" content=\"summary_large_image\" \/>\n<meta name=\"twitter:label1\" content=\"Tahmini okuma s\u00fcresi\" \/>\n\t<meta name=\"twitter:data1\" content=\"3 dakika\" \/>\n<script type=\"application\/ld+json\" class=\"yoast-schema-graph\">{\"@context\":\"https:\\\/\\\/schema.org\",\"@graph\":[{\"@type\":\"WebPage\",\"@id\":\"https:\\\/\\\/tulinkahveci.com\\\/index.php\\\/sekizinci-haftada-hamilelik\\\/\",\"url\":\"https:\\\/\\\/tulinkahveci.com\\\/index.php\\\/sekizinci-haftada-hamilelik\\\/\",\"name\":\"SEK\u0130Z\u0130NC\u0130 HAFTADA HAM\u0130LEL\u0130K - T\u00dcL\u0130N KAHVEC\u0130\",\"isPartOf\":{\"@id\":\"https:\\\/\\\/tulinkahveci.com\\\/#website\"},\"datePublished\":\"2025-01-16T14:31:03+00:00\",\"breadcrumb\":{\"@id\":\"https:\\\/\\\/tulinkahveci.com\\\/index.php\\\/sekizinci-haftada-hamilelik\\\/#breadcrumb\"},\"inLanguage\":\"tr\",\"potentialAction\":[{\"@type\":\"ReadAction\",\"target\":[\"https:\\\/\\\/tulinkahveci.com\\\/index.php\\\/sekizinci-haftada-hamilelik\\\/\"]}]},{\"@type\":\"BreadcrumbList\",\"@id\":\"https:\\\/\\\/tulinkahveci.com\\\/index.php\\\/sekizinci-haftada-hamilelik\\\/#breadcrumb\",\"itemListElement\":[{\"@type\":\"ListItem\",\"position\":1,\"name\":\"Anasayfa\",\"item\":\"https:\\\/\\\/tulinkahveci.com\\\/\"},{\"@type\":\"ListItem\",\"position\":2,\"name\":\"SEK\u0130Z\u0130NC\u0130 HAFTADA HAM\u0130LEL\u0130K\"}]},{\"@type\":\"WebSite\",\"@id\":\"https:\\\/\\\/tulinkahveci.com\\\/#website\",\"url\":\"https:\\\/\\\/tulinkahveci.com\\\/\",\"name\":\"T\u00dcL\u0130N KAHVEC\u0130\",\"description\":\"\",\"potentialAction\":[{\"@type\":\"SearchAction\",\"target\":{\"@type\":\"EntryPoint\",\"urlTemplate\":\"https:\\\/\\\/tulinkahveci.com\\\/?s={search_term_string}\"},\"query-input\":{\"@type\":\"PropertyValueSpecification\",\"valueRequired\":true,\"valueName\":\"search_term_string\"}}],\"inLanguage\":\"tr\"}]}<\/script>\n<!-- \/ Yoast SEO plugin. -->","yoast_head_json":{"title":"SEK\u0130Z\u0130NC\u0130 HAFTADA HAM\u0130LEL\u0130K - T\u00dcL\u0130N KAHVEC\u0130","robots":{"index":"index","follow":"follow","max-snippet":"max-snippet:-1","max-image-preview":"max-image-preview:large","max-video-preview":"max-video-preview:-1"},"canonical":"https:\/\/tulinkahveci.com\/index.php\/sekizinci-haftada-hamilelik\/","og_locale":"tr_TR","og_type":"article","og_title":"SEK\u0130Z\u0130NC\u0130 HAFTADA HAM\u0130LEL\u0130K - T\u00dcL\u0130N KAHVEC\u0130","og_description":"SEK\u0130Z\u0130NC\u0130 HAFTADA HAM\u0130LEL\u0130K Hamileli\u011fin 8. haftas\u0131nda bebek:Sekiz \u00a0haftal\u0131k gebelikte bebe\u011fin boyu yakla\u015f\u0131k 1,5 cm, a\u011f\u0131rl\u0131\u011f\u0131 hen\u00fcz 1 gram kadard\u0131r. Yeti\u015fkin bir insanda mevcut olan her \u015fey \u015fimdi bebe\u011finizde mevcuttur. Sekizinci haftada bebe\u011fin el ve ayaklar\u0131 olu\u015fmaya ba\u015flar.\u00a0Parmak aralar\u0131 \u00f6rdek aya\u011f\u0131 gibi birbirine yap\u0131\u015f\u0131kt\u0131r, ilerleyen haftalarda ayr\u0131lacakt\u0131r.Y\u00fcz, g\u00f6z, burun ve g\u00f6z kapaklar\u0131 \u015fekillenmeye devam eder. \u00a0Kulaklar [&hellip;]","og_url":"https:\/\/tulinkahveci.com\/index.php\/sekizinci-haftada-hamilelik\/","og_site_name":"T\u00dcL\u0130N KAHVEC\u0130","twitter_card":"summary_large_image","twitter_misc":{"Tahmini okuma s\u00fcresi":"3 dakika"},"schema":{"@context":"https:\/\/schema.org","@graph":[{"@type":"WebPage","@id":"https:\/\/tulinkahveci.com\/index.php\/sekizinci-haftada-hamilelik\/","url":"https:\/\/tulinkahveci.com\/index.php\/sekizinci-haftada-hamilelik\/","name":"SEK\u0130Z\u0130NC\u0130 HAFTADA HAM\u0130LEL\u0130K - T\u00dcL\u0130N KAHVEC\u0130","isPartOf":{"@id":"https:\/\/tulinkahveci.com\/#website"},"datePublished":"2025-01-16T14:31:03+00:00","breadcrumb":{"@id":"https:\/\/tulinkahveci.com\/index.php\/sekizinci-haftada-hamilelik\/#breadcrumb"},"inLanguage":"tr","potentialAction":[{"@type":"ReadAction","target":["https:\/\/tulinkahveci.com\/index.php\/sekizinci-haftada-hamilelik\/"]}]},{"@type":"BreadcrumbList","@id":"https:\/\/tulinkahveci.com\/index.php\/sekizinci-haftada-hamilelik\/#breadcrumb","itemListElement":[{"@type":"ListItem","position":1,"name":"Anasayfa","item":"https:\/\/tulinkahveci.com\/"},{"@type":"ListItem","position":2,"name":"SEK\u0130Z\u0130NC\u0130 HAFTADA HAM\u0130LEL\u0130K"}]},{"@type":"WebSite","@id":"https:\/\/tulinkahveci.com\/#website","url":"https:\/\/tulinkahveci.com\/","name":"T\u00dcL\u0130N KAHVEC\u0130","description":"","potentialAction":[{"@type":"SearchAction","target":{"@type":"EntryPoint","urlTemplate":"https:\/\/tulinkahveci.com\/?s={search_term_string}"},"query-input":{"@type":"PropertyValueSpecification","valueRequired":true,"valueName":"search_term_string"}}],"inLanguage":"tr"}]}},"_links":{"self":[{"href":"https:\/\/tulinkahveci.com\/index.php\/wp-json\/wp\/v2\/pages\/2029","targetHints":{"allow":["GET"]}}],"collection":[{"href":"https:\/\/tulinkahveci.com\/index.php\/wp-json\/wp\/v2\/pages"}],"about":[{"href":"https:\/\/tulinkahveci.com\/index.php\/wp-json\/wp\/v2\/types\/page"}],"author":[{"embeddable":true,"href":"https:\/\/tulinkahveci.com\/index.php\/wp-json\/wp\/v2\/users\/1"}],"replies":[{"embeddable":true,"href":"https:\/\/tulinkahveci.com\/index.php\/wp-json\/wp\/v2\/comments?post=2029"}],"version-history":[{"count":0,"href":"https:\/\/tulinkahveci.com\/index.php\/wp-json\/wp\/v2\/pages\/2029\/revisions"}],"wp:attachment":[{"href":"https:\/\/tulinkahveci.com\/index.php\/wp-json\/wp\/v2\/media?parent=2029"}],"curies":[{"name":"wp","href":"https:\/\/api.w.org\/{rel}","templated":true}]}}