{"id":2044,"date":"2025-01-09T13:12:25","date_gmt":"2025-01-09T13:12:25","guid":{"rendered":"https:\/\/tulinkahveci.com\/?page_id=2044"},"modified":"2025-01-09T13:12:25","modified_gmt":"2025-01-09T13:12:25","slug":"tulin-kahveci-2","status":"publish","type":"page","link":"https:\/\/tulinkahveci.com\/index.php\/tulin-kahveci-2\/","title":{"rendered":"Hakk\u0131mda"},"content":{"rendered":"\t\t<div data-elementor-type=\"wp-page\" data-elementor-id=\"2044\" class=\"elementor elementor-2044\">\n\t\t\t\t\t\t<section class=\"elementor-section elementor-top-section elementor-element elementor-element-c51032d elementor-section-boxed elementor-section-height-default elementor-section-height-default\" data-id=\"c51032d\" data-element_type=\"section\" data-e-type=\"section\">\n\t\t\t\t\t\t<div class=\"elementor-container elementor-column-gap-default\">\n\t\t\t\t\t<div class=\"aux-parallax-section elementor-column elementor-col-100 elementor-top-column elementor-element elementor-element-a03187d\" data-id=\"a03187d\" data-element_type=\"column\" data-e-type=\"column\">\n\t\t\t<div class=\"elementor-widget-wrap elementor-element-populated\">\n\t\t\t\t\t\t<div class=\"elementor-element elementor-element-91d9c1c elementor-widget elementor-widget-heading\" data-id=\"91d9c1c\" data-element_type=\"widget\" data-e-type=\"widget\" data-widget_type=\"heading.default\">\n\t\t\t\t\t<h2 class=\"elementor-heading-title elementor-size-default\">Hakk\u0131mda<\/h2>\t\t\t\t<\/div>\n\t\t\t\t\t<\/div>\n\t\t<\/div>\n\t\t\t\t\t<\/div>\n\t\t<\/section>\n\t\t\t\t<section class=\"elementor-section elementor-top-section elementor-element elementor-element-374bd08 elementor-section-boxed elementor-section-height-default elementor-section-height-default\" data-id=\"374bd08\" data-element_type=\"section\" data-e-type=\"section\">\n\t\t\t\t\t\t<div class=\"elementor-container elementor-column-gap-default\">\n\t\t\t\t\t<div class=\"aux-parallax-section elementor-column elementor-col-50 elementor-top-column elementor-element elementor-element-9390382\" data-id=\"9390382\" data-element_type=\"column\" data-e-type=\"column\">\n\t\t\t<div class=\"elementor-widget-wrap elementor-element-populated\">\n\t\t\t\t\t\t<div class=\"elementor-element elementor-element-9d7e15f elementor-widget elementor-widget-image\" data-id=\"9d7e15f\" data-element_type=\"widget\" data-e-type=\"widget\" data-widget_type=\"image.default\">\n\t\t\t\t\t\t\t\t\t\t\t\t\t\t\t<img fetchpriority=\"high\" decoding=\"async\" width=\"730\" height=\"1024\" src=\"https:\/\/tulinkahveci.com\/wp-content\/uploads\/2025\/01\/WhatsApp-Image-2022-10-13-at-09.25.05-1-1.jpeg\" class=\"attachment-large size-large wp-image-2051\" alt=\"\" \/>\t\t\t\t\t\t\t\t\t\t\t\t\t\t\t<\/div>\n\t\t\t\t\t<\/div>\n\t\t<\/div>\n\t\t\t\t<div class=\"aux-parallax-section elementor-column elementor-col-50 elementor-top-column elementor-element elementor-element-7ad5de5\" data-id=\"7ad5de5\" data-element_type=\"column\" data-e-type=\"column\">\n\t\t\t<div class=\"elementor-widget-wrap elementor-element-populated\">\n\t\t\t\t\t\t<div class=\"elementor-element elementor-element-979269a elementor-widget elementor-widget-text-editor\" data-id=\"979269a\" data-element_type=\"widget\" data-e-type=\"widget\" data-widget_type=\"text-editor.default\">\n\t\t\t\t\t\t\t\t\t<p align=\"justify\"><span style=\"color: #212121;\"><span style=\"font-family: Open Sans;\"><span style=\"font-size: medium;\">Op Dr T\u00fclin Kahveci, Jinekolog<\/span><\/span><\/span><\/p><p align=\"justify\"><span style=\"color: #212121;\"><span style=\"font-family: Open Sans;\"><span style=\"font-size: medium;\">Kad\u0131n Hastal\u0131klar\u0131 ve Do\u011fum Uzman\u0131, Cinsel Terapist<\/span><\/span><\/span><\/p><p align=\"justify\"><span style=\"color: #212121;\"><span style=\"font-family: Open Sans;\"><span style=\"font-size: medium;\">Hacettepe \u00dcniversitesi T\u0131p Fak\u00fcltesinden 2001 y\u0131l\u0131nda mezun oldum. Ankara \u00dcniversitesi T\u0131p Fak\u00fcltesinde Kad\u0131n Hastal\u0131klar\u0131 ve Do\u011fum ihtisas\u0131m\u0131 tamamlayarak 2007 y\u0131l\u0131nda Kad\u0131n Hastal\u0131klar\u0131 ve Do\u011fum Uzman\u0131 \u00fcnvan\u0131n\u0131 ald\u0131m. 2013 y\u0131l\u0131nda C\u0130SED taraf\u0131ndan d\u00fczenlenen Cinsel Terapi E\u011fitimlerine kat\u0131ld\u0131m. S\u0131ras\u0131yla Bilecik Devlet Hastanesi, Zonguldak Kad\u0131n Do\u011fum ve \u00c7ocuk Hastanesi, Zonguldak A T\u0131p Merkezi, \u00d6zel Bal\u0131kesir \u015eifa Hastanesi ve \u00d6zel \u0130zmiryolu ve Pa\u015faalan\u0131 Sevgi Hastanelerinde \u00e7al\u0131\u015ft\u0131m. Acil T\u0131p Uzman\u0131 Uz. Dr. Fatih Ozan Kahveci ile evliyim. \u0130ki \u00e7ocuk annesiyim.<\/span><\/span><\/span><\/p><p align=\"justify\"><span style=\"color: #212121;\"><span style=\"font-family: Open Sans;\"><span style=\"font-size: medium;\">Siz de\u011ferli hastalar\u0131ma daha kaliteli zaman ay\u0131rabilmek i\u00e7in Haziran 2017 tarihinden itibaren Bal\u0131kesir Pa\u015faalan\u0131 Mahallesindeki muayenehanemde hizmet vermekteyim. Muayenehanem Bal\u0131kesir\u2019in merkezi ve kolay ula\u015f\u0131labilir bir yeri olan Pa\u015faalan\u0131 Mahallesi \u00c7engel Caddesi \u00fczerinde bulunmaktad\u0131r. Pa\u015faalan\u0131 Sevgi Hastanesine yak\u0131n olmas\u0131, mekan\u0131n temiz, geni\u015f ve ayd\u0131nl\u0131k olmas\u0131, otopark sorununun olmamas\u0131 muayenehanemin yerini belirlememde \u00f6nemli kriterler olmu\u015ftur. Gebelik takibi ve jinekolojik muayene ve i\u015flemlerde en son teknoloji \u00fcr\u00fcn\u00fc cihazlar kullan\u0131lmaktad\u0131r. 4 boyutlu ultrasonografi cihaz\u0131 (GE P8) ile bebe\u011finizin hafta hafta geli\u015fimini 4 boyutlu olarak g\u00f6rebilir, resim ve CD kayd\u0131 alabilirsiniz. Muayenehanemizde ayr\u0131ca Bionet NST (Kardiyotokografi ile fetal monit\u00f6r non stres test )cihaz\u0131, elektrokoter, jinekolojik masa ve otoklav-sterilizasyon cihaz\u0131 gibi ileri teknoloji cihazlar bulunmaktad\u0131r. Emzirme odam\u0131zda konforlu \u015fekilde bebe\u011finizi emzirip, bezini de\u011fi\u015ftirebilirsiniz. \u00d6zel Sigortas\u0131 bulunan hastalar\u0131m\u0131z rahatl\u0131kla muayene olabilmektedir. Son y\u0131llarda g\u00fcndeme daha s\u0131k gelen rahim a\u011fz\u0131 kanseri ve genital si\u011fillerin sebebi olan HPV vir\u00fcs\u00fcne y\u00f6nelik HPV DNA tarama ve tiplendirme testleri yap\u0131larak gerek g\u00f6r\u00fclen hastalara HPV a\u015f\u0131s\u0131 (genital si\u011fil ve rahim a\u011fz\u0131 kanseri a\u015f\u0131s\u0131) yap\u0131lmaktad\u0131r.<\/span><\/span><\/span><\/p><p align=\"justify\"><span style=\"color: #212121;\"><span style=\"font-family: Open Sans;\"><span style=\"font-size: medium;\">Servikal smear (rahim a\u011fz\u0131 kanseri tarama testi) al\u0131nmas\u0131 i\u015flemi muayenehanemizde yapabilmekteyiz. Al\u0131nan smearlar Dr Engin Uzg\u00f6ren Pataloji Labaratuvar\u0131nda de\u011ferlendirilmektedir. Ayr\u0131ca vajinal ak\u0131nt\u0131 \u015fikayeti olan hastalara gerekli g\u00f6r\u00fcld\u00fc\u011f\u00fc takdirde vajinal k\u00fclt\u00fcr al\u0131nmas\u0131 i\u015flemi yap\u0131labilmektedir. Gebelik \u00f6ncesi dan\u0131\u015fmanl\u0131k, gebelik planlamada destek, gebe takipleri, gebelik ve do\u011fum s\u00fcreci ile ilgili ayr\u0131nt\u0131l\u0131 olarak bilgilendirme, emzirme e\u011fitimi gibi hizmetlerimiz daha rahat bir gebelik, do\u011fum ve emzirme s\u00fcreci ge\u00e7irmeniz i\u00e7indir. Ayr\u0131ca menapoz ve puberte (ergenli\u011fe ge\u00e7i\u015f ve ilk adet olma) ile ilgili muayenelerimiz ile her ya\u015f grubuna hizmet vermekteyiz.<\/span><\/span><\/span><\/p><p align=\"justify\"><span style=\"color: #212121;\"><span style=\"font-family: Open Sans;\"><span style=\"font-size: medium;\">Gebelikten korunma veya yo\u011fun adet kanamalar\u0131n\u0131n tedavisi ama\u00e7l\u0131 bak\u0131rl\u0131 veya hormonlu spiral (RIA)(M\u0130RENA) veya kol alt\u0131 implant (NEXPLANON) tak\u0131lmas\u0131 ve \u00e7\u0131kar\u0131lmas\u0131 i\u015flemlerini uygulamaktay\u0131z.<\/span><\/span><\/span><\/p><p align=\"justify\"><span style=\"color: #212121;\"><span style=\"font-family: Open Sans;\"><span style=\"font-size: medium;\">\u00c7ocuk sahibi olamayan \u00e7iftler i\u00e7in infertilite (k\u0131s\u0131rl\u0131k) tedavisi, HSG (rahim filmi) \u00e7ekilmesi, IUI (a\u015f\u0131lama), yumurta takibi yap\u0131labilmektedir. Vajinismus (ili\u015fkiye girememe), cinsel isteksizlik sorunlar\u0131 ya\u015fayan \u00e7iftler i\u00e7in cinsel terapi uygulanabilmektedir. Normal veya sezeryan ile do\u011fumlar, k\u00fcretaj (gebelik sonland\u0131r\u0131lmas\u0131), teropetik k\u00fcretaj (rahimden par\u00e7a al\u0131nmas\u0131) gibi i\u015flemler \u0130zmiryolu ve Pa\u015faalan\u0131 Sevgi hastanesinde ger\u00e7ekle\u015ftirilmektedir.<\/span><\/span><\/span><\/p><p align=\"justify\"><span style=\"color: #212121;\"><span style=\"font-family: Open Sans;\"><span style=\"font-size: medium;\">Klini\u011fimizin tek amac\u0131 de\u011ferli kad\u0131nlara hak ettikleri, temiz, hijyenik, sadece kendilerine \u00f6zel sa\u011fl\u0131k hizmetini en kaliteli \u015fekilde sunabilmektir.<\/span><\/span><\/span><\/p><p align=\"justify\"><span style=\"color: #212121;\"><span style=\"font-family: Open Sans;\"><span style=\"font-size: medium;\">Sa\u011fl\u0131kl\u0131 ve mutlu kad\u0131nlar g\u00f6rmek dile\u011fiyle\u2026.<\/span><\/span><\/span><\/p><p align=\"justify\"><span style=\"color: #212121;\"><span style=\"font-family: Open Sans;\"><span style=\"font-size: medium;\">Op Dr T\u00fclin Kahveci<\/span><\/span><\/span><\/p><p align=\"justify\"><span style=\"color: #212121;\"><span style=\"font-family: Open Sans;\"><span style=\"font-size: medium;\">Al\u0131nan Sertifikalar<\/span><\/span><\/span><\/p><ol><li><p align=\"justify\"><span style=\"color: #212121;\"><span style=\"font-family: Open Sans;\"><span style=\"font-size: medium;\">Obstetrik ve Jinekolojij Ultrasonografi Sertifikas\u0131, Ankara \u00dcniversitesi T\u0131p Fak\u00fcltesi Kad\u0131n Hastal\u0131klar\u0131 ve Do\u011fum, Ankara<\/span><\/span><\/span><\/p><\/li><li><p align=\"justify\"><span style=\"color: #212121;\"><span style=\"font-family: Open Sans;\"><span style=\"font-size: medium;\">Jinekolojik Kolposkopi ve Kriocerrahi Sertifikas\u0131, Ankara \u00dcniversitesi T\u0131p Fak\u00fcltesi Kad\u0131n Hastal\u0131klar\u0131 ve Do\u011fum, Ankara<\/span><\/span><\/span><\/p><\/li><li><p align=\"justify\"><span style=\"color: #212121;\"><span style=\"font-family: Open Sans;\"><span style=\"font-size: medium;\">Aile Planlamas\u0131 Sertifikas\u0131, Ankara \u00dcniversitesi T\u0131p Fak\u00fcltesi Kad\u0131n Hastal\u0131klar\u0131 ve Do\u011fum, Ankara<\/span><\/span><\/span><\/p><\/li><li><p align=\"justify\"><span style=\"color: #212121;\"><span style=\"font-family: Open Sans;\"><span style=\"font-size: medium;\">Jinekolojik Mikrocerrahi Sertifikas\u0131, Ankara \u00dcniversitesi T\u0131p Fak\u00fcltesi Kad\u0131n Hastal\u0131klar\u0131 ve Do\u011fum, Ankara<\/span><\/span><\/span><\/p><\/li><li><p align=\"justify\"><span style=\"color: #212121;\"><span style=\"font-family: Open Sans;\"><span style=\"font-size: medium;\">Jinekolojik Endoskopi Sertifikas\u0131, Ankara \u00dcniversitesi T\u0131p Fak\u00fcltesi Kad\u0131n Hastal\u0131klar\u0131 ve Do\u011fum, Ankara<\/span><\/span><\/span><\/p><\/li><li><p align=\"justify\"><span style=\"color: #212121;\"><span style=\"font-family: Open Sans;\"><span style=\"font-size: medium;\">Cinsel Terapi E\u011fitimi, C\u0130SED, Ankara<\/span><\/span><\/span><\/p><\/li><\/ol>\t\t\t\t\t\t\t\t<\/div>\n\t\t\t\t\t<\/div>\n\t\t<\/div>\n\t\t\t\t\t<\/div>\n\t\t<\/section>\n\t\t\t\t<\/div>\n\t\t","protected":false},"excerpt":{"rendered":"<p>Hakk\u0131mda Op Dr T\u00fclin Kahveci, Jinekolog Kad\u0131n Hastal\u0131klar\u0131 ve Do\u011fum Uzman\u0131, Cinsel Terapist Hacettepe \u00dcniversitesi T\u0131p Fak\u00fcltesinden 2001 y\u0131l\u0131nda mezun oldum. Ankara \u00dcniversitesi T\u0131p Fak\u00fcltesinde Kad\u0131n Hastal\u0131klar\u0131 ve Do\u011fum ihtisas\u0131m\u0131 tamamlayarak 2007 y\u0131l\u0131nda Kad\u0131n Hastal\u0131klar\u0131 ve Do\u011fum Uzman\u0131 \u00fcnvan\u0131n\u0131 ald\u0131m. 2013 y\u0131l\u0131nda C\u0130SED taraf\u0131ndan d\u00fczenlenen Cinsel Terapi E\u011fitimlerine kat\u0131ld\u0131m. S\u0131ras\u0131yla Bilecik Devlet Hastanesi, Zonguldak Kad\u0131n [&hellip;]<\/p>\n","protected":false},"author":1,"featured_media":0,"parent":0,"menu_order":0,"comment_status":"closed","ping_status":"closed","template":"","meta":{"footnotes":""},"class_list":["post-2044","page","type-page","status-publish","hentry"],"yoast_head":"<!-- This site is optimized with the Yoast SEO plugin v27.4 - https:\/\/yoast.com\/product\/yoast-seo-wordpress\/ -->\n<title>Hakk\u0131mda - T\u00dcL\u0130N KAHVEC\u0130<\/title>\n<meta name=\"description\" content=\"Op Dr T\u00fclin Kahveci, Jinekolog,Kad\u0131n Hastal\u0131klar\u0131 ve Do\u011fum Uzman\u0131, Cinsel Terapist\" \/>\n<meta name=\"robots\" content=\"index, follow, max-snippet:-1, max-image-preview:large, max-video-preview:-1\" \/>\n<link rel=\"canonical\" href=\"https:\/\/tulinkahveci.com\/index.php\/tulin-kahveci-2\/\" \/>\n<meta property=\"og:locale\" content=\"tr_TR\" \/>\n<meta property=\"og:type\" content=\"article\" \/>\n<meta property=\"og:title\" content=\"Hakk\u0131mda - T\u00dcL\u0130N KAHVEC\u0130\" \/>\n<meta property=\"og:description\" content=\"Op Dr T\u00fclin Kahveci, Jinekolog,Kad\u0131n Hastal\u0131klar\u0131 ve Do\u011fum Uzman\u0131, Cinsel Terapist\" \/>\n<meta property=\"og:url\" content=\"https:\/\/tulinkahveci.com\/index.php\/tulin-kahveci-2\/\" \/>\n<meta property=\"og:site_name\" content=\"T\u00dcL\u0130N KAHVEC\u0130\" \/>\n<meta property=\"og:image\" content=\"https:\/\/tulinkahveci.com\/wp-content\/uploads\/2025\/01\/WhatsApp-Image-2022-10-13-at-09.25.05-1-963x1024.jpeg\" \/>\n<meta name=\"twitter:card\" content=\"summary_large_image\" \/>\n<meta name=\"twitter:label1\" content=\"Tahmini okuma s\u00fcresi\" \/>\n\t<meta name=\"twitter:data1\" content=\"4 dakika\" \/>\n<script type=\"application\/ld+json\" class=\"yoast-schema-graph\">{\"@context\":\"https:\\\/\\\/schema.org\",\"@graph\":[{\"@type\":\"WebPage\",\"@id\":\"https:\\\/\\\/tulinkahveci.com\\\/index.php\\\/tulin-kahveci-2\\\/\",\"url\":\"https:\\\/\\\/tulinkahveci.com\\\/index.php\\\/tulin-kahveci-2\\\/\",\"name\":\"Hakk\u0131mda - T\u00dcL\u0130N KAHVEC\u0130\",\"isPartOf\":{\"@id\":\"https:\\\/\\\/tulinkahveci.com\\\/#website\"},\"primaryImageOfPage\":{\"@id\":\"https:\\\/\\\/tulinkahveci.com\\\/index.php\\\/tulin-kahveci-2\\\/#primaryimage\"},\"image\":{\"@id\":\"https:\\\/\\\/tulinkahveci.com\\\/index.php\\\/tulin-kahveci-2\\\/#primaryimage\"},\"thumbnailUrl\":\"https:\\\/\\\/tulinkahveci.com\\\/wp-content\\\/uploads\\\/2025\\\/01\\\/WhatsApp-Image-2022-10-13-at-09.25.05-1-963x1024.jpeg\",\"datePublished\":\"2025-01-09T13:12:25+00:00\",\"description\":\"Op Dr T\u00fclin Kahveci, Jinekolog,Kad\u0131n Hastal\u0131klar\u0131 ve Do\u011fum Uzman\u0131, Cinsel Terapist\",\"breadcrumb\":{\"@id\":\"https:\\\/\\\/tulinkahveci.com\\\/index.php\\\/tulin-kahveci-2\\\/#breadcrumb\"},\"inLanguage\":\"tr\",\"potentialAction\":[{\"@type\":\"ReadAction\",\"target\":[\"https:\\\/\\\/tulinkahveci.com\\\/index.php\\\/tulin-kahveci-2\\\/\"]}]},{\"@type\":\"ImageObject\",\"inLanguage\":\"tr\",\"@id\":\"https:\\\/\\\/tulinkahveci.com\\\/index.php\\\/tulin-kahveci-2\\\/#primaryimage\",\"url\":\"https:\\\/\\\/tulinkahveci.com\\\/wp-content\\\/uploads\\\/2025\\\/01\\\/WhatsApp-Image-2022-10-13-at-09.25.05-1-963x1024.jpeg\",\"contentUrl\":\"https:\\\/\\\/tulinkahveci.com\\\/wp-content\\\/uploads\\\/2025\\\/01\\\/WhatsApp-Image-2022-10-13-at-09.25.05-1-963x1024.jpeg\"},{\"@type\":\"BreadcrumbList\",\"@id\":\"https:\\\/\\\/tulinkahveci.com\\\/index.php\\\/tulin-kahveci-2\\\/#breadcrumb\",\"itemListElement\":[{\"@type\":\"ListItem\",\"position\":1,\"name\":\"Anasayfa\",\"item\":\"https:\\\/\\\/tulinkahveci.com\\\/\"},{\"@type\":\"ListItem\",\"position\":2,\"name\":\"Hakk\u0131mda\"}]},{\"@type\":\"WebSite\",\"@id\":\"https:\\\/\\\/tulinkahveci.com\\\/#website\",\"url\":\"https:\\\/\\\/tulinkahveci.com\\\/\",\"name\":\"T\u00dcL\u0130N KAHVEC\u0130\",\"description\":\"\",\"potentialAction\":[{\"@type\":\"SearchAction\",\"target\":{\"@type\":\"EntryPoint\",\"urlTemplate\":\"https:\\\/\\\/tulinkahveci.com\\\/?s={search_term_string}\"},\"query-input\":{\"@type\":\"PropertyValueSpecification\",\"valueRequired\":true,\"valueName\":\"search_term_string\"}}],\"inLanguage\":\"tr\"}]}<\/script>\n<!-- \/ Yoast SEO plugin. -->","yoast_head_json":{"title":"Hakk\u0131mda - T\u00dcL\u0130N KAHVEC\u0130","description":"Op Dr T\u00fclin Kahveci, Jinekolog,Kad\u0131n Hastal\u0131klar\u0131 ve Do\u011fum Uzman\u0131, Cinsel Terapist","robots":{"index":"index","follow":"follow","max-snippet":"max-snippet:-1","max-image-preview":"max-image-preview:large","max-video-preview":"max-video-preview:-1"},"canonical":"https:\/\/tulinkahveci.com\/index.php\/tulin-kahveci-2\/","og_locale":"tr_TR","og_type":"article","og_title":"Hakk\u0131mda - T\u00dcL\u0130N KAHVEC\u0130","og_description":"Op Dr T\u00fclin Kahveci, Jinekolog,Kad\u0131n Hastal\u0131klar\u0131 ve Do\u011fum Uzman\u0131, Cinsel Terapist","og_url":"https:\/\/tulinkahveci.com\/index.php\/tulin-kahveci-2\/","og_site_name":"T\u00dcL\u0130N KAHVEC\u0130","og_image":[{"url":"https:\/\/tulinkahveci.com\/wp-content\/uploads\/2025\/01\/WhatsApp-Image-2022-10-13-at-09.25.05-1-963x1024.jpeg","type":"","width":"","height":""}],"twitter_card":"summary_large_image","twitter_misc":{"Tahmini okuma s\u00fcresi":"4 dakika"},"schema":{"@context":"https:\/\/schema.org","@graph":[{"@type":"WebPage","@id":"https:\/\/tulinkahveci.com\/index.php\/tulin-kahveci-2\/","url":"https:\/\/tulinkahveci.com\/index.php\/tulin-kahveci-2\/","name":"Hakk\u0131mda - T\u00dcL\u0130N KAHVEC\u0130","isPartOf":{"@id":"https:\/\/tulinkahveci.com\/#website"},"primaryImageOfPage":{"@id":"https:\/\/tulinkahveci.com\/index.php\/tulin-kahveci-2\/#primaryimage"},"image":{"@id":"https:\/\/tulinkahveci.com\/index.php\/tulin-kahveci-2\/#primaryimage"},"thumbnailUrl":"https:\/\/tulinkahveci.com\/wp-content\/uploads\/2025\/01\/WhatsApp-Image-2022-10-13-at-09.25.05-1-963x1024.jpeg","datePublished":"2025-01-09T13:12:25+00:00","description":"Op Dr T\u00fclin Kahveci, Jinekolog,Kad\u0131n Hastal\u0131klar\u0131 ve Do\u011fum Uzman\u0131, Cinsel Terapist","breadcrumb":{"@id":"https:\/\/tulinkahveci.com\/index.php\/tulin-kahveci-2\/#breadcrumb"},"inLanguage":"tr","potentialAction":[{"@type":"ReadAction","target":["https:\/\/tulinkahveci.com\/index.php\/tulin-kahveci-2\/"]}]},{"@type":"ImageObject","inLanguage":"tr","@id":"https:\/\/tulinkahveci.com\/index.php\/tulin-kahveci-2\/#primaryimage","url":"https:\/\/tulinkahveci.com\/wp-content\/uploads\/2025\/01\/WhatsApp-Image-2022-10-13-at-09.25.05-1-963x1024.jpeg","contentUrl":"https:\/\/tulinkahveci.com\/wp-content\/uploads\/2025\/01\/WhatsApp-Image-2022-10-13-at-09.25.05-1-963x1024.jpeg"},{"@type":"BreadcrumbList","@id":"https:\/\/tulinkahveci.com\/index.php\/tulin-kahveci-2\/#breadcrumb","itemListElement":[{"@type":"ListItem","position":1,"name":"Anasayfa","item":"https:\/\/tulinkahveci.com\/"},{"@type":"ListItem","position":2,"name":"Hakk\u0131mda"}]},{"@type":"WebSite","@id":"https:\/\/tulinkahveci.com\/#website","url":"https:\/\/tulinkahveci.com\/","name":"T\u00dcL\u0130N KAHVEC\u0130","description":"","potentialAction":[{"@type":"SearchAction","target":{"@type":"EntryPoint","urlTemplate":"https:\/\/tulinkahveci.com\/?s={search_term_string}"},"query-input":{"@type":"PropertyValueSpecification","valueRequired":true,"valueName":"search_term_string"}}],"inLanguage":"tr"}]}},"_links":{"self":[{"href":"https:\/\/tulinkahveci.com\/index.php\/wp-json\/wp\/v2\/pages\/2044","targetHints":{"allow":["GET"]}}],"collection":[{"href":"https:\/\/tulinkahveci.com\/index.php\/wp-json\/wp\/v2\/pages"}],"about":[{"href":"https:\/\/tulinkahveci.com\/index.php\/wp-json\/wp\/v2\/types\/page"}],"author":[{"embeddable":true,"href":"https:\/\/tulinkahveci.com\/index.php\/wp-json\/wp\/v2\/users\/1"}],"replies":[{"embeddable":true,"href":"https:\/\/tulinkahveci.com\/index.php\/wp-json\/wp\/v2\/comments?post=2044"}],"version-history":[{"count":0,"href":"https:\/\/tulinkahveci.com\/index.php\/wp-json\/wp\/v2\/pages\/2044\/revisions"}],"wp:attachment":[{"href":"https:\/\/tulinkahveci.com\/index.php\/wp-json\/wp\/v2\/media?parent=2044"}],"curies":[{"name":"wp","href":"https:\/\/api.w.org\/{rel}","templated":true}]}}