{"id":2061,"date":"2025-01-16T14:29:34","date_gmt":"2025-01-16T14:29:34","guid":{"rendered":"https:\/\/tulinkahveci.com\/?page_id=2061"},"modified":"2025-01-16T14:29:34","modified_gmt":"2025-01-16T14:29:34","slug":"on-ikinci-haftada-hamilelik","status":"publish","type":"page","link":"https:\/\/tulinkahveci.com\/index.php\/on-ikinci-haftada-hamilelik\/","title":{"rendered":"ON \u0130K\u0130NC\u0130 HAFTADA HAM\u0130LEL\u0130K"},"content":{"rendered":"\t\t<div data-elementor-type=\"wp-page\" data-elementor-id=\"2061\" class=\"elementor elementor-2061\">\n\t\t\t\t\t\t<section class=\"elementor-section elementor-top-section elementor-element elementor-element-b9aa99e elementor-section-boxed elementor-section-height-default elementor-section-height-default\" data-id=\"b9aa99e\" data-element_type=\"section\" data-e-type=\"section\">\n\t\t\t\t\t\t<div class=\"elementor-container elementor-column-gap-default\">\n\t\t\t\t\t<div class=\"aux-parallax-section elementor-column elementor-col-100 elementor-top-column elementor-element elementor-element-18e25a1\" data-id=\"18e25a1\" data-element_type=\"column\" data-e-type=\"column\">\n\t\t\t<div class=\"elementor-widget-wrap elementor-element-populated\">\n\t\t\t\t\t\t<div class=\"elementor-element elementor-element-5dbad45 elementor-widget elementor-widget-heading\" data-id=\"5dbad45\" data-element_type=\"widget\" data-e-type=\"widget\" data-widget_type=\"heading.default\">\n\t\t\t\t\t<h2 class=\"elementor-heading-title elementor-size-default\">ON \u0130K\u0130NC\u0130 HAFTADA HAM\u0130LEL\u0130K<\/h2>\t\t\t\t<\/div>\n\t\t\t\t<div class=\"elementor-element elementor-element-aea0633 elementor-widget elementor-widget-text-editor\" data-id=\"aea0633\" data-element_type=\"widget\" data-e-type=\"widget\" data-widget_type=\"text-editor.default\">\n\t\t\t\t\t\t\t\t\t<p><span style=\"color: #000000;\"><span style=\"font-family: Times New Roman, serif;\"><span style=\"font-size: large;\"><b>Hamileli\u011fin 12. haftas\u0131nda bebek:<\/b><\/span><\/span><\/span><span style=\"color: #000000;\"><span style=\"font-family: Times New Roman, serif;\"><span style=\"font-size: large;\"><br \/>12. gebelik haftas\u0131nda bebe\u011fin boyu yakla\u015f\u0131k 5-8 cm, a\u011f\u0131rl\u0131\u011f\u0131 15-28 gram kadard\u0131r.<br \/>T\u0131rnaklar olu\u015fmaya devam eder, hen\u00fcz tam olarak olu\u015fmam\u0131\u015ft\u0131r. Bebe\u011fin erkek veya k\u0131z olmas\u0131na ba\u011fl\u0131 olarak d\u0131\u015f genital organlar\u0131 \u015fekillenmeye ba\u015flar. Bu haftada d\u00fc\u015f\u00fck gibi nedenlerle \u00e7\u0131plak g\u00f6zle g\u00f6r\u00fclebilen bebeklerin cinsiyeti anla\u015f\u0131labilir ancak ultrason ile nadiren anla\u015f\u0131labilir.<\/span><\/span><\/span><\/p><p><span style=\"color: #000000;\"><span style=\"font-family: Times New Roman, serif;\"><span style=\"font-size: large;\">Bu haftada g\u00f6zler birbirine, kulakalar son pozisyonlar\u0131na yakla\u015ft\u0131k\u00e7a bebe\u011finiz daha fazla tan\u0131nabilir bir g\u00f6r\u00fcn\u00fcm almaya ba\u015flayacakt\u0131r.<br \/>Bebe\u011fin b\u00f6brekleri idrar \u00fcretmeye ba\u015flam\u0131\u015ft\u0131r. Daha \u00f6nce g\u00f6bek kordonunun etraf\u0131ndan kar\u0131n d\u0131\u015f\u0131na \u00e7\u0131km\u0131\u015f olan h\u0131zla b\u00fcy\u00fcm\u00fc\u015f barsaklar bu hastada kar\u0131n i\u00e7erisine d\u00f6ner. Sinir sistemi olgunla\u015fmaya devam eder.<br \/>Bebek el ve ayak parmaklar\u0131n\u0131 hareket ettirebilir, b\u00fckebilir. A\u011fz\u0131yla emme hareketi al\u0131\u015ft\u0131rmalar\u0131na \u015fimdiden ba\u015flar.<br \/><\/span><\/span><\/span><span style=\"color: #000000;\"><span style=\"font-family: Times New Roman, serif;\"><span style=\"font-size: large;\"><b>Hamileli\u011fin 12. haftas\u0131nda anne:<\/b><\/span><\/span><\/span><\/p><p><span style=\"color: #000000;\"><span style=\"font-family: Times New Roman, serif;\"><span style=\"font-size: large;\">Rahatlay\u0131n! \u00c7o\u011fu kad\u0131n bu haftada sabah bulant\u0131lar\u0131nda bir azalma ya\u015far. <\/span><\/span><\/span><\/p><p><span style=\"color: #000000;\"><span style=\"font-family: Times New Roman, serif;\"><span style=\"font-size: large;\">Rahim b\u00fcy\u00fcmeye devam ediyor. Bu haftada rahim le\u011fen kemi\u011finden yukar\u0131 \u00e7\u0131kmaya ba\u015flar.<\/span><\/span><\/span><\/p><p><span style=\"color: #000000;\"><span style=\"font-family: Times New Roman, serif;\"><span style=\"font-size: large;\">Meme \u00e7evresindeki kararmalar\u0131n d\u0131\u015f\u0131nda hamilelik maskesi denilen y\u00fcz ve boyunda d\u00fczensiz koyu lekeler olu\u015fabilir. Bu lekeler do\u011fumdan sonra hafifler veya kaybolur. <\/span><\/span><\/span><\/p><p><span style=\"color: #000000;\"><span style=\"font-family: Times New Roman, serif;\"><span style=\"font-size: large;\">Bebekte n\u00f6ral t\u00fcp defekti denilen \u00f6z\u00fcrlerin \u00f6nlenmesi amac\u0131yla her hamilelikte kullan\u0131lan folik asit vitamini bu haftadan sonra genellikle kesilir. Multivitamin ve bal\u0131k ya\u011f\u0131na ge\u00e7i\u015f yap\u0131labilir.<\/span><\/span><\/span><\/p><p><span style=\"color: #000000;\"><span style=\"font-family: Times New Roman, serif;\"><span style=\"font-size: large;\">Hamilelik her \u015feyin yenmesine haz\u0131r olunan bir s\u00fcre\u00e7 olmad\u0131\u011f\u0131ndan beslenmenize ve kilo al\u0131m\u0131na dikkat etmeniz gerekir.<\/span><\/span><\/span><\/p><p><span style=\"color: #333333;\"><span style=\"font-family: Times New Roman, serif;\"><span style=\"font-size: large;\"><b>A\u015f\u0131r\u0131 kilo almaktan ka\u00e7\u0131nmak i\u00e7in:<\/b><\/span><\/span><\/span><\/p><ul><li><p><span style=\"font-family: Times New Roman, serif;\"><span style=\"font-size: large;\">Fast food \/ abur cuburlardan ka\u00e7\u0131nmak<\/span><\/span><\/p><\/li><li><p><span style=\"font-family: Times New Roman, serif;\"><span style=\"font-size: large;\">Gecelik at\u0131\u015ft\u0131rmal\u0131klardan ka\u00e7\u0131nmak<\/span><\/span><\/p><\/li><li><p><span style=\"font-family: Times New Roman, serif;\"><span style=\"font-size: large;\">Ya\u011flar\u0131 ve \u015fekerleri s\u0131n\u0131rlamak \u00f6nemlidir.<\/span><\/span><\/p><\/li><\/ul><p><span style=\"font-family: Times New Roman, serif;\"><span style=\"font-size: large;\"><b>Babalar i\u00e7in;<\/b><\/span><\/span><\/p><p><span style=\"font-family: Times New Roman, serif;\"><span style=\"font-size: large;\">E\u015finizin bedeni bir\u00e7ok de\u011fi\u015fiklikten ge\u00e7iyor. Bir zamanlar kolayca yapabildi\u011fi \u015feyler daha fazla zor olabilir. Onu takdir etti\u011finizi ve onunla ilgilendi\u011finizi g\u00f6stermenin iyi bir yolu, uzun bir g\u00fcn\u00fcn sonunda ellerini, ayaklar\u0131n\u0131 veya s\u0131rt\u0131n\u0131 ovalamak olabilir. Bu s\u00fcreleri daha \u00f6zel hale getirmek i\u00e7in; masaj ya\u011flar\u0131 kullanabilirsiniz<\/span><\/span><\/p>\t\t\t\t\t\t\t\t<\/div>\n\t\t\t\t\t<\/div>\n\t\t<\/div>\n\t\t\t\t\t<\/div>\n\t\t<\/section>\n\t\t\t\t<\/div>\n\t\t","protected":false},"excerpt":{"rendered":"<p>ON \u0130K\u0130NC\u0130 HAFTADA HAM\u0130LEL\u0130K Hamileli\u011fin 12. haftas\u0131nda bebek:12. gebelik haftas\u0131nda bebe\u011fin boyu yakla\u015f\u0131k 5-8 cm, a\u011f\u0131rl\u0131\u011f\u0131 15-28 gram kadard\u0131r.T\u0131rnaklar olu\u015fmaya devam eder, hen\u00fcz tam olarak olu\u015fmam\u0131\u015ft\u0131r. Bebe\u011fin erkek veya k\u0131z olmas\u0131na ba\u011fl\u0131 olarak d\u0131\u015f genital organlar\u0131 \u015fekillenmeye ba\u015flar. Bu haftada d\u00fc\u015f\u00fck gibi nedenlerle \u00e7\u0131plak g\u00f6zle g\u00f6r\u00fclebilen bebeklerin cinsiyeti anla\u015f\u0131labilir ancak ultrason ile nadiren anla\u015f\u0131labilir. Bu [&hellip;]<\/p>\n","protected":false},"author":1,"featured_media":0,"parent":0,"menu_order":0,"comment_status":"closed","ping_status":"closed","template":"","meta":{"footnotes":""},"class_list":["post-2061","page","type-page","status-publish","hentry"],"yoast_head":"<!-- This site is optimized with the Yoast SEO plugin v27.4 - https:\/\/yoast.com\/product\/yoast-seo-wordpress\/ -->\n<title>ON \u0130K\u0130NC\u0130 HAFTADA HAM\u0130LEL\u0130K - T\u00dcL\u0130N KAHVEC\u0130<\/title>\n<meta name=\"robots\" content=\"index, follow, max-snippet:-1, max-image-preview:large, max-video-preview:-1\" \/>\n<link rel=\"canonical\" href=\"https:\/\/tulinkahveci.com\/index.php\/on-ikinci-haftada-hamilelik\/\" \/>\n<meta property=\"og:locale\" content=\"tr_TR\" \/>\n<meta property=\"og:type\" content=\"article\" \/>\n<meta property=\"og:title\" content=\"ON \u0130K\u0130NC\u0130 HAFTADA HAM\u0130LEL\u0130K - T\u00dcL\u0130N KAHVEC\u0130\" \/>\n<meta property=\"og:description\" content=\"ON \u0130K\u0130NC\u0130 HAFTADA HAM\u0130LEL\u0130K Hamileli\u011fin 12. haftas\u0131nda bebek:12. gebelik haftas\u0131nda bebe\u011fin boyu yakla\u015f\u0131k 5-8 cm, a\u011f\u0131rl\u0131\u011f\u0131 15-28 gram kadard\u0131r.T\u0131rnaklar olu\u015fmaya devam eder, hen\u00fcz tam olarak olu\u015fmam\u0131\u015ft\u0131r. Bebe\u011fin erkek veya k\u0131z olmas\u0131na ba\u011fl\u0131 olarak d\u0131\u015f genital organlar\u0131 \u015fekillenmeye ba\u015flar. Bu haftada d\u00fc\u015f\u00fck gibi nedenlerle \u00e7\u0131plak g\u00f6zle g\u00f6r\u00fclebilen bebeklerin cinsiyeti anla\u015f\u0131labilir ancak ultrason ile nadiren anla\u015f\u0131labilir. Bu [&hellip;]\" \/>\n<meta property=\"og:url\" content=\"https:\/\/tulinkahveci.com\/index.php\/on-ikinci-haftada-hamilelik\/\" \/>\n<meta property=\"og:site_name\" content=\"T\u00dcL\u0130N KAHVEC\u0130\" \/>\n<meta name=\"twitter:card\" content=\"summary_large_image\" \/>\n<meta name=\"twitter:label1\" content=\"Tahmini okuma s\u00fcresi\" \/>\n\t<meta name=\"twitter:data1\" content=\"2 dakika\" \/>\n<script type=\"application\/ld+json\" class=\"yoast-schema-graph\">{\"@context\":\"https:\\\/\\\/schema.org\",\"@graph\":[{\"@type\":\"WebPage\",\"@id\":\"https:\\\/\\\/tulinkahveci.com\\\/index.php\\\/on-ikinci-haftada-hamilelik\\\/\",\"url\":\"https:\\\/\\\/tulinkahveci.com\\\/index.php\\\/on-ikinci-haftada-hamilelik\\\/\",\"name\":\"ON \u0130K\u0130NC\u0130 HAFTADA HAM\u0130LEL\u0130K - T\u00dcL\u0130N KAHVEC\u0130\",\"isPartOf\":{\"@id\":\"https:\\\/\\\/tulinkahveci.com\\\/#website\"},\"datePublished\":\"2025-01-16T14:29:34+00:00\",\"breadcrumb\":{\"@id\":\"https:\\\/\\\/tulinkahveci.com\\\/index.php\\\/on-ikinci-haftada-hamilelik\\\/#breadcrumb\"},\"inLanguage\":\"tr\",\"potentialAction\":[{\"@type\":\"ReadAction\",\"target\":[\"https:\\\/\\\/tulinkahveci.com\\\/index.php\\\/on-ikinci-haftada-hamilelik\\\/\"]}]},{\"@type\":\"BreadcrumbList\",\"@id\":\"https:\\\/\\\/tulinkahveci.com\\\/index.php\\\/on-ikinci-haftada-hamilelik\\\/#breadcrumb\",\"itemListElement\":[{\"@type\":\"ListItem\",\"position\":1,\"name\":\"Anasayfa\",\"item\":\"https:\\\/\\\/tulinkahveci.com\\\/\"},{\"@type\":\"ListItem\",\"position\":2,\"name\":\"ON \u0130K\u0130NC\u0130 HAFTADA HAM\u0130LEL\u0130K\"}]},{\"@type\":\"WebSite\",\"@id\":\"https:\\\/\\\/tulinkahveci.com\\\/#website\",\"url\":\"https:\\\/\\\/tulinkahveci.com\\\/\",\"name\":\"T\u00dcL\u0130N KAHVEC\u0130\",\"description\":\"\",\"potentialAction\":[{\"@type\":\"SearchAction\",\"target\":{\"@type\":\"EntryPoint\",\"urlTemplate\":\"https:\\\/\\\/tulinkahveci.com\\\/?s={search_term_string}\"},\"query-input\":{\"@type\":\"PropertyValueSpecification\",\"valueRequired\":true,\"valueName\":\"search_term_string\"}}],\"inLanguage\":\"tr\"}]}<\/script>\n<!-- \/ Yoast SEO plugin. -->","yoast_head_json":{"title":"ON \u0130K\u0130NC\u0130 HAFTADA HAM\u0130LEL\u0130K - T\u00dcL\u0130N KAHVEC\u0130","robots":{"index":"index","follow":"follow","max-snippet":"max-snippet:-1","max-image-preview":"max-image-preview:large","max-video-preview":"max-video-preview:-1"},"canonical":"https:\/\/tulinkahveci.com\/index.php\/on-ikinci-haftada-hamilelik\/","og_locale":"tr_TR","og_type":"article","og_title":"ON \u0130K\u0130NC\u0130 HAFTADA HAM\u0130LEL\u0130K - T\u00dcL\u0130N KAHVEC\u0130","og_description":"ON \u0130K\u0130NC\u0130 HAFTADA HAM\u0130LEL\u0130K Hamileli\u011fin 12. haftas\u0131nda bebek:12. gebelik haftas\u0131nda bebe\u011fin boyu yakla\u015f\u0131k 5-8 cm, a\u011f\u0131rl\u0131\u011f\u0131 15-28 gram kadard\u0131r.T\u0131rnaklar olu\u015fmaya devam eder, hen\u00fcz tam olarak olu\u015fmam\u0131\u015ft\u0131r. Bebe\u011fin erkek veya k\u0131z olmas\u0131na ba\u011fl\u0131 olarak d\u0131\u015f genital organlar\u0131 \u015fekillenmeye ba\u015flar. Bu haftada d\u00fc\u015f\u00fck gibi nedenlerle \u00e7\u0131plak g\u00f6zle g\u00f6r\u00fclebilen bebeklerin cinsiyeti anla\u015f\u0131labilir ancak ultrason ile nadiren anla\u015f\u0131labilir. Bu [&hellip;]","og_url":"https:\/\/tulinkahveci.com\/index.php\/on-ikinci-haftada-hamilelik\/","og_site_name":"T\u00dcL\u0130N KAHVEC\u0130","twitter_card":"summary_large_image","twitter_misc":{"Tahmini okuma s\u00fcresi":"2 dakika"},"schema":{"@context":"https:\/\/schema.org","@graph":[{"@type":"WebPage","@id":"https:\/\/tulinkahveci.com\/index.php\/on-ikinci-haftada-hamilelik\/","url":"https:\/\/tulinkahveci.com\/index.php\/on-ikinci-haftada-hamilelik\/","name":"ON \u0130K\u0130NC\u0130 HAFTADA HAM\u0130LEL\u0130K - T\u00dcL\u0130N KAHVEC\u0130","isPartOf":{"@id":"https:\/\/tulinkahveci.com\/#website"},"datePublished":"2025-01-16T14:29:34+00:00","breadcrumb":{"@id":"https:\/\/tulinkahveci.com\/index.php\/on-ikinci-haftada-hamilelik\/#breadcrumb"},"inLanguage":"tr","potentialAction":[{"@type":"ReadAction","target":["https:\/\/tulinkahveci.com\/index.php\/on-ikinci-haftada-hamilelik\/"]}]},{"@type":"BreadcrumbList","@id":"https:\/\/tulinkahveci.com\/index.php\/on-ikinci-haftada-hamilelik\/#breadcrumb","itemListElement":[{"@type":"ListItem","position":1,"name":"Anasayfa","item":"https:\/\/tulinkahveci.com\/"},{"@type":"ListItem","position":2,"name":"ON \u0130K\u0130NC\u0130 HAFTADA HAM\u0130LEL\u0130K"}]},{"@type":"WebSite","@id":"https:\/\/tulinkahveci.com\/#website","url":"https:\/\/tulinkahveci.com\/","name":"T\u00dcL\u0130N KAHVEC\u0130","description":"","potentialAction":[{"@type":"SearchAction","target":{"@type":"EntryPoint","urlTemplate":"https:\/\/tulinkahveci.com\/?s={search_term_string}"},"query-input":{"@type":"PropertyValueSpecification","valueRequired":true,"valueName":"search_term_string"}}],"inLanguage":"tr"}]}},"_links":{"self":[{"href":"https:\/\/tulinkahveci.com\/index.php\/wp-json\/wp\/v2\/pages\/2061","targetHints":{"allow":["GET"]}}],"collection":[{"href":"https:\/\/tulinkahveci.com\/index.php\/wp-json\/wp\/v2\/pages"}],"about":[{"href":"https:\/\/tulinkahveci.com\/index.php\/wp-json\/wp\/v2\/types\/page"}],"author":[{"embeddable":true,"href":"https:\/\/tulinkahveci.com\/index.php\/wp-json\/wp\/v2\/users\/1"}],"replies":[{"embeddable":true,"href":"https:\/\/tulinkahveci.com\/index.php\/wp-json\/wp\/v2\/comments?post=2061"}],"version-history":[{"count":0,"href":"https:\/\/tulinkahveci.com\/index.php\/wp-json\/wp\/v2\/pages\/2061\/revisions"}],"wp:attachment":[{"href":"https:\/\/tulinkahveci.com\/index.php\/wp-json\/wp\/v2\/media?parent=2061"}],"curies":[{"name":"wp","href":"https:\/\/api.w.org\/{rel}","templated":true}]}}