{"id":2066,"date":"2025-01-16T14:29:18","date_gmt":"2025-01-16T14:29:18","guid":{"rendered":"https:\/\/tulinkahveci.com\/?page_id=2066"},"modified":"2025-01-16T14:29:18","modified_gmt":"2025-01-16T14:29:18","slug":"on-ucuncu-haftada-hamilelik","status":"publish","type":"page","link":"https:\/\/tulinkahveci.com\/index.php\/on-ucuncu-haftada-hamilelik\/","title":{"rendered":"ON \u00dc\u00c7\u00dcNC\u00dc HAFTADA HAM\u0130LEL\u0130K"},"content":{"rendered":"\t\t<div data-elementor-type=\"wp-page\" data-elementor-id=\"2066\" class=\"elementor elementor-2066\">\n\t\t\t\t\t\t<section class=\"elementor-section elementor-top-section elementor-element elementor-element-5eae19f elementor-section-boxed elementor-section-height-default elementor-section-height-default\" data-id=\"5eae19f\" data-element_type=\"section\" data-e-type=\"section\">\n\t\t\t\t\t\t<div class=\"elementor-container elementor-column-gap-default\">\n\t\t\t\t\t<div class=\"aux-parallax-section elementor-column elementor-col-100 elementor-top-column elementor-element elementor-element-8802e87\" data-id=\"8802e87\" data-element_type=\"column\" data-e-type=\"column\">\n\t\t\t<div class=\"elementor-widget-wrap elementor-element-populated\">\n\t\t\t\t\t\t<div class=\"elementor-element elementor-element-71de867 elementor-widget elementor-widget-heading\" data-id=\"71de867\" data-element_type=\"widget\" data-e-type=\"widget\" data-widget_type=\"heading.default\">\n\t\t\t\t\t<h2 class=\"elementor-heading-title elementor-size-default\">ON \u00dc\u00c7\u00dcNC\u00dc HAFTADA HAM\u0130LEL\u0130K <\/h2>\t\t\t\t<\/div>\n\t\t\t\t<div class=\"elementor-element elementor-element-7fad079 elementor-widget elementor-widget-text-editor\" data-id=\"7fad079\" data-element_type=\"widget\" data-e-type=\"widget\" data-widget_type=\"text-editor.default\">\n\t\t\t\t\t\t\t\t\t<p><span style=\"color: #000000;\"><span style=\"font-family: Times New Roman, serif;\"><span style=\"font-size: large;\"><b>Hamileli\u011fin 13. haftas\u0131nda bebek:<\/b><\/span><\/span><\/span><span style=\"color: #000000;\"><span style=\"font-family: Times New Roman, serif;\"><span style=\"font-size: large;\"><br \/>13. gebelik haftas\u0131nda bebe\u011fin boyu yakla\u015f\u0131k olarak 7 -9,5 cm, a\u011f\u0131rl\u0131\u011f\u0131 25-35 gram kadard\u0131r. <\/span><\/span><\/span><span style=\"color: #333333;\"><span style=\"font-family: Times New Roman, serif;\"><span style=\"font-size: large;\">Bu haftaya kadar, bebe\u011finizin ba\u015f\u0131 v\u00fccudunun en b\u00fcy\u00fck par\u00e7as\u0131yd\u0131, ama bu de\u011fi\u015fmeye ba\u015fl\u0131yor.\u00a0Bebe\u011finizin ba\u015f\u0131 \u015fimdi v\u00fccudunun sadece 1 \/ 3&#8217;\u00fc.\u00a0<\/span><\/span><\/span><span style=\"color: #000000;\"><span style=\"font-family: Times New Roman, serif;\"><span style=\"font-size: large;\"><br \/>Bebe\u011fin g\u00f6zleri daha \u00f6nce birbirinden uzakken bu haftada birbirine yakla\u015fmaya ba\u015flar, kulaklar normal yerlerine do\u011fru ilerler ve bebe\u011fin y\u00fcz\u00fc normal insan y\u00fcz\u00fcne benzemeye ba\u015flar. Bebe\u011fin ses telleri olu\u015fmaya ba\u015flar. Bu haftada bebe\u011fe yak\u0131ndan bak\u0131labilse cinsiyeti d\u0131\u015f genital organlar\u0131na bakarak s\u00f6ylenebilecek kadar geli\u015fmi\u015ftir. Bu haftada bebe\u011fin karaci\u011ferinden safra s\u0131v\u0131s\u0131 salg\u0131lanabilir, pankreas bezinden ins\u00fclin \u00fcretimi ba\u015flam\u0131\u015ft\u0131r. Bebe\u011fin damaklar\u0131n\u0131n alt\u0131nda 20 adet di\u015fi olu\u015fmu\u015ftur. <\/span><\/span><\/span><span style=\"color: #333333;\"><span style=\"font-family: Times New Roman, serif;\"><span style=\"font-size: large;\">B\u00f6brek ve idrar yolu tamamen fonksiyoneldir, bu da bebe\u011finizin amniotik s\u0131v\u0131s\u0131n\u0131n olu\u015fmas\u0131n\u0131 sa\u011flar.\u00a0<\/span><\/span><\/span><span style=\"color: #000000;\"><span style=\"font-family: Times New Roman, serif;\"><span style=\"font-size: large;\">Bebek i\u00e7erisinde bulundu\u011fu amnion s\u0131v\u0131s\u0131n\u0131 yutar ve tekrar idrar olarak \u00e7\u0131kart\u0131r, idrar da amnion s\u0131v\u0131s\u0131na kar\u0131\u015f\u0131r.<br \/>Bebek rahim i\u00e7erisinde tekme atma, kafas\u0131n\u0131 salmama ve yutma gibi hareketler yapar ancak anne hen\u00fcz hareketleri hissedemez.<br \/><\/span><\/span><\/span><span style=\"color: #000000;\"><span style=\"font-family: Times New Roman, serif;\"><span style=\"font-size: large;\"><b>Hamileli\u011fin 13. haftas\u0131nda anne:<\/b><\/span><\/span><\/span><span style=\"color: #000000;\"><span style=\"font-family: Times New Roman, serif;\"><span style=\"font-size: large;\"><br \/>Hamileli\u011fin on \u00fc\u00e7\u00fcnc\u00fc haftas\u0131nda anne aday\u0131 art\u0131k ilk \u00fc\u00e7 ay\u0131 geride b\u0131rakt\u0131\u011f\u0131 i\u00e7in kendini daha g\u00fcvende hisseder \u00e7\u00fcnk\u00fc ilk \u00fc\u00e7 ay bittikten sonra kanama ve d\u00fc\u015f\u00fck gibi tehlikeler tam olarak ge\u00e7mezse bile olduk\u00e7a azal\u0131r. Bulant\u0131lar azalm\u0131\u015f ancak mide ek\u015fimeleri ba\u015flam\u0131\u015f olabilir. Bu konuda doktorunuza dan\u0131\u015fabilirsiniz. Bu haftadan itibaren 16-20 haftal\u0131k s\u00fcre\u00e7 gebeli\u011fin en rahat d\u00f6nemidir. <\/span><\/span><\/span><\/p><p><span style=\"color: #0000ff;\"><a href=\"http:\/\/americanpregnancy.org\/pregnancy-health\/breast-changes-during-pregnancy\/\" target=\"Gebelikte G\u00f6\u011f\u00fcs De\u011fi\u015fiklikleri\"><span style=\"color: #000000;\"><span style=\"font-family: Times New Roman, serif;\"><span style=\"font-size: large;\">G\u00f6\u011f\u00fcslerinizde<\/span><\/span><\/span><\/a><\/span><span style=\"font-family: Times New Roman, serif;\"><span style=\"font-size: large;\">\u00a0de baz\u0131 belirgin\u00a0<\/span><\/span><span style=\"color: #0000ff;\"><a href=\"http:\/\/americanpregnancy.org\/pregnancy-health\/breast-changes-during-pregnancy\/\" target=\"Gebelikte G\u00f6\u011f\u00fcs De\u011fi\u015fiklikleri\"><span style=\"color: #000000;\"><span style=\"font-family: Times New Roman, serif;\"><span style=\"font-size: large;\">de\u011fi\u015fiklikler<\/span><\/span><\/span><\/a><\/span><span style=\"font-family: Times New Roman, serif;\"><span style=\"font-size: large;\">\u00a0fark edebilirsiniz.\u00a0Art\u0131k, g\u00f6\u011f\u00fcsleriniz daha b\u00fcy\u00fck hale gelebilir ve s\u00fct \u00fcretimine haz\u0131rlan\u0131rken meme kanallar\u0131n\u0131n neden oldu\u011fu topakl\u0131 veya yumru olabilir. G\u00f6\u011fs\u00fcn\u00fczde derinin alt\u0131nda do\u011fru g\u00f6r\u00fcnen damarlar da fark etmi\u015f olabilirsiniz.\u00a0Ek olarak, ikinci trimesterde kolostrum olu\u015fmaya ba\u015flar;\u00a0Bu,\u00a0<\/span><\/span><span style=\"color: #0000ff;\"><a href=\"http:\/\/americanpregnancy.org\/first-year-of-life\/whats-in-breastmilk\/\" target=\"Anne s\u00fct\u00fc nedir?\"><span style=\"color: #000000;\"><span style=\"font-family: Times New Roman, serif;\"><span style=\"font-size: large;\">anne s\u00fct\u00fcn\u00fcn<\/span><\/span><\/span><\/a><\/span><span style=\"font-family: Times New Roman, serif;\"><span style=\"font-size: large;\">\u00a0ilk a\u015famas\u0131d\u0131r\u00a0ve masaj s\u0131ras\u0131nda meme ucundan gelebilir.<\/span><\/span><\/p><p><span style=\"color: #000000;\"><span style=\"font-family: Times New Roman, serif;\"><span style=\"font-size: large;\">Hen\u00fcz hamile k\u0131yafetleri giymeye ba\u015flamam\u0131\u015f olabilirsiniz, ancak b\u00fcy\u00fck olas\u0131l\u0131kla s\u0131k\u0131 oturan k\u0131yafetleri daha rahat k\u0131yafetler ile de\u011fi\u015ftirmeniz gerekebilecektir. Kilo al\u0131m\u0131n\u0131za ba\u011fl\u0131 olarak cildinizde \u00e7atlaklar geli\u015febilir. <\/span><\/span><\/span><span style=\"color: #333333;\"><span style=\"font-family: Times New Roman, serif;\"><span style=\"font-size: large;\">\u00c7atlaklar karn\u0131n\u0131z\u0131n ve \/ veya memelerinizin \u00fczerinden pembemsi veya k\u0131rm\u0131z\u0131ms\u0131 \u00e7izgiler \u015feklinde g\u00f6r\u00fcn\u00fcr.\u00a0Daha yava\u015f bir oranda kilo almak, su i\u00e7mek \u00e7atlak izlerinin ortaya \u00e7\u0131kma olas\u0131l\u0131\u011f\u0131n\u0131 azaltabilir. \u0130sterseniz krem de kullananabilirsiniz. <\/span><\/span><\/span><\/p><p><span style=\"color: #000000;\"><span style=\"font-family: Times New Roman, serif;\"><span style=\"font-size: large;\">\u0130lk \u00fc\u00e7 ay bitti\u011fi i\u00e7in anne aday\u0131 sa\u00e7 boyatmak, egzersiz yapmak, y\u00fcr\u00fcmek, y\u00fczmek, cinsel ili\u015fki gibi konularda eskisine g\u00f6re daha rahat davranabilmektedir. <\/span><\/span><\/span><\/p><p><span style=\"font-family: Times New Roman, serif;\"><span style=\"font-size: medium;\"><b><span style=\"font-size: large;\">Ancak, \u015fu durumlarda cinsel ili\u015fkiden ka\u00e7\u0131n\u0131lmal\u0131d\u0131r:<\/span><\/b><\/span><\/span><\/p><ul><li><p><span style=\"font-family: Times New Roman, serif;\"><span style=\"font-size: large;\">Erken do\u011fum riski veya \u00f6yk\u00fcs\u00fc<\/span><\/span><\/p><\/li><li><p><span style=\"color: #0000ff;\"><a href=\"http:\/\/americanpregnancy.org\/pregnancy-complications\/miscarriage\/\" target=\"D\u00fc\u015f\u00fck\"><span style=\"color: #000000;\"><span style=\"font-family: Times New Roman, serif;\"><span style=\"font-size: large;\">D\u00fc\u015f\u00fck<\/span><\/span><\/span><\/a><\/span><span style=\"font-family: Times New Roman, serif;\"><span style=\"font-size: large;\">\u00a0\u00f6yk\u00fcs\u00fc<\/span><\/span><\/p><\/li><li><p><span style=\"font-family: Times New Roman, serif;\"><span style=\"font-size: large;\">Su gelmesi<\/span><\/span><\/p><\/li><li><p><span style=\"font-family: Times New Roman, serif;\"><span style=\"font-size: large;\">A\u00e7\u0131klanamayan\u00a0<\/span><\/span><span style=\"color: #0000ff;\"><a href=\"http:\/\/americanpregnancy.org\/pregnancy-complications\/bleeding-during-pregnancy\/\" target=\"Hamilelik s\u0131ras\u0131nda kanama\"><span style=\"color: #000000;\"><span style=\"font-family: Times New Roman, serif;\"><span style=\"font-size: large;\">vajinal kanama<\/span><\/span><\/span><\/a><\/span><span style=\"font-family: Times New Roman, serif;\"><span style=\"font-size: large;\">\u00a0veya\u00a0<\/span><\/span><span style=\"color: #0000ff;\"><a href=\"http:\/\/americanpregnancy.org\/pregnancy-health\/vaginal-discharge-during-pregnancy\/\" target=\"Gebelikte Vajinal De\u015farj\"><span style=\"color: #000000;\"><span style=\"font-family: Times New Roman, serif;\"><span style=\"font-size: large;\">ak\u0131nt\u0131<\/span><\/span><\/span><\/a><\/span><span style=\"font-family: Times New Roman, serif;\"><span style=\"font-size: large;\">\u00a0<\/span><\/span><\/p><\/li><li><p><span style=\"font-family: Times New Roman, serif;\"><span style=\"font-size: large;\">Plasentan\u0131n a\u015fa\u011f\u0131 yerle\u015fmesi veya rahim a\u011fz\u0131n\u0131 kapatmas\u0131<\/span><\/span><\/p><\/li><li><p><span style=\"color: #0000ff;\"><a href=\"http:\/\/americanpregnancy.org\/pregnancy-complications\/incompetent-cervix\/\" target=\"Yetersiz Serviks: Zay\u0131flam\u0131\u015f Serviks\"><span style=\"color: #000000;\"><span style=\"font-family: Times New Roman, serif;\"><span style=\"font-size: large;\">Yetersiz bir serviksin<\/span><\/span><\/span><\/a><\/span><span style=\"font-family: Times New Roman, serif;\"><span style=\"font-size: large;\">\u00a0var olmas\u0131\u00a0ya da serviksin dilate olmas\u0131<\/span><\/span><\/p><\/li><li><p><span style=\"font-family: Times New Roman, serif;\"><span style=\"font-size: large;\">Siz ya da e\u015finizin\u00a0cinsel yolla bula\u015fan bir hastal\u0131\u011f\u0131n\u0131z\u0131n olmas\u0131<\/span><\/span><\/p><\/li><\/ul><p><br \/><br \/><\/p><p><span style=\"color: #000000;\"><span style=\"font-family: Times New Roman, serif;\"><span style=\"font-size: large;\">Bebek hareketleri hen\u00fcz hissedilemez, bebe\u011fin tekmelemesi san\u0131lanlar asl\u0131nda annenin barsak hareketleridir.<\/span><\/span><\/span><\/p><p><span style=\"color: #000000;\"><span style=\"font-family: Times New Roman, serif;\"><span style=\"font-size: large;\"><b>Babalar i\u00e7in;<\/b><\/span><\/span><\/span><\/p><p><span style=\"color: #000000;\"><span style=\"font-family: Times New Roman, serif;\"><span style=\"font-size: large;\">Arac\u0131n\u0131za yak\u0131t alma i\u015fini \u00fcstlenebilirsiniz. Benzin istasyonlar\u0131ndaki kokulara kar\u015f\u0131 gebeler hassas olabilir.<\/span><\/span><\/span><\/p>\t\t\t\t\t\t\t\t<\/div>\n\t\t\t\t\t<\/div>\n\t\t<\/div>\n\t\t\t\t\t<\/div>\n\t\t<\/section>\n\t\t\t\t<\/div>\n\t\t","protected":false},"excerpt":{"rendered":"<p>ON \u00dc\u00c7\u00dcNC\u00dc HAFTADA HAM\u0130LEL\u0130K Hamileli\u011fin 13. haftas\u0131nda bebek:13. gebelik haftas\u0131nda bebe\u011fin boyu yakla\u015f\u0131k olarak 7 -9,5 cm, a\u011f\u0131rl\u0131\u011f\u0131 25-35 gram kadard\u0131r. Bu haftaya kadar, bebe\u011finizin ba\u015f\u0131 v\u00fccudunun en b\u00fcy\u00fck par\u00e7as\u0131yd\u0131, ama bu de\u011fi\u015fmeye ba\u015fl\u0131yor.\u00a0Bebe\u011finizin ba\u015f\u0131 \u015fimdi v\u00fccudunun sadece 1 \/ 3&#8217;\u00fc.\u00a0Bebe\u011fin g\u00f6zleri daha \u00f6nce birbirinden uzakken bu haftada birbirine yakla\u015fmaya ba\u015flar, kulaklar normal yerlerine do\u011fru [&hellip;]<\/p>\n","protected":false},"author":1,"featured_media":0,"parent":0,"menu_order":0,"comment_status":"closed","ping_status":"closed","template":"","meta":{"footnotes":""},"class_list":["post-2066","page","type-page","status-publish","hentry"],"yoast_head":"<!-- This site is optimized with the Yoast SEO plugin v27.4 - https:\/\/yoast.com\/product\/yoast-seo-wordpress\/ -->\n<title>ON \u00dc\u00c7\u00dcNC\u00dc HAFTADA HAM\u0130LEL\u0130K - T\u00dcL\u0130N KAHVEC\u0130<\/title>\n<meta name=\"robots\" content=\"index, follow, max-snippet:-1, max-image-preview:large, max-video-preview:-1\" \/>\n<link rel=\"canonical\" href=\"https:\/\/tulinkahveci.com\/index.php\/on-ucuncu-haftada-hamilelik\/\" \/>\n<meta property=\"og:locale\" content=\"tr_TR\" \/>\n<meta property=\"og:type\" content=\"article\" \/>\n<meta property=\"og:title\" content=\"ON \u00dc\u00c7\u00dcNC\u00dc HAFTADA HAM\u0130LEL\u0130K - T\u00dcL\u0130N KAHVEC\u0130\" \/>\n<meta property=\"og:description\" content=\"ON \u00dc\u00c7\u00dcNC\u00dc HAFTADA HAM\u0130LEL\u0130K Hamileli\u011fin 13. haftas\u0131nda bebek:13. gebelik haftas\u0131nda bebe\u011fin boyu yakla\u015f\u0131k olarak 7 -9,5 cm, a\u011f\u0131rl\u0131\u011f\u0131 25-35 gram kadard\u0131r. Bu haftaya kadar, bebe\u011finizin ba\u015f\u0131 v\u00fccudunun en b\u00fcy\u00fck par\u00e7as\u0131yd\u0131, ama bu de\u011fi\u015fmeye ba\u015fl\u0131yor.\u00a0Bebe\u011finizin ba\u015f\u0131 \u015fimdi v\u00fccudunun sadece 1 \/ 3&#8217;\u00fc.\u00a0Bebe\u011fin g\u00f6zleri daha \u00f6nce birbirinden uzakken bu haftada birbirine yakla\u015fmaya ba\u015flar, kulaklar normal yerlerine do\u011fru [&hellip;]\" \/>\n<meta property=\"og:url\" content=\"https:\/\/tulinkahveci.com\/index.php\/on-ucuncu-haftada-hamilelik\/\" \/>\n<meta property=\"og:site_name\" content=\"T\u00dcL\u0130N KAHVEC\u0130\" \/>\n<meta name=\"twitter:card\" content=\"summary_large_image\" \/>\n<meta name=\"twitter:label1\" content=\"Tahmini okuma s\u00fcresi\" \/>\n\t<meta name=\"twitter:data1\" content=\"3 dakika\" \/>\n<script type=\"application\/ld+json\" class=\"yoast-schema-graph\">{\"@context\":\"https:\\\/\\\/schema.org\",\"@graph\":[{\"@type\":\"WebPage\",\"@id\":\"https:\\\/\\\/tulinkahveci.com\\\/index.php\\\/on-ucuncu-haftada-hamilelik\\\/\",\"url\":\"https:\\\/\\\/tulinkahveci.com\\\/index.php\\\/on-ucuncu-haftada-hamilelik\\\/\",\"name\":\"ON \u00dc\u00c7\u00dcNC\u00dc HAFTADA HAM\u0130LEL\u0130K - T\u00dcL\u0130N KAHVEC\u0130\",\"isPartOf\":{\"@id\":\"https:\\\/\\\/tulinkahveci.com\\\/#website\"},\"datePublished\":\"2025-01-16T14:29:18+00:00\",\"breadcrumb\":{\"@id\":\"https:\\\/\\\/tulinkahveci.com\\\/index.php\\\/on-ucuncu-haftada-hamilelik\\\/#breadcrumb\"},\"inLanguage\":\"tr\",\"potentialAction\":[{\"@type\":\"ReadAction\",\"target\":[\"https:\\\/\\\/tulinkahveci.com\\\/index.php\\\/on-ucuncu-haftada-hamilelik\\\/\"]}]},{\"@type\":\"BreadcrumbList\",\"@id\":\"https:\\\/\\\/tulinkahveci.com\\\/index.php\\\/on-ucuncu-haftada-hamilelik\\\/#breadcrumb\",\"itemListElement\":[{\"@type\":\"ListItem\",\"position\":1,\"name\":\"Anasayfa\",\"item\":\"https:\\\/\\\/tulinkahveci.com\\\/\"},{\"@type\":\"ListItem\",\"position\":2,\"name\":\"ON \u00dc\u00c7\u00dcNC\u00dc HAFTADA HAM\u0130LEL\u0130K\"}]},{\"@type\":\"WebSite\",\"@id\":\"https:\\\/\\\/tulinkahveci.com\\\/#website\",\"url\":\"https:\\\/\\\/tulinkahveci.com\\\/\",\"name\":\"T\u00dcL\u0130N KAHVEC\u0130\",\"description\":\"\",\"potentialAction\":[{\"@type\":\"SearchAction\",\"target\":{\"@type\":\"EntryPoint\",\"urlTemplate\":\"https:\\\/\\\/tulinkahveci.com\\\/?s={search_term_string}\"},\"query-input\":{\"@type\":\"PropertyValueSpecification\",\"valueRequired\":true,\"valueName\":\"search_term_string\"}}],\"inLanguage\":\"tr\"}]}<\/script>\n<!-- \/ Yoast SEO plugin. -->","yoast_head_json":{"title":"ON \u00dc\u00c7\u00dcNC\u00dc HAFTADA HAM\u0130LEL\u0130K - T\u00dcL\u0130N KAHVEC\u0130","robots":{"index":"index","follow":"follow","max-snippet":"max-snippet:-1","max-image-preview":"max-image-preview:large","max-video-preview":"max-video-preview:-1"},"canonical":"https:\/\/tulinkahveci.com\/index.php\/on-ucuncu-haftada-hamilelik\/","og_locale":"tr_TR","og_type":"article","og_title":"ON \u00dc\u00c7\u00dcNC\u00dc HAFTADA HAM\u0130LEL\u0130K - T\u00dcL\u0130N KAHVEC\u0130","og_description":"ON \u00dc\u00c7\u00dcNC\u00dc HAFTADA HAM\u0130LEL\u0130K Hamileli\u011fin 13. haftas\u0131nda bebek:13. gebelik haftas\u0131nda bebe\u011fin boyu yakla\u015f\u0131k olarak 7 -9,5 cm, a\u011f\u0131rl\u0131\u011f\u0131 25-35 gram kadard\u0131r. Bu haftaya kadar, bebe\u011finizin ba\u015f\u0131 v\u00fccudunun en b\u00fcy\u00fck par\u00e7as\u0131yd\u0131, ama bu de\u011fi\u015fmeye ba\u015fl\u0131yor.\u00a0Bebe\u011finizin ba\u015f\u0131 \u015fimdi v\u00fccudunun sadece 1 \/ 3&#8217;\u00fc.\u00a0Bebe\u011fin g\u00f6zleri daha \u00f6nce birbirinden uzakken bu haftada birbirine yakla\u015fmaya ba\u015flar, kulaklar normal yerlerine do\u011fru [&hellip;]","og_url":"https:\/\/tulinkahveci.com\/index.php\/on-ucuncu-haftada-hamilelik\/","og_site_name":"T\u00dcL\u0130N KAHVEC\u0130","twitter_card":"summary_large_image","twitter_misc":{"Tahmini okuma s\u00fcresi":"3 dakika"},"schema":{"@context":"https:\/\/schema.org","@graph":[{"@type":"WebPage","@id":"https:\/\/tulinkahveci.com\/index.php\/on-ucuncu-haftada-hamilelik\/","url":"https:\/\/tulinkahveci.com\/index.php\/on-ucuncu-haftada-hamilelik\/","name":"ON \u00dc\u00c7\u00dcNC\u00dc HAFTADA HAM\u0130LEL\u0130K - T\u00dcL\u0130N KAHVEC\u0130","isPartOf":{"@id":"https:\/\/tulinkahveci.com\/#website"},"datePublished":"2025-01-16T14:29:18+00:00","breadcrumb":{"@id":"https:\/\/tulinkahveci.com\/index.php\/on-ucuncu-haftada-hamilelik\/#breadcrumb"},"inLanguage":"tr","potentialAction":[{"@type":"ReadAction","target":["https:\/\/tulinkahveci.com\/index.php\/on-ucuncu-haftada-hamilelik\/"]}]},{"@type":"BreadcrumbList","@id":"https:\/\/tulinkahveci.com\/index.php\/on-ucuncu-haftada-hamilelik\/#breadcrumb","itemListElement":[{"@type":"ListItem","position":1,"name":"Anasayfa","item":"https:\/\/tulinkahveci.com\/"},{"@type":"ListItem","position":2,"name":"ON \u00dc\u00c7\u00dcNC\u00dc HAFTADA HAM\u0130LEL\u0130K"}]},{"@type":"WebSite","@id":"https:\/\/tulinkahveci.com\/#website","url":"https:\/\/tulinkahveci.com\/","name":"T\u00dcL\u0130N KAHVEC\u0130","description":"","potentialAction":[{"@type":"SearchAction","target":{"@type":"EntryPoint","urlTemplate":"https:\/\/tulinkahveci.com\/?s={search_term_string}"},"query-input":{"@type":"PropertyValueSpecification","valueRequired":true,"valueName":"search_term_string"}}],"inLanguage":"tr"}]}},"_links":{"self":[{"href":"https:\/\/tulinkahveci.com\/index.php\/wp-json\/wp\/v2\/pages\/2066","targetHints":{"allow":["GET"]}}],"collection":[{"href":"https:\/\/tulinkahveci.com\/index.php\/wp-json\/wp\/v2\/pages"}],"about":[{"href":"https:\/\/tulinkahveci.com\/index.php\/wp-json\/wp\/v2\/types\/page"}],"author":[{"embeddable":true,"href":"https:\/\/tulinkahveci.com\/index.php\/wp-json\/wp\/v2\/users\/1"}],"replies":[{"embeddable":true,"href":"https:\/\/tulinkahveci.com\/index.php\/wp-json\/wp\/v2\/comments?post=2066"}],"version-history":[{"count":0,"href":"https:\/\/tulinkahveci.com\/index.php\/wp-json\/wp\/v2\/pages\/2066\/revisions"}],"wp:attachment":[{"href":"https:\/\/tulinkahveci.com\/index.php\/wp-json\/wp\/v2\/media?parent=2066"}],"curies":[{"name":"wp","href":"https:\/\/api.w.org\/{rel}","templated":true}]}}