{"id":2081,"date":"2025-01-16T14:27:45","date_gmt":"2025-01-16T14:27:45","guid":{"rendered":"https:\/\/tulinkahveci.com\/?page_id=2081"},"modified":"2025-01-16T14:27:45","modified_gmt":"2025-01-16T14:27:45","slug":"on-yedi-haftalik-hamilelik","status":"publish","type":"page","link":"https:\/\/tulinkahveci.com\/index.php\/on-yedi-haftalik-hamilelik\/","title":{"rendered":"ON YED\u0130 HAFTALIK HAM\u0130LEL\u0130K"},"content":{"rendered":"\t\t<div data-elementor-type=\"wp-page\" data-elementor-id=\"2081\" class=\"elementor elementor-2081\">\n\t\t\t\t\t\t<section class=\"elementor-section elementor-top-section elementor-element elementor-element-2eaec0a elementor-section-boxed elementor-section-height-default elementor-section-height-default\" data-id=\"2eaec0a\" data-element_type=\"section\" data-e-type=\"section\">\n\t\t\t\t\t\t<div class=\"elementor-container elementor-column-gap-default\">\n\t\t\t\t\t<div class=\"aux-parallax-section elementor-column elementor-col-100 elementor-top-column elementor-element elementor-element-9bb6307\" data-id=\"9bb6307\" data-element_type=\"column\" data-e-type=\"column\">\n\t\t\t<div class=\"elementor-widget-wrap elementor-element-populated\">\n\t\t\t\t\t\t<div class=\"elementor-element elementor-element-d021dac elementor-widget elementor-widget-heading\" data-id=\"d021dac\" data-element_type=\"widget\" data-e-type=\"widget\" data-widget_type=\"heading.default\">\n\t\t\t\t\t<h2 class=\"elementor-heading-title elementor-size-default\">ON YED\u0130 HAFTALIK HAM\u0130LEL\u0130K<\/h2>\t\t\t\t<\/div>\n\t\t\t\t<div class=\"elementor-element elementor-element-9838dac elementor-widget elementor-widget-text-editor\" data-id=\"9838dac\" data-element_type=\"widget\" data-e-type=\"widget\" data-widget_type=\"text-editor.default\">\n\t\t\t\t\t\t\t\t\t<p><span style=\"color: #000000;\"><span style=\"font-family: Times New Roman, serif;\"><span style=\"font-size: large;\"><b>Hamileli\u011fin 17. haftas\u0131nda bebek:<\/b><\/span><\/span><\/span><span style=\"color: #000000;\"><span style=\"font-family: Times New Roman, serif;\"><span style=\"font-size: large;\"><br \/>17. gebelik haftas\u0131nda bebe\u011fin boyu yakla\u015f\u0131k 13-14,5 cm, a\u011f\u0131rl\u0131\u011f\u0131 150-250 gram kadard\u0131r.<\/span><\/span><\/span><\/p><p><span style=\"color: #000000;\"><span style=\"font-family: Times New Roman, serif;\"><span style=\"font-size: large;\">Bebe\u011finizin g\u00f6bek kordonu uzar ve daha kal\u0131n, g\u00fc\u00e7l\u00fc hale gelir. <br \/>On yedinci haftadan itibaren bebe\u011fin cilt alt\u0131 dokusunda ya\u011f depolanmas\u0131 artar ve bebek daha h\u0131zl\u0131 kilo almaya ba\u015flar. Bu ya\u011f depolanmas\u0131 bebe\u011fin \u0131s\u0131 d\u00fczenlenmesi a\u00e7\u0131s\u0131ndan \u00f6nemlidir. Bebek yutkunma, g\u00f6z\u00fcn\u00fc a\u00e7\u0131p kapama, emme gibi refleksleri yapabilir. Bebe\u011finizin duyma duyusu kulaklar\u0131n olu\u015fmas\u0131 ve ger\u00e7ek yerlerine ula\u015fmas\u0131 ile m\u00fcmk\u00fcn olur. D\u0131\u015far\u0131dan gelen y\u00fcksek sesler bebe\u011fin hareket etmesine neden olabilir. Bebe\u011fin ka\u015f ve kirpikleri b\u00fcy\u00fcmeye ba\u015flar.<br \/><\/span><\/span><\/span><span style=\"color: #000000;\"><span style=\"font-family: Times New Roman, serif;\"><span style=\"font-size: large;\"><b>Hamileli\u011fin 17. haftas\u0131nda anne:<\/b><\/span><\/span><\/span><span style=\"color: #000000;\"><span style=\"font-family: Times New Roman, serif;\"><span style=\"font-size: large;\"><br \/>Karn\u0131n\u0131z b\u00fcy\u00fcmeye devam ederken, di\u011fer organlar rahim ve bebe\u011finizin b\u00fcy\u00fcmesini telafi etmek i\u00e7in hareket eder. Rahminizin \u00fcst k\u0131sm\u0131 daha yuvarlak g\u00f6r\u00fcnmeye ve uzamaya ba\u015flar. Rahminiz barsaklar\u0131n\u0131z\u0131 yukar\u0131 ve d\u0131\u015far\u0131 itmeye ba\u015flar. Ayakta dururken elinizle rahminizi hissedebilirsiniz.<\/span><\/span><\/span><\/p><p><span style=\"color: #000000;\"><span style=\"font-family: Times New Roman, serif;\"><span style=\"font-size: large;\">Hamileli\u011fin on yedinci haftas\u0131nda anne genellikle karn\u0131nda baloncuklar oynuyor veya kelebek kanat \u00e7\u0131rp\u0131yor gibi bebek hareketlerini hafif\u00e7e hisseder ve bu hareketleri hissetme d\u00f6nemi anne ile bebek aras\u0131ndaki etkile\u015fimin kuvvetlenmeye ba\u015flad\u0131\u011f\u0131 d\u00f6nemdir. Bu d\u00f6neme kadar anne karn\u0131nda bebek oldu\u011funu bilse de, ultrasonografi cihaz\u0131nda g\u00f6rse de ondan gelen direkt hareketi hissetmek daha ba\u015fka bir his ve ba\u011f yaratmaya ba\u015flar. Bebek hareketleri yeni ba\u015flad\u0131\u011f\u0131 i\u00e7in say\u0131s\u0131n\u0131n veya s\u0131kl\u0131\u011f\u0131n\u0131n \u00f6nemi yoktur hen\u00fcz, sayman\u0131za gerek yoktur, bu d\u00f6nemde genellikle tek t\u00fck hissedilir hareketler. Bebe\u011finizin bask\u0131s\u0131ndan dolay\u0131 bacaklar\u0131n\u0131zda siyatik sinir a\u011fr\u0131s\u0131 hissedebilirsiniz.<br \/>\u00a0Anne aday\u0131 art\u0131k bu d\u00f6nemde eski halsiz, bitkin d\u00f6nemleri geride b\u0131rak\u0131r ve kendini enerjik hissetmeye ba\u015flar. \u00a0Bu haftalarda doktorunuzla g\u00f6r\u00fc\u015f\u00fcrken yak\u0131nda yap\u0131lacak<\/span><\/span><\/span><span style=\"color: #000000;\"><span style=\"font-size: large;\">\u00a0<\/span><\/span><span style=\"color: #0000ff;\"><a href=\"http:\/\/www.jinekolojivegebelik.com\/2010\/12\/ayrintili-detayli-ultrason.html\"><span style=\"color: #000000;\"><span style=\"font-family: Times New Roman, serif;\"><span style=\"font-size: large;\">ayr\u0131nt\u0131l\u0131 ultrason (anomali taramas\u0131)<\/span><\/span><\/span><\/a><\/span><span style=\"color: #000000;\"><span style=\"font-size: large;\">\u00a0<\/span><\/span><span style=\"color: #000000;\"><span style=\"font-family: Times New Roman, serif;\"><span style=\"font-size: large;\">hakk\u0131nda bilgi ve gerekirse randevu alman\u0131z iyi olacakt\u0131r.<\/span><\/span><\/span><\/p><p><span style=\"color: #000000;\"><span style=\"font-family: Times New Roman, serif;\"><span style=\"font-size: large;\"><b>Babalar i\u00e7in;<\/b><\/span><\/span><\/span><\/p><p><span style=\"color: #000000;\"><span style=\"font-family: Times New Roman, serif;\"><span style=\"font-size: large;\">E\u015finiz ile birlikte bebek bak\u0131m\u0131 ve \u00e7ocuk yeti\u015ftirme konular\u0131nda konu\u015fabilirsiniz.<\/span><\/span><\/span><\/p>\t\t\t\t\t\t\t\t<\/div>\n\t\t\t\t\t<\/div>\n\t\t<\/div>\n\t\t\t\t\t<\/div>\n\t\t<\/section>\n\t\t\t\t<\/div>\n\t\t","protected":false},"excerpt":{"rendered":"<p>ON YED\u0130 HAFTALIK HAM\u0130LEL\u0130K Hamileli\u011fin 17. haftas\u0131nda bebek:17. gebelik haftas\u0131nda bebe\u011fin boyu yakla\u015f\u0131k 13-14,5 cm, a\u011f\u0131rl\u0131\u011f\u0131 150-250 gram kadard\u0131r. Bebe\u011finizin g\u00f6bek kordonu uzar ve daha kal\u0131n, g\u00fc\u00e7l\u00fc hale gelir. On yedinci haftadan itibaren bebe\u011fin cilt alt\u0131 dokusunda ya\u011f depolanmas\u0131 artar ve bebek daha h\u0131zl\u0131 kilo almaya ba\u015flar. Bu ya\u011f depolanmas\u0131 bebe\u011fin \u0131s\u0131 d\u00fczenlenmesi a\u00e7\u0131s\u0131ndan \u00f6nemlidir. [&hellip;]<\/p>\n","protected":false},"author":1,"featured_media":0,"parent":0,"menu_order":0,"comment_status":"closed","ping_status":"closed","template":"","meta":{"footnotes":""},"class_list":["post-2081","page","type-page","status-publish","hentry"],"yoast_head":"<!-- This site is optimized with the Yoast SEO plugin v27.4 - https:\/\/yoast.com\/product\/yoast-seo-wordpress\/ -->\n<title>ON YED\u0130 HAFTALIK HAM\u0130LEL\u0130K - T\u00dcL\u0130N KAHVEC\u0130<\/title>\n<meta name=\"robots\" content=\"index, follow, max-snippet:-1, max-image-preview:large, max-video-preview:-1\" \/>\n<link rel=\"canonical\" href=\"https:\/\/tulinkahveci.com\/index.php\/on-yedi-haftalik-hamilelik\/\" \/>\n<meta property=\"og:locale\" content=\"tr_TR\" \/>\n<meta property=\"og:type\" content=\"article\" \/>\n<meta property=\"og:title\" content=\"ON YED\u0130 HAFTALIK HAM\u0130LEL\u0130K - T\u00dcL\u0130N KAHVEC\u0130\" \/>\n<meta property=\"og:description\" content=\"ON YED\u0130 HAFTALIK HAM\u0130LEL\u0130K Hamileli\u011fin 17. haftas\u0131nda bebek:17. gebelik haftas\u0131nda bebe\u011fin boyu yakla\u015f\u0131k 13-14,5 cm, a\u011f\u0131rl\u0131\u011f\u0131 150-250 gram kadard\u0131r. Bebe\u011finizin g\u00f6bek kordonu uzar ve daha kal\u0131n, g\u00fc\u00e7l\u00fc hale gelir. On yedinci haftadan itibaren bebe\u011fin cilt alt\u0131 dokusunda ya\u011f depolanmas\u0131 artar ve bebek daha h\u0131zl\u0131 kilo almaya ba\u015flar. Bu ya\u011f depolanmas\u0131 bebe\u011fin \u0131s\u0131 d\u00fczenlenmesi a\u00e7\u0131s\u0131ndan \u00f6nemlidir. [&hellip;]\" \/>\n<meta property=\"og:url\" content=\"https:\/\/tulinkahveci.com\/index.php\/on-yedi-haftalik-hamilelik\/\" \/>\n<meta property=\"og:site_name\" content=\"T\u00dcL\u0130N KAHVEC\u0130\" \/>\n<meta name=\"twitter:card\" content=\"summary_large_image\" \/>\n<meta name=\"twitter:label1\" content=\"Tahmini okuma s\u00fcresi\" \/>\n\t<meta name=\"twitter:data1\" content=\"2 dakika\" \/>\n<script type=\"application\/ld+json\" class=\"yoast-schema-graph\">{\"@context\":\"https:\\\/\\\/schema.org\",\"@graph\":[{\"@type\":\"WebPage\",\"@id\":\"https:\\\/\\\/tulinkahveci.com\\\/index.php\\\/on-yedi-haftalik-hamilelik\\\/\",\"url\":\"https:\\\/\\\/tulinkahveci.com\\\/index.php\\\/on-yedi-haftalik-hamilelik\\\/\",\"name\":\"ON YED\u0130 HAFTALIK HAM\u0130LEL\u0130K - T\u00dcL\u0130N KAHVEC\u0130\",\"isPartOf\":{\"@id\":\"https:\\\/\\\/tulinkahveci.com\\\/#website\"},\"datePublished\":\"2025-01-16T14:27:45+00:00\",\"breadcrumb\":{\"@id\":\"https:\\\/\\\/tulinkahveci.com\\\/index.php\\\/on-yedi-haftalik-hamilelik\\\/#breadcrumb\"},\"inLanguage\":\"tr\",\"potentialAction\":[{\"@type\":\"ReadAction\",\"target\":[\"https:\\\/\\\/tulinkahveci.com\\\/index.php\\\/on-yedi-haftalik-hamilelik\\\/\"]}]},{\"@type\":\"BreadcrumbList\",\"@id\":\"https:\\\/\\\/tulinkahveci.com\\\/index.php\\\/on-yedi-haftalik-hamilelik\\\/#breadcrumb\",\"itemListElement\":[{\"@type\":\"ListItem\",\"position\":1,\"name\":\"Anasayfa\",\"item\":\"https:\\\/\\\/tulinkahveci.com\\\/\"},{\"@type\":\"ListItem\",\"position\":2,\"name\":\"ON YED\u0130 HAFTALIK HAM\u0130LEL\u0130K\"}]},{\"@type\":\"WebSite\",\"@id\":\"https:\\\/\\\/tulinkahveci.com\\\/#website\",\"url\":\"https:\\\/\\\/tulinkahveci.com\\\/\",\"name\":\"T\u00dcL\u0130N KAHVEC\u0130\",\"description\":\"\",\"potentialAction\":[{\"@type\":\"SearchAction\",\"target\":{\"@type\":\"EntryPoint\",\"urlTemplate\":\"https:\\\/\\\/tulinkahveci.com\\\/?s={search_term_string}\"},\"query-input\":{\"@type\":\"PropertyValueSpecification\",\"valueRequired\":true,\"valueName\":\"search_term_string\"}}],\"inLanguage\":\"tr\"}]}<\/script>\n<!-- \/ Yoast SEO plugin. -->","yoast_head_json":{"title":"ON YED\u0130 HAFTALIK HAM\u0130LEL\u0130K - T\u00dcL\u0130N KAHVEC\u0130","robots":{"index":"index","follow":"follow","max-snippet":"max-snippet:-1","max-image-preview":"max-image-preview:large","max-video-preview":"max-video-preview:-1"},"canonical":"https:\/\/tulinkahveci.com\/index.php\/on-yedi-haftalik-hamilelik\/","og_locale":"tr_TR","og_type":"article","og_title":"ON YED\u0130 HAFTALIK HAM\u0130LEL\u0130K - T\u00dcL\u0130N KAHVEC\u0130","og_description":"ON YED\u0130 HAFTALIK HAM\u0130LEL\u0130K Hamileli\u011fin 17. haftas\u0131nda bebek:17. gebelik haftas\u0131nda bebe\u011fin boyu yakla\u015f\u0131k 13-14,5 cm, a\u011f\u0131rl\u0131\u011f\u0131 150-250 gram kadard\u0131r. Bebe\u011finizin g\u00f6bek kordonu uzar ve daha kal\u0131n, g\u00fc\u00e7l\u00fc hale gelir. On yedinci haftadan itibaren bebe\u011fin cilt alt\u0131 dokusunda ya\u011f depolanmas\u0131 artar ve bebek daha h\u0131zl\u0131 kilo almaya ba\u015flar. Bu ya\u011f depolanmas\u0131 bebe\u011fin \u0131s\u0131 d\u00fczenlenmesi a\u00e7\u0131s\u0131ndan \u00f6nemlidir. [&hellip;]","og_url":"https:\/\/tulinkahveci.com\/index.php\/on-yedi-haftalik-hamilelik\/","og_site_name":"T\u00dcL\u0130N KAHVEC\u0130","twitter_card":"summary_large_image","twitter_misc":{"Tahmini okuma s\u00fcresi":"2 dakika"},"schema":{"@context":"https:\/\/schema.org","@graph":[{"@type":"WebPage","@id":"https:\/\/tulinkahveci.com\/index.php\/on-yedi-haftalik-hamilelik\/","url":"https:\/\/tulinkahveci.com\/index.php\/on-yedi-haftalik-hamilelik\/","name":"ON YED\u0130 HAFTALIK HAM\u0130LEL\u0130K - T\u00dcL\u0130N KAHVEC\u0130","isPartOf":{"@id":"https:\/\/tulinkahveci.com\/#website"},"datePublished":"2025-01-16T14:27:45+00:00","breadcrumb":{"@id":"https:\/\/tulinkahveci.com\/index.php\/on-yedi-haftalik-hamilelik\/#breadcrumb"},"inLanguage":"tr","potentialAction":[{"@type":"ReadAction","target":["https:\/\/tulinkahveci.com\/index.php\/on-yedi-haftalik-hamilelik\/"]}]},{"@type":"BreadcrumbList","@id":"https:\/\/tulinkahveci.com\/index.php\/on-yedi-haftalik-hamilelik\/#breadcrumb","itemListElement":[{"@type":"ListItem","position":1,"name":"Anasayfa","item":"https:\/\/tulinkahveci.com\/"},{"@type":"ListItem","position":2,"name":"ON YED\u0130 HAFTALIK HAM\u0130LEL\u0130K"}]},{"@type":"WebSite","@id":"https:\/\/tulinkahveci.com\/#website","url":"https:\/\/tulinkahveci.com\/","name":"T\u00dcL\u0130N KAHVEC\u0130","description":"","potentialAction":[{"@type":"SearchAction","target":{"@type":"EntryPoint","urlTemplate":"https:\/\/tulinkahveci.com\/?s={search_term_string}"},"query-input":{"@type":"PropertyValueSpecification","valueRequired":true,"valueName":"search_term_string"}}],"inLanguage":"tr"}]}},"_links":{"self":[{"href":"https:\/\/tulinkahveci.com\/index.php\/wp-json\/wp\/v2\/pages\/2081","targetHints":{"allow":["GET"]}}],"collection":[{"href":"https:\/\/tulinkahveci.com\/index.php\/wp-json\/wp\/v2\/pages"}],"about":[{"href":"https:\/\/tulinkahveci.com\/index.php\/wp-json\/wp\/v2\/types\/page"}],"author":[{"embeddable":true,"href":"https:\/\/tulinkahveci.com\/index.php\/wp-json\/wp\/v2\/users\/1"}],"replies":[{"embeddable":true,"href":"https:\/\/tulinkahveci.com\/index.php\/wp-json\/wp\/v2\/comments?post=2081"}],"version-history":[{"count":0,"href":"https:\/\/tulinkahveci.com\/index.php\/wp-json\/wp\/v2\/pages\/2081\/revisions"}],"wp:attachment":[{"href":"https:\/\/tulinkahveci.com\/index.php\/wp-json\/wp\/v2\/media?parent=2081"}],"curies":[{"name":"wp","href":"https:\/\/api.w.org\/{rel}","templated":true}]}}