{"id":2089,"date":"2025-01-16T14:27:10","date_gmt":"2025-01-16T14:27:10","guid":{"rendered":"https:\/\/tulinkahveci.com\/?page_id=2089"},"modified":"2025-01-16T14:27:10","modified_gmt":"2025-01-16T14:27:10","slug":"on-sekiz-haftalik-hamilelik","status":"publish","type":"page","link":"https:\/\/tulinkahveci.com\/index.php\/on-sekiz-haftalik-hamilelik\/","title":{"rendered":"ON SEK\u0130Z\u00a0HAFTALIK HAM\u0130LEL\u0130K"},"content":{"rendered":"\t\t<div data-elementor-type=\"wp-page\" data-elementor-id=\"2089\" class=\"elementor elementor-2089\">\n\t\t\t\t\t\t<section class=\"elementor-section elementor-top-section elementor-element elementor-element-dcd9340 elementor-section-boxed elementor-section-height-default elementor-section-height-default\" data-id=\"dcd9340\" data-element_type=\"section\" data-e-type=\"section\">\n\t\t\t\t\t\t<div class=\"elementor-container elementor-column-gap-default\">\n\t\t\t\t\t<div class=\"aux-parallax-section elementor-column elementor-col-100 elementor-top-column elementor-element elementor-element-82739fb\" data-id=\"82739fb\" data-element_type=\"column\" data-e-type=\"column\">\n\t\t\t<div class=\"elementor-widget-wrap elementor-element-populated\">\n\t\t\t\t\t\t<div class=\"elementor-element elementor-element-eeca398 elementor-widget elementor-widget-heading\" data-id=\"eeca398\" data-element_type=\"widget\" data-e-type=\"widget\" data-widget_type=\"heading.default\">\n\t\t\t\t\t<h2 class=\"elementor-heading-title elementor-size-default\">ON SEK\u0130Z\u00a0HAFTALIK HAM\u0130LEL\u0130K<\/h2>\t\t\t\t<\/div>\n\t\t\t\t<div class=\"elementor-element elementor-element-e4002f4 elementor-widget elementor-widget-text-editor\" data-id=\"e4002f4\" data-element_type=\"widget\" data-e-type=\"widget\" data-widget_type=\"text-editor.default\">\n\t\t\t\t\t\t\t\t\t<p><span style=\"color: #000000;\"><span style=\"font-family: Times New Roman, serif;\"><span style=\"font-size: large;\"><b>Hamileli\u011fin 18. haftas\u0131nda bebek:<\/b><\/span><\/span><\/span><span style=\"color: #000000;\"><span style=\"font-family: Times New Roman, serif;\"><span style=\"font-size: large;\"><br \/>18. gebelik haftas\u0131nda bebe\u011fin boyu yakla\u015f\u0131k 14-16 cm, a\u011f\u0131rl\u0131\u011f\u0131 200-250 gram kadard\u0131r.<\/span><\/span><\/span><\/p><p><span style=\"color: #333333;\"><span style=\"font-family: Times New Roman, serif;\"><span style=\"font-size: large;\">Bebe\u011finizin sinirleri etraf\u0131nda\u00a0<\/span><\/span><\/span><em><span style=\"color: #333333;\"><span style=\"font-family: Times New Roman, serif;\"><span style=\"font-size: large;\">miyelin<\/span><\/span><\/span><\/em><span style=\"color: #333333;\"><span style=\"font-family: Times New Roman, serif;\"><span style=\"font-size: large;\">\u00a0ad\u0131 verilen koruyucu bir \u00f6rt\u00fc\u00a0olu\u015fmaya ba\u015fl\u0131yor.\u00a0Bu \u00f6rt\u00fc, bebe\u011finizin ilk do\u011fum g\u00fcn\u00fcne kadar olu\u015fmaya devam edecektir.\u00a0K\u00fc\u00e7\u00fck bir k\u0131z bebe\u011fi ta\u015f\u0131yorsan\u0131z, bebe\u011finizin fallop t\u00fcpleri ve uterusu do\u011fru yerlerine yerle\u015feceklerdir.<\/span><\/span><\/span><span style=\"color: #000000;\"><span style=\"font-family: Times New Roman, serif;\"><span style=\"font-size: large;\"><br \/>On sekizinci haftada bebe\u011fin ellerinde ve ayaklar\u0131nda parmak izleri ve katlant\u0131lar olu\u015fmaya ba\u015flar. Mekonyum (bebe\u011fin ilk d\u0131\u015fk\u0131s\u0131) barsaklar\u0131nda birikmeye ba\u015flar bunu do\u011fumdan sonra d\u0131\u015far\u0131 atacakt\u0131r. Erkek bebeklerde prostat bezi geli\u015fmeye ba\u015flar. Bebek bu haftalarda h\u0131\u00e7k\u0131rabilir, tekme atabilir, yutabilir. Bebek hareketleri bu haftada anne taraf\u0131ndan \u00e7o\u011funlukla hissedilir ancak ilk gebeliklerde 20 haftaya kadar beklemek gerekebilir.<br \/><br \/><\/span><\/span><\/span><span style=\"color: #000000;\"><span style=\"font-family: Times New Roman, serif;\"><span style=\"font-size: large;\"><b>Hamileli\u011fin 18. haftas\u0131nda anne:<\/b><\/span><\/span><\/span><\/p><p><span style=\"font-family: Times New Roman, serif;\"><span style=\"font-size: large;\">Gebelik haftan\u0131z ilerlemeye devam ediyor ve \u00e7o\u011fu insan hamile oldu\u011funuzu, \u00f6zellikle de hamile k\u0131yafetleri giyiyorsan\u0131z bunu farkedebilir.\u00a0Ancak, kimsenin g\u00f6remeyece\u011fi bir\u00e7ok de\u011fi\u015fiklik karn\u0131n\u0131z\u0131n i\u00e7inde oluyor. Kardiyovask\u00fcler sisteminiz hamileli\u011finizden etkilenir ve d\u00fc\u015f\u00fck tansiyonunuz olabilir.\u00a0Bu y\u00fczden\u00a0<\/span><\/span><span style=\"color: #0000ff;\"><a href=\"http:\/\/americanpregnancy.org\/pregnancy-health\/sleeping-positions-during-pregnancy\/\" target=\"Hamilelikte Uyku Pozisyonlar\u0131\"><span style=\"color: #000000;\"><span style=\"font-family: Times New Roman, serif;\"><span style=\"font-size: large;\">yatma \/ oturma<\/span><\/span><\/span><\/a><\/span><span style=\"font-family: Times New Roman, serif;\"><span style=\"font-size: large;\">\u00a0\u00a0pozisyonundan yava\u015f\u00e7a ayakta durma pozisyonuna\u00a0gitmeniz \u00f6nemlidir.\u00a0Bu\u00a0\u00a0ya\u015fayabilece\u011finiz\u00a0<\/span><\/span><span style=\"color: #0000ff;\"><a href=\"http:\/\/americanpregnancy.org\/pregnancy-health\/dizziness-during-pregnancy\/\" target=\"Hamilelik ve Ba\u015f D\u00f6nmesi\"><span style=\"color: #000000;\"><span style=\"font-family: Times New Roman, serif;\"><span style=\"font-size: large;\">ba\u015f d\u00f6nmesi<\/span><\/span><\/span><\/a><\/span><span style=\"font-family: Times New Roman, serif;\"><span style=\"font-size: large;\">\u00a0miktar\u0131n\u0131 azaltacakt\u0131r.<\/span><\/span><\/p><p><span style=\"color: #000000;\"><span style=\"font-family: Times New Roman, serif;\"><span style=\"font-size: large;\">Sa\u011fl\u0131kl\u0131 beslenme kurallar\u0131na \u00f6zen g\u00f6stermeye devam etmeli; a\u015f\u0131r\u0131 tatl\u0131, \u015fekerli, unlu, hamur i\u015fi t\u00fcketilmemeli. A\u015f\u0131r\u0131 meyve t\u00fcketiminden de ka\u00e7\u0131nmak gerekir. D\u00fczenli y\u00fcr\u00fcy\u00fc\u015f veya doktorunuzun \u00f6nerdi\u011fi ba\u015fka bir egzersiz yap\u0131lmal\u0131.<\/span><\/span><\/span><\/p><p><span style=\"color: #000000;\"><span style=\"font-family: Times New Roman, serif;\"><span style=\"font-size: large;\"><b>Babalar i\u00e7in;<\/b><\/span><\/span><\/span><\/p><p><span style=\"font-family: Times New Roman, serif;\"><span style=\"font-size: large;\">Hayat\u0131n\u0131zdaki hamile kad\u0131n, i\u00e7inde bir ba\u015fka insan ya\u015fam\u0131n\u0131 beslemek ve b\u00fcy\u00fctmek \u00fczere.\u00a0Ba\u015fka \u00e7ocuklar i\u00e7in \u00e7al\u0131\u015f\u0131yor veya ilgileniyorsa, her g\u00fcn kendisi i\u00e7in 30 dakikal\u0131k bir mola ihtiyac\u0131 olabilece\u011fini unutmay\u0131n.<\/span><\/span><\/p><p><span style=\"font-family: Times New Roman, serif;\"><span style=\"font-size: medium;\"><span style=\"font-size: large;\">Di\u011fer \u00e7ocuklar ile ilgilenebilirsiniz. Ya da ak\u015fam yeme\u011fini haz\u0131rlayabilirsiniz.\u00a0E\u015finiz meditasyon yapmak, uyumak, y\u0131kanmak ya da\u00a0<\/span><span style=\"color: #0000ff;\"><a href=\"http:\/\/americanpregnancy.org\/pregnancy-health\/exercise-and-pregnancy\/\" target=\"Egzersiz ve Hamilelik\"><span style=\"color: #000000;\"><span style=\"font-size: large;\">egzersiz<\/span><\/span><\/a><\/span><span style=\"font-size: large;\">\u00a0yapmak i\u00e7in bu zaman\u0131 kullanabilir, ancak dinlenecek zaman\u0131 olaca\u011f\u0131n\u0131 bilmek, g\u00fcn\u00fc idare etmenin <\/span><span style=\"font-size: large;\"><b>biraz<\/b><\/span><span style=\"font-size: large;\"> daha kolayla\u015fmas\u0131n\u0131 sa\u011flayabilir.<\/span><\/span><\/span><\/p>\t\t\t\t\t\t\t\t<\/div>\n\t\t\t\t\t<\/div>\n\t\t<\/div>\n\t\t\t\t\t<\/div>\n\t\t<\/section>\n\t\t\t\t<\/div>\n\t\t","protected":false},"excerpt":{"rendered":"<p>ON SEK\u0130Z\u00a0HAFTALIK HAM\u0130LEL\u0130K Hamileli\u011fin 18. haftas\u0131nda bebek:18. gebelik haftas\u0131nda bebe\u011fin boyu yakla\u015f\u0131k 14-16 cm, a\u011f\u0131rl\u0131\u011f\u0131 200-250 gram kadard\u0131r. Bebe\u011finizin sinirleri etraf\u0131nda\u00a0miyelin\u00a0ad\u0131 verilen koruyucu bir \u00f6rt\u00fc\u00a0olu\u015fmaya ba\u015fl\u0131yor.\u00a0Bu \u00f6rt\u00fc, bebe\u011finizin ilk do\u011fum g\u00fcn\u00fcne kadar olu\u015fmaya devam edecektir.\u00a0K\u00fc\u00e7\u00fck bir k\u0131z bebe\u011fi ta\u015f\u0131yorsan\u0131z, bebe\u011finizin fallop t\u00fcpleri ve uterusu do\u011fru yerlerine yerle\u015feceklerdir.On sekizinci haftada bebe\u011fin ellerinde ve ayaklar\u0131nda parmak izleri [&hellip;]<\/p>\n","protected":false},"author":1,"featured_media":0,"parent":0,"menu_order":0,"comment_status":"closed","ping_status":"closed","template":"","meta":{"footnotes":""},"class_list":["post-2089","page","type-page","status-publish","hentry"],"yoast_head":"<!-- This site is optimized with the Yoast SEO plugin v27.4 - https:\/\/yoast.com\/product\/yoast-seo-wordpress\/ -->\n<title>ON SEK\u0130Z\u00a0HAFTALIK HAM\u0130LEL\u0130K - T\u00dcL\u0130N KAHVEC\u0130<\/title>\n<meta name=\"robots\" content=\"index, follow, max-snippet:-1, max-image-preview:large, max-video-preview:-1\" \/>\n<link rel=\"canonical\" href=\"https:\/\/tulinkahveci.com\/index.php\/on-sekiz-haftalik-hamilelik\/\" \/>\n<meta property=\"og:locale\" content=\"tr_TR\" \/>\n<meta property=\"og:type\" content=\"article\" \/>\n<meta property=\"og:title\" content=\"ON SEK\u0130Z\u00a0HAFTALIK HAM\u0130LEL\u0130K - T\u00dcL\u0130N KAHVEC\u0130\" \/>\n<meta property=\"og:description\" content=\"ON SEK\u0130Z\u00a0HAFTALIK HAM\u0130LEL\u0130K Hamileli\u011fin 18. haftas\u0131nda bebek:18. gebelik haftas\u0131nda bebe\u011fin boyu yakla\u015f\u0131k 14-16 cm, a\u011f\u0131rl\u0131\u011f\u0131 200-250 gram kadard\u0131r. Bebe\u011finizin sinirleri etraf\u0131nda\u00a0miyelin\u00a0ad\u0131 verilen koruyucu bir \u00f6rt\u00fc\u00a0olu\u015fmaya ba\u015fl\u0131yor.\u00a0Bu \u00f6rt\u00fc, bebe\u011finizin ilk do\u011fum g\u00fcn\u00fcne kadar olu\u015fmaya devam edecektir.\u00a0K\u00fc\u00e7\u00fck bir k\u0131z bebe\u011fi ta\u015f\u0131yorsan\u0131z, bebe\u011finizin fallop t\u00fcpleri ve uterusu do\u011fru yerlerine yerle\u015feceklerdir.On sekizinci haftada bebe\u011fin ellerinde ve ayaklar\u0131nda parmak izleri [&hellip;]\" \/>\n<meta property=\"og:url\" content=\"https:\/\/tulinkahveci.com\/index.php\/on-sekiz-haftalik-hamilelik\/\" \/>\n<meta property=\"og:site_name\" content=\"T\u00dcL\u0130N KAHVEC\u0130\" \/>\n<meta name=\"twitter:card\" content=\"summary_large_image\" \/>\n<meta name=\"twitter:label1\" content=\"Tahmini okuma s\u00fcresi\" \/>\n\t<meta name=\"twitter:data1\" content=\"2 dakika\" \/>\n<script type=\"application\/ld+json\" class=\"yoast-schema-graph\">{\"@context\":\"https:\\\/\\\/schema.org\",\"@graph\":[{\"@type\":\"WebPage\",\"@id\":\"https:\\\/\\\/tulinkahveci.com\\\/index.php\\\/on-sekiz-haftalik-hamilelik\\\/\",\"url\":\"https:\\\/\\\/tulinkahveci.com\\\/index.php\\\/on-sekiz-haftalik-hamilelik\\\/\",\"name\":\"ON SEK\u0130Z\u00a0HAFTALIK HAM\u0130LEL\u0130K - T\u00dcL\u0130N KAHVEC\u0130\",\"isPartOf\":{\"@id\":\"https:\\\/\\\/tulinkahveci.com\\\/#website\"},\"datePublished\":\"2025-01-16T14:27:10+00:00\",\"breadcrumb\":{\"@id\":\"https:\\\/\\\/tulinkahveci.com\\\/index.php\\\/on-sekiz-haftalik-hamilelik\\\/#breadcrumb\"},\"inLanguage\":\"tr\",\"potentialAction\":[{\"@type\":\"ReadAction\",\"target\":[\"https:\\\/\\\/tulinkahveci.com\\\/index.php\\\/on-sekiz-haftalik-hamilelik\\\/\"]}]},{\"@type\":\"BreadcrumbList\",\"@id\":\"https:\\\/\\\/tulinkahveci.com\\\/index.php\\\/on-sekiz-haftalik-hamilelik\\\/#breadcrumb\",\"itemListElement\":[{\"@type\":\"ListItem\",\"position\":1,\"name\":\"Anasayfa\",\"item\":\"https:\\\/\\\/tulinkahveci.com\\\/\"},{\"@type\":\"ListItem\",\"position\":2,\"name\":\"ON SEK\u0130Z\u00a0HAFTALIK HAM\u0130LEL\u0130K\"}]},{\"@type\":\"WebSite\",\"@id\":\"https:\\\/\\\/tulinkahveci.com\\\/#website\",\"url\":\"https:\\\/\\\/tulinkahveci.com\\\/\",\"name\":\"T\u00dcL\u0130N KAHVEC\u0130\",\"description\":\"\",\"potentialAction\":[{\"@type\":\"SearchAction\",\"target\":{\"@type\":\"EntryPoint\",\"urlTemplate\":\"https:\\\/\\\/tulinkahveci.com\\\/?s={search_term_string}\"},\"query-input\":{\"@type\":\"PropertyValueSpecification\",\"valueRequired\":true,\"valueName\":\"search_term_string\"}}],\"inLanguage\":\"tr\"}]}<\/script>\n<!-- \/ Yoast SEO plugin. -->","yoast_head_json":{"title":"ON SEK\u0130Z\u00a0HAFTALIK HAM\u0130LEL\u0130K - T\u00dcL\u0130N KAHVEC\u0130","robots":{"index":"index","follow":"follow","max-snippet":"max-snippet:-1","max-image-preview":"max-image-preview:large","max-video-preview":"max-video-preview:-1"},"canonical":"https:\/\/tulinkahveci.com\/index.php\/on-sekiz-haftalik-hamilelik\/","og_locale":"tr_TR","og_type":"article","og_title":"ON SEK\u0130Z\u00a0HAFTALIK HAM\u0130LEL\u0130K - T\u00dcL\u0130N KAHVEC\u0130","og_description":"ON SEK\u0130Z\u00a0HAFTALIK HAM\u0130LEL\u0130K Hamileli\u011fin 18. haftas\u0131nda bebek:18. gebelik haftas\u0131nda bebe\u011fin boyu yakla\u015f\u0131k 14-16 cm, a\u011f\u0131rl\u0131\u011f\u0131 200-250 gram kadard\u0131r. Bebe\u011finizin sinirleri etraf\u0131nda\u00a0miyelin\u00a0ad\u0131 verilen koruyucu bir \u00f6rt\u00fc\u00a0olu\u015fmaya ba\u015fl\u0131yor.\u00a0Bu \u00f6rt\u00fc, bebe\u011finizin ilk do\u011fum g\u00fcn\u00fcne kadar olu\u015fmaya devam edecektir.\u00a0K\u00fc\u00e7\u00fck bir k\u0131z bebe\u011fi ta\u015f\u0131yorsan\u0131z, bebe\u011finizin fallop t\u00fcpleri ve uterusu do\u011fru yerlerine yerle\u015feceklerdir.On sekizinci haftada bebe\u011fin ellerinde ve ayaklar\u0131nda parmak izleri [&hellip;]","og_url":"https:\/\/tulinkahveci.com\/index.php\/on-sekiz-haftalik-hamilelik\/","og_site_name":"T\u00dcL\u0130N KAHVEC\u0130","twitter_card":"summary_large_image","twitter_misc":{"Tahmini okuma s\u00fcresi":"2 dakika"},"schema":{"@context":"https:\/\/schema.org","@graph":[{"@type":"WebPage","@id":"https:\/\/tulinkahveci.com\/index.php\/on-sekiz-haftalik-hamilelik\/","url":"https:\/\/tulinkahveci.com\/index.php\/on-sekiz-haftalik-hamilelik\/","name":"ON SEK\u0130Z\u00a0HAFTALIK HAM\u0130LEL\u0130K - T\u00dcL\u0130N KAHVEC\u0130","isPartOf":{"@id":"https:\/\/tulinkahveci.com\/#website"},"datePublished":"2025-01-16T14:27:10+00:00","breadcrumb":{"@id":"https:\/\/tulinkahveci.com\/index.php\/on-sekiz-haftalik-hamilelik\/#breadcrumb"},"inLanguage":"tr","potentialAction":[{"@type":"ReadAction","target":["https:\/\/tulinkahveci.com\/index.php\/on-sekiz-haftalik-hamilelik\/"]}]},{"@type":"BreadcrumbList","@id":"https:\/\/tulinkahveci.com\/index.php\/on-sekiz-haftalik-hamilelik\/#breadcrumb","itemListElement":[{"@type":"ListItem","position":1,"name":"Anasayfa","item":"https:\/\/tulinkahveci.com\/"},{"@type":"ListItem","position":2,"name":"ON SEK\u0130Z\u00a0HAFTALIK HAM\u0130LEL\u0130K"}]},{"@type":"WebSite","@id":"https:\/\/tulinkahveci.com\/#website","url":"https:\/\/tulinkahveci.com\/","name":"T\u00dcL\u0130N KAHVEC\u0130","description":"","potentialAction":[{"@type":"SearchAction","target":{"@type":"EntryPoint","urlTemplate":"https:\/\/tulinkahveci.com\/?s={search_term_string}"},"query-input":{"@type":"PropertyValueSpecification","valueRequired":true,"valueName":"search_term_string"}}],"inLanguage":"tr"}]}},"_links":{"self":[{"href":"https:\/\/tulinkahveci.com\/index.php\/wp-json\/wp\/v2\/pages\/2089","targetHints":{"allow":["GET"]}}],"collection":[{"href":"https:\/\/tulinkahveci.com\/index.php\/wp-json\/wp\/v2\/pages"}],"about":[{"href":"https:\/\/tulinkahveci.com\/index.php\/wp-json\/wp\/v2\/types\/page"}],"author":[{"embeddable":true,"href":"https:\/\/tulinkahveci.com\/index.php\/wp-json\/wp\/v2\/users\/1"}],"replies":[{"embeddable":true,"href":"https:\/\/tulinkahveci.com\/index.php\/wp-json\/wp\/v2\/comments?post=2089"}],"version-history":[{"count":0,"href":"https:\/\/tulinkahveci.com\/index.php\/wp-json\/wp\/v2\/pages\/2089\/revisions"}],"wp:attachment":[{"href":"https:\/\/tulinkahveci.com\/index.php\/wp-json\/wp\/v2\/media?parent=2089"}],"curies":[{"name":"wp","href":"https:\/\/api.w.org\/{rel}","templated":true}]}}