{"id":2099,"date":"2025-01-16T14:26:26","date_gmt":"2025-01-16T14:26:26","guid":{"rendered":"https:\/\/tulinkahveci.com\/?page_id=2099"},"modified":"2025-01-16T14:26:26","modified_gmt":"2025-01-16T14:26:26","slug":"yirmi-haftalik-hamilelik","status":"publish","type":"page","link":"https:\/\/tulinkahveci.com\/index.php\/yirmi-haftalik-hamilelik\/","title":{"rendered":"Y\u0130RM\u0130 HAFTALIK HAM\u0130LEL\u0130K"},"content":{"rendered":"\t\t<div data-elementor-type=\"wp-page\" data-elementor-id=\"2099\" class=\"elementor elementor-2099\">\n\t\t\t\t\t\t<section class=\"elementor-section elementor-top-section elementor-element elementor-element-a3eeaec elementor-section-boxed elementor-section-height-default elementor-section-height-default\" data-id=\"a3eeaec\" data-element_type=\"section\" data-e-type=\"section\">\n\t\t\t\t\t\t<div class=\"elementor-container elementor-column-gap-default\">\n\t\t\t\t\t<div class=\"aux-parallax-section elementor-column elementor-col-100 elementor-top-column elementor-element elementor-element-6e43a51\" data-id=\"6e43a51\" data-element_type=\"column\" data-e-type=\"column\">\n\t\t\t<div class=\"elementor-widget-wrap elementor-element-populated\">\n\t\t\t\t\t\t<div class=\"elementor-element elementor-element-b65edf2 elementor-widget elementor-widget-heading\" data-id=\"b65edf2\" data-element_type=\"widget\" data-e-type=\"widget\" data-widget_type=\"heading.default\">\n\t\t\t\t\t<h2 class=\"elementor-heading-title elementor-size-default\">Y\u0130RM\u0130 HAFTALIK HAM\u0130LEL\u0130K <\/h2>\t\t\t\t<\/div>\n\t\t\t\t<div class=\"elementor-element elementor-element-2ef3d7a elementor-widget elementor-widget-text-editor\" data-id=\"2ef3d7a\" data-element_type=\"widget\" data-e-type=\"widget\" data-widget_type=\"text-editor.default\">\n\t\t\t\t\t\t\t\t\t<p><span style=\"color: #000000;\"><span style=\"font-family: Times New Roman, serif;\"><span style=\"font-size: large;\"><b>Hamileli\u011fin 20. haftas\u0131nda bebek:<\/b><\/span><\/span><\/span><span style=\"color: #000000;\"><span style=\"font-family: Times New Roman, serif;\"><span style=\"font-size: large;\"><br \/>20. gebelik haftas\u0131nda bebe\u011fin boyu yakla\u015f\u0131k 25 cm, a\u011f\u0131rl\u0131\u011f\u0131 300 gram kadard\u0131r. Bebe\u011fin sa\u00e7lar\u0131 uzamaya ba\u015flar, lanugo denen ince t\u00fcyler b\u00fct\u00fcn v\u00fccudunu kaplar. K\u0131z bebeklerde rahim (uterus) olu\u015fmaya ba\u015flar. Bebek akci\u011ferlerini al\u0131\u015ft\u0131rmak i\u00e7in soluk al\u0131p verme hareketleri yapar. Bebe\u011fin kulaklar\u0131 tamamen geli\u015fmi\u015ftir ve rahim i\u00e7erisinde annesinin damarlar\u0131ndan ve barsaklar\u0131ndan gelen sesleri duyabilir, d\u0131\u015far\u0131dan gelen kuvvetli sesleri de duyabilir.<br \/><\/span><\/span><\/span><span style=\"color: #000000;\"><span style=\"font-family: Times New Roman, serif;\"><span style=\"font-size: large;\"><b>Hamileli\u011fin 20. haftas\u0131nda anne:<\/b><\/span><\/span><\/span><\/p><p><span style=\"color: #000000;\"><span style=\"font-family: Times New Roman, serif;\"><span style=\"font-size: large;\">Gebeli\u011finizin yar\u0131s\u0131n\u0131 bitirdiniz. Kilo kontrol\u00fcne dikkat etmeniz \u00f6nemlidir.<\/span><\/span><\/span><b> <\/b><span style=\"color: #000000;\"><span style=\"font-family: Times New Roman, serif;\"><span style=\"font-size: large;\"><br \/>Hamileli\u011fin yirminci haftas\u0131nda annenin rahmi tam g\u00f6bek hizas\u0131na kadar y\u00fckselir. Rahim yukar\u0131 \u00e7\u0131kt\u0131k\u00e7a rahim ba\u011flar\u0131 gerilir ve bu da zaman zaman kas\u0131k a\u011fr\u0131s\u0131 veya ani batma gibi a\u011fr\u0131lar olabilir. <\/span><\/span><\/span><\/p><p><span style=\"color: #000000;\"><span style=\"font-family: Times New Roman, serif;\"><span style=\"font-size: large;\"><b>Babalar i\u00e7in:<\/b><\/span><\/span><\/span><\/p><p><span style=\"font-family: Times New Roman, serif;\"><span style=\"font-size: large;\">Siz ve e\u015finiz, bebe\u011fin odas\u0131n\u0131 dekore etmek i\u00e7in bir tema \u00fczerinde karar vermeye \u00e7al\u0131\u015fabilirsiniz.\u00a0Bebe\u011finizin cinsiyetini biliyor ya da bilmiyorsan\u0131z, \u015fimdi bu haz\u0131rl\u0131klara ba\u015flamak i\u00e7in harika bir zaman.<\/span><\/span><\/p><p><span style=\"font-family: Times New Roman, serif;\"><span style=\"font-size: large;\"><b>E\u015finize nas\u0131l yard\u0131mc\u0131 olabilirsiniz?<\/b><\/span><\/span><\/p><ul><li><p><span style=\"font-family: Times New Roman, serif;\"><span style=\"font-size: large;\">Bebek i\u00e7in baz\u0131 \u00f6zel \u00fcr\u00fcnler i\u00e7in al\u0131\u015fveri\u015f yap\u0131n.<\/span><\/span><\/p><\/li><li><p><span style=\"font-family: Times New Roman, serif;\"><span style=\"font-size: large;\">Dolaplar\u0131 ya da depolama alanlar\u0131n\u0131 temizleyin, b\u00f6ylece anneler bir \u015feyler \u201cda\u011f\u0131n\u0131k\u201d gibi hissetmez.<\/span><\/span><\/p><\/li><\/ul><p><span style=\"font-family: Times New Roman, serif;\"><span style=\"font-size: large;\">\u00d6nemli olan, yapabilece\u011finiz herhangi bir \u015fekilde ona yard\u0131m etmektir.<\/span><\/span><\/p>\t\t\t\t\t\t\t\t<\/div>\n\t\t\t\t\t<\/div>\n\t\t<\/div>\n\t\t\t\t\t<\/div>\n\t\t<\/section>\n\t\t\t\t<\/div>\n\t\t","protected":false},"excerpt":{"rendered":"<p>Y\u0130RM\u0130 HAFTALIK HAM\u0130LEL\u0130K Hamileli\u011fin 20. haftas\u0131nda bebek:20. gebelik haftas\u0131nda bebe\u011fin boyu yakla\u015f\u0131k 25 cm, a\u011f\u0131rl\u0131\u011f\u0131 300 gram kadard\u0131r. Bebe\u011fin sa\u00e7lar\u0131 uzamaya ba\u015flar, lanugo denen ince t\u00fcyler b\u00fct\u00fcn v\u00fccudunu kaplar. K\u0131z bebeklerde rahim (uterus) olu\u015fmaya ba\u015flar. Bebek akci\u011ferlerini al\u0131\u015ft\u0131rmak i\u00e7in soluk al\u0131p verme hareketleri yapar. Bebe\u011fin kulaklar\u0131 tamamen geli\u015fmi\u015ftir ve rahim i\u00e7erisinde annesinin damarlar\u0131ndan ve barsaklar\u0131ndan [&hellip;]<\/p>\n","protected":false},"author":1,"featured_media":0,"parent":0,"menu_order":0,"comment_status":"closed","ping_status":"closed","template":"","meta":{"footnotes":""},"class_list":["post-2099","page","type-page","status-publish","hentry"],"yoast_head":"<!-- This site is optimized with the Yoast SEO plugin v27.4 - https:\/\/yoast.com\/product\/yoast-seo-wordpress\/ -->\n<title>Y\u0130RM\u0130 HAFTALIK HAM\u0130LEL\u0130K - T\u00dcL\u0130N KAHVEC\u0130<\/title>\n<meta name=\"robots\" content=\"index, follow, max-snippet:-1, max-image-preview:large, max-video-preview:-1\" \/>\n<link rel=\"canonical\" href=\"https:\/\/tulinkahveci.com\/index.php\/yirmi-haftalik-hamilelik\/\" \/>\n<meta property=\"og:locale\" content=\"tr_TR\" \/>\n<meta property=\"og:type\" content=\"article\" \/>\n<meta property=\"og:title\" content=\"Y\u0130RM\u0130 HAFTALIK HAM\u0130LEL\u0130K - T\u00dcL\u0130N KAHVEC\u0130\" \/>\n<meta property=\"og:description\" content=\"Y\u0130RM\u0130 HAFTALIK HAM\u0130LEL\u0130K Hamileli\u011fin 20. haftas\u0131nda bebek:20. gebelik haftas\u0131nda bebe\u011fin boyu yakla\u015f\u0131k 25 cm, a\u011f\u0131rl\u0131\u011f\u0131 300 gram kadard\u0131r. Bebe\u011fin sa\u00e7lar\u0131 uzamaya ba\u015flar, lanugo denen ince t\u00fcyler b\u00fct\u00fcn v\u00fccudunu kaplar. K\u0131z bebeklerde rahim (uterus) olu\u015fmaya ba\u015flar. Bebek akci\u011ferlerini al\u0131\u015ft\u0131rmak i\u00e7in soluk al\u0131p verme hareketleri yapar. Bebe\u011fin kulaklar\u0131 tamamen geli\u015fmi\u015ftir ve rahim i\u00e7erisinde annesinin damarlar\u0131ndan ve barsaklar\u0131ndan [&hellip;]\" \/>\n<meta property=\"og:url\" content=\"https:\/\/tulinkahveci.com\/index.php\/yirmi-haftalik-hamilelik\/\" \/>\n<meta property=\"og:site_name\" content=\"T\u00dcL\u0130N KAHVEC\u0130\" \/>\n<meta name=\"twitter:card\" content=\"summary_large_image\" \/>\n<meta name=\"twitter:label1\" content=\"Tahmini okuma s\u00fcresi\" \/>\n\t<meta name=\"twitter:data1\" content=\"2 dakika\" \/>\n<script type=\"application\/ld+json\" class=\"yoast-schema-graph\">{\"@context\":\"https:\\\/\\\/schema.org\",\"@graph\":[{\"@type\":\"WebPage\",\"@id\":\"https:\\\/\\\/tulinkahveci.com\\\/index.php\\\/yirmi-haftalik-hamilelik\\\/\",\"url\":\"https:\\\/\\\/tulinkahveci.com\\\/index.php\\\/yirmi-haftalik-hamilelik\\\/\",\"name\":\"Y\u0130RM\u0130 HAFTALIK HAM\u0130LEL\u0130K - T\u00dcL\u0130N KAHVEC\u0130\",\"isPartOf\":{\"@id\":\"https:\\\/\\\/tulinkahveci.com\\\/#website\"},\"datePublished\":\"2025-01-16T14:26:26+00:00\",\"breadcrumb\":{\"@id\":\"https:\\\/\\\/tulinkahveci.com\\\/index.php\\\/yirmi-haftalik-hamilelik\\\/#breadcrumb\"},\"inLanguage\":\"tr\",\"potentialAction\":[{\"@type\":\"ReadAction\",\"target\":[\"https:\\\/\\\/tulinkahveci.com\\\/index.php\\\/yirmi-haftalik-hamilelik\\\/\"]}]},{\"@type\":\"BreadcrumbList\",\"@id\":\"https:\\\/\\\/tulinkahveci.com\\\/index.php\\\/yirmi-haftalik-hamilelik\\\/#breadcrumb\",\"itemListElement\":[{\"@type\":\"ListItem\",\"position\":1,\"name\":\"Anasayfa\",\"item\":\"https:\\\/\\\/tulinkahveci.com\\\/\"},{\"@type\":\"ListItem\",\"position\":2,\"name\":\"Y\u0130RM\u0130 HAFTALIK HAM\u0130LEL\u0130K\"}]},{\"@type\":\"WebSite\",\"@id\":\"https:\\\/\\\/tulinkahveci.com\\\/#website\",\"url\":\"https:\\\/\\\/tulinkahveci.com\\\/\",\"name\":\"T\u00dcL\u0130N KAHVEC\u0130\",\"description\":\"\",\"potentialAction\":[{\"@type\":\"SearchAction\",\"target\":{\"@type\":\"EntryPoint\",\"urlTemplate\":\"https:\\\/\\\/tulinkahveci.com\\\/?s={search_term_string}\"},\"query-input\":{\"@type\":\"PropertyValueSpecification\",\"valueRequired\":true,\"valueName\":\"search_term_string\"}}],\"inLanguage\":\"tr\"}]}<\/script>\n<!-- \/ Yoast SEO plugin. -->","yoast_head_json":{"title":"Y\u0130RM\u0130 HAFTALIK HAM\u0130LEL\u0130K - T\u00dcL\u0130N KAHVEC\u0130","robots":{"index":"index","follow":"follow","max-snippet":"max-snippet:-1","max-image-preview":"max-image-preview:large","max-video-preview":"max-video-preview:-1"},"canonical":"https:\/\/tulinkahveci.com\/index.php\/yirmi-haftalik-hamilelik\/","og_locale":"tr_TR","og_type":"article","og_title":"Y\u0130RM\u0130 HAFTALIK HAM\u0130LEL\u0130K - T\u00dcL\u0130N KAHVEC\u0130","og_description":"Y\u0130RM\u0130 HAFTALIK HAM\u0130LEL\u0130K Hamileli\u011fin 20. haftas\u0131nda bebek:20. gebelik haftas\u0131nda bebe\u011fin boyu yakla\u015f\u0131k 25 cm, a\u011f\u0131rl\u0131\u011f\u0131 300 gram kadard\u0131r. Bebe\u011fin sa\u00e7lar\u0131 uzamaya ba\u015flar, lanugo denen ince t\u00fcyler b\u00fct\u00fcn v\u00fccudunu kaplar. K\u0131z bebeklerde rahim (uterus) olu\u015fmaya ba\u015flar. Bebek akci\u011ferlerini al\u0131\u015ft\u0131rmak i\u00e7in soluk al\u0131p verme hareketleri yapar. Bebe\u011fin kulaklar\u0131 tamamen geli\u015fmi\u015ftir ve rahim i\u00e7erisinde annesinin damarlar\u0131ndan ve barsaklar\u0131ndan [&hellip;]","og_url":"https:\/\/tulinkahveci.com\/index.php\/yirmi-haftalik-hamilelik\/","og_site_name":"T\u00dcL\u0130N KAHVEC\u0130","twitter_card":"summary_large_image","twitter_misc":{"Tahmini okuma s\u00fcresi":"2 dakika"},"schema":{"@context":"https:\/\/schema.org","@graph":[{"@type":"WebPage","@id":"https:\/\/tulinkahveci.com\/index.php\/yirmi-haftalik-hamilelik\/","url":"https:\/\/tulinkahveci.com\/index.php\/yirmi-haftalik-hamilelik\/","name":"Y\u0130RM\u0130 HAFTALIK HAM\u0130LEL\u0130K - T\u00dcL\u0130N KAHVEC\u0130","isPartOf":{"@id":"https:\/\/tulinkahveci.com\/#website"},"datePublished":"2025-01-16T14:26:26+00:00","breadcrumb":{"@id":"https:\/\/tulinkahveci.com\/index.php\/yirmi-haftalik-hamilelik\/#breadcrumb"},"inLanguage":"tr","potentialAction":[{"@type":"ReadAction","target":["https:\/\/tulinkahveci.com\/index.php\/yirmi-haftalik-hamilelik\/"]}]},{"@type":"BreadcrumbList","@id":"https:\/\/tulinkahveci.com\/index.php\/yirmi-haftalik-hamilelik\/#breadcrumb","itemListElement":[{"@type":"ListItem","position":1,"name":"Anasayfa","item":"https:\/\/tulinkahveci.com\/"},{"@type":"ListItem","position":2,"name":"Y\u0130RM\u0130 HAFTALIK HAM\u0130LEL\u0130K"}]},{"@type":"WebSite","@id":"https:\/\/tulinkahveci.com\/#website","url":"https:\/\/tulinkahveci.com\/","name":"T\u00dcL\u0130N KAHVEC\u0130","description":"","potentialAction":[{"@type":"SearchAction","target":{"@type":"EntryPoint","urlTemplate":"https:\/\/tulinkahveci.com\/?s={search_term_string}"},"query-input":{"@type":"PropertyValueSpecification","valueRequired":true,"valueName":"search_term_string"}}],"inLanguage":"tr"}]}},"_links":{"self":[{"href":"https:\/\/tulinkahveci.com\/index.php\/wp-json\/wp\/v2\/pages\/2099","targetHints":{"allow":["GET"]}}],"collection":[{"href":"https:\/\/tulinkahveci.com\/index.php\/wp-json\/wp\/v2\/pages"}],"about":[{"href":"https:\/\/tulinkahveci.com\/index.php\/wp-json\/wp\/v2\/types\/page"}],"author":[{"embeddable":true,"href":"https:\/\/tulinkahveci.com\/index.php\/wp-json\/wp\/v2\/users\/1"}],"replies":[{"embeddable":true,"href":"https:\/\/tulinkahveci.com\/index.php\/wp-json\/wp\/v2\/comments?post=2099"}],"version-history":[{"count":0,"href":"https:\/\/tulinkahveci.com\/index.php\/wp-json\/wp\/v2\/pages\/2099\/revisions"}],"wp:attachment":[{"href":"https:\/\/tulinkahveci.com\/index.php\/wp-json\/wp\/v2\/media?parent=2099"}],"curies":[{"name":"wp","href":"https:\/\/api.w.org\/{rel}","templated":true}]}}