{"id":2104,"date":"2025-01-16T14:26:05","date_gmt":"2025-01-16T14:26:05","guid":{"rendered":"https:\/\/tulinkahveci.com\/?page_id=2104"},"modified":"2025-01-16T14:26:05","modified_gmt":"2025-01-16T14:26:05","slug":"yirmi-bir-haftalik-hamilelik","status":"publish","type":"page","link":"https:\/\/tulinkahveci.com\/index.php\/yirmi-bir-haftalik-hamilelik\/","title":{"rendered":"Y\u0130RM\u0130 B\u0130R HAFTALIK HAM\u0130LEL\u0130K"},"content":{"rendered":"\t\t<div data-elementor-type=\"wp-page\" data-elementor-id=\"2104\" class=\"elementor elementor-2104\">\n\t\t\t\t\t\t<section class=\"elementor-section elementor-top-section elementor-element elementor-element-2b0ae66 elementor-section-boxed elementor-section-height-default elementor-section-height-default\" data-id=\"2b0ae66\" data-element_type=\"section\" data-e-type=\"section\">\n\t\t\t\t\t\t<div class=\"elementor-container elementor-column-gap-default\">\n\t\t\t\t\t<div class=\"aux-parallax-section elementor-column elementor-col-100 elementor-top-column elementor-element elementor-element-faf884d\" data-id=\"faf884d\" data-element_type=\"column\" data-e-type=\"column\">\n\t\t\t<div class=\"elementor-widget-wrap elementor-element-populated\">\n\t\t\t\t\t\t<div class=\"elementor-element elementor-element-00d55e8 elementor-widget elementor-widget-heading\" data-id=\"00d55e8\" data-element_type=\"widget\" data-e-type=\"widget\" data-widget_type=\"heading.default\">\n\t\t\t\t\t<h2 class=\"elementor-heading-title elementor-size-default\">Y\u0130RM\u0130 B\u0130R HAFTALIK HAM\u0130LEL\u0130K<\/h2>\t\t\t\t<\/div>\n\t\t\t\t\t<\/div>\n\t\t<\/div>\n\t\t\t\t\t<\/div>\n\t\t<\/section>\n\t\t\t\t<section class=\"elementor-section elementor-top-section elementor-element elementor-element-9646c57 elementor-section-boxed elementor-section-height-default elementor-section-height-default\" data-id=\"9646c57\" data-element_type=\"section\" data-e-type=\"section\">\n\t\t\t\t\t\t<div class=\"elementor-container elementor-column-gap-default\">\n\t\t\t\t\t<div class=\"aux-parallax-section elementor-column elementor-col-100 elementor-top-column elementor-element elementor-element-db776be\" data-id=\"db776be\" data-element_type=\"column\" data-e-type=\"column\">\n\t\t\t<div class=\"elementor-widget-wrap elementor-element-populated\">\n\t\t\t\t\t\t<div class=\"elementor-element elementor-element-bc4c998 elementor-widget elementor-widget-text-editor\" data-id=\"bc4c998\" data-element_type=\"widget\" data-e-type=\"widget\" data-widget_type=\"text-editor.default\">\n\t\t\t\t\t\t\t\t\t<p><span style=\"font-family: Times New Roman, serif;\"><span style=\"font-size: large;\"><b>Hamileli\u011fin 21. haftas\u0131nda bebek:<\/b><\/span><\/span><span style=\"font-family: Times New Roman, serif;\"><span style=\"font-size: large;\"><br \/>21. gebelik haftas\u0131nda bebe\u011fin boyu yakla\u015f\u0131k 27 cm, a\u011f\u0131rl\u0131\u011f\u0131 350 gram kadard\u0131r.<\/span><\/span><span style=\"font-size: large;\">\u00a0<\/span><span style=\"font-family: Times New Roman, serif;\"><span style=\"font-size: large;\"><br \/>Yirmi birinci hafta civar\u0131nda bebekte h\u0131zl\u0131 b\u00fcy\u00fcme ve uzama d\u00f6nemi yava\u015flamaya ba\u015flar, bundan sonra bebe\u011fin kilosu artmaya ba\u015flayacakt\u0131r ve giderek tombul bebek \u015fekline gelecektir. Bebe\u011fin bacaklar\u0131 v\u00fccuduna g\u00f6re normal orana gelir. Bu haftalara kadar amnion s\u0131v\u0131s\u0131 i\u00e7erisinde daha rahat ve bol alanda duran bebek art\u0131k oturma pozisyonuna benzer \u015fekilde dizlerini k\u0131rarak duracakt\u0131r ve genellikle ba\u015f a\u015fa\u011f\u0131 olacak \u015fekilde d\u00f6necektir. Bebe\u011fin ka\u015f ve kirpikleri yeni yeni belirmeye ba\u015flar, sa\u00e7lar\u0131 belirginle\u015fir. Bebek ara ara uyur ve uyan\u0131r, bunu hareketlerinden anlayabilirsiniz. <\/span><\/span><span style=\"font-family: Times New Roman, serif;\"><span style=\"font-size: large;\">Bebe\u011finizin g\u00f6z kapaklar\u0131n\u0131n bu hafta \u015fekillenmesi tamamland\u0131 ve bebe\u011finiz amniyotik s\u0131v\u0131y\u0131 yutmakla me\u015fgul.\u00a0Bebe\u011finiz amniyon s\u0131v\u0131s\u0131n\u0131 yutarken, sindirim sistemi de olgunla\u015fmaya devam ediyor.\u00a0Bebe\u011finiz ayr\u0131ca amniyotik s\u0131v\u0131dan kalori de al\u0131yor.\u00a0Bebe\u011finiz k\u0131z ise, vajinas\u0131 tamamen olu\u015fmu\u015ftur ancak do\u011fuma kadar geli\u015fmeye devam edecektir.<\/span><\/span><\/p><p><span style=\"font-family: Times New Roman, serif;\"><span style=\"font-size: large;\"><b>Hamileli\u011fin 21. haftas\u0131nda anne:<\/b><\/span><\/span><\/p><p><span style=\"font-family: Times New Roman, serif;\"><span style=\"font-size: large;\">Parmaklar\u0131n\u0131z\u0131 g\u00f6bek deli\u011finizin yakla\u015f\u0131k yar\u0131m santim uza\u011fa yerle\u015ftirirseniz, rahminizi hissedebilirsiniz.\u00a0Kar\u015f\u0131la\u015ft\u0131\u011f\u0131n\u0131z insanlar\u0131n b\u00fcy\u00fck \u00e7o\u011funlu\u011fu, bebek bekledi\u011finizi anlayacakt\u0131r.\u00a0Alt bacaklar\u0131n\u0131z\u0131n ve ayaklar\u0131n\u0131z\u0131n g\u00fcn\u00fcn sonuna do\u011fru \u015fi\u015fti\u011fini fark ederseniz, oturup dinlenebilirsiniz.<\/span><\/span><\/p><p><span style=\"font-family: Times New Roman, serif;\"><span style=\"font-size: medium;\"><span style=\"font-size: large;\">Y\u00fcz\u00fcn\u00fczde veya v\u00fccudunuzun di\u011fer k\u0131s\u0131mlar\u0131nda\u00a0<\/span><span style=\"color: #0000ff;\"><a href=\"http:\/\/americanpregnancy.org\/pregnancy-health\/acne-during-pregnancy\/\" target=\"Hamilelik s\u0131ras\u0131nda sivilce\"><span style=\"color: #000000;\"><span style=\"font-size: large;\">ya\u011fl\u0131 cilt ve \/ veya artm\u0131\u015f \u00e7atlaklarla<\/span><\/span><\/a><\/span><span style=\"font-size: large;\"> m\u00fccadele ediyorsan\u0131z, y\u00fcz\u00fcn\u00fcz\u00fc g\u00fcnde iki kez sabun ve suyla y\u0131kay\u0131n.<\/span><\/span><\/span><\/p><p><span style=\"font-family: Times New Roman, serif;\"><span style=\"font-size: medium;\"><span style=\"font-size: large;\">\u00c7o\u011fu kad\u0131n hamileli\u011fin bu k\u0131sm\u0131n\u0131 en \u00e7ok sever.\u00a0<\/span><span style=\"color: #0000ff;\"><a href=\"http:\/\/americanpregnancy.org\/getting-pregnant\/early-pregnancy-symptoms\/\" target=\"Hamilelik Belirtileri - Gebelik Erken Belirtileri\"><span style=\"color: #000000;\"><span style=\"font-size: large;\">Erken gebelik belirtilerinin<\/span><\/span><\/a><\/span><span style=\"font-size: large;\">\u00a0\u00e7o\u011fundan ba\u015far\u0131 ile kurtuldunuz\u00a0ve karn\u0131n\u0131z sizi rahats\u0131z edecek kadar b\u00fcy\u00fck de\u011fil.\u00a0Bu s\u00fcre boyunca rahatlamaya \u00e7al\u0131\u015f\u0131n ve hamile olman\u0131n tad\u0131n\u0131 \u00e7\u0131kar\u0131n. <\/span><span style=\"color: #0000ff;\"><a href=\"http:\/\/americanpregnancy.org\/pregnancy-health\/pregnancy-weight-gain\/\" target=\"Hamilelik Kilo Kazanc\u0131\"><span style=\"color: #000000;\"><span style=\"font-size: large;\">Hamileli\u011finiz s\u0131ras\u0131nda<\/span><\/span><\/a><\/span><span style=\"font-size: large;\">\u00a0daha fazla\u00a0<\/span><span style=\"color: #0000ff;\"><u><a href=\"http:\/\/americanpregnancy.org\/pregnancy-health\/pregnancy-weight-gain\/\" target=\"Hamilelik Kilo Kazanc\u0131\">kilo\u00a0<\/a><a href=\"http:\/\/americanpregnancy.org\/pregnancy-health\/skin-changes-during-pregnancy\/\" target=\"Hamilelikte Deri De\u011fi\u015fiklikleri\">ald\u0131k\u00e7a<\/a><\/u><\/span><span style=\"font-size: large;\">\u00a0, hamile kad\u0131nlar\u0131n \u00e7o\u011funda ortaya \u00e7\u0131kan\u00a0<\/span><span style=\"color: #0000ff;\"><a href=\"http:\/\/americanpregnancy.org\/pregnancy-health\/skin-changes-during-pregnancy\/\" target=\"Hamilelikte Deri De\u011fi\u015fiklikleri\"><span style=\"color: #000000;\"><span style=\"font-size: large;\">varisli damarlar<\/span><\/span><\/a><\/span><span style=\"font-size: large;\">\u00a0geli\u015ftirmeye ba\u015flad\u0131\u011f\u0131n\u0131z\u0131 fark edebilirsiniz.\u00a0Varisler en s\u0131k bacaklarda g\u00f6r\u00fcl\u00fcrler, ancak vulva ve rektumda da bulunabilirler.<\/span><\/span><\/span><\/p><p><span style=\"font-family: Times New Roman, serif;\"><span style=\"font-size: large;\">B\u00fcy\u00fcyen rahim ve kan ak\u0131m\u0131 de\u011fi\u015fikliklerinden gelen bas\u0131n\u00e7 varisli damarlar\u0131 k\u00f6t\u00fcle\u015ftirebilir.\u00a0Baz\u0131 kad\u0131nlar bacaklar\u0131nda a\u011fr\u0131s\u0131z mor veya mavi bir nokta fark edebilirken, di\u011ferleri a\u011fr\u0131l\u0131 ve \u015fi\u015fmi\u015f damarlara sahip olurlar.<\/span><\/span><\/p><p><span style=\"font-family: Times New Roman, serif;\"><span style=\"font-size: medium;\"><span style=\"color: #0000ff;\"><a href=\"http:\/\/americanpregnancy.org\/pregnancy-health\/swelling-during-pregnancy\/\" target=\"Hamilelik s\u0131ras\u0131nda \u015fi\u015flik\"><span style=\"color: #000000;\"><span style=\"font-size: large;\">\u015ei\u015fme<\/span><\/span><\/a><\/span><span style=\"font-size: large;\">\u00a0\u00a0genellikle hamilelikten sonra kaybolur, ancak varisli damarlar genellikle tamamen ortadan kalkmaz.<\/span><\/span><\/span><\/p><p><span style=\"font-family: Times New Roman, serif;\"><span style=\"font-size: large;\">Rahim b\u00fcy\u00fcd\u00fck\u00e7e, artm\u0131\u015f oldu\u011fu a\u011f\u0131rl\u0131\u011f\u0131 idrar\u0131n idrar bo\u015falt\u0131m\u0131n\u0131 t\u0131kayabilir ve bu da idrar yolu enfeksiyona (\u0130YE) neden olabilir.\u00a0\u0130YE tedavi edilmezse, b\u00f6brek enfeksiyonuna yol a\u00e7abilir.<\/span><\/span><\/p><p><span style=\"font-family: Times New Roman, serif;\"><span style=\"font-size: large;\"><b>Birka\u00e7 \u015fey yaparak bir \u0130YE geli\u015ftirme olas\u0131l\u0131\u011f\u0131n\u0131 azaltabilirsiniz:<\/b><\/span><\/span><\/p><ul><li><p><span style=\"font-family: Times New Roman, serif;\"><span style=\"font-size: large;\">G\u00fcnde \u00a0<\/span><\/span><span style=\"font-family: Times New Roman, serif;\"><span style=\"font-size: large;\"><b>6-8 bardak su<\/b><\/span><\/span><span style=\"font-family: Times New Roman, serif;\"><span style=\"font-size: large;\">\u00a0i\u00e7meyi ihmal etmeyin<\/span><\/span><\/p><\/li><li><p><span style=\"font-family: Times New Roman, serif;\"><span style=\"font-size: large;\">\u0130drar yapt\u0131ktan sonra \u00f6nden arkaya do\u011fru silin.<\/span><\/span><\/p><\/li><li><p><span style=\"font-family: Times New Roman, serif;\"><span style=\"font-size: large;\">Cinsel ili\u015fkiden \u00f6nce ve sonra idrara \u00e7\u0131k\u0131n.<\/span><\/span><\/p><\/li><li><p><span style=\"font-family: Times New Roman, serif;\"><span style=\"font-size: large;\">Dar pantolon giyinmekten ka\u00e7\u0131n\u0131n.<\/span><\/span><\/p><\/li><li><p><span style=\"font-family: Times New Roman, serif;\"><span style=\"font-size: large;\">Pamuklu i\u00e7 \u00e7ama\u015f\u0131r\u0131 ve k\u00fclotlu \u00e7orap kullan\u0131n.<\/span><\/span><\/p><\/li><\/ul><p><span style=\"font-family: Times New Roman, serif;\"><span style=\"font-size: large;\"><b>Babalar i\u00e7in;<\/b><\/span><\/span><\/p><p><span style=\"font-family: Times New Roman, serif;\"><span style=\"font-size: large;\">E\u015finizi su i\u00e7me konusunda te\u015fvik edebilirsiniz. G\u00fcnl\u00fck i\u00e7ece\u011fi suyu haz\u0131rlayabilirsiniz.<\/span><\/span><\/p>\t\t\t\t\t\t\t\t<\/div>\n\t\t\t\t\t<\/div>\n\t\t<\/div>\n\t\t\t\t\t<\/div>\n\t\t<\/section>\n\t\t\t\t<\/div>\n\t\t","protected":false},"excerpt":{"rendered":"<p>Y\u0130RM\u0130 B\u0130R HAFTALIK HAM\u0130LEL\u0130K Hamileli\u011fin 21. haftas\u0131nda bebek:21. gebelik haftas\u0131nda bebe\u011fin boyu yakla\u015f\u0131k 27 cm, a\u011f\u0131rl\u0131\u011f\u0131 350 gram kadard\u0131r.\u00a0Yirmi birinci hafta civar\u0131nda bebekte h\u0131zl\u0131 b\u00fcy\u00fcme ve uzama d\u00f6nemi yava\u015flamaya ba\u015flar, bundan sonra bebe\u011fin kilosu artmaya ba\u015flayacakt\u0131r ve giderek tombul bebek \u015fekline gelecektir. Bebe\u011fin bacaklar\u0131 v\u00fccuduna g\u00f6re normal orana gelir. Bu haftalara kadar amnion s\u0131v\u0131s\u0131 i\u00e7erisinde [&hellip;]<\/p>\n","protected":false},"author":1,"featured_media":0,"parent":0,"menu_order":0,"comment_status":"closed","ping_status":"closed","template":"","meta":{"footnotes":""},"class_list":["post-2104","page","type-page","status-publish","hentry"],"yoast_head":"<!-- This site is optimized with the Yoast SEO plugin v27.4 - https:\/\/yoast.com\/product\/yoast-seo-wordpress\/ -->\n<title>Y\u0130RM\u0130 B\u0130R HAFTALIK HAM\u0130LEL\u0130K - T\u00dcL\u0130N KAHVEC\u0130<\/title>\n<meta name=\"robots\" content=\"index, follow, max-snippet:-1, max-image-preview:large, max-video-preview:-1\" \/>\n<link rel=\"canonical\" href=\"https:\/\/tulinkahveci.com\/index.php\/yirmi-bir-haftalik-hamilelik\/\" \/>\n<meta property=\"og:locale\" content=\"tr_TR\" \/>\n<meta property=\"og:type\" content=\"article\" \/>\n<meta property=\"og:title\" content=\"Y\u0130RM\u0130 B\u0130R HAFTALIK HAM\u0130LEL\u0130K - T\u00dcL\u0130N KAHVEC\u0130\" \/>\n<meta property=\"og:description\" content=\"Y\u0130RM\u0130 B\u0130R HAFTALIK HAM\u0130LEL\u0130K Hamileli\u011fin 21. haftas\u0131nda bebek:21. gebelik haftas\u0131nda bebe\u011fin boyu yakla\u015f\u0131k 27 cm, a\u011f\u0131rl\u0131\u011f\u0131 350 gram kadard\u0131r.\u00a0Yirmi birinci hafta civar\u0131nda bebekte h\u0131zl\u0131 b\u00fcy\u00fcme ve uzama d\u00f6nemi yava\u015flamaya ba\u015flar, bundan sonra bebe\u011fin kilosu artmaya ba\u015flayacakt\u0131r ve giderek tombul bebek \u015fekline gelecektir. Bebe\u011fin bacaklar\u0131 v\u00fccuduna g\u00f6re normal orana gelir. Bu haftalara kadar amnion s\u0131v\u0131s\u0131 i\u00e7erisinde [&hellip;]\" \/>\n<meta property=\"og:url\" content=\"https:\/\/tulinkahveci.com\/index.php\/yirmi-bir-haftalik-hamilelik\/\" \/>\n<meta property=\"og:site_name\" content=\"T\u00dcL\u0130N KAHVEC\u0130\" \/>\n<meta name=\"twitter:card\" content=\"summary_large_image\" \/>\n<meta name=\"twitter:label1\" content=\"Tahmini okuma s\u00fcresi\" \/>\n\t<meta name=\"twitter:data1\" content=\"3 dakika\" \/>\n<script type=\"application\/ld+json\" class=\"yoast-schema-graph\">{\"@context\":\"https:\\\/\\\/schema.org\",\"@graph\":[{\"@type\":\"WebPage\",\"@id\":\"https:\\\/\\\/tulinkahveci.com\\\/index.php\\\/yirmi-bir-haftalik-hamilelik\\\/\",\"url\":\"https:\\\/\\\/tulinkahveci.com\\\/index.php\\\/yirmi-bir-haftalik-hamilelik\\\/\",\"name\":\"Y\u0130RM\u0130 B\u0130R HAFTALIK HAM\u0130LEL\u0130K - T\u00dcL\u0130N KAHVEC\u0130\",\"isPartOf\":{\"@id\":\"https:\\\/\\\/tulinkahveci.com\\\/#website\"},\"datePublished\":\"2025-01-16T14:26:05+00:00\",\"breadcrumb\":{\"@id\":\"https:\\\/\\\/tulinkahveci.com\\\/index.php\\\/yirmi-bir-haftalik-hamilelik\\\/#breadcrumb\"},\"inLanguage\":\"tr\",\"potentialAction\":[{\"@type\":\"ReadAction\",\"target\":[\"https:\\\/\\\/tulinkahveci.com\\\/index.php\\\/yirmi-bir-haftalik-hamilelik\\\/\"]}]},{\"@type\":\"BreadcrumbList\",\"@id\":\"https:\\\/\\\/tulinkahveci.com\\\/index.php\\\/yirmi-bir-haftalik-hamilelik\\\/#breadcrumb\",\"itemListElement\":[{\"@type\":\"ListItem\",\"position\":1,\"name\":\"Anasayfa\",\"item\":\"https:\\\/\\\/tulinkahveci.com\\\/\"},{\"@type\":\"ListItem\",\"position\":2,\"name\":\"Y\u0130RM\u0130 B\u0130R HAFTALIK HAM\u0130LEL\u0130K\"}]},{\"@type\":\"WebSite\",\"@id\":\"https:\\\/\\\/tulinkahveci.com\\\/#website\",\"url\":\"https:\\\/\\\/tulinkahveci.com\\\/\",\"name\":\"T\u00dcL\u0130N KAHVEC\u0130\",\"description\":\"\",\"potentialAction\":[{\"@type\":\"SearchAction\",\"target\":{\"@type\":\"EntryPoint\",\"urlTemplate\":\"https:\\\/\\\/tulinkahveci.com\\\/?s={search_term_string}\"},\"query-input\":{\"@type\":\"PropertyValueSpecification\",\"valueRequired\":true,\"valueName\":\"search_term_string\"}}],\"inLanguage\":\"tr\"}]}<\/script>\n<!-- \/ Yoast SEO plugin. -->","yoast_head_json":{"title":"Y\u0130RM\u0130 B\u0130R HAFTALIK HAM\u0130LEL\u0130K - T\u00dcL\u0130N KAHVEC\u0130","robots":{"index":"index","follow":"follow","max-snippet":"max-snippet:-1","max-image-preview":"max-image-preview:large","max-video-preview":"max-video-preview:-1"},"canonical":"https:\/\/tulinkahveci.com\/index.php\/yirmi-bir-haftalik-hamilelik\/","og_locale":"tr_TR","og_type":"article","og_title":"Y\u0130RM\u0130 B\u0130R HAFTALIK HAM\u0130LEL\u0130K - T\u00dcL\u0130N KAHVEC\u0130","og_description":"Y\u0130RM\u0130 B\u0130R HAFTALIK HAM\u0130LEL\u0130K Hamileli\u011fin 21. haftas\u0131nda bebek:21. gebelik haftas\u0131nda bebe\u011fin boyu yakla\u015f\u0131k 27 cm, a\u011f\u0131rl\u0131\u011f\u0131 350 gram kadard\u0131r.\u00a0Yirmi birinci hafta civar\u0131nda bebekte h\u0131zl\u0131 b\u00fcy\u00fcme ve uzama d\u00f6nemi yava\u015flamaya ba\u015flar, bundan sonra bebe\u011fin kilosu artmaya ba\u015flayacakt\u0131r ve giderek tombul bebek \u015fekline gelecektir. Bebe\u011fin bacaklar\u0131 v\u00fccuduna g\u00f6re normal orana gelir. Bu haftalara kadar amnion s\u0131v\u0131s\u0131 i\u00e7erisinde [&hellip;]","og_url":"https:\/\/tulinkahveci.com\/index.php\/yirmi-bir-haftalik-hamilelik\/","og_site_name":"T\u00dcL\u0130N KAHVEC\u0130","twitter_card":"summary_large_image","twitter_misc":{"Tahmini okuma s\u00fcresi":"3 dakika"},"schema":{"@context":"https:\/\/schema.org","@graph":[{"@type":"WebPage","@id":"https:\/\/tulinkahveci.com\/index.php\/yirmi-bir-haftalik-hamilelik\/","url":"https:\/\/tulinkahveci.com\/index.php\/yirmi-bir-haftalik-hamilelik\/","name":"Y\u0130RM\u0130 B\u0130R HAFTALIK HAM\u0130LEL\u0130K - T\u00dcL\u0130N KAHVEC\u0130","isPartOf":{"@id":"https:\/\/tulinkahveci.com\/#website"},"datePublished":"2025-01-16T14:26:05+00:00","breadcrumb":{"@id":"https:\/\/tulinkahveci.com\/index.php\/yirmi-bir-haftalik-hamilelik\/#breadcrumb"},"inLanguage":"tr","potentialAction":[{"@type":"ReadAction","target":["https:\/\/tulinkahveci.com\/index.php\/yirmi-bir-haftalik-hamilelik\/"]}]},{"@type":"BreadcrumbList","@id":"https:\/\/tulinkahveci.com\/index.php\/yirmi-bir-haftalik-hamilelik\/#breadcrumb","itemListElement":[{"@type":"ListItem","position":1,"name":"Anasayfa","item":"https:\/\/tulinkahveci.com\/"},{"@type":"ListItem","position":2,"name":"Y\u0130RM\u0130 B\u0130R HAFTALIK HAM\u0130LEL\u0130K"}]},{"@type":"WebSite","@id":"https:\/\/tulinkahveci.com\/#website","url":"https:\/\/tulinkahveci.com\/","name":"T\u00dcL\u0130N KAHVEC\u0130","description":"","potentialAction":[{"@type":"SearchAction","target":{"@type":"EntryPoint","urlTemplate":"https:\/\/tulinkahveci.com\/?s={search_term_string}"},"query-input":{"@type":"PropertyValueSpecification","valueRequired":true,"valueName":"search_term_string"}}],"inLanguage":"tr"}]}},"_links":{"self":[{"href":"https:\/\/tulinkahveci.com\/index.php\/wp-json\/wp\/v2\/pages\/2104","targetHints":{"allow":["GET"]}}],"collection":[{"href":"https:\/\/tulinkahveci.com\/index.php\/wp-json\/wp\/v2\/pages"}],"about":[{"href":"https:\/\/tulinkahveci.com\/index.php\/wp-json\/wp\/v2\/types\/page"}],"author":[{"embeddable":true,"href":"https:\/\/tulinkahveci.com\/index.php\/wp-json\/wp\/v2\/users\/1"}],"replies":[{"embeddable":true,"href":"https:\/\/tulinkahveci.com\/index.php\/wp-json\/wp\/v2\/comments?post=2104"}],"version-history":[{"count":0,"href":"https:\/\/tulinkahveci.com\/index.php\/wp-json\/wp\/v2\/pages\/2104\/revisions"}],"wp:attachment":[{"href":"https:\/\/tulinkahveci.com\/index.php\/wp-json\/wp\/v2\/media?parent=2104"}],"curies":[{"name":"wp","href":"https:\/\/api.w.org\/{rel}","templated":true}]}}