{"id":2109,"date":"2025-01-16T14:25:37","date_gmt":"2025-01-16T14:25:37","guid":{"rendered":"https:\/\/tulinkahveci.com\/?page_id=2109"},"modified":"2025-01-16T14:25:37","modified_gmt":"2025-01-16T14:25:37","slug":"yirmi-iki-haftalik-hamilelik","status":"publish","type":"page","link":"https:\/\/tulinkahveci.com\/index.php\/yirmi-iki-haftalik-hamilelik\/","title":{"rendered":"Y\u0130RM\u0130 \u0130K\u0130 HAFTALIK HAM\u0130LEL\u0130K"},"content":{"rendered":"\t\t<div data-elementor-type=\"wp-page\" data-elementor-id=\"2109\" class=\"elementor elementor-2109\">\n\t\t\t\t\t\t<section class=\"elementor-section elementor-top-section elementor-element elementor-element-09c52eb elementor-section-boxed elementor-section-height-default elementor-section-height-default\" data-id=\"09c52eb\" data-element_type=\"section\" data-e-type=\"section\">\n\t\t\t\t\t\t<div class=\"elementor-container elementor-column-gap-default\">\n\t\t\t\t\t<div class=\"aux-parallax-section elementor-column elementor-col-100 elementor-top-column elementor-element elementor-element-32a2a6d\" data-id=\"32a2a6d\" data-element_type=\"column\" data-e-type=\"column\">\n\t\t\t<div class=\"elementor-widget-wrap elementor-element-populated\">\n\t\t\t\t\t\t<div class=\"elementor-element elementor-element-db16c75 elementor-widget elementor-widget-heading\" data-id=\"db16c75\" data-element_type=\"widget\" data-e-type=\"widget\" data-widget_type=\"heading.default\">\n\t\t\t\t\t<h2 class=\"elementor-heading-title elementor-size-default\">Y\u0130RM\u0130 \u0130K\u0130 HAFTALIK HAM\u0130LEL\u0130K<\/h2>\t\t\t\t<\/div>\n\t\t\t\t<div class=\"elementor-element elementor-element-16f5cf1 elementor-widget elementor-widget-text-editor\" data-id=\"16f5cf1\" data-element_type=\"widget\" data-e-type=\"widget\" data-widget_type=\"text-editor.default\">\n\t\t\t\t\t\t\t\t\t<p><span style=\"color: #000000;\"><span style=\"font-family: Times New Roman, serif;\"><span style=\"font-size: large;\"><b>Hamileli\u011fin 22. haftas\u0131nda bebek:<\/b><\/span><\/span><\/span><span style=\"color: #000000;\"><span style=\"font-family: Times New Roman, serif;\"><span style=\"font-size: large;\"><br \/>22. gebelik haftas\u0131nda bebe\u011fin boyu yakla\u015f\u0131k 28-30 cm, a\u011f\u0131rl\u0131\u011f\u0131 430 gram kadard\u0131r.<br \/>Yirmi ikinci haftada bebe\u011finiz cildini doldurmak i\u00e7in yeterli kilo almad\u0131\u011f\u0131 i\u00e7in, cilinde k\u0131r\u0131\u015f\u0131kl\u0131k g\u00f6r\u00fcl\u00fcr. Bebe\u011fin g\u00f6z kapaklar\u0131, ka\u015flar ve burun delikleri olduk\u00e7a \u015fekillenmi\u015ftir. Dudaklar\u0131 daha belirgin hale gelir. G\u00f6zleri tamamen olu\u015fmu\u015ftur, ancak g\u00f6z\u00fcn renkli k\u0131sm\u0131 olan \u0130R\u0130S hala pigmentten yoksundur. Ka\u015f ve kirpikleri tamamen olu\u015fmu\u015ftur. Bebe\u011fin parmak izleri tamamen olu\u015fmu\u015ftur. D\u0131\u015far\u0131dan gelen \u015fiddetli sesler bebe\u011fin uyanmas\u0131na sebep olabilir. Bebek tekme atabilir ve annesi bunu s\u0131kl\u0131kla hisseder. Bebek kendi etraf\u0131nda d\u00f6nebilir. Bebe\u011fin burun \u015fekli daha fazla belirginle\u015fir.\u00a0\u00a0Erkek bebeklerin testisleri bu haftada kar\u0131n bo\u015flu\u011fundan d\u0131\u015far\u0131ya torbalar\u0131n i\u00e7erisine do\u011fru inmeye ba\u015flar.<br \/><\/span><\/span><\/span><span style=\"color: #000000;\"><span style=\"font-family: Times New Roman, serif;\"><span style=\"font-size: large;\"><b>Hamileli\u011fin 22. haftas\u0131nda anne:<\/b><\/span><\/span><\/span><span style=\"color: #000000;\"><span style=\"font-family: Times New Roman, serif;\"><span style=\"font-size: large;\"><br \/>Rahminizi g\u00f6bek deli\u011finizin 2 cm \u00fczerinde hissedebilirsiniz. Hamileli\u011fin yirmi ikinci haftas\u0131 civar\u0131nda anne sesli konu\u015ftu\u011funda veya bir g\u00fcr\u00fclt\u00fc oldu\u011funda bebe\u011fin hareket ederek tepki verdi\u011fini hissedebilir. Bu haftalarda bebek anne sesine al\u0131\u015fmaya ba\u015flar. Elinizi kar\u0131n \u00fcst\u00fcne koyarak hareketlerinin elinize \u00e7arpt\u0131\u011f\u0131n\u0131 hissetmeniz m\u00fcmk\u00fcnd\u00fcr. Annenin ayaklar\u0131nda ve bacaklar\u0131nda \u015fi\u015flikler ba\u015flayabilir, bunun i\u00e7in aya\u011f\u0131n\u0131z\u0131 y\u00fcksek bir yere koyarak bir s\u00fcre uzanman\u0131z \u00f6nerilir. G\u00fcn i\u00e7erisinde bir ka\u00e7 kere uzan\u0131p aya\u011f\u0131n\u0131z\u0131n alt\u0131na bir iki yast\u0131k koyabilirsiniz. S\u00fcrekli ayakta durmak bacaklardaki \u015fi\u015flikleri artt\u0131r\u0131r. Ayakkab\u0131 numaralar\u0131nda b\u00fcy\u00fcmeler ba\u015flayabilir bu aylarda. Bazen do\u011fuma kadar ayakkab\u0131 numaras\u0131nda 3-4 numara artma oldu\u011fu g\u00f6r\u00fcl\u00fcr. Kontakt lens kullanan anneler bununla ilgili rahats\u0131zl\u0131k hissedebilirler, bu g\u00f6z\u00fcn kornea tabakas\u0131nda \u00f6demle\u015fmeye ba\u011fl\u0131 olabilir.<\/span><\/span><\/span><\/p><p><span style=\"font-family: Times New Roman, serif;\"><span style=\"font-size: large;\">Bir\u00e7ok kad\u0131n, \u00f6zellikle alt <\/span><\/span><span style=\"color: #0000ff;\"><a href=\"http:\/\/americanpregnancy.org\/pregnancy-complications\/abdominal-pain-during-pregnancy\/\" target=\"Gebelikte Abdominal A\u011fr\u0131\"><span style=\"color: #000000;\"><span style=\"font-family: Times New Roman, serif;\"><span style=\"font-size: large;\">kar\u0131n a\u011fr\u0131s\u0131<\/span><\/span><\/span><\/a><\/span><span style=\"font-family: Times New Roman, serif;\"><span style=\"font-size: large;\">\u00a0, s\u0131rt a\u011fr\u0131s\u0131, pelvik b\u00f6lgede bask\u0131,\u00a0<\/span><\/span><span style=\"color: #0000ff;\"><a href=\"http:\/\/americanpregnancy.org\/your-pregnancy\/cramping-during-pregnancy\/\" target=\"Hamilelik s\u0131ras\u0131nda kramp\"><span style=\"color: #000000;\"><span style=\"font-family: Times New Roman, serif;\"><span style=\"font-size: large;\">kramp<\/span><\/span><\/span><\/a><\/span><span style=\"font-family: Times New Roman, serif;\"><span style=\"font-size: large;\">\u00a0ve\u00a0<\/span><\/span><span style=\"color: #0000ff;\"><a href=\"http:\/\/americanpregnancy.org\/pregnancy-health\/vaginal-discharge-during-pregnancy\/\" target=\"Gebelikte Vajinal De\u015farj\"><span style=\"color: #000000;\"><span style=\"font-family: Times New Roman, serif;\"><span style=\"font-size: large;\">vajinal ak\u0131nt\u0131da<\/span><\/span><\/span><\/a><\/span><span style=\"font-family: Times New Roman, serif;\"><span style=\"font-size: large;\">\u00a0bir de\u011fi\u015fiklik\u00a0geli\u015ftirmeye ba\u015flarsa, preterm eylem (erken do\u011fum eylemi) d\u00fc\u015f\u00fcn\u00fclmektedir.\u00a0Bu semptomlar normal olabilir veya erken do\u011fumun bir g\u00f6stergesi olabilir.<\/span><\/span><\/p><p><span style=\"font-family: Times New Roman, serif;\"><span style=\"font-size: large;\"><b>Babalar i\u00e7in;<\/b><\/span><\/span><\/p><p><span style=\"color: #333333;\"><span style=\"font-family: Times New Roman, serif;\"><span style=\"font-size: large;\">\u00c7ocu\u011funuz olmadan ortak bir \u015fey yapmay\u0131 \u00f6nerin, \u00e7\u00fcnk\u00fc bebe\u011fin gelmesinden sonra yap\u0131lmas\u0131 zor olabilir.\u00a0Bir film izlemek, y\u00fcr\u00fcy\u00fc\u015f yapmak ya da plajda bir g\u00fcn ge\u00e7irmek isteyebilirsiniz.\u00a0Sadece ikinizin de zevk ald\u0131\u011f\u0131n\u0131z ve e\u011flenece\u011finiz bir etkinlik oldu\u011fundan emin olun!<\/span><\/span><\/span><\/p>\t\t\t\t\t\t\t\t<\/div>\n\t\t\t\t\t<\/div>\n\t\t<\/div>\n\t\t\t\t\t<\/div>\n\t\t<\/section>\n\t\t\t\t<\/div>\n\t\t","protected":false},"excerpt":{"rendered":"<p>Y\u0130RM\u0130 \u0130K\u0130 HAFTALIK HAM\u0130LEL\u0130K Hamileli\u011fin 22. haftas\u0131nda bebek:22. gebelik haftas\u0131nda bebe\u011fin boyu yakla\u015f\u0131k 28-30 cm, a\u011f\u0131rl\u0131\u011f\u0131 430 gram kadard\u0131r.Yirmi ikinci haftada bebe\u011finiz cildini doldurmak i\u00e7in yeterli kilo almad\u0131\u011f\u0131 i\u00e7in, cilinde k\u0131r\u0131\u015f\u0131kl\u0131k g\u00f6r\u00fcl\u00fcr. Bebe\u011fin g\u00f6z kapaklar\u0131, ka\u015flar ve burun delikleri olduk\u00e7a \u015fekillenmi\u015ftir. Dudaklar\u0131 daha belirgin hale gelir. G\u00f6zleri tamamen olu\u015fmu\u015ftur, ancak g\u00f6z\u00fcn renkli k\u0131sm\u0131 olan \u0130R\u0130S [&hellip;]<\/p>\n","protected":false},"author":1,"featured_media":0,"parent":0,"menu_order":0,"comment_status":"closed","ping_status":"closed","template":"","meta":{"footnotes":""},"class_list":["post-2109","page","type-page","status-publish","hentry"],"yoast_head":"<!-- This site is optimized with the Yoast SEO plugin v27.4 - https:\/\/yoast.com\/product\/yoast-seo-wordpress\/ -->\n<title>Y\u0130RM\u0130 \u0130K\u0130 HAFTALIK HAM\u0130LEL\u0130K - T\u00dcL\u0130N KAHVEC\u0130<\/title>\n<meta name=\"robots\" content=\"index, follow, max-snippet:-1, max-image-preview:large, max-video-preview:-1\" \/>\n<link rel=\"canonical\" href=\"https:\/\/tulinkahveci.com\/index.php\/yirmi-iki-haftalik-hamilelik\/\" \/>\n<meta property=\"og:locale\" content=\"tr_TR\" \/>\n<meta property=\"og:type\" content=\"article\" \/>\n<meta property=\"og:title\" content=\"Y\u0130RM\u0130 \u0130K\u0130 HAFTALIK HAM\u0130LEL\u0130K - T\u00dcL\u0130N KAHVEC\u0130\" \/>\n<meta property=\"og:description\" content=\"Y\u0130RM\u0130 \u0130K\u0130 HAFTALIK HAM\u0130LEL\u0130K Hamileli\u011fin 22. haftas\u0131nda bebek:22. gebelik haftas\u0131nda bebe\u011fin boyu yakla\u015f\u0131k 28-30 cm, a\u011f\u0131rl\u0131\u011f\u0131 430 gram kadard\u0131r.Yirmi ikinci haftada bebe\u011finiz cildini doldurmak i\u00e7in yeterli kilo almad\u0131\u011f\u0131 i\u00e7in, cilinde k\u0131r\u0131\u015f\u0131kl\u0131k g\u00f6r\u00fcl\u00fcr. Bebe\u011fin g\u00f6z kapaklar\u0131, ka\u015flar ve burun delikleri olduk\u00e7a \u015fekillenmi\u015ftir. Dudaklar\u0131 daha belirgin hale gelir. G\u00f6zleri tamamen olu\u015fmu\u015ftur, ancak g\u00f6z\u00fcn renkli k\u0131sm\u0131 olan \u0130R\u0130S [&hellip;]\" \/>\n<meta property=\"og:url\" content=\"https:\/\/tulinkahveci.com\/index.php\/yirmi-iki-haftalik-hamilelik\/\" \/>\n<meta property=\"og:site_name\" content=\"T\u00dcL\u0130N KAHVEC\u0130\" \/>\n<meta name=\"twitter:card\" content=\"summary_large_image\" \/>\n<meta name=\"twitter:label1\" content=\"Tahmini okuma s\u00fcresi\" \/>\n\t<meta name=\"twitter:data1\" content=\"2 dakika\" \/>\n<script type=\"application\/ld+json\" class=\"yoast-schema-graph\">{\"@context\":\"https:\\\/\\\/schema.org\",\"@graph\":[{\"@type\":\"WebPage\",\"@id\":\"https:\\\/\\\/tulinkahveci.com\\\/index.php\\\/yirmi-iki-haftalik-hamilelik\\\/\",\"url\":\"https:\\\/\\\/tulinkahveci.com\\\/index.php\\\/yirmi-iki-haftalik-hamilelik\\\/\",\"name\":\"Y\u0130RM\u0130 \u0130K\u0130 HAFTALIK HAM\u0130LEL\u0130K - T\u00dcL\u0130N KAHVEC\u0130\",\"isPartOf\":{\"@id\":\"https:\\\/\\\/tulinkahveci.com\\\/#website\"},\"datePublished\":\"2025-01-16T14:25:37+00:00\",\"breadcrumb\":{\"@id\":\"https:\\\/\\\/tulinkahveci.com\\\/index.php\\\/yirmi-iki-haftalik-hamilelik\\\/#breadcrumb\"},\"inLanguage\":\"tr\",\"potentialAction\":[{\"@type\":\"ReadAction\",\"target\":[\"https:\\\/\\\/tulinkahveci.com\\\/index.php\\\/yirmi-iki-haftalik-hamilelik\\\/\"]}]},{\"@type\":\"BreadcrumbList\",\"@id\":\"https:\\\/\\\/tulinkahveci.com\\\/index.php\\\/yirmi-iki-haftalik-hamilelik\\\/#breadcrumb\",\"itemListElement\":[{\"@type\":\"ListItem\",\"position\":1,\"name\":\"Anasayfa\",\"item\":\"https:\\\/\\\/tulinkahveci.com\\\/\"},{\"@type\":\"ListItem\",\"position\":2,\"name\":\"Y\u0130RM\u0130 \u0130K\u0130 HAFTALIK HAM\u0130LEL\u0130K\"}]},{\"@type\":\"WebSite\",\"@id\":\"https:\\\/\\\/tulinkahveci.com\\\/#website\",\"url\":\"https:\\\/\\\/tulinkahveci.com\\\/\",\"name\":\"T\u00dcL\u0130N KAHVEC\u0130\",\"description\":\"\",\"potentialAction\":[{\"@type\":\"SearchAction\",\"target\":{\"@type\":\"EntryPoint\",\"urlTemplate\":\"https:\\\/\\\/tulinkahveci.com\\\/?s={search_term_string}\"},\"query-input\":{\"@type\":\"PropertyValueSpecification\",\"valueRequired\":true,\"valueName\":\"search_term_string\"}}],\"inLanguage\":\"tr\"}]}<\/script>\n<!-- \/ Yoast SEO plugin. -->","yoast_head_json":{"title":"Y\u0130RM\u0130 \u0130K\u0130 HAFTALIK HAM\u0130LEL\u0130K - T\u00dcL\u0130N KAHVEC\u0130","robots":{"index":"index","follow":"follow","max-snippet":"max-snippet:-1","max-image-preview":"max-image-preview:large","max-video-preview":"max-video-preview:-1"},"canonical":"https:\/\/tulinkahveci.com\/index.php\/yirmi-iki-haftalik-hamilelik\/","og_locale":"tr_TR","og_type":"article","og_title":"Y\u0130RM\u0130 \u0130K\u0130 HAFTALIK HAM\u0130LEL\u0130K - T\u00dcL\u0130N KAHVEC\u0130","og_description":"Y\u0130RM\u0130 \u0130K\u0130 HAFTALIK HAM\u0130LEL\u0130K Hamileli\u011fin 22. haftas\u0131nda bebek:22. gebelik haftas\u0131nda bebe\u011fin boyu yakla\u015f\u0131k 28-30 cm, a\u011f\u0131rl\u0131\u011f\u0131 430 gram kadard\u0131r.Yirmi ikinci haftada bebe\u011finiz cildini doldurmak i\u00e7in yeterli kilo almad\u0131\u011f\u0131 i\u00e7in, cilinde k\u0131r\u0131\u015f\u0131kl\u0131k g\u00f6r\u00fcl\u00fcr. Bebe\u011fin g\u00f6z kapaklar\u0131, ka\u015flar ve burun delikleri olduk\u00e7a \u015fekillenmi\u015ftir. Dudaklar\u0131 daha belirgin hale gelir. G\u00f6zleri tamamen olu\u015fmu\u015ftur, ancak g\u00f6z\u00fcn renkli k\u0131sm\u0131 olan \u0130R\u0130S [&hellip;]","og_url":"https:\/\/tulinkahveci.com\/index.php\/yirmi-iki-haftalik-hamilelik\/","og_site_name":"T\u00dcL\u0130N KAHVEC\u0130","twitter_card":"summary_large_image","twitter_misc":{"Tahmini okuma s\u00fcresi":"2 dakika"},"schema":{"@context":"https:\/\/schema.org","@graph":[{"@type":"WebPage","@id":"https:\/\/tulinkahveci.com\/index.php\/yirmi-iki-haftalik-hamilelik\/","url":"https:\/\/tulinkahveci.com\/index.php\/yirmi-iki-haftalik-hamilelik\/","name":"Y\u0130RM\u0130 \u0130K\u0130 HAFTALIK HAM\u0130LEL\u0130K - T\u00dcL\u0130N KAHVEC\u0130","isPartOf":{"@id":"https:\/\/tulinkahveci.com\/#website"},"datePublished":"2025-01-16T14:25:37+00:00","breadcrumb":{"@id":"https:\/\/tulinkahveci.com\/index.php\/yirmi-iki-haftalik-hamilelik\/#breadcrumb"},"inLanguage":"tr","potentialAction":[{"@type":"ReadAction","target":["https:\/\/tulinkahveci.com\/index.php\/yirmi-iki-haftalik-hamilelik\/"]}]},{"@type":"BreadcrumbList","@id":"https:\/\/tulinkahveci.com\/index.php\/yirmi-iki-haftalik-hamilelik\/#breadcrumb","itemListElement":[{"@type":"ListItem","position":1,"name":"Anasayfa","item":"https:\/\/tulinkahveci.com\/"},{"@type":"ListItem","position":2,"name":"Y\u0130RM\u0130 \u0130K\u0130 HAFTALIK HAM\u0130LEL\u0130K"}]},{"@type":"WebSite","@id":"https:\/\/tulinkahveci.com\/#website","url":"https:\/\/tulinkahveci.com\/","name":"T\u00dcL\u0130N KAHVEC\u0130","description":"","potentialAction":[{"@type":"SearchAction","target":{"@type":"EntryPoint","urlTemplate":"https:\/\/tulinkahveci.com\/?s={search_term_string}"},"query-input":{"@type":"PropertyValueSpecification","valueRequired":true,"valueName":"search_term_string"}}],"inLanguage":"tr"}]}},"_links":{"self":[{"href":"https:\/\/tulinkahveci.com\/index.php\/wp-json\/wp\/v2\/pages\/2109","targetHints":{"allow":["GET"]}}],"collection":[{"href":"https:\/\/tulinkahveci.com\/index.php\/wp-json\/wp\/v2\/pages"}],"about":[{"href":"https:\/\/tulinkahveci.com\/index.php\/wp-json\/wp\/v2\/types\/page"}],"author":[{"embeddable":true,"href":"https:\/\/tulinkahveci.com\/index.php\/wp-json\/wp\/v2\/users\/1"}],"replies":[{"embeddable":true,"href":"https:\/\/tulinkahveci.com\/index.php\/wp-json\/wp\/v2\/comments?post=2109"}],"version-history":[{"count":0,"href":"https:\/\/tulinkahveci.com\/index.php\/wp-json\/wp\/v2\/pages\/2109\/revisions"}],"wp:attachment":[{"href":"https:\/\/tulinkahveci.com\/index.php\/wp-json\/wp\/v2\/media?parent=2109"}],"curies":[{"name":"wp","href":"https:\/\/api.w.org\/{rel}","templated":true}]}}