{"id":2134,"date":"2025-01-16T14:23:36","date_gmt":"2025-01-16T14:23:36","guid":{"rendered":"https:\/\/tulinkahveci.com\/?page_id=2134"},"modified":"2025-01-16T14:23:36","modified_gmt":"2025-01-16T14:23:36","slug":"yirmi-yedi-haftalik-hamilelik","status":"publish","type":"page","link":"https:\/\/tulinkahveci.com\/index.php\/yirmi-yedi-haftalik-hamilelik\/","title":{"rendered":"Y\u0130RM\u0130 YED\u0130 HAFTALIK HAM\u0130LEL\u0130K"},"content":{"rendered":"\t\t<div data-elementor-type=\"wp-page\" data-elementor-id=\"2134\" class=\"elementor elementor-2134\">\n\t\t\t\t\t\t<section class=\"elementor-section elementor-top-section elementor-element elementor-element-cd1ab45 elementor-section-boxed elementor-section-height-default elementor-section-height-default\" data-id=\"cd1ab45\" data-element_type=\"section\" data-e-type=\"section\">\n\t\t\t\t\t\t<div class=\"elementor-container elementor-column-gap-default\">\n\t\t\t\t\t<div class=\"aux-parallax-section elementor-column elementor-col-100 elementor-top-column elementor-element elementor-element-81e25b1\" data-id=\"81e25b1\" data-element_type=\"column\" data-e-type=\"column\">\n\t\t\t<div class=\"elementor-widget-wrap elementor-element-populated\">\n\t\t\t\t\t\t<div class=\"elementor-element elementor-element-65e689e elementor-widget elementor-widget-heading\" data-id=\"65e689e\" data-element_type=\"widget\" data-e-type=\"widget\" data-widget_type=\"heading.default\">\n\t\t\t\t\t<h2 class=\"elementor-heading-title elementor-size-default\">Y\u0130RM\u0130 YED\u0130 HAFTALIK HAM\u0130LEL\u0130K<\/h2>\t\t\t\t<\/div>\n\t\t\t\t<div class=\"elementor-element elementor-element-7740c40 elementor-widget elementor-widget-text-editor\" data-id=\"7740c40\" data-element_type=\"widget\" data-e-type=\"widget\" data-widget_type=\"text-editor.default\">\n\t\t\t\t\t\t\t\t\t<p><span style=\"font-family: Times New Roman, serif;\"><span style=\"font-size: large;\"><b>Hamileli\u011fin 27. haftas\u0131nda bebek:<\/b><\/span><\/span><span style=\"font-family: Times New Roman, serif;\"><span style=\"font-size: large;\"><br \/>27. gebelik haftas\u0131nda bebe\u011fin boyu yakla\u015f\u0131k 37 cm, a\u011f\u0131rl\u0131\u011f\u0131 875 gram kadard\u0131r.<br \/>Beyin ve akci\u011ferler h\u0131zla geli\u015fmeye devam eder. G\u00f6z kapaklar\u0131 a\u00e7\u0131lmaya ba\u015flar. G\u00f6z\u00fcn retina tabakas\u0131 geli\u015fir ve \u0131\u015f\u0131\u011f\u0131n alg\u0131lanarak beyine iletilmesinde rol al\u0131r. Bu haftada bebe\u011fin dilindeki tat tomurcuklar\u0131 olduk\u00e7a geli\u015fmi\u015ftir, \u00f6rne\u011fin anne \u00e7ok baharatl\u0131, ac\u0131 yiyecekler yedi\u011finde bebek bunu alg\u0131layabilir. <\/span><\/span><span style=\"font-family: Times New Roman, serif;\"><span style=\"font-size: large;\">Bebe\u011finiz d\u00fczenli bir uyan\u0131kl\u0131k ve uyku d\u00f6ng\u00fcs\u00fc geli\u015ftirdi.\u00a0Ne yaz\u0131k ki, seninkiyle ayn\u0131 olmayabilir.<\/span><\/span><\/p><p><span style=\"font-family: Times New Roman, serif;\"><span style=\"font-size: large;\"><b>Hamileli\u011fin 27. haftas\u0131nda anne:<\/b><\/span><\/span><\/p><p><span style=\"font-family: Times New Roman, serif;\"><span style=\"font-size: large;\">Tebrikler!\u00a0\u015eimdi\u00a0\u00fc\u00e7\u00fcnc\u00fc \u00fc\u00e7 ayl\u0131k d\u00f6neme giriyorsunuz.\u00a0Bu haftada bebe\u011finizin daha \u00e7ok hareket etti\u011fini hissedebilirsiniz.\u00a0Bebe\u011finizin hareketlerinin baz\u0131lar\u0131 h\u0131\u00e7k\u0131r\u0131\u011fa ba\u011fl\u0131 olabilirken, di\u011ferleri de bebe\u011finizin aerobik antrenman\u0131na ba\u011fl\u0131 olabilir.\u00a0Bir\u00e7ok kad\u0131n bu hareketleri hissetti\u011fi i\u00e7in rahatlat\u0131r ve bunlar genellikle anne ve \u00e7ocuk aras\u0131ndaki ba\u011flanma s\u00fcrecini g\u00fc\u00e7lendirir. Bebek hareketlerinin anne taraf\u0131ndan takibi \u00f6nemlidir. Normalden az olan hareketleri mutlaka doktorunuz ile payla\u015f\u0131n.<\/span><\/span><\/p><p><span style=\"font-family: Times New Roman, serif;\"><span style=\"font-size: large;\"><b>Babalar i\u00e7in:<\/b><\/span><\/span><\/p><p><span style=\"font-family: Times New Roman, serif;\"><span style=\"font-size: large;\">E\u015finiz hamileli\u011fin son birka\u00e7 haftas\u0131nda zaman ilerledik\u00e7e, yapmas\u0131 zor ve hatta tehlikeli hale gelen baz\u0131 ev i\u015fleri de olabilir.\u00a0E\u015fyalar\u0131 y\u00fcksek raflara yerle\u015ftirmek ve\u00a0k\u00fcvet ya da tuvaleti\u00a0<\/span><\/span><span style=\"color: #0000ff;\"><a href=\"http:\/\/americanpregnancy.org\/pregnancy-health\/cleaning-products\/\" target=\"Temizlik ve Hamilelik\"><span style=\"color: #000000;\"><span style=\"font-family: Times New Roman, serif;\"><span style=\"font-size: large;\">temizlemek<\/span><\/span><\/span><\/a><\/span><span style=\"font-family: Times New Roman, serif;\"><span style=\"font-size: large;\">\u00a0gibi bu g\u00f6revlerde ona yard\u0131mc\u0131 olmay\u0131 teklif edin.\u00a0Bu k\u00fc\u00e7\u00fck jestler b\u00fcy\u00fck bir fark yaratabilir.<\/span><\/span><\/p>\t\t\t\t\t\t\t\t<\/div>\n\t\t\t\t\t<\/div>\n\t\t<\/div>\n\t\t\t\t\t<\/div>\n\t\t<\/section>\n\t\t\t\t<\/div>\n\t\t","protected":false},"excerpt":{"rendered":"<p>Y\u0130RM\u0130 YED\u0130 HAFTALIK HAM\u0130LEL\u0130K Hamileli\u011fin 27. haftas\u0131nda bebek:27. gebelik haftas\u0131nda bebe\u011fin boyu yakla\u015f\u0131k 37 cm, a\u011f\u0131rl\u0131\u011f\u0131 875 gram kadard\u0131r.Beyin ve akci\u011ferler h\u0131zla geli\u015fmeye devam eder. G\u00f6z kapaklar\u0131 a\u00e7\u0131lmaya ba\u015flar. G\u00f6z\u00fcn retina tabakas\u0131 geli\u015fir ve \u0131\u015f\u0131\u011f\u0131n alg\u0131lanarak beyine iletilmesinde rol al\u0131r. Bu haftada bebe\u011fin dilindeki tat tomurcuklar\u0131 olduk\u00e7a geli\u015fmi\u015ftir, \u00f6rne\u011fin anne \u00e7ok baharatl\u0131, ac\u0131 yiyecekler yedi\u011finde [&hellip;]<\/p>\n","protected":false},"author":1,"featured_media":0,"parent":0,"menu_order":0,"comment_status":"closed","ping_status":"closed","template":"","meta":{"footnotes":""},"class_list":["post-2134","page","type-page","status-publish","hentry"],"yoast_head":"<!-- This site is optimized with the Yoast SEO plugin v27.4 - https:\/\/yoast.com\/product\/yoast-seo-wordpress\/ -->\n<title>Y\u0130RM\u0130 YED\u0130 HAFTALIK HAM\u0130LEL\u0130K - T\u00dcL\u0130N KAHVEC\u0130<\/title>\n<meta name=\"description\" content=\"Tebrikler!\u00a0\u015eimdi\u00a0\u00fc\u00e7\u00fcnc\u00fc \u00fc\u00e7 ayl\u0131k d\u00f6neme giriyorsunuz.\u00a0Bu haftada bebe\u011finizin daha \u00e7ok hareket etti\u011fini hissedebilirsiniz.\u00a0\" \/>\n<meta name=\"robots\" content=\"index, follow, max-snippet:-1, max-image-preview:large, max-video-preview:-1\" \/>\n<link rel=\"canonical\" href=\"https:\/\/tulinkahveci.com\/index.php\/yirmi-yedi-haftalik-hamilelik\/\" \/>\n<meta property=\"og:locale\" content=\"tr_TR\" \/>\n<meta property=\"og:type\" content=\"article\" \/>\n<meta property=\"og:title\" content=\"Y\u0130RM\u0130 YED\u0130 HAFTALIK HAM\u0130LEL\u0130K - T\u00dcL\u0130N KAHVEC\u0130\" \/>\n<meta property=\"og:description\" content=\"Tebrikler!\u00a0\u015eimdi\u00a0\u00fc\u00e7\u00fcnc\u00fc \u00fc\u00e7 ayl\u0131k d\u00f6neme giriyorsunuz.\u00a0Bu haftada bebe\u011finizin daha \u00e7ok hareket etti\u011fini hissedebilirsiniz.\u00a0\" \/>\n<meta property=\"og:url\" content=\"https:\/\/tulinkahveci.com\/index.php\/yirmi-yedi-haftalik-hamilelik\/\" \/>\n<meta property=\"og:site_name\" content=\"T\u00dcL\u0130N KAHVEC\u0130\" \/>\n<meta name=\"twitter:card\" content=\"summary_large_image\" \/>\n<meta name=\"twitter:label1\" content=\"Tahmini okuma s\u00fcresi\" \/>\n\t<meta name=\"twitter:data1\" content=\"2 dakika\" \/>\n<script type=\"application\/ld+json\" class=\"yoast-schema-graph\">{\"@context\":\"https:\\\/\\\/schema.org\",\"@graph\":[{\"@type\":\"WebPage\",\"@id\":\"https:\\\/\\\/tulinkahveci.com\\\/index.php\\\/yirmi-yedi-haftalik-hamilelik\\\/\",\"url\":\"https:\\\/\\\/tulinkahveci.com\\\/index.php\\\/yirmi-yedi-haftalik-hamilelik\\\/\",\"name\":\"Y\u0130RM\u0130 YED\u0130 HAFTALIK HAM\u0130LEL\u0130K - T\u00dcL\u0130N KAHVEC\u0130\",\"isPartOf\":{\"@id\":\"https:\\\/\\\/tulinkahveci.com\\\/#website\"},\"datePublished\":\"2025-01-16T14:23:36+00:00\",\"description\":\"Tebrikler!\u00a0\u015eimdi\u00a0\u00fc\u00e7\u00fcnc\u00fc \u00fc\u00e7 ayl\u0131k d\u00f6neme giriyorsunuz.\u00a0Bu haftada bebe\u011finizin daha \u00e7ok hareket etti\u011fini hissedebilirsiniz.\u00a0\",\"breadcrumb\":{\"@id\":\"https:\\\/\\\/tulinkahveci.com\\\/index.php\\\/yirmi-yedi-haftalik-hamilelik\\\/#breadcrumb\"},\"inLanguage\":\"tr\",\"potentialAction\":[{\"@type\":\"ReadAction\",\"target\":[\"https:\\\/\\\/tulinkahveci.com\\\/index.php\\\/yirmi-yedi-haftalik-hamilelik\\\/\"]}]},{\"@type\":\"BreadcrumbList\",\"@id\":\"https:\\\/\\\/tulinkahveci.com\\\/index.php\\\/yirmi-yedi-haftalik-hamilelik\\\/#breadcrumb\",\"itemListElement\":[{\"@type\":\"ListItem\",\"position\":1,\"name\":\"Anasayfa\",\"item\":\"https:\\\/\\\/tulinkahveci.com\\\/\"},{\"@type\":\"ListItem\",\"position\":2,\"name\":\"Y\u0130RM\u0130 YED\u0130 HAFTALIK HAM\u0130LEL\u0130K\"}]},{\"@type\":\"WebSite\",\"@id\":\"https:\\\/\\\/tulinkahveci.com\\\/#website\",\"url\":\"https:\\\/\\\/tulinkahveci.com\\\/\",\"name\":\"T\u00dcL\u0130N KAHVEC\u0130\",\"description\":\"\",\"potentialAction\":[{\"@type\":\"SearchAction\",\"target\":{\"@type\":\"EntryPoint\",\"urlTemplate\":\"https:\\\/\\\/tulinkahveci.com\\\/?s={search_term_string}\"},\"query-input\":{\"@type\":\"PropertyValueSpecification\",\"valueRequired\":true,\"valueName\":\"search_term_string\"}}],\"inLanguage\":\"tr\"}]}<\/script>\n<!-- \/ Yoast SEO plugin. -->","yoast_head_json":{"title":"Y\u0130RM\u0130 YED\u0130 HAFTALIK HAM\u0130LEL\u0130K - T\u00dcL\u0130N KAHVEC\u0130","description":"Tebrikler!\u00a0\u015eimdi\u00a0\u00fc\u00e7\u00fcnc\u00fc \u00fc\u00e7 ayl\u0131k d\u00f6neme giriyorsunuz.\u00a0Bu haftada bebe\u011finizin daha \u00e7ok hareket etti\u011fini hissedebilirsiniz.\u00a0","robots":{"index":"index","follow":"follow","max-snippet":"max-snippet:-1","max-image-preview":"max-image-preview:large","max-video-preview":"max-video-preview:-1"},"canonical":"https:\/\/tulinkahveci.com\/index.php\/yirmi-yedi-haftalik-hamilelik\/","og_locale":"tr_TR","og_type":"article","og_title":"Y\u0130RM\u0130 YED\u0130 HAFTALIK HAM\u0130LEL\u0130K - T\u00dcL\u0130N KAHVEC\u0130","og_description":"Tebrikler!\u00a0\u015eimdi\u00a0\u00fc\u00e7\u00fcnc\u00fc \u00fc\u00e7 ayl\u0131k d\u00f6neme giriyorsunuz.\u00a0Bu haftada bebe\u011finizin daha \u00e7ok hareket etti\u011fini hissedebilirsiniz.\u00a0","og_url":"https:\/\/tulinkahveci.com\/index.php\/yirmi-yedi-haftalik-hamilelik\/","og_site_name":"T\u00dcL\u0130N KAHVEC\u0130","twitter_card":"summary_large_image","twitter_misc":{"Tahmini okuma s\u00fcresi":"2 dakika"},"schema":{"@context":"https:\/\/schema.org","@graph":[{"@type":"WebPage","@id":"https:\/\/tulinkahveci.com\/index.php\/yirmi-yedi-haftalik-hamilelik\/","url":"https:\/\/tulinkahveci.com\/index.php\/yirmi-yedi-haftalik-hamilelik\/","name":"Y\u0130RM\u0130 YED\u0130 HAFTALIK HAM\u0130LEL\u0130K - T\u00dcL\u0130N KAHVEC\u0130","isPartOf":{"@id":"https:\/\/tulinkahveci.com\/#website"},"datePublished":"2025-01-16T14:23:36+00:00","description":"Tebrikler!\u00a0\u015eimdi\u00a0\u00fc\u00e7\u00fcnc\u00fc \u00fc\u00e7 ayl\u0131k d\u00f6neme giriyorsunuz.\u00a0Bu haftada bebe\u011finizin daha \u00e7ok hareket etti\u011fini hissedebilirsiniz.\u00a0","breadcrumb":{"@id":"https:\/\/tulinkahveci.com\/index.php\/yirmi-yedi-haftalik-hamilelik\/#breadcrumb"},"inLanguage":"tr","potentialAction":[{"@type":"ReadAction","target":["https:\/\/tulinkahveci.com\/index.php\/yirmi-yedi-haftalik-hamilelik\/"]}]},{"@type":"BreadcrumbList","@id":"https:\/\/tulinkahveci.com\/index.php\/yirmi-yedi-haftalik-hamilelik\/#breadcrumb","itemListElement":[{"@type":"ListItem","position":1,"name":"Anasayfa","item":"https:\/\/tulinkahveci.com\/"},{"@type":"ListItem","position":2,"name":"Y\u0130RM\u0130 YED\u0130 HAFTALIK HAM\u0130LEL\u0130K"}]},{"@type":"WebSite","@id":"https:\/\/tulinkahveci.com\/#website","url":"https:\/\/tulinkahveci.com\/","name":"T\u00dcL\u0130N KAHVEC\u0130","description":"","potentialAction":[{"@type":"SearchAction","target":{"@type":"EntryPoint","urlTemplate":"https:\/\/tulinkahveci.com\/?s={search_term_string}"},"query-input":{"@type":"PropertyValueSpecification","valueRequired":true,"valueName":"search_term_string"}}],"inLanguage":"tr"}]}},"_links":{"self":[{"href":"https:\/\/tulinkahveci.com\/index.php\/wp-json\/wp\/v2\/pages\/2134","targetHints":{"allow":["GET"]}}],"collection":[{"href":"https:\/\/tulinkahveci.com\/index.php\/wp-json\/wp\/v2\/pages"}],"about":[{"href":"https:\/\/tulinkahveci.com\/index.php\/wp-json\/wp\/v2\/types\/page"}],"author":[{"embeddable":true,"href":"https:\/\/tulinkahveci.com\/index.php\/wp-json\/wp\/v2\/users\/1"}],"replies":[{"embeddable":true,"href":"https:\/\/tulinkahveci.com\/index.php\/wp-json\/wp\/v2\/comments?post=2134"}],"version-history":[{"count":0,"href":"https:\/\/tulinkahveci.com\/index.php\/wp-json\/wp\/v2\/pages\/2134\/revisions"}],"wp:attachment":[{"href":"https:\/\/tulinkahveci.com\/index.php\/wp-json\/wp\/v2\/media?parent=2134"}],"curies":[{"name":"wp","href":"https:\/\/api.w.org\/{rel}","templated":true}]}}