{"id":2152,"date":"2025-01-16T14:22:29","date_gmt":"2025-01-16T14:22:29","guid":{"rendered":"https:\/\/tulinkahveci.com\/?page_id=2152"},"modified":"2025-01-16T14:22:29","modified_gmt":"2025-01-16T14:22:29","slug":"otuz-bir-haftalik-hamilelik","status":"publish","type":"page","link":"https:\/\/tulinkahveci.com\/index.php\/otuz-bir-haftalik-hamilelik\/","title":{"rendered":"OTUZ B\u0130R HAFTALIK HAM\u0130LEL\u0130K"},"content":{"rendered":"\t\t<div data-elementor-type=\"wp-page\" data-elementor-id=\"2152\" class=\"elementor elementor-2152\">\n\t\t\t\t\t\t<section class=\"elementor-section elementor-top-section elementor-element elementor-element-32dc7ee elementor-section-boxed elementor-section-height-default elementor-section-height-default\" data-id=\"32dc7ee\" data-element_type=\"section\" data-e-type=\"section\">\n\t\t\t\t\t\t<div class=\"elementor-container elementor-column-gap-default\">\n\t\t\t\t\t<div class=\"aux-parallax-section elementor-column elementor-col-100 elementor-top-column elementor-element elementor-element-fe24aa1\" data-id=\"fe24aa1\" data-element_type=\"column\" data-e-type=\"column\">\n\t\t\t<div class=\"elementor-widget-wrap elementor-element-populated\">\n\t\t\t\t\t\t<div class=\"elementor-element elementor-element-ff390cb elementor-widget elementor-widget-heading\" data-id=\"ff390cb\" data-element_type=\"widget\" data-e-type=\"widget\" data-widget_type=\"heading.default\">\n\t\t\t\t\t<h2 class=\"elementor-heading-title elementor-size-default\">OTUZ B\u0130R HAFTALIK HAM\u0130LEL\u0130K<\/h2>\t\t\t\t<\/div>\n\t\t\t\t<div class=\"elementor-element elementor-element-31fe6d2 elementor-widget elementor-widget-text-editor\" data-id=\"31fe6d2\" data-element_type=\"widget\" data-e-type=\"widget\" data-widget_type=\"text-editor.default\">\n\t\t\t\t\t\t\t\t\t<p><span style=\"font-family: Times New Roman, serif;\"><span style=\"font-size: large;\"><b>Hamileli\u011fin 31. haftas\u0131nda bebek:<\/b><\/span><\/span><span style=\"font-family: Times New Roman, serif;\"><span style=\"font-size: large;\"><br \/>31. gebelik haftas\u0131nda bebe\u011fin boyu yakla\u015f\u0131k 39-40 cm, a\u011f\u0131rl\u0131\u011f\u0131 1500-1600 gram kadard\u0131r.<br \/><\/span><\/span><span style=\"font-family: Times New Roman, serif;\"><span style=\"font-size: large;\">Bebe\u011finiz cilt alt\u0131nda bir ya\u011f tabakas\u0131 geli\u015ftirmeye devam ediyor.\u00a0Bu da bebe\u011finize yeni do\u011fan g\u00f6r\u00fcn\u00fcm\u00fc kazand\u0131r\u0131r.\u00a0\u00d6n\u00fcm\u00fczdeki birka\u00e7 hafta boyunca bebe\u011finiz daha da fazla kilo almaya ba\u015flayacakt\u0131r. <\/span><\/span><span style=\"font-family: Times New Roman, serif;\"><span style=\"font-size: large;\">Bu haftalarda bebe\u011fin kilo almas\u0131 boy uzamas\u0131ndan daha fazla olur. Bebe\u011fin akci\u011ferleri ve sindirim sistemi hemen hemen tamamen geli\u015fmi\u015ftir. Bebe\u011fin g\u00f6z bebe\u011fi (iris) \u0131\u015f\u0131kta\u00a0geni\u015fleme\u00a0 ve\u00a0daralma yapabilir. Bebe\u011fin cilt alt\u0131nda beyaz ya\u011f depolanmas\u0131ndan dolay\u0131 ciltteki k\u0131rm\u0131z\u0131 renk yerini yeni do\u011fan bebeklerdeki gibi pembe renge b\u0131rak\u0131r. Bebek g\u00fcn i\u00e7erisinde d\u00fczenli hareket etmeye ba\u015flar.<br \/><\/span><\/span><span style=\"font-family: Times New Roman, serif;\"><span style=\"font-size: large;\"><b>Hamileli\u011fin 31. haftas\u0131nda anne:<\/b><\/span><\/span><span style=\"font-family: Times New Roman, serif;\"><span style=\"font-size: large;\"><br \/>Hamileli\u011fin otuz birinci haftas\u0131ndan sonra anne zaman zaman<\/span><\/span><span style=\"font-size: large;\">\u00a0<\/span><span style=\"color: #0000ff;\"><a href=\"http:\/\/www.jinekolojivegebelik.com\/2007\/11\/gerek-ve-yalanci-doum-sancilari.html\"><span style=\"color: #000000;\"><span style=\"font-family: Times New Roman, serif;\"><span style=\"font-size: large;\">yalanc\u0131 do\u011fum sanc\u0131lar\u0131n\u0131<\/span><\/span><\/span><\/a><\/span><span style=\"font-size: large;\">\u00a0<\/span><span style=\"font-family: Times New Roman, serif;\"><span style=\"font-size: large;\">hissedebilir hatta bazen bunlar sadece kas\u0131lma \u015feklinde olabilir yani anne a\u011fr\u0131 veya sanc\u0131 hissetmeden karn\u0131n sertle\u015fmesi olur. Yalanc\u0131 do\u011fum sanc\u0131lar\u0131n\u0131 ger\u00e7ek do\u011fum sanc\u0131s\u0131ndan ay\u0131rt etmek \u00f6nemlidir \u00e7\u00fcnk\u00fc yalanc\u0131 do\u011fum sanc\u0131lar\u0131 rahim a\u011fz\u0131nda a\u00e7\u0131lmaya ve do\u011fuma neden olmazken, ger\u00e7ek sanc\u0131lar buna neden olabilir. Bu haftalarda fazlaca b\u00fcy\u00fcm\u00fc\u015f olan rahim midenin yukarda s\u0131k\u0131\u015fmas\u0131na neden olabilir ve bu da mide yanmas\u0131 ve haz\u0131ms\u0131zl\u0131k gibi belirtilere neden olabilir. Bazen kab\u0131zl\u0131k, artan bask\u0131, uzun s\u00fcreli ayakta kalman\u0131n etkisiyle hemoroidler geli\u015febilir. Bunlara kar\u015f\u0131 diyetin d\u00fczenlenmesi gerekebilir. <\/span><\/span><\/p><p><span style=\"font-family: Times New Roman, serif;\"><span style=\"font-size: medium;\"><span style=\"font-size: large;\">G\u00f6\u011f\u00fcslerinden s\u0131zmaya ba\u015flayan sar\u0131ms\u0131 veya kremsi bir madde fark etmi\u015f olabilirsiniz.\u00a0Bu maddeye kolostrum veya \u00f6n-s\u00fct denir.\u00a0Kolostrum,\u00a0hamilelik s\u0131ras\u0131nda ortaya \u00e7\u0131kan ve bebe\u011fin do\u011fumundan birka\u00e7 g\u00fcn sonra\u00a0sal\u0131nan <\/span><span style=\"color: #0000ff;\"><a href=\"http:\/\/americanpregnancy.org\/first-year-of-life\/whats-in-breastmilk\/\" target=\"Anne s\u00fct\u00fc nedir?\"><span style=\"color: #000000;\"><span style=\"font-size: large;\">anne s\u00fct\u00fcn\u00fcn<\/span><\/span><\/a><\/span><span style=\"font-size: large;\">\u00a0ilk a\u015famas\u0131d\u0131r.<\/span> <span style=\"color: #0000ff;\"><a href=\"http:\/\/americanpregnancy.org\/first-year-of-life\/breastfeeding-overview\/\" target=\"Emzirme: Genel Bak\u0131\u015f\"><span style=\"color: #000000;\"><span style=\"font-size: large;\">Emzirmede<\/span><\/span><\/a><\/span><span style=\"font-size: large;\">\u00a0daha sonra \u00fcretilen s\u00fctten \u00e7ok daha yo\u011fundur.\u00a0Her kad\u0131n kolostrumu s\u0131zd\u0131rmayabilir, ancak her iki \u015fekilde de normal kabul edilir. G\u00fcn i\u00e7inde s\u0131z\u0131nt\u0131 ya\u015f\u0131yorsan\u0131z g\u00f6\u011f\u00fcs pedleri kullanabilirsiniz.<\/span><\/span><\/span><\/p><p><span style=\"font-family: Times New Roman, serif;\"><span style=\"font-size: large;\"><b>Babalar i\u00e7in;<\/b><\/span><\/span><\/p><p><span style=\"font-family: Times New Roman, serif;\"><span style=\"font-size: large;\">Yeni bir bebe\u011fe sahip olmak b\u00fcy\u00fck bir sorumluluktur ve endi\u015fe gibi \u00e7e\u015fitli duygular hissedebilirsiniz.\u00a0Bununla birlikte, sizin ve e\u015finizin potansiyel acil durumlar i\u00e7in haz\u0131rland\u0131\u011f\u0131ndan emin olunarak bu durumun stresi azalt\u0131labilir.<\/span><\/span><\/p>\t\t\t\t\t\t\t\t<\/div>\n\t\t\t\t\t<\/div>\n\t\t<\/div>\n\t\t\t\t\t<\/div>\n\t\t<\/section>\n\t\t\t\t<\/div>\n\t\t","protected":false},"excerpt":{"rendered":"<p>OTUZ B\u0130R HAFTALIK HAM\u0130LEL\u0130K Hamileli\u011fin 31. haftas\u0131nda bebek:31. gebelik haftas\u0131nda bebe\u011fin boyu yakla\u015f\u0131k 39-40 cm, a\u011f\u0131rl\u0131\u011f\u0131 1500-1600 gram kadard\u0131r.Bebe\u011finiz cilt alt\u0131nda bir ya\u011f tabakas\u0131 geli\u015ftirmeye devam ediyor.\u00a0Bu da bebe\u011finize yeni do\u011fan g\u00f6r\u00fcn\u00fcm\u00fc kazand\u0131r\u0131r.\u00a0\u00d6n\u00fcm\u00fczdeki birka\u00e7 hafta boyunca bebe\u011finiz daha da fazla kilo almaya ba\u015flayacakt\u0131r. Bu haftalarda bebe\u011fin kilo almas\u0131 boy uzamas\u0131ndan daha fazla olur. Bebe\u011fin akci\u011ferleri [&hellip;]<\/p>\n","protected":false},"author":1,"featured_media":0,"parent":0,"menu_order":0,"comment_status":"closed","ping_status":"closed","template":"","meta":{"footnotes":""},"class_list":["post-2152","page","type-page","status-publish","hentry"],"yoast_head":"<!-- This site is optimized with the Yoast SEO plugin v27.4 - https:\/\/yoast.com\/product\/yoast-seo-wordpress\/ -->\n<title>OTUZ B\u0130R HAFTALIK HAM\u0130LEL\u0130K - T\u00dcL\u0130N KAHVEC\u0130<\/title>\n<meta name=\"description\" content=\"Bebek g\u00fcn i\u00e7erisinde d\u00fczenli hareket etmeye ba\u015flar.\" \/>\n<meta name=\"robots\" content=\"index, follow, max-snippet:-1, max-image-preview:large, max-video-preview:-1\" \/>\n<link rel=\"canonical\" href=\"https:\/\/tulinkahveci.com\/index.php\/otuz-bir-haftalik-hamilelik\/\" \/>\n<meta property=\"og:locale\" content=\"tr_TR\" \/>\n<meta property=\"og:type\" content=\"article\" \/>\n<meta property=\"og:title\" content=\"OTUZ B\u0130R HAFTALIK HAM\u0130LEL\u0130K - T\u00dcL\u0130N KAHVEC\u0130\" \/>\n<meta property=\"og:description\" content=\"Bebek g\u00fcn i\u00e7erisinde d\u00fczenli hareket etmeye ba\u015flar.\" \/>\n<meta property=\"og:url\" content=\"https:\/\/tulinkahveci.com\/index.php\/otuz-bir-haftalik-hamilelik\/\" \/>\n<meta property=\"og:site_name\" content=\"T\u00dcL\u0130N KAHVEC\u0130\" \/>\n<meta name=\"twitter:card\" content=\"summary_large_image\" \/>\n<meta name=\"twitter:label1\" content=\"Tahmini okuma s\u00fcresi\" \/>\n\t<meta name=\"twitter:data1\" content=\"2 dakika\" \/>\n<script type=\"application\/ld+json\" class=\"yoast-schema-graph\">{\"@context\":\"https:\\\/\\\/schema.org\",\"@graph\":[{\"@type\":\"WebPage\",\"@id\":\"https:\\\/\\\/tulinkahveci.com\\\/index.php\\\/otuz-bir-haftalik-hamilelik\\\/\",\"url\":\"https:\\\/\\\/tulinkahveci.com\\\/index.php\\\/otuz-bir-haftalik-hamilelik\\\/\",\"name\":\"OTUZ B\u0130R HAFTALIK HAM\u0130LEL\u0130K - T\u00dcL\u0130N KAHVEC\u0130\",\"isPartOf\":{\"@id\":\"https:\\\/\\\/tulinkahveci.com\\\/#website\"},\"datePublished\":\"2025-01-16T14:22:29+00:00\",\"description\":\"Bebek g\u00fcn i\u00e7erisinde d\u00fczenli hareket etmeye ba\u015flar.\",\"breadcrumb\":{\"@id\":\"https:\\\/\\\/tulinkahveci.com\\\/index.php\\\/otuz-bir-haftalik-hamilelik\\\/#breadcrumb\"},\"inLanguage\":\"tr\",\"potentialAction\":[{\"@type\":\"ReadAction\",\"target\":[\"https:\\\/\\\/tulinkahveci.com\\\/index.php\\\/otuz-bir-haftalik-hamilelik\\\/\"]}]},{\"@type\":\"BreadcrumbList\",\"@id\":\"https:\\\/\\\/tulinkahveci.com\\\/index.php\\\/otuz-bir-haftalik-hamilelik\\\/#breadcrumb\",\"itemListElement\":[{\"@type\":\"ListItem\",\"position\":1,\"name\":\"Anasayfa\",\"item\":\"https:\\\/\\\/tulinkahveci.com\\\/\"},{\"@type\":\"ListItem\",\"position\":2,\"name\":\"OTUZ B\u0130R HAFTALIK HAM\u0130LEL\u0130K\"}]},{\"@type\":\"WebSite\",\"@id\":\"https:\\\/\\\/tulinkahveci.com\\\/#website\",\"url\":\"https:\\\/\\\/tulinkahveci.com\\\/\",\"name\":\"T\u00dcL\u0130N KAHVEC\u0130\",\"description\":\"\",\"potentialAction\":[{\"@type\":\"SearchAction\",\"target\":{\"@type\":\"EntryPoint\",\"urlTemplate\":\"https:\\\/\\\/tulinkahveci.com\\\/?s={search_term_string}\"},\"query-input\":{\"@type\":\"PropertyValueSpecification\",\"valueRequired\":true,\"valueName\":\"search_term_string\"}}],\"inLanguage\":\"tr\"}]}<\/script>\n<!-- \/ Yoast SEO plugin. -->","yoast_head_json":{"title":"OTUZ B\u0130R HAFTALIK HAM\u0130LEL\u0130K - T\u00dcL\u0130N KAHVEC\u0130","description":"Bebek g\u00fcn i\u00e7erisinde d\u00fczenli hareket etmeye ba\u015flar.","robots":{"index":"index","follow":"follow","max-snippet":"max-snippet:-1","max-image-preview":"max-image-preview:large","max-video-preview":"max-video-preview:-1"},"canonical":"https:\/\/tulinkahveci.com\/index.php\/otuz-bir-haftalik-hamilelik\/","og_locale":"tr_TR","og_type":"article","og_title":"OTUZ B\u0130R HAFTALIK HAM\u0130LEL\u0130K - T\u00dcL\u0130N KAHVEC\u0130","og_description":"Bebek g\u00fcn i\u00e7erisinde d\u00fczenli hareket etmeye ba\u015flar.","og_url":"https:\/\/tulinkahveci.com\/index.php\/otuz-bir-haftalik-hamilelik\/","og_site_name":"T\u00dcL\u0130N KAHVEC\u0130","twitter_card":"summary_large_image","twitter_misc":{"Tahmini okuma s\u00fcresi":"2 dakika"},"schema":{"@context":"https:\/\/schema.org","@graph":[{"@type":"WebPage","@id":"https:\/\/tulinkahveci.com\/index.php\/otuz-bir-haftalik-hamilelik\/","url":"https:\/\/tulinkahveci.com\/index.php\/otuz-bir-haftalik-hamilelik\/","name":"OTUZ B\u0130R HAFTALIK HAM\u0130LEL\u0130K - T\u00dcL\u0130N KAHVEC\u0130","isPartOf":{"@id":"https:\/\/tulinkahveci.com\/#website"},"datePublished":"2025-01-16T14:22:29+00:00","description":"Bebek g\u00fcn i\u00e7erisinde d\u00fczenli hareket etmeye ba\u015flar.","breadcrumb":{"@id":"https:\/\/tulinkahveci.com\/index.php\/otuz-bir-haftalik-hamilelik\/#breadcrumb"},"inLanguage":"tr","potentialAction":[{"@type":"ReadAction","target":["https:\/\/tulinkahveci.com\/index.php\/otuz-bir-haftalik-hamilelik\/"]}]},{"@type":"BreadcrumbList","@id":"https:\/\/tulinkahveci.com\/index.php\/otuz-bir-haftalik-hamilelik\/#breadcrumb","itemListElement":[{"@type":"ListItem","position":1,"name":"Anasayfa","item":"https:\/\/tulinkahveci.com\/"},{"@type":"ListItem","position":2,"name":"OTUZ B\u0130R HAFTALIK HAM\u0130LEL\u0130K"}]},{"@type":"WebSite","@id":"https:\/\/tulinkahveci.com\/#website","url":"https:\/\/tulinkahveci.com\/","name":"T\u00dcL\u0130N KAHVEC\u0130","description":"","potentialAction":[{"@type":"SearchAction","target":{"@type":"EntryPoint","urlTemplate":"https:\/\/tulinkahveci.com\/?s={search_term_string}"},"query-input":{"@type":"PropertyValueSpecification","valueRequired":true,"valueName":"search_term_string"}}],"inLanguage":"tr"}]}},"_links":{"self":[{"href":"https:\/\/tulinkahveci.com\/index.php\/wp-json\/wp\/v2\/pages\/2152","targetHints":{"allow":["GET"]}}],"collection":[{"href":"https:\/\/tulinkahveci.com\/index.php\/wp-json\/wp\/v2\/pages"}],"about":[{"href":"https:\/\/tulinkahveci.com\/index.php\/wp-json\/wp\/v2\/types\/page"}],"author":[{"embeddable":true,"href":"https:\/\/tulinkahveci.com\/index.php\/wp-json\/wp\/v2\/users\/1"}],"replies":[{"embeddable":true,"href":"https:\/\/tulinkahveci.com\/index.php\/wp-json\/wp\/v2\/comments?post=2152"}],"version-history":[{"count":0,"href":"https:\/\/tulinkahveci.com\/index.php\/wp-json\/wp\/v2\/pages\/2152\/revisions"}],"wp:attachment":[{"href":"https:\/\/tulinkahveci.com\/index.php\/wp-json\/wp\/v2\/media?parent=2152"}],"curies":[{"name":"wp","href":"https:\/\/api.w.org\/{rel}","templated":true}]}}