{"id":2157,"date":"2025-01-16T14:21:57","date_gmt":"2025-01-16T14:21:57","guid":{"rendered":"https:\/\/tulinkahveci.com\/?page_id=2157"},"modified":"2025-01-16T14:21:57","modified_gmt":"2025-01-16T14:21:57","slug":"otuz-iki-haftalik-hamilelik","status":"publish","type":"page","link":"https:\/\/tulinkahveci.com\/index.php\/otuz-iki-haftalik-hamilelik\/","title":{"rendered":"OTUZ \u0130K\u0130 \u00a0HAFTALIK HAM\u0130LEL\u0130K"},"content":{"rendered":"\t\t<div data-elementor-type=\"wp-page\" data-elementor-id=\"2157\" class=\"elementor elementor-2157\">\n\t\t\t\t\t\t<section class=\"elementor-section elementor-top-section elementor-element elementor-element-639da39 elementor-section-boxed elementor-section-height-default elementor-section-height-default\" data-id=\"639da39\" data-element_type=\"section\" data-e-type=\"section\">\n\t\t\t\t\t\t<div class=\"elementor-container elementor-column-gap-default\">\n\t\t\t\t\t<div class=\"aux-parallax-section elementor-column elementor-col-100 elementor-top-column elementor-element elementor-element-acf6957\" data-id=\"acf6957\" data-element_type=\"column\" data-e-type=\"column\">\n\t\t\t<div class=\"elementor-widget-wrap elementor-element-populated\">\n\t\t\t\t\t\t<div class=\"elementor-element elementor-element-7538c2e elementor-widget elementor-widget-heading\" data-id=\"7538c2e\" data-element_type=\"widget\" data-e-type=\"widget\" data-widget_type=\"heading.default\">\n\t\t\t\t\t<h2 class=\"elementor-heading-title elementor-size-default\">OTUZ \u0130K\u0130 \u00a0HAFTALIK HAM\u0130LEL\u0130K <\/h2>\t\t\t\t<\/div>\n\t\t\t\t<div class=\"elementor-element elementor-element-76b0395 elementor-widget elementor-widget-text-editor\" data-id=\"76b0395\" data-element_type=\"widget\" data-e-type=\"widget\" data-widget_type=\"text-editor.default\">\n\t\t\t\t\t\t\t\t\t<p><span style=\"font-family: Times New Roman, serif;\"><span style=\"font-size: large;\"><b>Hamileli\u011fin 32. haftas\u0131nda bebek:<\/b><\/span><\/span><span style=\"font-family: Times New Roman, serif;\"><span style=\"font-size: large;\"><br \/>Otuz ikinci gebelik haftas\u0131nda bebe\u011fin boyu yakla\u015f\u0131k 40-42 cm, a\u011f\u0131rl\u0131\u011f\u0131 1700-1800 gram kadard\u0131r.<br \/>Bebek g\u00fcn\u00fcn neredeyse %90-95&#8217;ini uyuyarak ge\u00e7irir. Bebe\u011fin sa\u00e7lar\u0131 olduk\u00e7a uzam\u0131\u015ft\u0131r. Ayak t\u0131rnaklar\u0131 tamamen geli\u015fmi\u015ftir. Bebe\u011fin cilt alt\u0131nda ya\u011f dokusu artt\u0131\u011f\u0131 i\u00e7in cildi iyice kal\u0131nla\u015f\u0131r ve pembele\u015fir. Bebe\u011fin y\u00fcz\u00fcndeki k\u0131r\u0131\u015f\u0131kl\u0131klar azal\u0131r. Do\u011fduktan sonra kendisine gerekecek baz\u0131 hareketlerin egzersizlerini yapmaya devam eder, tekme atma, emme, yutma, soluk alma gibi&#8230; <\/span><\/span><span style=\"font-family: Times New Roman, serif;\"><span style=\"font-size: large;\">Bebe\u011finizin iskeleti tamamen olu\u015ftu, ama kemikleri hala \u00e7ok yumu\u015fak ve esnek.<\/span><\/span><span style=\"font-family: Times New Roman, serif;\"><span style=\"font-size: large;\"><br \/><br \/><\/span><\/span><span style=\"font-family: Times New Roman, serif;\"><span style=\"font-size: large;\"><b>Hamileli\u011fin 32. haftas\u0131nda anne:<\/b><\/span><\/span><span style=\"font-family: Times New Roman, serif;\"><span style=\"font-size: large;\"><br \/>Hamileli\u011fin otuz ikinci haftas\u0131 civar\u0131nda anne aday\u0131 g\u00f6bek deli\u011finin d\u0131\u015far\u0131 do\u011fru \u00e7\u0131kt\u0131\u011f\u0131n\u0131 fark edebilir. Bu bir problem de\u011fildir, rahmin b\u00fcy\u00fcmesiyle olu\u015fan bas\u0131n\u00e7tan dolay\u0131 d\u0131\u015far\u0131 do\u011fru \u00e7\u0131kar, do\u011fumdan sonra eski haline d\u00f6ner.<\/span><\/span><\/p><p><span style=\"font-family: Times New Roman, serif;\"><span style=\"font-size: medium;\"><span style=\"font-size: large;\">Uterusunuzun \u00fcst k\u0131sm\u0131 \u00e7ok y\u00fcksek oldu\u011fu i\u00e7in, nefes almakta zorlanmaya ba\u015flayabilir veya nefes darl\u0131\u011f\u0131 hissedebilirsiniz. Bu, b\u00fcy\u00fcyen uterusunuzun\u00a0<\/span><span style=\"color: #0000ff;\"><a href=\"http:\/\/americanpregnancy.org\/preventingpregnancy\/diaphragm\/\" target=\"Diyafram\"><span style=\"color: #000000;\"><span style=\"font-size: large;\">diyafram\u0131n\u0131za<\/span><\/span><\/a><\/span><span style=\"font-size: large;\"> yapt\u0131\u011f\u0131 bask\u0131dan kaynaklan\u0131r.\u00a0Bu ayn\u0131 bas\u0131n\u00e7 artan miktarda\u00a0<\/span><span style=\"color: #0000ff;\"><a href=\"http:\/\/americanpregnancy.org\/pregnancy-health\/heartburn-during-pregnancy\/\" target=\"Hamilelik ve Mide ek\u015fimesi\"><span style=\"color: #000000;\"><span style=\"font-size: large;\">mide ek\u015fimesine<\/span><\/span><\/a><\/span><span style=\"font-size: large;\"> de\u00a0neden olabilir.<\/span><\/span><\/span><\/p><p><span style=\"font-family: Times New Roman, serif;\"><span style=\"font-size: large;\">\u00c7al\u0131\u015fan anneler bu haftada yasal olarak do\u011fum \u00f6ncesi izine ayr\u0131labilirler. E\u011fer sa\u011fl\u0131k probleminiz yok ve doktorunuz uygun g\u00f6r\u00fcrse do\u011fum \u00f6ncesi \u00e7al\u0131\u015fabilir raporu alarak 37. haftaya kadar \u00e7al\u0131\u015fabilirsiniz. Aradaki 5 haftay\u0131 do\u011fum sonras\u0131na aktarabilirsiniz.<\/span><\/span><\/p><p><span style=\"font-family: Times New Roman, serif;\"><span style=\"font-size: large;\"><b>Babalar i\u00e7in;<\/b><\/span><\/span><\/p><p><span style=\"font-family: Times New Roman, serif;\"><span style=\"font-size: large;\">Bebe\u011finizin do\u011fdu\u011fu zaman hayat\u0131n\u0131z\u0131n nas\u0131l g\u00f6r\u00fcnmesini istedi\u011finizi d\u00fc\u015f\u00fcnmeye ba\u015flay\u0131n. Bebe\u011finizin do\u011fumunda bulunmak istiyorsan\u0131z, \u00f6zellikle i\u015f i\u00e7in seyahat ediyorsan\u0131z, biraz planlama yapmak gerekebilir.<\/span><\/span><\/p>\t\t\t\t\t\t\t\t<\/div>\n\t\t\t\t\t<\/div>\n\t\t<\/div>\n\t\t\t\t\t<\/div>\n\t\t<\/section>\n\t\t\t\t<\/div>\n\t\t","protected":false},"excerpt":{"rendered":"<p>OTUZ \u0130K\u0130 \u00a0HAFTALIK HAM\u0130LEL\u0130K Hamileli\u011fin 32. haftas\u0131nda bebek:Otuz ikinci gebelik haftas\u0131nda bebe\u011fin boyu yakla\u015f\u0131k 40-42 cm, a\u011f\u0131rl\u0131\u011f\u0131 1700-1800 gram kadard\u0131r.Bebek g\u00fcn\u00fcn neredeyse %90-95&#8217;ini uyuyarak ge\u00e7irir. Bebe\u011fin sa\u00e7lar\u0131 olduk\u00e7a uzam\u0131\u015ft\u0131r. Ayak t\u0131rnaklar\u0131 tamamen geli\u015fmi\u015ftir. Bebe\u011fin cilt alt\u0131nda ya\u011f dokusu artt\u0131\u011f\u0131 i\u00e7in cildi iyice kal\u0131nla\u015f\u0131r ve pembele\u015fir. Bebe\u011fin y\u00fcz\u00fcndeki k\u0131r\u0131\u015f\u0131kl\u0131klar azal\u0131r. Do\u011fduktan sonra kendisine gerekecek baz\u0131 hareketlerin [&hellip;]<\/p>\n","protected":false},"author":1,"featured_media":0,"parent":0,"menu_order":0,"comment_status":"closed","ping_status":"closed","template":"","meta":{"footnotes":""},"class_list":["post-2157","page","type-page","status-publish","hentry"],"yoast_head":"<!-- This site is optimized with the Yoast SEO plugin v27.4 - https:\/\/yoast.com\/product\/yoast-seo-wordpress\/ -->\n<title>OTUZ \u0130K\u0130 \u00a0HAFTALIK HAM\u0130LEL\u0130K - T\u00dcL\u0130N KAHVEC\u0130<\/title>\n<meta name=\"description\" content=\"Bebe\u011finizin iskeleti tamamen olu\u015ftu, ama kemikleri hala \u00e7ok yumu\u015fak ve esnek.\" \/>\n<meta name=\"robots\" content=\"index, follow, max-snippet:-1, max-image-preview:large, max-video-preview:-1\" \/>\n<link rel=\"canonical\" href=\"https:\/\/tulinkahveci.com\/index.php\/otuz-iki-haftalik-hamilelik\/\" \/>\n<meta property=\"og:locale\" content=\"tr_TR\" \/>\n<meta property=\"og:type\" content=\"article\" \/>\n<meta property=\"og:title\" content=\"OTUZ \u0130K\u0130 \u00a0HAFTALIK HAM\u0130LEL\u0130K - T\u00dcL\u0130N KAHVEC\u0130\" \/>\n<meta property=\"og:description\" content=\"Bebe\u011finizin iskeleti tamamen olu\u015ftu, ama kemikleri hala \u00e7ok yumu\u015fak ve esnek.\" \/>\n<meta property=\"og:url\" content=\"https:\/\/tulinkahveci.com\/index.php\/otuz-iki-haftalik-hamilelik\/\" \/>\n<meta property=\"og:site_name\" content=\"T\u00dcL\u0130N KAHVEC\u0130\" \/>\n<meta name=\"twitter:card\" content=\"summary_large_image\" \/>\n<meta name=\"twitter:label1\" content=\"Tahmini okuma s\u00fcresi\" \/>\n\t<meta name=\"twitter:data1\" content=\"2 dakika\" \/>\n<script type=\"application\/ld+json\" class=\"yoast-schema-graph\">{\"@context\":\"https:\\\/\\\/schema.org\",\"@graph\":[{\"@type\":\"WebPage\",\"@id\":\"https:\\\/\\\/tulinkahveci.com\\\/index.php\\\/otuz-iki-haftalik-hamilelik\\\/\",\"url\":\"https:\\\/\\\/tulinkahveci.com\\\/index.php\\\/otuz-iki-haftalik-hamilelik\\\/\",\"name\":\"OTUZ \u0130K\u0130 \u00a0HAFTALIK HAM\u0130LEL\u0130K - T\u00dcL\u0130N KAHVEC\u0130\",\"isPartOf\":{\"@id\":\"https:\\\/\\\/tulinkahveci.com\\\/#website\"},\"datePublished\":\"2025-01-16T14:21:57+00:00\",\"description\":\"Bebe\u011finizin iskeleti tamamen olu\u015ftu, ama kemikleri hala \u00e7ok yumu\u015fak ve esnek.\",\"breadcrumb\":{\"@id\":\"https:\\\/\\\/tulinkahveci.com\\\/index.php\\\/otuz-iki-haftalik-hamilelik\\\/#breadcrumb\"},\"inLanguage\":\"tr\",\"potentialAction\":[{\"@type\":\"ReadAction\",\"target\":[\"https:\\\/\\\/tulinkahveci.com\\\/index.php\\\/otuz-iki-haftalik-hamilelik\\\/\"]}]},{\"@type\":\"BreadcrumbList\",\"@id\":\"https:\\\/\\\/tulinkahveci.com\\\/index.php\\\/otuz-iki-haftalik-hamilelik\\\/#breadcrumb\",\"itemListElement\":[{\"@type\":\"ListItem\",\"position\":1,\"name\":\"Anasayfa\",\"item\":\"https:\\\/\\\/tulinkahveci.com\\\/\"},{\"@type\":\"ListItem\",\"position\":2,\"name\":\"OTUZ \u0130K\u0130 \u00a0HAFTALIK HAM\u0130LEL\u0130K\"}]},{\"@type\":\"WebSite\",\"@id\":\"https:\\\/\\\/tulinkahveci.com\\\/#website\",\"url\":\"https:\\\/\\\/tulinkahveci.com\\\/\",\"name\":\"T\u00dcL\u0130N KAHVEC\u0130\",\"description\":\"\",\"potentialAction\":[{\"@type\":\"SearchAction\",\"target\":{\"@type\":\"EntryPoint\",\"urlTemplate\":\"https:\\\/\\\/tulinkahveci.com\\\/?s={search_term_string}\"},\"query-input\":{\"@type\":\"PropertyValueSpecification\",\"valueRequired\":true,\"valueName\":\"search_term_string\"}}],\"inLanguage\":\"tr\"}]}<\/script>\n<!-- \/ Yoast SEO plugin. -->","yoast_head_json":{"title":"OTUZ \u0130K\u0130 \u00a0HAFTALIK HAM\u0130LEL\u0130K - T\u00dcL\u0130N KAHVEC\u0130","description":"Bebe\u011finizin iskeleti tamamen olu\u015ftu, ama kemikleri hala \u00e7ok yumu\u015fak ve esnek.","robots":{"index":"index","follow":"follow","max-snippet":"max-snippet:-1","max-image-preview":"max-image-preview:large","max-video-preview":"max-video-preview:-1"},"canonical":"https:\/\/tulinkahveci.com\/index.php\/otuz-iki-haftalik-hamilelik\/","og_locale":"tr_TR","og_type":"article","og_title":"OTUZ \u0130K\u0130 \u00a0HAFTALIK HAM\u0130LEL\u0130K - T\u00dcL\u0130N KAHVEC\u0130","og_description":"Bebe\u011finizin iskeleti tamamen olu\u015ftu, ama kemikleri hala \u00e7ok yumu\u015fak ve esnek.","og_url":"https:\/\/tulinkahveci.com\/index.php\/otuz-iki-haftalik-hamilelik\/","og_site_name":"T\u00dcL\u0130N KAHVEC\u0130","twitter_card":"summary_large_image","twitter_misc":{"Tahmini okuma s\u00fcresi":"2 dakika"},"schema":{"@context":"https:\/\/schema.org","@graph":[{"@type":"WebPage","@id":"https:\/\/tulinkahveci.com\/index.php\/otuz-iki-haftalik-hamilelik\/","url":"https:\/\/tulinkahveci.com\/index.php\/otuz-iki-haftalik-hamilelik\/","name":"OTUZ \u0130K\u0130 \u00a0HAFTALIK HAM\u0130LEL\u0130K - T\u00dcL\u0130N KAHVEC\u0130","isPartOf":{"@id":"https:\/\/tulinkahveci.com\/#website"},"datePublished":"2025-01-16T14:21:57+00:00","description":"Bebe\u011finizin iskeleti tamamen olu\u015ftu, ama kemikleri hala \u00e7ok yumu\u015fak ve esnek.","breadcrumb":{"@id":"https:\/\/tulinkahveci.com\/index.php\/otuz-iki-haftalik-hamilelik\/#breadcrumb"},"inLanguage":"tr","potentialAction":[{"@type":"ReadAction","target":["https:\/\/tulinkahveci.com\/index.php\/otuz-iki-haftalik-hamilelik\/"]}]},{"@type":"BreadcrumbList","@id":"https:\/\/tulinkahveci.com\/index.php\/otuz-iki-haftalik-hamilelik\/#breadcrumb","itemListElement":[{"@type":"ListItem","position":1,"name":"Anasayfa","item":"https:\/\/tulinkahveci.com\/"},{"@type":"ListItem","position":2,"name":"OTUZ \u0130K\u0130 \u00a0HAFTALIK HAM\u0130LEL\u0130K"}]},{"@type":"WebSite","@id":"https:\/\/tulinkahveci.com\/#website","url":"https:\/\/tulinkahveci.com\/","name":"T\u00dcL\u0130N KAHVEC\u0130","description":"","potentialAction":[{"@type":"SearchAction","target":{"@type":"EntryPoint","urlTemplate":"https:\/\/tulinkahveci.com\/?s={search_term_string}"},"query-input":{"@type":"PropertyValueSpecification","valueRequired":true,"valueName":"search_term_string"}}],"inLanguage":"tr"}]}},"_links":{"self":[{"href":"https:\/\/tulinkahveci.com\/index.php\/wp-json\/wp\/v2\/pages\/2157","targetHints":{"allow":["GET"]}}],"collection":[{"href":"https:\/\/tulinkahveci.com\/index.php\/wp-json\/wp\/v2\/pages"}],"about":[{"href":"https:\/\/tulinkahveci.com\/index.php\/wp-json\/wp\/v2\/types\/page"}],"author":[{"embeddable":true,"href":"https:\/\/tulinkahveci.com\/index.php\/wp-json\/wp\/v2\/users\/1"}],"replies":[{"embeddable":true,"href":"https:\/\/tulinkahveci.com\/index.php\/wp-json\/wp\/v2\/comments?post=2157"}],"version-history":[{"count":0,"href":"https:\/\/tulinkahveci.com\/index.php\/wp-json\/wp\/v2\/pages\/2157\/revisions"}],"wp:attachment":[{"href":"https:\/\/tulinkahveci.com\/index.php\/wp-json\/wp\/v2\/media?parent=2157"}],"curies":[{"name":"wp","href":"https:\/\/api.w.org\/{rel}","templated":true}]}}