{"id":2162,"date":"2025-01-16T14:17:17","date_gmt":"2025-01-16T14:17:17","guid":{"rendered":"https:\/\/tulinkahveci.com\/?page_id=2162"},"modified":"2025-01-16T14:17:17","modified_gmt":"2025-01-16T14:17:17","slug":"otuz-dort-haftalik-hamilelik","status":"publish","type":"page","link":"https:\/\/tulinkahveci.com\/index.php\/otuz-dort-haftalik-hamilelik\/","title":{"rendered":"OTUZ D\u00d6RT HAFTALIK HAM\u0130LEL\u0130K"},"content":{"rendered":"\t\t<div data-elementor-type=\"wp-page\" data-elementor-id=\"2162\" class=\"elementor elementor-2162\">\n\t\t\t\t\t\t<section class=\"elementor-section elementor-top-section elementor-element elementor-element-424ce51 elementor-section-boxed elementor-section-height-default elementor-section-height-default\" data-id=\"424ce51\" data-element_type=\"section\" data-e-type=\"section\">\n\t\t\t\t\t\t<div class=\"elementor-container elementor-column-gap-default\">\n\t\t\t\t\t<div class=\"aux-parallax-section elementor-column elementor-col-100 elementor-top-column elementor-element elementor-element-befefcf\" data-id=\"befefcf\" data-element_type=\"column\" data-e-type=\"column\">\n\t\t\t<div class=\"elementor-widget-wrap elementor-element-populated\">\n\t\t\t\t\t\t<div class=\"elementor-element elementor-element-bb53b4d elementor-widget elementor-widget-heading\" data-id=\"bb53b4d\" data-element_type=\"widget\" data-e-type=\"widget\" data-widget_type=\"heading.default\">\n\t\t\t\t\t<h2 class=\"elementor-heading-title elementor-size-default\">OTUZ D\u00d6RT HAFTALIK HAM\u0130LEL\u0130K<\/h2>\t\t\t\t<\/div>\n\t\t\t\t<div class=\"elementor-element elementor-element-804710a elementor-widget elementor-widget-text-editor\" data-id=\"804710a\" data-element_type=\"widget\" data-e-type=\"widget\" data-widget_type=\"text-editor.default\">\n\t\t\t\t\t\t\t\t\t<p><span style=\"color: #000000;\"><span style=\"font-family: Times New Roman, serif;\"><span style=\"font-size: large;\"><b>Hamileli\u011fin 34. haftas\u0131nda bebek:<\/b><\/span><\/span><\/span><span style=\"color: #000000;\"><span style=\"font-family: Times New Roman, serif;\"><span style=\"font-size: large;\"><br \/>34. gebelik haftas\u0131nda bebe\u011fin boyu yakla\u015f\u0131k 44-45 cm, a\u011f\u0131rl\u0131\u011f\u0131 2150-2300 gram kadard\u0131r.<br \/>Otuz d\u00f6rd\u00fcnc\u00fc haftada bebek art\u0131k yeni do\u011fmu\u015f bebekler gibi uyurken g\u00f6z kapaklar\u0131n\u0131 kapat\u0131r ve uyand\u0131\u011f\u0131nda a\u00e7ar. Bebe\u011fin ba\u011f\u0131\u015f\u0131kl\u0131k sistemi enfeksiyonlarla m\u00fccadele edebilmesi i\u00e7in geli\u015fir. Bebe\u011fin el t\u0131rnaklar\u0131 olduk\u00e7a uzam\u0131\u015ft\u0131r. Bebek eliyle cisimleri s\u0131k\u0131ca tutabilecek hale gelmi\u015ftir. Bu haftada bebe\u011fin akci\u011fer ve di\u011fer organlar\u0131 olduk\u00e7a olgunla\u015fm\u0131\u015ft\u0131r o y\u00fczden bu haftadan itibaren do\u011fan bebeklerde solunum s\u0131k\u0131nt\u0131s\u0131 ve di\u011fer problemler \u00e7ok az g\u00f6r\u00fcl\u00fcr.<\/span><\/span><\/span><\/p><p><span style=\"color: #000000;\"><span style=\"font-family: Times New Roman, serif;\"><span style=\"font-size: large;\"><b>Hamileli\u011fin 34. haftas\u0131nda anne:<\/b><\/span><\/span><\/span><\/p><p><span style=\"color: #000000;\"><span style=\"font-family: Times New Roman, serif;\"><span style=\"font-size: large;\">Y\u00fcr\u00fcme ve hareketler zorla\u015fsa da bebek hareketlerinizi saymay\u0131 unutmay\u0131n. Bu haftadan sonra seyahat \u00e7ok \u00f6nerilmemektedir.<\/span><\/span><\/span><\/p><p><span style=\"color: #000000;\"><span style=\"font-family: Times New Roman, serif;\"><span style=\"font-size: large;\">Do\u011fum \u00e7antan\u0131z\u0131 haz\u0131rlamay\u0131 unutmay\u0131n.<\/span><\/span><\/span><\/p><p><span style=\"color: #000000;\"><span style=\"font-family: Times New Roman, serif;\"><span style=\"font-size: large;\">Bu haftada rahim kas\u0131lmalar\u0131 ve bebek hareketlerini takip i\u00e7in doktorunuz taraf\u0131ndan NST( Non Stress Test) \u00e7ekilmesi \u00f6nerilebilir. NST \u00f6ncesi yemek yemeyi unutmay\u0131n. <\/span><\/span><\/span><\/p><p><span style=\"color: #000000;\"><span style=\"font-family: Times New Roman, serif;\"><span style=\"font-size: large;\"><b>Babalar i\u00e7in;<\/b><\/span><\/span><\/span><\/p><p><span style=\"color: #000000;\"><span style=\"font-family: Times New Roman, serif;\"><span style=\"font-size: large;\">E\u015finiz ile birlikte y\u00fcr\u00fcy\u00fc\u015f yapabilirsiniz. Do\u011fum \u00e7antas\u0131n\u0131 haz\u0131rlamada e\u015finize yard\u0131mc\u0131 olabilirsiniz.<\/span><\/span><\/span><\/p>\t\t\t\t\t\t\t\t<\/div>\n\t\t\t\t\t<\/div>\n\t\t<\/div>\n\t\t\t\t\t<\/div>\n\t\t<\/section>\n\t\t\t\t<\/div>\n\t\t","protected":false},"excerpt":{"rendered":"<p>OTUZ D\u00d6RT HAFTALIK HAM\u0130LEL\u0130K Hamileli\u011fin 34. haftas\u0131nda bebek:34. gebelik haftas\u0131nda bebe\u011fin boyu yakla\u015f\u0131k 44-45 cm, a\u011f\u0131rl\u0131\u011f\u0131 2150-2300 gram kadard\u0131r.Otuz d\u00f6rd\u00fcnc\u00fc haftada bebek art\u0131k yeni do\u011fmu\u015f bebekler gibi uyurken g\u00f6z kapaklar\u0131n\u0131 kapat\u0131r ve uyand\u0131\u011f\u0131nda a\u00e7ar. Bebe\u011fin ba\u011f\u0131\u015f\u0131kl\u0131k sistemi enfeksiyonlarla m\u00fccadele edebilmesi i\u00e7in geli\u015fir. Bebe\u011fin el t\u0131rnaklar\u0131 olduk\u00e7a uzam\u0131\u015ft\u0131r. Bebek eliyle cisimleri s\u0131k\u0131ca tutabilecek hale gelmi\u015ftir. Bu [&hellip;]<\/p>\n","protected":false},"author":1,"featured_media":0,"parent":0,"menu_order":0,"comment_status":"closed","ping_status":"closed","template":"","meta":{"footnotes":""},"class_list":["post-2162","page","type-page","status-publish","hentry"],"yoast_head":"<!-- This site is optimized with the Yoast SEO plugin v27.4 - https:\/\/yoast.com\/product\/yoast-seo-wordpress\/ -->\n<title>OTUZ D\u00d6RT HAFTALIK HAM\u0130LEL\u0130K - T\u00dcL\u0130N KAHVEC\u0130<\/title>\n<meta name=\"description\" content=\"Bebe\u011fin akci\u011fer ve di\u011fer organlar\u0131 olduk\u00e7a olgunla\u015fm\u0131\u015ft\u0131r bu haftadan itibaren do\u011fan bebeklerde solunum s\u0131k\u0131nt\u0131s\u0131 ve daha az g\u00f6r\u00fcl\u00fcr.\" \/>\n<meta name=\"robots\" content=\"index, follow, max-snippet:-1, max-image-preview:large, max-video-preview:-1\" \/>\n<link rel=\"canonical\" href=\"https:\/\/tulinkahveci.com\/index.php\/otuz-dort-haftalik-hamilelik\/\" \/>\n<meta property=\"og:locale\" content=\"tr_TR\" \/>\n<meta property=\"og:type\" content=\"article\" \/>\n<meta property=\"og:title\" content=\"OTUZ D\u00d6RT HAFTALIK HAM\u0130LEL\u0130K - T\u00dcL\u0130N KAHVEC\u0130\" \/>\n<meta property=\"og:description\" content=\"Bebe\u011fin akci\u011fer ve di\u011fer organlar\u0131 olduk\u00e7a olgunla\u015fm\u0131\u015ft\u0131r bu haftadan itibaren do\u011fan bebeklerde solunum s\u0131k\u0131nt\u0131s\u0131 ve daha az g\u00f6r\u00fcl\u00fcr.\" \/>\n<meta property=\"og:url\" content=\"https:\/\/tulinkahveci.com\/index.php\/otuz-dort-haftalik-hamilelik\/\" \/>\n<meta property=\"og:site_name\" content=\"T\u00dcL\u0130N KAHVEC\u0130\" \/>\n<meta name=\"twitter:card\" content=\"summary_large_image\" \/>\n<meta name=\"twitter:label1\" content=\"Tahmini okuma s\u00fcresi\" \/>\n\t<meta name=\"twitter:data1\" content=\"1 dakika\" \/>\n<script type=\"application\/ld+json\" class=\"yoast-schema-graph\">{\"@context\":\"https:\\\/\\\/schema.org\",\"@graph\":[{\"@type\":\"WebPage\",\"@id\":\"https:\\\/\\\/tulinkahveci.com\\\/index.php\\\/otuz-dort-haftalik-hamilelik\\\/\",\"url\":\"https:\\\/\\\/tulinkahveci.com\\\/index.php\\\/otuz-dort-haftalik-hamilelik\\\/\",\"name\":\"OTUZ D\u00d6RT HAFTALIK HAM\u0130LEL\u0130K - T\u00dcL\u0130N KAHVEC\u0130\",\"isPartOf\":{\"@id\":\"https:\\\/\\\/tulinkahveci.com\\\/#website\"},\"datePublished\":\"2025-01-16T14:17:17+00:00\",\"description\":\"Bebe\u011fin akci\u011fer ve di\u011fer organlar\u0131 olduk\u00e7a olgunla\u015fm\u0131\u015ft\u0131r bu haftadan itibaren do\u011fan bebeklerde solunum s\u0131k\u0131nt\u0131s\u0131 ve daha az g\u00f6r\u00fcl\u00fcr.\",\"breadcrumb\":{\"@id\":\"https:\\\/\\\/tulinkahveci.com\\\/index.php\\\/otuz-dort-haftalik-hamilelik\\\/#breadcrumb\"},\"inLanguage\":\"tr\",\"potentialAction\":[{\"@type\":\"ReadAction\",\"target\":[\"https:\\\/\\\/tulinkahveci.com\\\/index.php\\\/otuz-dort-haftalik-hamilelik\\\/\"]}]},{\"@type\":\"BreadcrumbList\",\"@id\":\"https:\\\/\\\/tulinkahveci.com\\\/index.php\\\/otuz-dort-haftalik-hamilelik\\\/#breadcrumb\",\"itemListElement\":[{\"@type\":\"ListItem\",\"position\":1,\"name\":\"Anasayfa\",\"item\":\"https:\\\/\\\/tulinkahveci.com\\\/\"},{\"@type\":\"ListItem\",\"position\":2,\"name\":\"OTUZ D\u00d6RT HAFTALIK HAM\u0130LEL\u0130K\"}]},{\"@type\":\"WebSite\",\"@id\":\"https:\\\/\\\/tulinkahveci.com\\\/#website\",\"url\":\"https:\\\/\\\/tulinkahveci.com\\\/\",\"name\":\"T\u00dcL\u0130N KAHVEC\u0130\",\"description\":\"\",\"potentialAction\":[{\"@type\":\"SearchAction\",\"target\":{\"@type\":\"EntryPoint\",\"urlTemplate\":\"https:\\\/\\\/tulinkahveci.com\\\/?s={search_term_string}\"},\"query-input\":{\"@type\":\"PropertyValueSpecification\",\"valueRequired\":true,\"valueName\":\"search_term_string\"}}],\"inLanguage\":\"tr\"}]}<\/script>\n<!-- \/ Yoast SEO plugin. -->","yoast_head_json":{"title":"OTUZ D\u00d6RT HAFTALIK HAM\u0130LEL\u0130K - T\u00dcL\u0130N KAHVEC\u0130","description":"Bebe\u011fin akci\u011fer ve di\u011fer organlar\u0131 olduk\u00e7a olgunla\u015fm\u0131\u015ft\u0131r bu haftadan itibaren do\u011fan bebeklerde solunum s\u0131k\u0131nt\u0131s\u0131 ve daha az g\u00f6r\u00fcl\u00fcr.","robots":{"index":"index","follow":"follow","max-snippet":"max-snippet:-1","max-image-preview":"max-image-preview:large","max-video-preview":"max-video-preview:-1"},"canonical":"https:\/\/tulinkahveci.com\/index.php\/otuz-dort-haftalik-hamilelik\/","og_locale":"tr_TR","og_type":"article","og_title":"OTUZ D\u00d6RT HAFTALIK HAM\u0130LEL\u0130K - T\u00dcL\u0130N KAHVEC\u0130","og_description":"Bebe\u011fin akci\u011fer ve di\u011fer organlar\u0131 olduk\u00e7a olgunla\u015fm\u0131\u015ft\u0131r bu haftadan itibaren do\u011fan bebeklerde solunum s\u0131k\u0131nt\u0131s\u0131 ve daha az g\u00f6r\u00fcl\u00fcr.","og_url":"https:\/\/tulinkahveci.com\/index.php\/otuz-dort-haftalik-hamilelik\/","og_site_name":"T\u00dcL\u0130N KAHVEC\u0130","twitter_card":"summary_large_image","twitter_misc":{"Tahmini okuma s\u00fcresi":"1 dakika"},"schema":{"@context":"https:\/\/schema.org","@graph":[{"@type":"WebPage","@id":"https:\/\/tulinkahveci.com\/index.php\/otuz-dort-haftalik-hamilelik\/","url":"https:\/\/tulinkahveci.com\/index.php\/otuz-dort-haftalik-hamilelik\/","name":"OTUZ D\u00d6RT HAFTALIK HAM\u0130LEL\u0130K - T\u00dcL\u0130N KAHVEC\u0130","isPartOf":{"@id":"https:\/\/tulinkahveci.com\/#website"},"datePublished":"2025-01-16T14:17:17+00:00","description":"Bebe\u011fin akci\u011fer ve di\u011fer organlar\u0131 olduk\u00e7a olgunla\u015fm\u0131\u015ft\u0131r bu haftadan itibaren do\u011fan bebeklerde solunum s\u0131k\u0131nt\u0131s\u0131 ve daha az g\u00f6r\u00fcl\u00fcr.","breadcrumb":{"@id":"https:\/\/tulinkahveci.com\/index.php\/otuz-dort-haftalik-hamilelik\/#breadcrumb"},"inLanguage":"tr","potentialAction":[{"@type":"ReadAction","target":["https:\/\/tulinkahveci.com\/index.php\/otuz-dort-haftalik-hamilelik\/"]}]},{"@type":"BreadcrumbList","@id":"https:\/\/tulinkahveci.com\/index.php\/otuz-dort-haftalik-hamilelik\/#breadcrumb","itemListElement":[{"@type":"ListItem","position":1,"name":"Anasayfa","item":"https:\/\/tulinkahveci.com\/"},{"@type":"ListItem","position":2,"name":"OTUZ D\u00d6RT HAFTALIK HAM\u0130LEL\u0130K"}]},{"@type":"WebSite","@id":"https:\/\/tulinkahveci.com\/#website","url":"https:\/\/tulinkahveci.com\/","name":"T\u00dcL\u0130N KAHVEC\u0130","description":"","potentialAction":[{"@type":"SearchAction","target":{"@type":"EntryPoint","urlTemplate":"https:\/\/tulinkahveci.com\/?s={search_term_string}"},"query-input":{"@type":"PropertyValueSpecification","valueRequired":true,"valueName":"search_term_string"}}],"inLanguage":"tr"}]}},"_links":{"self":[{"href":"https:\/\/tulinkahveci.com\/index.php\/wp-json\/wp\/v2\/pages\/2162","targetHints":{"allow":["GET"]}}],"collection":[{"href":"https:\/\/tulinkahveci.com\/index.php\/wp-json\/wp\/v2\/pages"}],"about":[{"href":"https:\/\/tulinkahveci.com\/index.php\/wp-json\/wp\/v2\/types\/page"}],"author":[{"embeddable":true,"href":"https:\/\/tulinkahveci.com\/index.php\/wp-json\/wp\/v2\/users\/1"}],"replies":[{"embeddable":true,"href":"https:\/\/tulinkahveci.com\/index.php\/wp-json\/wp\/v2\/comments?post=2162"}],"version-history":[{"count":0,"href":"https:\/\/tulinkahveci.com\/index.php\/wp-json\/wp\/v2\/pages\/2162\/revisions"}],"wp:attachment":[{"href":"https:\/\/tulinkahveci.com\/index.php\/wp-json\/wp\/v2\/media?parent=2162"}],"curies":[{"name":"wp","href":"https:\/\/api.w.org\/{rel}","templated":true}]}}