{"id":2163,"date":"2025-01-16T14:21:51","date_gmt":"2025-01-16T14:21:51","guid":{"rendered":"https:\/\/tulinkahveci.com\/?page_id=2163"},"modified":"2025-01-16T14:21:51","modified_gmt":"2025-01-16T14:21:51","slug":"otuz-uc-haftalik-hamilelik","status":"publish","type":"page","link":"https:\/\/tulinkahveci.com\/index.php\/otuz-uc-haftalik-hamilelik\/","title":{"rendered":"OTUZ \u00dc\u00c7 HAFTALIK HAM\u0130LEL\u0130K"},"content":{"rendered":"\t\t<div data-elementor-type=\"wp-page\" data-elementor-id=\"2163\" class=\"elementor elementor-2163\">\n\t\t\t\t\t\t<section class=\"elementor-section elementor-top-section elementor-element elementor-element-c4a8e40 elementor-section-boxed elementor-section-height-default elementor-section-height-default\" data-id=\"c4a8e40\" data-element_type=\"section\" data-e-type=\"section\">\n\t\t\t\t\t\t<div class=\"elementor-container elementor-column-gap-default\">\n\t\t\t\t\t<div class=\"aux-parallax-section elementor-column elementor-col-100 elementor-top-column elementor-element elementor-element-14965bf\" data-id=\"14965bf\" data-element_type=\"column\" data-e-type=\"column\">\n\t\t\t<div class=\"elementor-widget-wrap elementor-element-populated\">\n\t\t\t\t\t\t<div class=\"elementor-element elementor-element-456b45e elementor-widget elementor-widget-heading\" data-id=\"456b45e\" data-element_type=\"widget\" data-e-type=\"widget\" data-widget_type=\"heading.default\">\n\t\t\t\t\t<h2 class=\"elementor-heading-title elementor-size-default\">OTUZ \u00dc\u00c7 HAFTALIK HAM\u0130LEL\u0130K<\/h2>\t\t\t\t<\/div>\n\t\t\t\t<div class=\"elementor-element elementor-element-d7e41e6 elementor-widget elementor-widget-text-editor\" data-id=\"d7e41e6\" data-element_type=\"widget\" data-e-type=\"widget\" data-widget_type=\"text-editor.default\">\n\t\t\t\t\t\t\t\t\t<p><span style=\"color: #000000;\"><span style=\"font-family: Times New Roman, serif;\"><span style=\"font-size: large;\"><b>Hamileli\u011fin 33. haftas\u0131nda bebek:<\/b><\/span><\/span><\/span><span style=\"color: #000000;\"><span style=\"font-family: Times New Roman, serif;\"><span style=\"font-size: large;\"><br \/>33. gebelik haftas\u0131nda bebe\u011fin boyu yakla\u015f\u0131k 42-43 cm, a\u011f\u0131rl\u0131\u011f\u0131 1900-2000 gram kadard\u0131r.<br \/>Otuz \u00fc\u00e7\u00fcnc\u00fc hafta bebe\u011fin i\u00e7erisinde bulundu\u011fu amnion s\u0131v\u0131s\u0131n\u0131n en fazla miktara ula\u015ft\u0131\u011f\u0131 haftad\u0131r, bu haftadan sonra s\u0131v\u0131n\u0131n bir miktar azalmas\u0131 do\u011fald\u0131r. Su azalaca\u011f\u0131 i\u00e7in bu haftadan sonra bebek hareketlerinde biraz azalma meydana gelebilir. Beyin geli\u015fimi ve bebe\u011fin kafa \u00e7ap\u0131 artar. Ciltte pembe renk de\u011fi\u015fikli\u011fine neden olan ya\u011f depolanmas\u0131 devam eder.<br \/>Bebe\u011fin kafa kemikleri hari\u00e7 di\u011fer kemiklerinin hepsi sertle\u015fmeye devam eder \u00e7\u00fcnk\u00fc do\u011fum s\u0131ras\u0131nda kafa kemiklerinin esnek olmas\u0131 gereklidir.<br \/><\/span><\/span><\/span><span style=\"color: #000000;\"><span style=\"font-family: Times New Roman, serif;\"><span style=\"font-size: large;\"><b>Hamileli\u011fin 33. haftas\u0131nda anne:<\/b><\/span><\/span><\/span><span style=\"color: #000000;\"><span style=\"font-family: Times New Roman, serif;\"><span style=\"font-size: large;\"><br \/>Hamileli\u011fin otuz \u00fc\u00e7\u00fcnc\u00fc haftas\u0131 civar\u0131nda anne aday\u0131n\u0131n v\u00fccut a\u011f\u0131rl\u0131\u011f\u0131ndaki artma, v\u00fccut a\u011f\u0131rl\u0131k merkezindeki de\u011fi\u015fim, bel kemi\u011fi e\u011fiminde art\u0131\u015f gibi nedenlerle paytak y\u00fcr\u00fcme benzeri bir y\u00fcr\u00fcy\u00fc\u015f de\u011fi\u015fikli\u011fi olu\u015fabilir. Do\u011fumdan sonra eski y\u00fcr\u00fcy\u00fc\u015f \u015fekli hemen geri gelecektir.<br \/>Anne kendisini yorgun, bitkin hissedebilir. E\u011fer kans\u0131zl\u0131k gibi bir neden yoksa bu \u015fikayetlere en iyi \u00e7\u00f6z\u00fcm y\u00fcr\u00fcy\u00fc\u015f ve temiz hava almakt\u0131r. Hareketsiz kald\u0131k\u00e7a ve yatmaya al\u0131\u015ft\u0131k\u00e7a bitkinlik daha da \u00fczerinizden \u00e7\u0131kmaz hale gelecektir.<br \/>Gece uykuya dalma problemleri nedeniyle \u00e7ok az uyuyabilen anne adaylar\u0131 g\u00fcnd\u00fczleri k\u0131sa da olsa uyuyarak din\u00e7 kalmay\u0131 ba\u015farabilirler.<\/span><\/span><\/span><\/p><p><span style=\"color: #000000;\"><span style=\"font-family: Times New Roman, serif;\"><span style=\"font-size: large;\"><b>Babalar i\u00e7in;<\/b><\/span><\/span><\/span><\/p><p><span style=\"color: #000000;\"><span style=\"font-family: Times New Roman, serif;\"><span style=\"font-size: large;\">E\u015finizi emzirme konusunda te\u015fvik edin.<\/span><\/span><\/span><\/p>\t\t\t\t\t\t\t\t<\/div>\n\t\t\t\t\t<\/div>\n\t\t<\/div>\n\t\t\t\t\t<\/div>\n\t\t<\/section>\n\t\t\t\t<\/div>\n\t\t","protected":false},"excerpt":{"rendered":"<p>OTUZ \u00dc\u00c7 HAFTALIK HAM\u0130LEL\u0130K Hamileli\u011fin 33. haftas\u0131nda bebek:33. gebelik haftas\u0131nda bebe\u011fin boyu yakla\u015f\u0131k 42-43 cm, a\u011f\u0131rl\u0131\u011f\u0131 1900-2000 gram kadard\u0131r.Otuz \u00fc\u00e7\u00fcnc\u00fc hafta bebe\u011fin i\u00e7erisinde bulundu\u011fu amnion s\u0131v\u0131s\u0131n\u0131n en fazla miktara ula\u015ft\u0131\u011f\u0131 haftad\u0131r, bu haftadan sonra s\u0131v\u0131n\u0131n bir miktar azalmas\u0131 do\u011fald\u0131r. Su azalaca\u011f\u0131 i\u00e7in bu haftadan sonra bebek hareketlerinde biraz azalma meydana gelebilir. Beyin geli\u015fimi ve bebe\u011fin [&hellip;]<\/p>\n","protected":false},"author":1,"featured_media":0,"parent":0,"menu_order":0,"comment_status":"closed","ping_status":"closed","template":"","meta":{"footnotes":""},"class_list":["post-2163","page","type-page","status-publish","hentry"],"yoast_head":"<!-- This site is optimized with the Yoast SEO plugin v27.4 - https:\/\/yoast.com\/product\/yoast-seo-wordpress\/ -->\n<title>OTUZ \u00dc\u00c7 HAFTALIK HAM\u0130LEL\u0130K - T\u00dcL\u0130N KAHVEC\u0130<\/title>\n<meta name=\"description\" content=\"Bebe\u011fin kafa kemikleri hari\u00e7 di\u011fer kemiklerinin hepsi sertle\u015fmeye devam eder \u00e7\u00fcnk\u00fc do\u011fum s\u0131ras\u0131nda kafa kemiklerinin esnek olmas\u0131 gereklidir.\" \/>\n<meta name=\"robots\" content=\"index, follow, max-snippet:-1, max-image-preview:large, max-video-preview:-1\" \/>\n<link rel=\"canonical\" href=\"https:\/\/tulinkahveci.com\/index.php\/otuz-uc-haftalik-hamilelik\/\" \/>\n<meta property=\"og:locale\" content=\"tr_TR\" \/>\n<meta property=\"og:type\" content=\"article\" \/>\n<meta property=\"og:title\" content=\"OTUZ \u00dc\u00c7 HAFTALIK HAM\u0130LEL\u0130K - T\u00dcL\u0130N KAHVEC\u0130\" \/>\n<meta property=\"og:description\" content=\"Bebe\u011fin kafa kemikleri hari\u00e7 di\u011fer kemiklerinin hepsi sertle\u015fmeye devam eder \u00e7\u00fcnk\u00fc do\u011fum s\u0131ras\u0131nda kafa kemiklerinin esnek olmas\u0131 gereklidir.\" \/>\n<meta property=\"og:url\" content=\"https:\/\/tulinkahveci.com\/index.php\/otuz-uc-haftalik-hamilelik\/\" \/>\n<meta property=\"og:site_name\" content=\"T\u00dcL\u0130N KAHVEC\u0130\" \/>\n<meta name=\"twitter:card\" content=\"summary_large_image\" \/>\n<meta name=\"twitter:label1\" content=\"Tahmini okuma s\u00fcresi\" \/>\n\t<meta name=\"twitter:data1\" content=\"2 dakika\" \/>\n<script type=\"application\/ld+json\" class=\"yoast-schema-graph\">{\"@context\":\"https:\\\/\\\/schema.org\",\"@graph\":[{\"@type\":\"WebPage\",\"@id\":\"https:\\\/\\\/tulinkahveci.com\\\/index.php\\\/otuz-uc-haftalik-hamilelik\\\/\",\"url\":\"https:\\\/\\\/tulinkahveci.com\\\/index.php\\\/otuz-uc-haftalik-hamilelik\\\/\",\"name\":\"OTUZ \u00dc\u00c7 HAFTALIK HAM\u0130LEL\u0130K - T\u00dcL\u0130N KAHVEC\u0130\",\"isPartOf\":{\"@id\":\"https:\\\/\\\/tulinkahveci.com\\\/#website\"},\"datePublished\":\"2025-01-16T14:21:51+00:00\",\"description\":\"Bebe\u011fin kafa kemikleri hari\u00e7 di\u011fer kemiklerinin hepsi sertle\u015fmeye devam eder \u00e7\u00fcnk\u00fc do\u011fum s\u0131ras\u0131nda kafa kemiklerinin esnek olmas\u0131 gereklidir.\",\"breadcrumb\":{\"@id\":\"https:\\\/\\\/tulinkahveci.com\\\/index.php\\\/otuz-uc-haftalik-hamilelik\\\/#breadcrumb\"},\"inLanguage\":\"tr\",\"potentialAction\":[{\"@type\":\"ReadAction\",\"target\":[\"https:\\\/\\\/tulinkahveci.com\\\/index.php\\\/otuz-uc-haftalik-hamilelik\\\/\"]}]},{\"@type\":\"BreadcrumbList\",\"@id\":\"https:\\\/\\\/tulinkahveci.com\\\/index.php\\\/otuz-uc-haftalik-hamilelik\\\/#breadcrumb\",\"itemListElement\":[{\"@type\":\"ListItem\",\"position\":1,\"name\":\"Anasayfa\",\"item\":\"https:\\\/\\\/tulinkahveci.com\\\/\"},{\"@type\":\"ListItem\",\"position\":2,\"name\":\"OTUZ \u00dc\u00c7 HAFTALIK HAM\u0130LEL\u0130K\"}]},{\"@type\":\"WebSite\",\"@id\":\"https:\\\/\\\/tulinkahveci.com\\\/#website\",\"url\":\"https:\\\/\\\/tulinkahveci.com\\\/\",\"name\":\"T\u00dcL\u0130N KAHVEC\u0130\",\"description\":\"\",\"potentialAction\":[{\"@type\":\"SearchAction\",\"target\":{\"@type\":\"EntryPoint\",\"urlTemplate\":\"https:\\\/\\\/tulinkahveci.com\\\/?s={search_term_string}\"},\"query-input\":{\"@type\":\"PropertyValueSpecification\",\"valueRequired\":true,\"valueName\":\"search_term_string\"}}],\"inLanguage\":\"tr\"}]}<\/script>\n<!-- \/ Yoast SEO plugin. -->","yoast_head_json":{"title":"OTUZ \u00dc\u00c7 HAFTALIK HAM\u0130LEL\u0130K - T\u00dcL\u0130N KAHVEC\u0130","description":"Bebe\u011fin kafa kemikleri hari\u00e7 di\u011fer kemiklerinin hepsi sertle\u015fmeye devam eder \u00e7\u00fcnk\u00fc do\u011fum s\u0131ras\u0131nda kafa kemiklerinin esnek olmas\u0131 gereklidir.","robots":{"index":"index","follow":"follow","max-snippet":"max-snippet:-1","max-image-preview":"max-image-preview:large","max-video-preview":"max-video-preview:-1"},"canonical":"https:\/\/tulinkahveci.com\/index.php\/otuz-uc-haftalik-hamilelik\/","og_locale":"tr_TR","og_type":"article","og_title":"OTUZ \u00dc\u00c7 HAFTALIK HAM\u0130LEL\u0130K - T\u00dcL\u0130N KAHVEC\u0130","og_description":"Bebe\u011fin kafa kemikleri hari\u00e7 di\u011fer kemiklerinin hepsi sertle\u015fmeye devam eder \u00e7\u00fcnk\u00fc do\u011fum s\u0131ras\u0131nda kafa kemiklerinin esnek olmas\u0131 gereklidir.","og_url":"https:\/\/tulinkahveci.com\/index.php\/otuz-uc-haftalik-hamilelik\/","og_site_name":"T\u00dcL\u0130N KAHVEC\u0130","twitter_card":"summary_large_image","twitter_misc":{"Tahmini okuma s\u00fcresi":"2 dakika"},"schema":{"@context":"https:\/\/schema.org","@graph":[{"@type":"WebPage","@id":"https:\/\/tulinkahveci.com\/index.php\/otuz-uc-haftalik-hamilelik\/","url":"https:\/\/tulinkahveci.com\/index.php\/otuz-uc-haftalik-hamilelik\/","name":"OTUZ \u00dc\u00c7 HAFTALIK HAM\u0130LEL\u0130K - T\u00dcL\u0130N KAHVEC\u0130","isPartOf":{"@id":"https:\/\/tulinkahveci.com\/#website"},"datePublished":"2025-01-16T14:21:51+00:00","description":"Bebe\u011fin kafa kemikleri hari\u00e7 di\u011fer kemiklerinin hepsi sertle\u015fmeye devam eder \u00e7\u00fcnk\u00fc do\u011fum s\u0131ras\u0131nda kafa kemiklerinin esnek olmas\u0131 gereklidir.","breadcrumb":{"@id":"https:\/\/tulinkahveci.com\/index.php\/otuz-uc-haftalik-hamilelik\/#breadcrumb"},"inLanguage":"tr","potentialAction":[{"@type":"ReadAction","target":["https:\/\/tulinkahveci.com\/index.php\/otuz-uc-haftalik-hamilelik\/"]}]},{"@type":"BreadcrumbList","@id":"https:\/\/tulinkahveci.com\/index.php\/otuz-uc-haftalik-hamilelik\/#breadcrumb","itemListElement":[{"@type":"ListItem","position":1,"name":"Anasayfa","item":"https:\/\/tulinkahveci.com\/"},{"@type":"ListItem","position":2,"name":"OTUZ \u00dc\u00c7 HAFTALIK HAM\u0130LEL\u0130K"}]},{"@type":"WebSite","@id":"https:\/\/tulinkahveci.com\/#website","url":"https:\/\/tulinkahveci.com\/","name":"T\u00dcL\u0130N KAHVEC\u0130","description":"","potentialAction":[{"@type":"SearchAction","target":{"@type":"EntryPoint","urlTemplate":"https:\/\/tulinkahveci.com\/?s={search_term_string}"},"query-input":{"@type":"PropertyValueSpecification","valueRequired":true,"valueName":"search_term_string"}}],"inLanguage":"tr"}]}},"_links":{"self":[{"href":"https:\/\/tulinkahveci.com\/index.php\/wp-json\/wp\/v2\/pages\/2163","targetHints":{"allow":["GET"]}}],"collection":[{"href":"https:\/\/tulinkahveci.com\/index.php\/wp-json\/wp\/v2\/pages"}],"about":[{"href":"https:\/\/tulinkahveci.com\/index.php\/wp-json\/wp\/v2\/types\/page"}],"author":[{"embeddable":true,"href":"https:\/\/tulinkahveci.com\/index.php\/wp-json\/wp\/v2\/users\/1"}],"replies":[{"embeddable":true,"href":"https:\/\/tulinkahveci.com\/index.php\/wp-json\/wp\/v2\/comments?post=2163"}],"version-history":[{"count":0,"href":"https:\/\/tulinkahveci.com\/index.php\/wp-json\/wp\/v2\/pages\/2163\/revisions"}],"wp:attachment":[{"href":"https:\/\/tulinkahveci.com\/index.php\/wp-json\/wp\/v2\/media?parent=2163"}],"curies":[{"name":"wp","href":"https:\/\/api.w.org\/{rel}","templated":true}]}}