{"id":2172,"date":"2025-01-16T14:16:56","date_gmt":"2025-01-16T14:16:56","guid":{"rendered":"https:\/\/tulinkahveci.com\/?page_id=2172"},"modified":"2025-01-16T14:16:56","modified_gmt":"2025-01-16T14:16:56","slug":"otuz-bes-haftalik-hamilelik","status":"publish","type":"page","link":"https:\/\/tulinkahveci.com\/index.php\/otuz-bes-haftalik-hamilelik\/","title":{"rendered":"OTUZ BE\u015e HAFTALIK HAM\u0130LEL\u0130K"},"content":{"rendered":"\t\t<div data-elementor-type=\"wp-page\" data-elementor-id=\"2172\" class=\"elementor elementor-2172\">\n\t\t\t\t\t\t<section class=\"elementor-section elementor-top-section elementor-element elementor-element-c8bd09f elementor-section-boxed elementor-section-height-default elementor-section-height-default\" data-id=\"c8bd09f\" data-element_type=\"section\" data-e-type=\"section\">\n\t\t\t\t\t\t<div class=\"elementor-container elementor-column-gap-default\">\n\t\t\t\t\t<div class=\"aux-parallax-section elementor-column elementor-col-100 elementor-top-column elementor-element elementor-element-d827f57\" data-id=\"d827f57\" data-element_type=\"column\" data-e-type=\"column\">\n\t\t\t<div class=\"elementor-widget-wrap elementor-element-populated\">\n\t\t\t\t\t\t<div class=\"elementor-element elementor-element-a1d7591 elementor-widget elementor-widget-heading\" data-id=\"a1d7591\" data-element_type=\"widget\" data-e-type=\"widget\" data-widget_type=\"heading.default\">\n\t\t\t\t\t<h2 class=\"elementor-heading-title elementor-size-default\">OTUZ BE\u015e HAFTALIK HAM\u0130LEL\u0130K<\/h2>\t\t\t\t<\/div>\n\t\t\t\t<div class=\"elementor-element elementor-element-2d2cf2f elementor-widget elementor-widget-text-editor\" data-id=\"2d2cf2f\" data-element_type=\"widget\" data-e-type=\"widget\" data-widget_type=\"text-editor.default\">\n\t\t\t\t\t\t\t\t\t<p><span style=\"font-family: Times New Roman, serif;\"><span style=\"font-size: large;\"><b>Hamileli\u011fin 35. haftas\u0131nda bebek:<\/b><\/span><\/span><span style=\"font-family: Times New Roman, serif;\"><span style=\"font-size: large;\"><br \/>35. gebelik haftas\u0131nda bebe\u011fin boyu yakla\u015f\u0131k 43-46 cm, a\u011f\u0131rl\u0131\u011f\u0131 2400-2700 gram kadard\u0131r.<br \/><\/span><\/span><span style=\"font-family: Times New Roman, serif;\"><span style=\"font-size: large;\">Bebe\u011finizin b\u00f6brekleri tamamen geli\u015fir. <\/span><\/span><span style=\"font-family: Times New Roman, serif;\"><span style=\"font-size: large;\">Otuz be\u015finci haftada ya\u011f dokusundaki art\u0131\u015f devam ederken bebe\u011fin el ve ayaklar\u0131 tombulla\u015f\u0131r. Erkek bebeklerde testisler d\u0131\u015far\u0131ya \u00e7\u0131k\u0131\u015flar\u0131n\u0131 tamamlar. Bu haftadan sonra art\u0131k bebek rahim i\u00e7erisinde olduk\u00e7a fazla yer kaplar ve bu nedenle hareket edecek fazla alan kalmaz, annenin bebe\u011fin hareketlerinde azalma hissetmesi bu nedenledir. <\/span><\/span><span style=\"font-family: Times New Roman, serif;\"><span style=\"font-size: large;\">\u00a0<\/span><\/span><\/p><p><span style=\"font-family: Times New Roman, serif;\"><span style=\"font-size: large;\"><b>Hamileli\u011fin 35. haftas\u0131nda anne:<\/b><\/span><\/span><\/p><p><span style=\"font-family: Times New Roman, serif;\"><span style=\"font-size: large;\">Anne g\u00fcnde birka\u00e7 kere karn\u0131nda se\u011firme, kas\u0131lma benzeri sertle\u015fmeler hissedebilir. Bebek hareketlerini takip etmeyi unutmay\u0131n. <\/span><\/span><\/p><p><span style=\"font-family: Times New Roman, serif;\"><span style=\"font-size: large;\">Nefes darl\u0131\u011f\u0131 hissettiyseniz, bunun nedeni muhtemelen rahminizin g\u00f6\u011f\u00fcs kafesinin alt\u0131nda olmas\u0131 ve nefes almakta g\u00fc\u00e7l\u00fck \u00e7ekmenizdir.\u00a0Hamileli\u011finizin sonuna do\u011fru bebe\u011finiz a\u015fa\u011f\u0131 yerle\u015fece\u011finden\u00a0<\/span><\/span><span style=\"color: #0000ff;\"><a href=\"http:\/\/americanpregnancy.org\/preventing-pregnancy\/diaphragm\/\" target=\"Diyafram\"><span style=\"color: #000000;\"><span style=\"font-family: Times New Roman, serif;\"><span style=\"font-size: large;\">diyafram\u0131n\u0131zdaki<\/span><\/span><\/span><\/a><\/span><span style=\"font-family: Times New Roman, serif;\"><span style=\"font-size: large;\">\u00a0bas\u0131n\u00e7 azalacakt\u0131r.\u00a0Bu durum, nefes darl\u0131\u011f\u0131 hissetmenize yard\u0131mc\u0131 olsa da mesanenizdeki bask\u0131y\u0131 art\u0131rabilir, bu da banyoya daha fazla seyahat yapman\u0131za neden olur sa\u011flar.<\/span><\/span><\/p><p><span style=\"font-family: Times New Roman, serif;\"><span style=\"font-size: large;\"><b>Babalar i\u00e7in;<\/b><\/span><\/span><\/p><p><span style=\"font-family: Times New Roman, serif;\"><span style=\"font-size: large;\">\u00c7ocuk doktoru bulmada e\u015finize yard\u0131mc\u0131 olabilirsiniz.<\/span><\/span><\/p>\t\t\t\t\t\t\t\t<\/div>\n\t\t\t\t\t<\/div>\n\t\t<\/div>\n\t\t\t\t\t<\/div>\n\t\t<\/section>\n\t\t\t\t<\/div>\n\t\t","protected":false},"excerpt":{"rendered":"<p>OTUZ BE\u015e HAFTALIK HAM\u0130LEL\u0130K Hamileli\u011fin 35. haftas\u0131nda bebek:35. gebelik haftas\u0131nda bebe\u011fin boyu yakla\u015f\u0131k 43-46 cm, a\u011f\u0131rl\u0131\u011f\u0131 2400-2700 gram kadard\u0131r.Bebe\u011finizin b\u00f6brekleri tamamen geli\u015fir. Otuz be\u015finci haftada ya\u011f dokusundaki art\u0131\u015f devam ederken bebe\u011fin el ve ayaklar\u0131 tombulla\u015f\u0131r. Erkek bebeklerde testisler d\u0131\u015far\u0131ya \u00e7\u0131k\u0131\u015flar\u0131n\u0131 tamamlar. Bu haftadan sonra art\u0131k bebek rahim i\u00e7erisinde olduk\u00e7a fazla yer kaplar ve bu nedenle [&hellip;]<\/p>\n","protected":false},"author":1,"featured_media":0,"parent":0,"menu_order":0,"comment_status":"closed","ping_status":"closed","template":"","meta":{"footnotes":""},"class_list":["post-2172","page","type-page","status-publish","hentry"],"yoast_head":"<!-- This site is optimized with the Yoast SEO plugin v27.4 - https:\/\/yoast.com\/product\/yoast-seo-wordpress\/ -->\n<title>OTUZ BE\u015e HAFTALIK HAM\u0130LEL\u0130K - T\u00dcL\u0130N KAHVEC\u0130<\/title>\n<meta name=\"description\" content=\"bebek rahim i\u00e7erisinde olduk\u00e7a fazla yer kaplar ve hareket edecek alan azal\u0131r, annenin bebe\u011fin hareketlerinde azalma hissetmesi bu nedenledir.\" \/>\n<meta name=\"robots\" content=\"index, follow, max-snippet:-1, max-image-preview:large, max-video-preview:-1\" \/>\n<link rel=\"canonical\" href=\"https:\/\/tulinkahveci.com\/index.php\/otuz-bes-haftalik-hamilelik\/\" \/>\n<meta property=\"og:locale\" content=\"tr_TR\" \/>\n<meta property=\"og:type\" content=\"article\" \/>\n<meta property=\"og:title\" content=\"OTUZ BE\u015e HAFTALIK HAM\u0130LEL\u0130K - T\u00dcL\u0130N KAHVEC\u0130\" \/>\n<meta property=\"og:description\" content=\"bebek rahim i\u00e7erisinde olduk\u00e7a fazla yer kaplar ve hareket edecek alan azal\u0131r, annenin bebe\u011fin hareketlerinde azalma hissetmesi bu nedenledir.\" \/>\n<meta property=\"og:url\" content=\"https:\/\/tulinkahveci.com\/index.php\/otuz-bes-haftalik-hamilelik\/\" \/>\n<meta property=\"og:site_name\" content=\"T\u00dcL\u0130N KAHVEC\u0130\" \/>\n<meta name=\"twitter:card\" content=\"summary_large_image\" \/>\n<meta name=\"twitter:label1\" content=\"Tahmini okuma s\u00fcresi\" \/>\n\t<meta name=\"twitter:data1\" content=\"1 dakika\" \/>\n<script type=\"application\/ld+json\" class=\"yoast-schema-graph\">{\"@context\":\"https:\\\/\\\/schema.org\",\"@graph\":[{\"@type\":\"WebPage\",\"@id\":\"https:\\\/\\\/tulinkahveci.com\\\/index.php\\\/otuz-bes-haftalik-hamilelik\\\/\",\"url\":\"https:\\\/\\\/tulinkahveci.com\\\/index.php\\\/otuz-bes-haftalik-hamilelik\\\/\",\"name\":\"OTUZ BE\u015e HAFTALIK HAM\u0130LEL\u0130K - T\u00dcL\u0130N KAHVEC\u0130\",\"isPartOf\":{\"@id\":\"https:\\\/\\\/tulinkahveci.com\\\/#website\"},\"datePublished\":\"2025-01-16T14:16:56+00:00\",\"description\":\"bebek rahim i\u00e7erisinde olduk\u00e7a fazla yer kaplar ve hareket edecek alan azal\u0131r, annenin bebe\u011fin hareketlerinde azalma hissetmesi bu nedenledir.\",\"breadcrumb\":{\"@id\":\"https:\\\/\\\/tulinkahveci.com\\\/index.php\\\/otuz-bes-haftalik-hamilelik\\\/#breadcrumb\"},\"inLanguage\":\"tr\",\"potentialAction\":[{\"@type\":\"ReadAction\",\"target\":[\"https:\\\/\\\/tulinkahveci.com\\\/index.php\\\/otuz-bes-haftalik-hamilelik\\\/\"]}]},{\"@type\":\"BreadcrumbList\",\"@id\":\"https:\\\/\\\/tulinkahveci.com\\\/index.php\\\/otuz-bes-haftalik-hamilelik\\\/#breadcrumb\",\"itemListElement\":[{\"@type\":\"ListItem\",\"position\":1,\"name\":\"Anasayfa\",\"item\":\"https:\\\/\\\/tulinkahveci.com\\\/\"},{\"@type\":\"ListItem\",\"position\":2,\"name\":\"OTUZ BE\u015e HAFTALIK HAM\u0130LEL\u0130K\"}]},{\"@type\":\"WebSite\",\"@id\":\"https:\\\/\\\/tulinkahveci.com\\\/#website\",\"url\":\"https:\\\/\\\/tulinkahveci.com\\\/\",\"name\":\"T\u00dcL\u0130N KAHVEC\u0130\",\"description\":\"\",\"potentialAction\":[{\"@type\":\"SearchAction\",\"target\":{\"@type\":\"EntryPoint\",\"urlTemplate\":\"https:\\\/\\\/tulinkahveci.com\\\/?s={search_term_string}\"},\"query-input\":{\"@type\":\"PropertyValueSpecification\",\"valueRequired\":true,\"valueName\":\"search_term_string\"}}],\"inLanguage\":\"tr\"}]}<\/script>\n<!-- \/ Yoast SEO plugin. -->","yoast_head_json":{"title":"OTUZ BE\u015e HAFTALIK HAM\u0130LEL\u0130K - T\u00dcL\u0130N KAHVEC\u0130","description":"bebek rahim i\u00e7erisinde olduk\u00e7a fazla yer kaplar ve hareket edecek alan azal\u0131r, annenin bebe\u011fin hareketlerinde azalma hissetmesi bu nedenledir.","robots":{"index":"index","follow":"follow","max-snippet":"max-snippet:-1","max-image-preview":"max-image-preview:large","max-video-preview":"max-video-preview:-1"},"canonical":"https:\/\/tulinkahveci.com\/index.php\/otuz-bes-haftalik-hamilelik\/","og_locale":"tr_TR","og_type":"article","og_title":"OTUZ BE\u015e HAFTALIK HAM\u0130LEL\u0130K - T\u00dcL\u0130N KAHVEC\u0130","og_description":"bebek rahim i\u00e7erisinde olduk\u00e7a fazla yer kaplar ve hareket edecek alan azal\u0131r, annenin bebe\u011fin hareketlerinde azalma hissetmesi bu nedenledir.","og_url":"https:\/\/tulinkahveci.com\/index.php\/otuz-bes-haftalik-hamilelik\/","og_site_name":"T\u00dcL\u0130N KAHVEC\u0130","twitter_card":"summary_large_image","twitter_misc":{"Tahmini okuma s\u00fcresi":"1 dakika"},"schema":{"@context":"https:\/\/schema.org","@graph":[{"@type":"WebPage","@id":"https:\/\/tulinkahveci.com\/index.php\/otuz-bes-haftalik-hamilelik\/","url":"https:\/\/tulinkahveci.com\/index.php\/otuz-bes-haftalik-hamilelik\/","name":"OTUZ BE\u015e HAFTALIK HAM\u0130LEL\u0130K - T\u00dcL\u0130N KAHVEC\u0130","isPartOf":{"@id":"https:\/\/tulinkahveci.com\/#website"},"datePublished":"2025-01-16T14:16:56+00:00","description":"bebek rahim i\u00e7erisinde olduk\u00e7a fazla yer kaplar ve hareket edecek alan azal\u0131r, annenin bebe\u011fin hareketlerinde azalma hissetmesi bu nedenledir.","breadcrumb":{"@id":"https:\/\/tulinkahveci.com\/index.php\/otuz-bes-haftalik-hamilelik\/#breadcrumb"},"inLanguage":"tr","potentialAction":[{"@type":"ReadAction","target":["https:\/\/tulinkahveci.com\/index.php\/otuz-bes-haftalik-hamilelik\/"]}]},{"@type":"BreadcrumbList","@id":"https:\/\/tulinkahveci.com\/index.php\/otuz-bes-haftalik-hamilelik\/#breadcrumb","itemListElement":[{"@type":"ListItem","position":1,"name":"Anasayfa","item":"https:\/\/tulinkahveci.com\/"},{"@type":"ListItem","position":2,"name":"OTUZ BE\u015e HAFTALIK HAM\u0130LEL\u0130K"}]},{"@type":"WebSite","@id":"https:\/\/tulinkahveci.com\/#website","url":"https:\/\/tulinkahveci.com\/","name":"T\u00dcL\u0130N KAHVEC\u0130","description":"","potentialAction":[{"@type":"SearchAction","target":{"@type":"EntryPoint","urlTemplate":"https:\/\/tulinkahveci.com\/?s={search_term_string}"},"query-input":{"@type":"PropertyValueSpecification","valueRequired":true,"valueName":"search_term_string"}}],"inLanguage":"tr"}]}},"_links":{"self":[{"href":"https:\/\/tulinkahveci.com\/index.php\/wp-json\/wp\/v2\/pages\/2172","targetHints":{"allow":["GET"]}}],"collection":[{"href":"https:\/\/tulinkahveci.com\/index.php\/wp-json\/wp\/v2\/pages"}],"about":[{"href":"https:\/\/tulinkahveci.com\/index.php\/wp-json\/wp\/v2\/types\/page"}],"author":[{"embeddable":true,"href":"https:\/\/tulinkahveci.com\/index.php\/wp-json\/wp\/v2\/users\/1"}],"replies":[{"embeddable":true,"href":"https:\/\/tulinkahveci.com\/index.php\/wp-json\/wp\/v2\/comments?post=2172"}],"version-history":[{"count":0,"href":"https:\/\/tulinkahveci.com\/index.php\/wp-json\/wp\/v2\/pages\/2172\/revisions"}],"wp:attachment":[{"href":"https:\/\/tulinkahveci.com\/index.php\/wp-json\/wp\/v2\/media?parent=2172"}],"curies":[{"name":"wp","href":"https:\/\/api.w.org\/{rel}","templated":true}]}}