{"id":2189,"date":"2025-01-16T14:16:39","date_gmt":"2025-01-16T14:16:39","guid":{"rendered":"https:\/\/tulinkahveci.com\/?page_id=2189"},"modified":"2025-01-16T14:16:39","modified_gmt":"2025-01-16T14:16:39","slug":"otuz-alti-haftalik-hamilelik","status":"publish","type":"page","link":"https:\/\/tulinkahveci.com\/index.php\/otuz-alti-haftalik-hamilelik\/","title":{"rendered":"OTUZ ALTI HAFTALIK HAM\u0130LEL\u0130K"},"content":{"rendered":"\t\t<div data-elementor-type=\"wp-page\" data-elementor-id=\"2189\" class=\"elementor elementor-2189\">\n\t\t\t\t\t\t<section class=\"elementor-section elementor-top-section elementor-element elementor-element-fbbb618 elementor-section-boxed elementor-section-height-default elementor-section-height-default\" data-id=\"fbbb618\" data-element_type=\"section\" data-e-type=\"section\">\n\t\t\t\t\t\t<div class=\"elementor-container elementor-column-gap-default\">\n\t\t\t\t\t<div class=\"aux-parallax-section elementor-column elementor-col-100 elementor-top-column elementor-element elementor-element-ad7499c\" data-id=\"ad7499c\" data-element_type=\"column\" data-e-type=\"column\">\n\t\t\t<div class=\"elementor-widget-wrap elementor-element-populated\">\n\t\t\t\t\t\t<div class=\"elementor-element elementor-element-747381b elementor-widget elementor-widget-heading\" data-id=\"747381b\" data-element_type=\"widget\" data-e-type=\"widget\" data-widget_type=\"heading.default\">\n\t\t\t\t\t<h2 class=\"elementor-heading-title elementor-size-default\">OTUZ ALTI HAFTALIK HAM\u0130LEL\u0130K<\/h2>\t\t\t\t<\/div>\n\t\t\t\t<div class=\"elementor-element elementor-element-8ef2b5f elementor-widget elementor-widget-text-editor\" data-id=\"8ef2b5f\" data-element_type=\"widget\" data-e-type=\"widget\" data-widget_type=\"text-editor.default\">\n\t\t\t\t\t\t\t\t\t<p><span style=\"font-family: Times New Roman, serif;\"><span style=\"font-size: large;\"><b>Hamileli\u011fin 36. haftas\u0131nda bebek:<\/b><\/span><\/span><span style=\"font-family: Times New Roman, serif;\"><span style=\"font-size: large;\"><br \/>36. gebelik haftas\u0131nda bebe\u011fin boyu yakla\u015f\u0131k 45-48 cm, a\u011f\u0131rl\u0131\u011f\u0131 2600-3000 gram kadard\u0131r.<\/span><\/span><\/p><p><span style=\"font-family: Times New Roman, serif;\"><span style=\"font-size: large;\">Bebe\u011finizin cildini kaplayan ince t\u00fcyl\u00fc sa\u00e7lar (lanugo), vernix caseosa ile birlikte ortadan kalkmaya ba\u015fl\u0131yor.<\/span><\/span><span style=\"font-family: Times New Roman, serif;\"><span style=\"font-size: large;\"><br \/>Ya\u011f birikiminden dolay\u0131 bebe\u011fin diz, dirsek, boyun, bilek b\u00f6lgelerinde katlanmalar olu\u015fur. Bebe\u011fin damaklar\u0131 sertle\u015fir. Bebe\u011fin ba\u011f\u0131\u015f\u0131kl\u0131k sistemi olduk\u00e7a geli\u015fmi\u015ftir. Sindirim sistemi geli\u015fmi\u015ftir ancak kat\u0131 besinleri sindirecek kadar de\u011fil.<br \/><\/span><\/span><span style=\"font-family: Times New Roman, serif;\"><span style=\"font-size: large;\"><b>Hamileli\u011fin 36. haftas\u0131nda anne:<\/b><\/span><\/span><\/p><p><span style=\"font-family: Times New Roman, serif;\"><span style=\"font-size: large;\">36 haftaya ula\u015ft\u0131n\u0131z ve bebe\u011finiz her an gelebilir.<\/span><\/span><span style=\"font-family: Times New Roman, serif;\"><span style=\"font-size: large;\"><br \/>Hamileli\u011fin otuz alt\u0131nc\u0131 haftas\u0131nda anne nefes almas\u0131nda ve yeme i\u00e7mesinde bir rahatlama hissedebilir, Rahim bebekle beraber a\u015fa\u011f\u0131 inince mide ve g\u00f6\u011f\u00fcs \u00fczerine olan bask\u0131 azal\u0131r annenin nefes almas\u0131 ve yemek yemesi rahatlar. G\u00f6\u011f\u00fcslerden s\u00fct gelmesi daha fazla s\u0131kla\u015fabilir bu haftalarda. Meme u\u00e7lar\u0131nda \u00e7atlaklar meydana gelebilir.<\/span><\/span><\/p><p><span style=\"font-family: Times New Roman, serif;\"><span style=\"font-size: large;\"><b>Babalar i\u00e7in;<\/b><\/span><\/span><\/p><p><span style=\"font-family: Times New Roman, serif;\"><span style=\"font-size: large;\">Acil durumlar i\u00e7in hastaneye kolay ula\u015fma yollar\u0131n\u0131 ayarlamaya \u00e7al\u0131\u015f\u0131n.<\/span><\/span><\/p>\t\t\t\t\t\t\t\t<\/div>\n\t\t\t\t\t<\/div>\n\t\t<\/div>\n\t\t\t\t\t<\/div>\n\t\t<\/section>\n\t\t\t\t<\/div>\n\t\t","protected":false},"excerpt":{"rendered":"<p>OTUZ ALTI HAFTALIK HAM\u0130LEL\u0130K Hamileli\u011fin 36. haftas\u0131nda bebek:36. gebelik haftas\u0131nda bebe\u011fin boyu yakla\u015f\u0131k 45-48 cm, a\u011f\u0131rl\u0131\u011f\u0131 2600-3000 gram kadard\u0131r. Bebe\u011finizin cildini kaplayan ince t\u00fcyl\u00fc sa\u00e7lar (lanugo), vernix caseosa ile birlikte ortadan kalkmaya ba\u015fl\u0131yor.Ya\u011f birikiminden dolay\u0131 bebe\u011fin diz, dirsek, boyun, bilek b\u00f6lgelerinde katlanmalar olu\u015fur. Bebe\u011fin damaklar\u0131 sertle\u015fir. Bebe\u011fin ba\u011f\u0131\u015f\u0131kl\u0131k sistemi olduk\u00e7a geli\u015fmi\u015ftir. Sindirim sistemi geli\u015fmi\u015ftir ancak [&hellip;]<\/p>\n","protected":false},"author":1,"featured_media":0,"parent":0,"menu_order":0,"comment_status":"closed","ping_status":"closed","template":"","meta":{"footnotes":""},"class_list":["post-2189","page","type-page","status-publish","hentry"],"yoast_head":"<!-- This site is optimized with the Yoast SEO plugin v27.4 - https:\/\/yoast.com\/product\/yoast-seo-wordpress\/ -->\n<title>OTUZ ALTI HAFTALIK HAM\u0130LEL\u0130K - T\u00dcL\u0130N KAHVEC\u0130<\/title>\n<meta name=\"description\" content=\"Bebe\u011finizin cildini kaplayan ince t\u00fcyl\u00fc sa\u00e7lar (lanugo), vernix caseosa ile birlikte ortadan kalkmaya ba\u015fl\u0131yor.\" \/>\n<meta name=\"robots\" content=\"index, follow, max-snippet:-1, max-image-preview:large, max-video-preview:-1\" \/>\n<link rel=\"canonical\" href=\"https:\/\/tulinkahveci.com\/index.php\/otuz-alti-haftalik-hamilelik\/\" \/>\n<meta property=\"og:locale\" content=\"tr_TR\" \/>\n<meta property=\"og:type\" content=\"article\" \/>\n<meta property=\"og:title\" content=\"OTUZ ALTI HAFTALIK HAM\u0130LEL\u0130K - T\u00dcL\u0130N KAHVEC\u0130\" \/>\n<meta property=\"og:description\" content=\"Bebe\u011finizin cildini kaplayan ince t\u00fcyl\u00fc sa\u00e7lar (lanugo), vernix caseosa ile birlikte ortadan kalkmaya ba\u015fl\u0131yor.\" \/>\n<meta property=\"og:url\" content=\"https:\/\/tulinkahveci.com\/index.php\/otuz-alti-haftalik-hamilelik\/\" \/>\n<meta property=\"og:site_name\" content=\"T\u00dcL\u0130N KAHVEC\u0130\" \/>\n<meta name=\"twitter:card\" content=\"summary_large_image\" \/>\n<meta name=\"twitter:label1\" content=\"Tahmini okuma s\u00fcresi\" \/>\n\t<meta name=\"twitter:data1\" content=\"1 dakika\" \/>\n<script type=\"application\/ld+json\" class=\"yoast-schema-graph\">{\"@context\":\"https:\\\/\\\/schema.org\",\"@graph\":[{\"@type\":\"WebPage\",\"@id\":\"https:\\\/\\\/tulinkahveci.com\\\/index.php\\\/otuz-alti-haftalik-hamilelik\\\/\",\"url\":\"https:\\\/\\\/tulinkahveci.com\\\/index.php\\\/otuz-alti-haftalik-hamilelik\\\/\",\"name\":\"OTUZ ALTI HAFTALIK HAM\u0130LEL\u0130K - T\u00dcL\u0130N KAHVEC\u0130\",\"isPartOf\":{\"@id\":\"https:\\\/\\\/tulinkahveci.com\\\/#website\"},\"datePublished\":\"2025-01-16T14:16:39+00:00\",\"description\":\"Bebe\u011finizin cildini kaplayan ince t\u00fcyl\u00fc sa\u00e7lar (lanugo), vernix caseosa ile birlikte ortadan kalkmaya ba\u015fl\u0131yor.\",\"breadcrumb\":{\"@id\":\"https:\\\/\\\/tulinkahveci.com\\\/index.php\\\/otuz-alti-haftalik-hamilelik\\\/#breadcrumb\"},\"inLanguage\":\"tr\",\"potentialAction\":[{\"@type\":\"ReadAction\",\"target\":[\"https:\\\/\\\/tulinkahveci.com\\\/index.php\\\/otuz-alti-haftalik-hamilelik\\\/\"]}]},{\"@type\":\"BreadcrumbList\",\"@id\":\"https:\\\/\\\/tulinkahveci.com\\\/index.php\\\/otuz-alti-haftalik-hamilelik\\\/#breadcrumb\",\"itemListElement\":[{\"@type\":\"ListItem\",\"position\":1,\"name\":\"Anasayfa\",\"item\":\"https:\\\/\\\/tulinkahveci.com\\\/\"},{\"@type\":\"ListItem\",\"position\":2,\"name\":\"OTUZ ALTI HAFTALIK HAM\u0130LEL\u0130K\"}]},{\"@type\":\"WebSite\",\"@id\":\"https:\\\/\\\/tulinkahveci.com\\\/#website\",\"url\":\"https:\\\/\\\/tulinkahveci.com\\\/\",\"name\":\"T\u00dcL\u0130N KAHVEC\u0130\",\"description\":\"\",\"potentialAction\":[{\"@type\":\"SearchAction\",\"target\":{\"@type\":\"EntryPoint\",\"urlTemplate\":\"https:\\\/\\\/tulinkahveci.com\\\/?s={search_term_string}\"},\"query-input\":{\"@type\":\"PropertyValueSpecification\",\"valueRequired\":true,\"valueName\":\"search_term_string\"}}],\"inLanguage\":\"tr\"}]}<\/script>\n<!-- \/ Yoast SEO plugin. -->","yoast_head_json":{"title":"OTUZ ALTI HAFTALIK HAM\u0130LEL\u0130K - T\u00dcL\u0130N KAHVEC\u0130","description":"Bebe\u011finizin cildini kaplayan ince t\u00fcyl\u00fc sa\u00e7lar (lanugo), vernix caseosa ile birlikte ortadan kalkmaya ba\u015fl\u0131yor.","robots":{"index":"index","follow":"follow","max-snippet":"max-snippet:-1","max-image-preview":"max-image-preview:large","max-video-preview":"max-video-preview:-1"},"canonical":"https:\/\/tulinkahveci.com\/index.php\/otuz-alti-haftalik-hamilelik\/","og_locale":"tr_TR","og_type":"article","og_title":"OTUZ ALTI HAFTALIK HAM\u0130LEL\u0130K - T\u00dcL\u0130N KAHVEC\u0130","og_description":"Bebe\u011finizin cildini kaplayan ince t\u00fcyl\u00fc sa\u00e7lar (lanugo), vernix caseosa ile birlikte ortadan kalkmaya ba\u015fl\u0131yor.","og_url":"https:\/\/tulinkahveci.com\/index.php\/otuz-alti-haftalik-hamilelik\/","og_site_name":"T\u00dcL\u0130N KAHVEC\u0130","twitter_card":"summary_large_image","twitter_misc":{"Tahmini okuma s\u00fcresi":"1 dakika"},"schema":{"@context":"https:\/\/schema.org","@graph":[{"@type":"WebPage","@id":"https:\/\/tulinkahveci.com\/index.php\/otuz-alti-haftalik-hamilelik\/","url":"https:\/\/tulinkahveci.com\/index.php\/otuz-alti-haftalik-hamilelik\/","name":"OTUZ ALTI HAFTALIK HAM\u0130LEL\u0130K - T\u00dcL\u0130N KAHVEC\u0130","isPartOf":{"@id":"https:\/\/tulinkahveci.com\/#website"},"datePublished":"2025-01-16T14:16:39+00:00","description":"Bebe\u011finizin cildini kaplayan ince t\u00fcyl\u00fc sa\u00e7lar (lanugo), vernix caseosa ile birlikte ortadan kalkmaya ba\u015fl\u0131yor.","breadcrumb":{"@id":"https:\/\/tulinkahveci.com\/index.php\/otuz-alti-haftalik-hamilelik\/#breadcrumb"},"inLanguage":"tr","potentialAction":[{"@type":"ReadAction","target":["https:\/\/tulinkahveci.com\/index.php\/otuz-alti-haftalik-hamilelik\/"]}]},{"@type":"BreadcrumbList","@id":"https:\/\/tulinkahveci.com\/index.php\/otuz-alti-haftalik-hamilelik\/#breadcrumb","itemListElement":[{"@type":"ListItem","position":1,"name":"Anasayfa","item":"https:\/\/tulinkahveci.com\/"},{"@type":"ListItem","position":2,"name":"OTUZ ALTI HAFTALIK HAM\u0130LEL\u0130K"}]},{"@type":"WebSite","@id":"https:\/\/tulinkahveci.com\/#website","url":"https:\/\/tulinkahveci.com\/","name":"T\u00dcL\u0130N KAHVEC\u0130","description":"","potentialAction":[{"@type":"SearchAction","target":{"@type":"EntryPoint","urlTemplate":"https:\/\/tulinkahveci.com\/?s={search_term_string}"},"query-input":{"@type":"PropertyValueSpecification","valueRequired":true,"valueName":"search_term_string"}}],"inLanguage":"tr"}]}},"_links":{"self":[{"href":"https:\/\/tulinkahveci.com\/index.php\/wp-json\/wp\/v2\/pages\/2189","targetHints":{"allow":["GET"]}}],"collection":[{"href":"https:\/\/tulinkahveci.com\/index.php\/wp-json\/wp\/v2\/pages"}],"about":[{"href":"https:\/\/tulinkahveci.com\/index.php\/wp-json\/wp\/v2\/types\/page"}],"author":[{"embeddable":true,"href":"https:\/\/tulinkahveci.com\/index.php\/wp-json\/wp\/v2\/users\/1"}],"replies":[{"embeddable":true,"href":"https:\/\/tulinkahveci.com\/index.php\/wp-json\/wp\/v2\/comments?post=2189"}],"version-history":[{"count":0,"href":"https:\/\/tulinkahveci.com\/index.php\/wp-json\/wp\/v2\/pages\/2189\/revisions"}],"wp:attachment":[{"href":"https:\/\/tulinkahveci.com\/index.php\/wp-json\/wp\/v2\/media?parent=2189"}],"curies":[{"name":"wp","href":"https:\/\/api.w.org\/{rel}","templated":true}]}}