{"id":2194,"date":"2025-01-16T14:16:14","date_gmt":"2025-01-16T14:16:14","guid":{"rendered":"https:\/\/tulinkahveci.com\/?page_id=2194"},"modified":"2025-01-16T14:16:14","modified_gmt":"2025-01-16T14:16:14","slug":"otuz-yedi-haftalik-hamilelik","status":"publish","type":"page","link":"https:\/\/tulinkahveci.com\/index.php\/otuz-yedi-haftalik-hamilelik\/","title":{"rendered":"OTUZ YED\u0130 HAFTALIK HAM\u0130LEL\u0130K"},"content":{"rendered":"\t\t<div data-elementor-type=\"wp-page\" data-elementor-id=\"2194\" class=\"elementor elementor-2194\">\n\t\t\t\t\t\t<section class=\"elementor-section elementor-top-section elementor-element elementor-element-2329df5 elementor-section-boxed elementor-section-height-default elementor-section-height-default\" data-id=\"2329df5\" data-element_type=\"section\" data-e-type=\"section\">\n\t\t\t\t\t\t<div class=\"elementor-container elementor-column-gap-default\">\n\t\t\t\t\t<div class=\"aux-parallax-section elementor-column elementor-col-100 elementor-top-column elementor-element elementor-element-ff3b5d1\" data-id=\"ff3b5d1\" data-element_type=\"column\" data-e-type=\"column\">\n\t\t\t<div class=\"elementor-widget-wrap elementor-element-populated\">\n\t\t\t\t\t\t<div class=\"elementor-element elementor-element-38a85f7 elementor-widget elementor-widget-heading\" data-id=\"38a85f7\" data-element_type=\"widget\" data-e-type=\"widget\" data-widget_type=\"heading.default\">\n\t\t\t\t\t<h2 class=\"elementor-heading-title elementor-size-default\">OTUZ YED\u0130 HAFTALIK HAM\u0130LEL\u0130K<\/h2>\t\t\t\t<\/div>\n\t\t\t\t<div class=\"elementor-element elementor-element-7f065e7 elementor-widget elementor-widget-text-editor\" data-id=\"7f065e7\" data-element_type=\"widget\" data-e-type=\"widget\" data-widget_type=\"text-editor.default\">\n\t\t\t\t\t\t\t\t\t<p><span style=\"color: #000000;\"><span style=\"font-family: Times New Roman, serif;\"><span style=\"font-size: large;\"><b>OTUZ YED\u0130 HAFTALIK HAM\u0130LEL\u0130K <\/b><\/span><\/span><\/span><\/p><p><span style=\"color: #000000;\"><span style=\"font-family: Times New Roman, serif;\"><span style=\"font-size: large;\"><b>Hamileli\u011fin 37. haftas\u0131nda bebek:<\/b><\/span><\/span><\/span><span style=\"color: #000000;\"><span style=\"font-family: Times New Roman, serif;\"><span style=\"font-size: large;\"><br \/>37. gebelik haftas\u0131nda bebe\u011fin boyu yakla\u015f\u0131k 47-48 cm, a\u011f\u0131rl\u0131\u011f\u0131 2800-3200 gram kadard\u0131r.<br \/>Otuz yedinci haftada bebek art\u0131k solunum al\u0131\u015ft\u0131rmalar\u0131 yapabilir \u00e7\u00fcnk\u00fc do\u011fum yakla\u015fmaktad\u0131r ve buna al\u0131\u015fmas\u0131 gerekmektedir. Bebek eli ile s\u0131k\u0131ca tutma hareketi yapabilir. Bebek d\u0131\u015far\u0131dan \u0131\u015f\u0131k veya ses gelen tarafa do\u011fru d\u00f6nebilir. Bebe\u011fin kilosu ve tombulla\u015fmas\u0131 giderek artar. Bebe\u011fi enfeksiyonlara kar\u015f\u0131 koruyacak olan ba\u011f\u0131\u015f\u0131kl\u0131k sistemi geli\u015fmektedir ancak buna en \u00f6nemli katk\u0131y\u0131 do\u011fumdan sonra anne s\u00fct\u00fc yapar. Anne s\u00fct\u00fc i\u00e7erdi\u011fi maddeler ve antikorlar nedeniyle ba\u011f\u0131\u015f\u0131kl\u0131k sistemine \u00e7ok katk\u0131 sa\u011flar.<\/span><\/span><\/span><\/p><p><span style=\"color: #000000;\"><span style=\"font-family: Times New Roman, serif;\"><span style=\"font-size: large;\"><b>Hamileli\u011fin 37. haftas\u0131nda anne:<\/b><\/span><\/span><\/span><span style=\"color: #000000;\"><span style=\"font-family: Times New Roman, serif;\"><span style=\"font-size: large;\"><br \/>Hamileli\u011fin otuz yedinci haftas\u0131ndan sonra art\u0131k her an sanc\u0131lar\u0131n ba\u015flayabilece\u011fi bir d\u00f6nem ba\u015flar.<\/span><\/span><\/span><\/p><p><span style=\"color: #333333;\"><span style=\"font-family: Times New Roman, serif;\"><span style=\"font-size: large;\">Bebe\u011finiz bu haftadan sonra term olarak kabul edilmesine ra\u011fmen, bebe\u011fin haz\u0131r olana kadar anne karn\u0131nda kalmas\u0131 \u00e7o\u011fu durumda daha iyidir.\u00a0Bebe\u011finiz ba\u015f a\u015fa\u011f\u0131 pozisyonda de\u011filse, doktorunuz ile konu\u015fmal\u0131s\u0131n\u0131z.<\/span><\/span><\/span><\/p><p><span style=\"color: #333333;\"><span style=\"font-family: Times New Roman, serif;\"><span style=\"font-size: large;\">Bu haftada yap\u0131lan \u00e7at\u0131 muayenesi do\u011fum \u015feklinin belirlenmesine yard\u0131mc\u0131 olur.<\/span><\/span><\/span><\/p><p><span style=\"color: #333333;\"><span style=\"font-family: Times New Roman, serif;\"><span style=\"font-size: large;\">32. haftada izine ayr\u0131lmad\u0131ysan\u0131z do\u011fum \u00f6ncesi izine ayr\u0131lmal\u0131s\u0131n\u0131z.<\/span><\/span><\/span><\/p><p><span style=\"color: #333333;\"><span style=\"font-family: Times New Roman, serif;\"><span style=\"font-size: large;\">Bebe\u011finizin gelmesinden \u00f6nce tamamlanmas\u0131 gereken son dakika haz\u0131rl\u0131klar\u0131n\u0131z varsa, \u015fimdi bunlar\u0131 tamamlamak i\u00e7in iyi bir zaman.\u00a0Baz\u0131 kad\u0131nlar da ev veya apartman temizli\u011fi de dahil olmak \u00fczere, i\u015flerin d\u00fczg\u00fcn olmas\u0131n\u0131 sa\u011flamak ister.<\/span><\/span><\/span><\/p><p><span style=\"color: #333333;\"><span style=\"font-family: Times New Roman, serif;\"><span style=\"font-size: large;\"><b>Babalar i\u00e7in; <\/b><\/span><\/span><\/span><\/p><p><span style=\"color: #333333;\"><span style=\"font-family: Times New Roman, serif;\"><span style=\"font-size: large;\">Do\u011fum \u015fekli konusunda e\u015finiz ile konu\u015fabilirsiniz.<\/span><\/span><\/span><\/p>\t\t\t\t\t\t\t\t<\/div>\n\t\t\t\t\t<\/div>\n\t\t<\/div>\n\t\t\t\t\t<\/div>\n\t\t<\/section>\n\t\t\t\t<\/div>\n\t\t","protected":false},"excerpt":{"rendered":"<p>OTUZ YED\u0130 HAFTALIK HAM\u0130LEL\u0130K OTUZ YED\u0130 HAFTALIK HAM\u0130LEL\u0130K Hamileli\u011fin 37. haftas\u0131nda bebek:37. gebelik haftas\u0131nda bebe\u011fin boyu yakla\u015f\u0131k 47-48 cm, a\u011f\u0131rl\u0131\u011f\u0131 2800-3200 gram kadard\u0131r.Otuz yedinci haftada bebek art\u0131k solunum al\u0131\u015ft\u0131rmalar\u0131 yapabilir \u00e7\u00fcnk\u00fc do\u011fum yakla\u015fmaktad\u0131r ve buna al\u0131\u015fmas\u0131 gerekmektedir. Bebek eli ile s\u0131k\u0131ca tutma hareketi yapabilir. Bebek d\u0131\u015far\u0131dan \u0131\u015f\u0131k veya ses gelen tarafa do\u011fru d\u00f6nebilir. Bebe\u011fin kilosu [&hellip;]<\/p>\n","protected":false},"author":1,"featured_media":0,"parent":0,"menu_order":0,"comment_status":"closed","ping_status":"closed","template":"","meta":{"footnotes":""},"class_list":["post-2194","page","type-page","status-publish","hentry"],"yoast_head":"<!-- This site is optimized with the Yoast SEO plugin v27.4 - https:\/\/yoast.com\/product\/yoast-seo-wordpress\/ -->\n<title>OTUZ YED\u0130 HAFTALIK HAM\u0130LEL\u0130K - T\u00dcL\u0130N KAHVEC\u0130<\/title>\n<meta name=\"description\" content=\"Bebe\u011fi enfeksiyonlara kar\u015f\u0131 koruyacak olan ba\u011f\u0131\u015f\u0131kl\u0131k sistemi geli\u015fmektedir ancak buna en \u00f6nemli katk\u0131y\u0131 do\u011fumdan sonra anne s\u00fct\u00fc yapar.\" \/>\n<meta name=\"robots\" content=\"index, follow, max-snippet:-1, max-image-preview:large, max-video-preview:-1\" \/>\n<link rel=\"canonical\" href=\"https:\/\/tulinkahveci.com\/index.php\/otuz-yedi-haftalik-hamilelik\/\" \/>\n<meta property=\"og:locale\" content=\"tr_TR\" \/>\n<meta property=\"og:type\" content=\"article\" \/>\n<meta property=\"og:title\" content=\"OTUZ YED\u0130 HAFTALIK HAM\u0130LEL\u0130K - T\u00dcL\u0130N KAHVEC\u0130\" \/>\n<meta property=\"og:description\" content=\"Bebe\u011fi enfeksiyonlara kar\u015f\u0131 koruyacak olan ba\u011f\u0131\u015f\u0131kl\u0131k sistemi geli\u015fmektedir ancak buna en \u00f6nemli katk\u0131y\u0131 do\u011fumdan sonra anne s\u00fct\u00fc yapar.\" \/>\n<meta property=\"og:url\" content=\"https:\/\/tulinkahveci.com\/index.php\/otuz-yedi-haftalik-hamilelik\/\" \/>\n<meta property=\"og:site_name\" content=\"T\u00dcL\u0130N KAHVEC\u0130\" \/>\n<meta name=\"twitter:card\" content=\"summary_large_image\" \/>\n<meta name=\"twitter:label1\" content=\"Tahmini okuma s\u00fcresi\" \/>\n\t<meta name=\"twitter:data1\" content=\"2 dakika\" \/>\n<script type=\"application\/ld+json\" class=\"yoast-schema-graph\">{\"@context\":\"https:\\\/\\\/schema.org\",\"@graph\":[{\"@type\":\"WebPage\",\"@id\":\"https:\\\/\\\/tulinkahveci.com\\\/index.php\\\/otuz-yedi-haftalik-hamilelik\\\/\",\"url\":\"https:\\\/\\\/tulinkahveci.com\\\/index.php\\\/otuz-yedi-haftalik-hamilelik\\\/\",\"name\":\"OTUZ YED\u0130 HAFTALIK HAM\u0130LEL\u0130K - T\u00dcL\u0130N KAHVEC\u0130\",\"isPartOf\":{\"@id\":\"https:\\\/\\\/tulinkahveci.com\\\/#website\"},\"datePublished\":\"2025-01-16T14:16:14+00:00\",\"description\":\"Bebe\u011fi enfeksiyonlara kar\u015f\u0131 koruyacak olan ba\u011f\u0131\u015f\u0131kl\u0131k sistemi geli\u015fmektedir ancak buna en \u00f6nemli katk\u0131y\u0131 do\u011fumdan sonra anne s\u00fct\u00fc yapar.\",\"breadcrumb\":{\"@id\":\"https:\\\/\\\/tulinkahveci.com\\\/index.php\\\/otuz-yedi-haftalik-hamilelik\\\/#breadcrumb\"},\"inLanguage\":\"tr\",\"potentialAction\":[{\"@type\":\"ReadAction\",\"target\":[\"https:\\\/\\\/tulinkahveci.com\\\/index.php\\\/otuz-yedi-haftalik-hamilelik\\\/\"]}]},{\"@type\":\"BreadcrumbList\",\"@id\":\"https:\\\/\\\/tulinkahveci.com\\\/index.php\\\/otuz-yedi-haftalik-hamilelik\\\/#breadcrumb\",\"itemListElement\":[{\"@type\":\"ListItem\",\"position\":1,\"name\":\"Anasayfa\",\"item\":\"https:\\\/\\\/tulinkahveci.com\\\/\"},{\"@type\":\"ListItem\",\"position\":2,\"name\":\"OTUZ YED\u0130 HAFTALIK HAM\u0130LEL\u0130K\"}]},{\"@type\":\"WebSite\",\"@id\":\"https:\\\/\\\/tulinkahveci.com\\\/#website\",\"url\":\"https:\\\/\\\/tulinkahveci.com\\\/\",\"name\":\"T\u00dcL\u0130N KAHVEC\u0130\",\"description\":\"\",\"potentialAction\":[{\"@type\":\"SearchAction\",\"target\":{\"@type\":\"EntryPoint\",\"urlTemplate\":\"https:\\\/\\\/tulinkahveci.com\\\/?s={search_term_string}\"},\"query-input\":{\"@type\":\"PropertyValueSpecification\",\"valueRequired\":true,\"valueName\":\"search_term_string\"}}],\"inLanguage\":\"tr\"}]}<\/script>\n<!-- \/ Yoast SEO plugin. -->","yoast_head_json":{"title":"OTUZ YED\u0130 HAFTALIK HAM\u0130LEL\u0130K - T\u00dcL\u0130N KAHVEC\u0130","description":"Bebe\u011fi enfeksiyonlara kar\u015f\u0131 koruyacak olan ba\u011f\u0131\u015f\u0131kl\u0131k sistemi geli\u015fmektedir ancak buna en \u00f6nemli katk\u0131y\u0131 do\u011fumdan sonra anne s\u00fct\u00fc yapar.","robots":{"index":"index","follow":"follow","max-snippet":"max-snippet:-1","max-image-preview":"max-image-preview:large","max-video-preview":"max-video-preview:-1"},"canonical":"https:\/\/tulinkahveci.com\/index.php\/otuz-yedi-haftalik-hamilelik\/","og_locale":"tr_TR","og_type":"article","og_title":"OTUZ YED\u0130 HAFTALIK HAM\u0130LEL\u0130K - T\u00dcL\u0130N KAHVEC\u0130","og_description":"Bebe\u011fi enfeksiyonlara kar\u015f\u0131 koruyacak olan ba\u011f\u0131\u015f\u0131kl\u0131k sistemi geli\u015fmektedir ancak buna en \u00f6nemli katk\u0131y\u0131 do\u011fumdan sonra anne s\u00fct\u00fc yapar.","og_url":"https:\/\/tulinkahveci.com\/index.php\/otuz-yedi-haftalik-hamilelik\/","og_site_name":"T\u00dcL\u0130N KAHVEC\u0130","twitter_card":"summary_large_image","twitter_misc":{"Tahmini okuma s\u00fcresi":"2 dakika"},"schema":{"@context":"https:\/\/schema.org","@graph":[{"@type":"WebPage","@id":"https:\/\/tulinkahveci.com\/index.php\/otuz-yedi-haftalik-hamilelik\/","url":"https:\/\/tulinkahveci.com\/index.php\/otuz-yedi-haftalik-hamilelik\/","name":"OTUZ YED\u0130 HAFTALIK HAM\u0130LEL\u0130K - T\u00dcL\u0130N KAHVEC\u0130","isPartOf":{"@id":"https:\/\/tulinkahveci.com\/#website"},"datePublished":"2025-01-16T14:16:14+00:00","description":"Bebe\u011fi enfeksiyonlara kar\u015f\u0131 koruyacak olan ba\u011f\u0131\u015f\u0131kl\u0131k sistemi geli\u015fmektedir ancak buna en \u00f6nemli katk\u0131y\u0131 do\u011fumdan sonra anne s\u00fct\u00fc yapar.","breadcrumb":{"@id":"https:\/\/tulinkahveci.com\/index.php\/otuz-yedi-haftalik-hamilelik\/#breadcrumb"},"inLanguage":"tr","potentialAction":[{"@type":"ReadAction","target":["https:\/\/tulinkahveci.com\/index.php\/otuz-yedi-haftalik-hamilelik\/"]}]},{"@type":"BreadcrumbList","@id":"https:\/\/tulinkahveci.com\/index.php\/otuz-yedi-haftalik-hamilelik\/#breadcrumb","itemListElement":[{"@type":"ListItem","position":1,"name":"Anasayfa","item":"https:\/\/tulinkahveci.com\/"},{"@type":"ListItem","position":2,"name":"OTUZ YED\u0130 HAFTALIK HAM\u0130LEL\u0130K"}]},{"@type":"WebSite","@id":"https:\/\/tulinkahveci.com\/#website","url":"https:\/\/tulinkahveci.com\/","name":"T\u00dcL\u0130N KAHVEC\u0130","description":"","potentialAction":[{"@type":"SearchAction","target":{"@type":"EntryPoint","urlTemplate":"https:\/\/tulinkahveci.com\/?s={search_term_string}"},"query-input":{"@type":"PropertyValueSpecification","valueRequired":true,"valueName":"search_term_string"}}],"inLanguage":"tr"}]}},"_links":{"self":[{"href":"https:\/\/tulinkahveci.com\/index.php\/wp-json\/wp\/v2\/pages\/2194","targetHints":{"allow":["GET"]}}],"collection":[{"href":"https:\/\/tulinkahveci.com\/index.php\/wp-json\/wp\/v2\/pages"}],"about":[{"href":"https:\/\/tulinkahveci.com\/index.php\/wp-json\/wp\/v2\/types\/page"}],"author":[{"embeddable":true,"href":"https:\/\/tulinkahveci.com\/index.php\/wp-json\/wp\/v2\/users\/1"}],"replies":[{"embeddable":true,"href":"https:\/\/tulinkahveci.com\/index.php\/wp-json\/wp\/v2\/comments?post=2194"}],"version-history":[{"count":0,"href":"https:\/\/tulinkahveci.com\/index.php\/wp-json\/wp\/v2\/pages\/2194\/revisions"}],"wp:attachment":[{"href":"https:\/\/tulinkahveci.com\/index.php\/wp-json\/wp\/v2\/media?parent=2194"}],"curies":[{"name":"wp","href":"https:\/\/api.w.org\/{rel}","templated":true}]}}