{"id":2196,"date":"2025-01-16T14:16:01","date_gmt":"2025-01-16T14:16:01","guid":{"rendered":"https:\/\/tulinkahveci.com\/?page_id=2196"},"modified":"2025-01-16T14:16:01","modified_gmt":"2025-01-16T14:16:01","slug":"otuz-sekiz-haftalik-hamilelik","status":"publish","type":"page","link":"https:\/\/tulinkahveci.com\/index.php\/otuz-sekiz-haftalik-hamilelik\/","title":{"rendered":"OTUZ SEK\u0130Z HAFTALIK HAM\u0130LEL\u0130K"},"content":{"rendered":"\t\t<div data-elementor-type=\"wp-page\" data-elementor-id=\"2196\" class=\"elementor elementor-2196\">\n\t\t\t\t\t\t<section class=\"elementor-section elementor-top-section elementor-element elementor-element-47cef69 elementor-section-boxed elementor-section-height-default elementor-section-height-default\" data-id=\"47cef69\" data-element_type=\"section\" data-e-type=\"section\">\n\t\t\t\t\t\t<div class=\"elementor-container elementor-column-gap-default\">\n\t\t\t\t\t<div class=\"aux-parallax-section elementor-column elementor-col-100 elementor-top-column elementor-element elementor-element-6287313\" data-id=\"6287313\" data-element_type=\"column\" data-e-type=\"column\">\n\t\t\t<div class=\"elementor-widget-wrap elementor-element-populated\">\n\t\t\t\t\t\t<div class=\"elementor-element elementor-element-3906319 elementor-widget elementor-widget-heading\" data-id=\"3906319\" data-element_type=\"widget\" data-e-type=\"widget\" data-widget_type=\"heading.default\">\n\t\t\t\t\t<h2 class=\"elementor-heading-title elementor-size-default\">OTUZ SEK\u0130Z HAFTALIK HAM\u0130LEL\u0130K<\/h2>\t\t\t\t<\/div>\n\t\t\t\t<div class=\"elementor-element elementor-element-f80cd6a elementor-widget elementor-widget-text-editor\" data-id=\"f80cd6a\" data-element_type=\"widget\" data-e-type=\"widget\" data-widget_type=\"text-editor.default\">\n\t\t\t\t\t\t\t\t\t<p><span style=\"font-family: Times New Roman, serif;\"><span style=\"font-size: large;\"><b>Hamileli\u011fin 38. haftas\u0131nda bebek:<\/b><\/span><\/span><span style=\"font-family: Times New Roman, serif;\"><span style=\"font-size: large;\"><br \/>38. gebelik haftas\u0131nda bebe\u011fin boyu yakla\u015f\u0131k 48-50 cm, a\u011f\u0131rl\u0131\u011f\u0131 3000-3200 gram kadard\u0131r.<br \/>Bu haftalarda bebek art\u0131k olduk\u00e7a b\u00fcy\u00fcm\u00fc\u015ft\u00fcr. Otuz sekizinci haftada bebe\u011fin kafa \u00e7evresi ve kar\u0131n \u00e7evresi e\u015fittir, daha erken haftalarda kafa kar\u0131ndan b\u00fcy\u00fck olur.<br \/>Bu haftalarda bebekte kilo almak d\u0131\u015f\u0131nda pek bir de\u011fi\u015fiklik olmaz; Bebe\u011fin g\u00f6z rengi hala tam olu\u015fmam\u0131\u015ft\u0131r, pigmentler artt\u0131k\u00e7a do\u011fumdan sonra bile g\u00f6z renginde de\u011fi\u015fiklik olur.<\/span><\/span><\/p><p><span style=\"font-family: Times New Roman, serif;\"><span style=\"font-size: large;\"><b>Hamileli\u011fin 38. haftas\u0131nda anne:<\/b><\/span><\/span><\/p><p><span style=\"font-family: Times New Roman, serif;\"><span style=\"font-size: large;\">Hamileli\u011finizde sadece iki haftan\u0131z kald\u0131, bu y\u00fczden arkan\u0131za yaslan\u0131n ve son birka\u00e7 g\u00fcn\u00fcn keyfini \u00e7\u0131kar\u0131n.<\/span><\/span><\/p><p><span style=\"font-family: Times New Roman, serif;\"><span style=\"font-size: medium;\"><span style=\"font-size: large;\">Bu haftada, ayaklar\u0131n\u0131zda \u015fi\u015flik olabilir.\u00a0Bu \u00f6zellikle hamileli\u011fin normal bir par\u00e7as\u0131 olabilir.\u00a0Ancak,\u00a0ellerinizde, y\u00fcz\u00fcn\u00fczde, ayaklar\u0131n\u0131zda ve \/ veya ayak bileklerinde\u00a0\u015fiddetli veya ani bir\u00a0<\/span><span style=\"color: #0000ff;\"><a href=\"http:\/\/americanpregnancy.org\/pregnancy-health\/swelling-during-pregnancy\/\" target=\"Hamilelik s\u0131ras\u0131nda \u015fi\u015flik\"><span style=\"color: #000000;\"><span style=\"font-size: large;\">\u015fi\u015flik<\/span><\/span><\/a><\/span><span style=\"font-size: large;\">\u00a0varsa, doktorunuza ba\u015fvurmal\u0131s\u0131n\u0131z.<\/span><\/span><\/span><\/p><p><span style=\"font-family: Times New Roman, serif;\"><span style=\"font-size: medium;\"><span style=\"font-size: large;\">Bu,\u00a0<\/span><span style=\"color: #0000ff;\"><a href=\"http:\/\/americanpregnancy.org\/pregnancy-complications\/preeclampsia\/\" target=\"Preeklampsi: Toksemi\"><span style=\"color: #000000;\"><span style=\"font-size: large;\">preeklampsi veya toksemi<\/span><\/span><\/a><\/span><span style=\"font-size: large;\">\u00a0olarak da bilinen\u00a0<\/span><span style=\"color: #0000ff;\"><a href=\"http:\/\/americanpregnancy.org\/pregnancy-complications\/pregnancy-induced-hypertension\/\" target=\"Gestasyonel Hipertansiyon: Gebelik Kaynakl\u0131 Hipertansiyon (PIH)\"><span style=\"color: #000000;\"><span style=\"font-size: large;\">gebelik kaynakl\u0131 hipertansiyon (PIH)<\/span><\/span><\/a><\/span><span style=\"font-size: large;\">\u00a0denen bir durum geli\u015ftirdi\u011finin bir i\u015fareti olabilir.<\/span><\/span><\/span><\/p><p><span style=\"font-family: Times New Roman, serif;\"><span style=\"font-size: large;\"><b>Babalar i\u00e7in;<\/b><\/span><\/span><\/p><p><span style=\"font-family: Times New Roman, serif;\"><span style=\"font-size: large;\">E\u015finize \u00f6zel bir hediye almay\u0131 d\u00fc\u015f\u00fcnmek isteyebilirsiniz.\u00a0Bu onu ne kadar sevdi\u011fini ve takdir etti\u011fini ona hat\u0131rlatman\u0131n harika bir yolu olabilir.<\/span><\/span><\/p>\t\t\t\t\t\t\t\t<\/div>\n\t\t\t\t\t<\/div>\n\t\t<\/div>\n\t\t\t\t\t<\/div>\n\t\t<\/section>\n\t\t\t\t<\/div>\n\t\t","protected":false},"excerpt":{"rendered":"<p>OTUZ SEK\u0130Z HAFTALIK HAM\u0130LEL\u0130K Hamileli\u011fin 38. haftas\u0131nda bebek:38. gebelik haftas\u0131nda bebe\u011fin boyu yakla\u015f\u0131k 48-50 cm, a\u011f\u0131rl\u0131\u011f\u0131 3000-3200 gram kadard\u0131r.Bu haftalarda bebek art\u0131k olduk\u00e7a b\u00fcy\u00fcm\u00fc\u015ft\u00fcr. Otuz sekizinci haftada bebe\u011fin kafa \u00e7evresi ve kar\u0131n \u00e7evresi e\u015fittir, daha erken haftalarda kafa kar\u0131ndan b\u00fcy\u00fck olur.Bu haftalarda bebekte kilo almak d\u0131\u015f\u0131nda pek bir de\u011fi\u015fiklik olmaz; Bebe\u011fin g\u00f6z rengi hala tam [&hellip;]<\/p>\n","protected":false},"author":1,"featured_media":0,"parent":0,"menu_order":0,"comment_status":"closed","ping_status":"closed","template":"","meta":{"footnotes":""},"class_list":["post-2196","page","type-page","status-publish","hentry"],"yoast_head":"<!-- This site is optimized with the Yoast SEO plugin v27.4 - https:\/\/yoast.com\/product\/yoast-seo-wordpress\/ -->\n<title>OTUZ SEK\u0130Z HAFTALIK HAM\u0130LEL\u0130K - T\u00dcL\u0130N KAHVEC\u0130<\/title>\n<meta name=\"description\" content=\"Bebe\u011fin g\u00f6z rengi hala tam olu\u015fmam\u0131\u015ft\u0131r, pigmentler artt\u0131k\u00e7a do\u011fumdan sonra bile g\u00f6z renginde de\u011fi\u015fiklik olur.\" \/>\n<meta name=\"robots\" content=\"index, follow, max-snippet:-1, max-image-preview:large, max-video-preview:-1\" \/>\n<link rel=\"canonical\" href=\"https:\/\/tulinkahveci.com\/index.php\/otuz-sekiz-haftalik-hamilelik\/\" \/>\n<meta property=\"og:locale\" content=\"tr_TR\" \/>\n<meta property=\"og:type\" content=\"article\" \/>\n<meta property=\"og:title\" content=\"OTUZ SEK\u0130Z HAFTALIK HAM\u0130LEL\u0130K - T\u00dcL\u0130N KAHVEC\u0130\" \/>\n<meta property=\"og:description\" content=\"Bebe\u011fin g\u00f6z rengi hala tam olu\u015fmam\u0131\u015ft\u0131r, pigmentler artt\u0131k\u00e7a do\u011fumdan sonra bile g\u00f6z renginde de\u011fi\u015fiklik olur.\" \/>\n<meta property=\"og:url\" content=\"https:\/\/tulinkahveci.com\/index.php\/otuz-sekiz-haftalik-hamilelik\/\" \/>\n<meta property=\"og:site_name\" content=\"T\u00dcL\u0130N KAHVEC\u0130\" \/>\n<meta name=\"twitter:card\" content=\"summary_large_image\" \/>\n<meta name=\"twitter:label1\" content=\"Tahmini okuma s\u00fcresi\" \/>\n\t<meta name=\"twitter:data1\" content=\"1 dakika\" \/>\n<script type=\"application\/ld+json\" class=\"yoast-schema-graph\">{\"@context\":\"https:\\\/\\\/schema.org\",\"@graph\":[{\"@type\":\"WebPage\",\"@id\":\"https:\\\/\\\/tulinkahveci.com\\\/index.php\\\/otuz-sekiz-haftalik-hamilelik\\\/\",\"url\":\"https:\\\/\\\/tulinkahveci.com\\\/index.php\\\/otuz-sekiz-haftalik-hamilelik\\\/\",\"name\":\"OTUZ SEK\u0130Z HAFTALIK HAM\u0130LEL\u0130K - T\u00dcL\u0130N KAHVEC\u0130\",\"isPartOf\":{\"@id\":\"https:\\\/\\\/tulinkahveci.com\\\/#website\"},\"datePublished\":\"2025-01-16T14:16:01+00:00\",\"description\":\"Bebe\u011fin g\u00f6z rengi hala tam olu\u015fmam\u0131\u015ft\u0131r, pigmentler artt\u0131k\u00e7a do\u011fumdan sonra bile g\u00f6z renginde de\u011fi\u015fiklik olur.\",\"breadcrumb\":{\"@id\":\"https:\\\/\\\/tulinkahveci.com\\\/index.php\\\/otuz-sekiz-haftalik-hamilelik\\\/#breadcrumb\"},\"inLanguage\":\"tr\",\"potentialAction\":[{\"@type\":\"ReadAction\",\"target\":[\"https:\\\/\\\/tulinkahveci.com\\\/index.php\\\/otuz-sekiz-haftalik-hamilelik\\\/\"]}]},{\"@type\":\"BreadcrumbList\",\"@id\":\"https:\\\/\\\/tulinkahveci.com\\\/index.php\\\/otuz-sekiz-haftalik-hamilelik\\\/#breadcrumb\",\"itemListElement\":[{\"@type\":\"ListItem\",\"position\":1,\"name\":\"Anasayfa\",\"item\":\"https:\\\/\\\/tulinkahveci.com\\\/\"},{\"@type\":\"ListItem\",\"position\":2,\"name\":\"OTUZ SEK\u0130Z HAFTALIK HAM\u0130LEL\u0130K\"}]},{\"@type\":\"WebSite\",\"@id\":\"https:\\\/\\\/tulinkahveci.com\\\/#website\",\"url\":\"https:\\\/\\\/tulinkahveci.com\\\/\",\"name\":\"T\u00dcL\u0130N KAHVEC\u0130\",\"description\":\"\",\"potentialAction\":[{\"@type\":\"SearchAction\",\"target\":{\"@type\":\"EntryPoint\",\"urlTemplate\":\"https:\\\/\\\/tulinkahveci.com\\\/?s={search_term_string}\"},\"query-input\":{\"@type\":\"PropertyValueSpecification\",\"valueRequired\":true,\"valueName\":\"search_term_string\"}}],\"inLanguage\":\"tr\"}]}<\/script>\n<!-- \/ Yoast SEO plugin. -->","yoast_head_json":{"title":"OTUZ SEK\u0130Z HAFTALIK HAM\u0130LEL\u0130K - T\u00dcL\u0130N KAHVEC\u0130","description":"Bebe\u011fin g\u00f6z rengi hala tam olu\u015fmam\u0131\u015ft\u0131r, pigmentler artt\u0131k\u00e7a do\u011fumdan sonra bile g\u00f6z renginde de\u011fi\u015fiklik olur.","robots":{"index":"index","follow":"follow","max-snippet":"max-snippet:-1","max-image-preview":"max-image-preview:large","max-video-preview":"max-video-preview:-1"},"canonical":"https:\/\/tulinkahveci.com\/index.php\/otuz-sekiz-haftalik-hamilelik\/","og_locale":"tr_TR","og_type":"article","og_title":"OTUZ SEK\u0130Z HAFTALIK HAM\u0130LEL\u0130K - T\u00dcL\u0130N KAHVEC\u0130","og_description":"Bebe\u011fin g\u00f6z rengi hala tam olu\u015fmam\u0131\u015ft\u0131r, pigmentler artt\u0131k\u00e7a do\u011fumdan sonra bile g\u00f6z renginde de\u011fi\u015fiklik olur.","og_url":"https:\/\/tulinkahveci.com\/index.php\/otuz-sekiz-haftalik-hamilelik\/","og_site_name":"T\u00dcL\u0130N KAHVEC\u0130","twitter_card":"summary_large_image","twitter_misc":{"Tahmini okuma s\u00fcresi":"1 dakika"},"schema":{"@context":"https:\/\/schema.org","@graph":[{"@type":"WebPage","@id":"https:\/\/tulinkahveci.com\/index.php\/otuz-sekiz-haftalik-hamilelik\/","url":"https:\/\/tulinkahveci.com\/index.php\/otuz-sekiz-haftalik-hamilelik\/","name":"OTUZ SEK\u0130Z HAFTALIK HAM\u0130LEL\u0130K - T\u00dcL\u0130N KAHVEC\u0130","isPartOf":{"@id":"https:\/\/tulinkahveci.com\/#website"},"datePublished":"2025-01-16T14:16:01+00:00","description":"Bebe\u011fin g\u00f6z rengi hala tam olu\u015fmam\u0131\u015ft\u0131r, pigmentler artt\u0131k\u00e7a do\u011fumdan sonra bile g\u00f6z renginde de\u011fi\u015fiklik olur.","breadcrumb":{"@id":"https:\/\/tulinkahveci.com\/index.php\/otuz-sekiz-haftalik-hamilelik\/#breadcrumb"},"inLanguage":"tr","potentialAction":[{"@type":"ReadAction","target":["https:\/\/tulinkahveci.com\/index.php\/otuz-sekiz-haftalik-hamilelik\/"]}]},{"@type":"BreadcrumbList","@id":"https:\/\/tulinkahveci.com\/index.php\/otuz-sekiz-haftalik-hamilelik\/#breadcrumb","itemListElement":[{"@type":"ListItem","position":1,"name":"Anasayfa","item":"https:\/\/tulinkahveci.com\/"},{"@type":"ListItem","position":2,"name":"OTUZ SEK\u0130Z HAFTALIK HAM\u0130LEL\u0130K"}]},{"@type":"WebSite","@id":"https:\/\/tulinkahveci.com\/#website","url":"https:\/\/tulinkahveci.com\/","name":"T\u00dcL\u0130N KAHVEC\u0130","description":"","potentialAction":[{"@type":"SearchAction","target":{"@type":"EntryPoint","urlTemplate":"https:\/\/tulinkahveci.com\/?s={search_term_string}"},"query-input":{"@type":"PropertyValueSpecification","valueRequired":true,"valueName":"search_term_string"}}],"inLanguage":"tr"}]}},"_links":{"self":[{"href":"https:\/\/tulinkahveci.com\/index.php\/wp-json\/wp\/v2\/pages\/2196","targetHints":{"allow":["GET"]}}],"collection":[{"href":"https:\/\/tulinkahveci.com\/index.php\/wp-json\/wp\/v2\/pages"}],"about":[{"href":"https:\/\/tulinkahveci.com\/index.php\/wp-json\/wp\/v2\/types\/page"}],"author":[{"embeddable":true,"href":"https:\/\/tulinkahveci.com\/index.php\/wp-json\/wp\/v2\/users\/1"}],"replies":[{"embeddable":true,"href":"https:\/\/tulinkahveci.com\/index.php\/wp-json\/wp\/v2\/comments?post=2196"}],"version-history":[{"count":0,"href":"https:\/\/tulinkahveci.com\/index.php\/wp-json\/wp\/v2\/pages\/2196\/revisions"}],"wp:attachment":[{"href":"https:\/\/tulinkahveci.com\/index.php\/wp-json\/wp\/v2\/media?parent=2196"}],"curies":[{"name":"wp","href":"https:\/\/api.w.org\/{rel}","templated":true}]}}