{"id":345,"date":"2022-04-19T12:36:08","date_gmt":"2022-04-19T09:36:08","guid":{"rendered":"http:\/\/localhost\/?page_id=345"},"modified":"2022-04-19T12:36:08","modified_gmt":"2022-04-19T09:36:08","slug":"vajinismus-tedavisinde-dikkat-edilmesi-gereken-konular","status":"publish","type":"page","link":"https:\/\/tulinkahveci.com\/index.php\/vajinismus-tedavisinde-dikkat-edilmesi-gereken-konular\/","title":{"rendered":"Vajinismus Tedavisinde Dikkat Edilmesi Gereken Konular"},"content":{"rendered":"<p>Vajinismus<br \/>\nTedavisinde Dikkat Edilmesi Gereken Konular<\/p>\n<p>          Tedavi<br \/>\n\tmutlaka e\u015fle beraber olmal\u0131d\u0131r.&nbsp;<br \/>\n          &nbsp;Vajinismusun<br \/>\n\tfiziksel bir nedeni olabilir ve bu nedenle kad\u0131n\u0131n mutlaka cinsel<br \/>\n\tterapi \u00f6ncesi bir kad\u0131n do\u011fum uzman\u0131na g\u00f6r\u00fcnmesi gerekir.&nbsp;<br \/>\n          &nbsp;Deneyip<br \/>\n\tde ba\u015far\u0131s\u0131zl\u0131kla sonu\u00e7lanan her tedavi giri\u015fimi \u00e7ifti dipsiz<br \/>\n\tbir kuyuya do\u011fru s\u00fcr\u00fckler, umutlar\u0131n\u0131 k\u0131rar, tedaviyi<br \/>\n\tg\u00fc\u00e7le\u015ftirir.&nbsp;<br \/>\n          &nbsp;Tedavinin<br \/>\n\tsonlar\u0131na do\u011fru e\u015flerin aras\u0131 a\u00e7\u0131lmaya ba\u015flar ve s\u0131k s\u0131k<br \/>\n\tkavga etmeye ba\u015flarlar.&nbsp;<br \/>\n          &nbsp;Hasta<br \/>\n\t\u00e7ift yakla\u015f\u0131k 10-12 seans sonras\u0131nda sa\u011fl\u0131kl\u0131 bir cinsel<br \/>\n\thayata kavu\u015fabiliyor. Tedavi s\u00fcresinin uzunlu\u011fu ise genellikle 3<br \/>\n\thafta ile 3 ay aras\u0131nda s\u00fcr\u00fcyor.&nbsp;<br \/>\n          &nbsp;Vajinismusu<br \/>\n\tmekanik olarak \u00e7\u00f6zmek yetmez. \u00c7ifte sa\u011fl\u0131kl\u0131 ve mutlu bir<br \/>\n\tcinsel hayat sunmak i\u00e7in tedavide iki a\u015fama izlenir. 1. a\u015famada<br \/>\n\tcinsel birle\u015fmenin olmas\u0131n\u0131 hedefleriz. 2. a\u015famada ise cinsel<br \/>\n\tili\u015fkiden zevk alma ve orgazm olma teknikleri \u00f6\u011fretilir.<\/p>\n","protected":false},"excerpt":{"rendered":"<p>Vajinismus Tedavisinde Dikkat Edilmesi Gereken Konular Tedavi mutlaka e\u015fle beraber olmal\u0131d\u0131r.&nbsp; &nbsp;Vajinismusun fiziksel bir nedeni olabilir ve bu nedenle kad\u0131n\u0131n mutlaka cinsel terapi \u00f6ncesi bir kad\u0131n do\u011fum uzman\u0131na g\u00f6r\u00fcnmesi gerekir.&nbsp; &nbsp;Deneyip de ba\u015far\u0131s\u0131zl\u0131kla sonu\u00e7lanan her tedavi giri\u015fimi \u00e7ifti dipsiz bir kuyuya do\u011fru s\u00fcr\u00fckler, umutlar\u0131n\u0131 k\u0131rar, tedaviyi g\u00fc\u00e7le\u015ftirir.&nbsp; &nbsp;Tedavinin sonlar\u0131na do\u011fru e\u015flerin aras\u0131 a\u00e7\u0131lmaya ba\u015flar ve [&hellip;]<\/p>\n","protected":false},"author":1,"featured_media":0,"parent":0,"menu_order":0,"comment_status":"closed","ping_status":"closed","template":"","meta":{"footnotes":""},"class_list":["post-345","page","type-page","status-publish","hentry"],"yoast_head":"<!-- This site is optimized with the Yoast SEO plugin v27.4 - https:\/\/yoast.com\/product\/yoast-seo-wordpress\/ -->\n<title>Vajinismus Tedavisinde Dikkat Edilmesi Gereken Konular - T\u00dcL\u0130N KAHVEC\u0130<\/title>\n<meta name=\"robots\" content=\"index, follow, max-snippet:-1, max-image-preview:large, max-video-preview:-1\" \/>\n<link rel=\"canonical\" href=\"https:\/\/tulinkahveci.com\/index.php\/vajinismus-tedavisinde-dikkat-edilmesi-gereken-konular\/\" \/>\n<meta property=\"og:locale\" content=\"tr_TR\" \/>\n<meta property=\"og:type\" content=\"article\" \/>\n<meta property=\"og:title\" content=\"Vajinismus Tedavisinde Dikkat Edilmesi Gereken Konular - T\u00dcL\u0130N KAHVEC\u0130\" \/>\n<meta property=\"og:description\" content=\"Vajinismus Tedavisinde Dikkat Edilmesi Gereken Konular Tedavi mutlaka e\u015fle beraber olmal\u0131d\u0131r.&nbsp; &nbsp;Vajinismusun fiziksel bir nedeni olabilir ve bu nedenle kad\u0131n\u0131n mutlaka cinsel terapi \u00f6ncesi bir kad\u0131n do\u011fum uzman\u0131na g\u00f6r\u00fcnmesi gerekir.&nbsp; &nbsp;Deneyip de ba\u015far\u0131s\u0131zl\u0131kla sonu\u00e7lanan her tedavi giri\u015fimi \u00e7ifti dipsiz bir kuyuya do\u011fru s\u00fcr\u00fckler, umutlar\u0131n\u0131 k\u0131rar, tedaviyi g\u00fc\u00e7le\u015ftirir.&nbsp; &nbsp;Tedavinin sonlar\u0131na do\u011fru e\u015flerin aras\u0131 a\u00e7\u0131lmaya ba\u015flar ve [&hellip;]\" \/>\n<meta property=\"og:url\" content=\"https:\/\/tulinkahveci.com\/index.php\/vajinismus-tedavisinde-dikkat-edilmesi-gereken-konular\/\" \/>\n<meta property=\"og:site_name\" content=\"T\u00dcL\u0130N KAHVEC\u0130\" \/>\n<meta name=\"twitter:card\" content=\"summary_large_image\" \/>\n<meta name=\"twitter:label1\" content=\"Tahmini okuma s\u00fcresi\" \/>\n\t<meta name=\"twitter:data1\" content=\"1 dakika\" \/>\n<script type=\"application\/ld+json\" class=\"yoast-schema-graph\">{\"@context\":\"https:\\\/\\\/schema.org\",\"@graph\":[{\"@type\":\"WebPage\",\"@id\":\"https:\\\/\\\/tulinkahveci.com\\\/index.php\\\/vajinismus-tedavisinde-dikkat-edilmesi-gereken-konular\\\/\",\"url\":\"https:\\\/\\\/tulinkahveci.com\\\/index.php\\\/vajinismus-tedavisinde-dikkat-edilmesi-gereken-konular\\\/\",\"name\":\"Vajinismus Tedavisinde Dikkat Edilmesi Gereken Konular - T\u00dcL\u0130N KAHVEC\u0130\",\"isPartOf\":{\"@id\":\"https:\\\/\\\/tulinkahveci.com\\\/#website\"},\"datePublished\":\"2022-04-19T09:36:08+00:00\",\"breadcrumb\":{\"@id\":\"https:\\\/\\\/tulinkahveci.com\\\/index.php\\\/vajinismus-tedavisinde-dikkat-edilmesi-gereken-konular\\\/#breadcrumb\"},\"inLanguage\":\"tr\",\"potentialAction\":[{\"@type\":\"ReadAction\",\"target\":[\"https:\\\/\\\/tulinkahveci.com\\\/index.php\\\/vajinismus-tedavisinde-dikkat-edilmesi-gereken-konular\\\/\"]}]},{\"@type\":\"BreadcrumbList\",\"@id\":\"https:\\\/\\\/tulinkahveci.com\\\/index.php\\\/vajinismus-tedavisinde-dikkat-edilmesi-gereken-konular\\\/#breadcrumb\",\"itemListElement\":[{\"@type\":\"ListItem\",\"position\":1,\"name\":\"Anasayfa\",\"item\":\"https:\\\/\\\/tulinkahveci.com\\\/\"},{\"@type\":\"ListItem\",\"position\":2,\"name\":\"Vajinismus Tedavisinde Dikkat Edilmesi Gereken Konular\"}]},{\"@type\":\"WebSite\",\"@id\":\"https:\\\/\\\/tulinkahveci.com\\\/#website\",\"url\":\"https:\\\/\\\/tulinkahveci.com\\\/\",\"name\":\"T\u00dcL\u0130N KAHVEC\u0130\",\"description\":\"\",\"potentialAction\":[{\"@type\":\"SearchAction\",\"target\":{\"@type\":\"EntryPoint\",\"urlTemplate\":\"https:\\\/\\\/tulinkahveci.com\\\/?s={search_term_string}\"},\"query-input\":{\"@type\":\"PropertyValueSpecification\",\"valueRequired\":true,\"valueName\":\"search_term_string\"}}],\"inLanguage\":\"tr\"}]}<\/script>\n<!-- \/ Yoast SEO plugin. -->","yoast_head_json":{"title":"Vajinismus Tedavisinde Dikkat Edilmesi Gereken Konular - T\u00dcL\u0130N KAHVEC\u0130","robots":{"index":"index","follow":"follow","max-snippet":"max-snippet:-1","max-image-preview":"max-image-preview:large","max-video-preview":"max-video-preview:-1"},"canonical":"https:\/\/tulinkahveci.com\/index.php\/vajinismus-tedavisinde-dikkat-edilmesi-gereken-konular\/","og_locale":"tr_TR","og_type":"article","og_title":"Vajinismus Tedavisinde Dikkat Edilmesi Gereken Konular - T\u00dcL\u0130N KAHVEC\u0130","og_description":"Vajinismus Tedavisinde Dikkat Edilmesi Gereken Konular Tedavi mutlaka e\u015fle beraber olmal\u0131d\u0131r.&nbsp; &nbsp;Vajinismusun fiziksel bir nedeni olabilir ve bu nedenle kad\u0131n\u0131n mutlaka cinsel terapi \u00f6ncesi bir kad\u0131n do\u011fum uzman\u0131na g\u00f6r\u00fcnmesi gerekir.&nbsp; &nbsp;Deneyip de ba\u015far\u0131s\u0131zl\u0131kla sonu\u00e7lanan her tedavi giri\u015fimi \u00e7ifti dipsiz bir kuyuya do\u011fru s\u00fcr\u00fckler, umutlar\u0131n\u0131 k\u0131rar, tedaviyi g\u00fc\u00e7le\u015ftirir.&nbsp; &nbsp;Tedavinin sonlar\u0131na do\u011fru e\u015flerin aras\u0131 a\u00e7\u0131lmaya ba\u015flar ve [&hellip;]","og_url":"https:\/\/tulinkahveci.com\/index.php\/vajinismus-tedavisinde-dikkat-edilmesi-gereken-konular\/","og_site_name":"T\u00dcL\u0130N KAHVEC\u0130","twitter_card":"summary_large_image","twitter_misc":{"Tahmini okuma s\u00fcresi":"1 dakika"},"schema":{"@context":"https:\/\/schema.org","@graph":[{"@type":"WebPage","@id":"https:\/\/tulinkahveci.com\/index.php\/vajinismus-tedavisinde-dikkat-edilmesi-gereken-konular\/","url":"https:\/\/tulinkahveci.com\/index.php\/vajinismus-tedavisinde-dikkat-edilmesi-gereken-konular\/","name":"Vajinismus Tedavisinde Dikkat Edilmesi Gereken Konular - T\u00dcL\u0130N KAHVEC\u0130","isPartOf":{"@id":"https:\/\/tulinkahveci.com\/#website"},"datePublished":"2022-04-19T09:36:08+00:00","breadcrumb":{"@id":"https:\/\/tulinkahveci.com\/index.php\/vajinismus-tedavisinde-dikkat-edilmesi-gereken-konular\/#breadcrumb"},"inLanguage":"tr","potentialAction":[{"@type":"ReadAction","target":["https:\/\/tulinkahveci.com\/index.php\/vajinismus-tedavisinde-dikkat-edilmesi-gereken-konular\/"]}]},{"@type":"BreadcrumbList","@id":"https:\/\/tulinkahveci.com\/index.php\/vajinismus-tedavisinde-dikkat-edilmesi-gereken-konular\/#breadcrumb","itemListElement":[{"@type":"ListItem","position":1,"name":"Anasayfa","item":"https:\/\/tulinkahveci.com\/"},{"@type":"ListItem","position":2,"name":"Vajinismus Tedavisinde Dikkat Edilmesi Gereken Konular"}]},{"@type":"WebSite","@id":"https:\/\/tulinkahveci.com\/#website","url":"https:\/\/tulinkahveci.com\/","name":"T\u00dcL\u0130N KAHVEC\u0130","description":"","potentialAction":[{"@type":"SearchAction","target":{"@type":"EntryPoint","urlTemplate":"https:\/\/tulinkahveci.com\/?s={search_term_string}"},"query-input":{"@type":"PropertyValueSpecification","valueRequired":true,"valueName":"search_term_string"}}],"inLanguage":"tr"}]}},"_links":{"self":[{"href":"https:\/\/tulinkahveci.com\/index.php\/wp-json\/wp\/v2\/pages\/345","targetHints":{"allow":["GET"]}}],"collection":[{"href":"https:\/\/tulinkahveci.com\/index.php\/wp-json\/wp\/v2\/pages"}],"about":[{"href":"https:\/\/tulinkahveci.com\/index.php\/wp-json\/wp\/v2\/types\/page"}],"author":[{"embeddable":true,"href":"https:\/\/tulinkahveci.com\/index.php\/wp-json\/wp\/v2\/users\/1"}],"replies":[{"embeddable":true,"href":"https:\/\/tulinkahveci.com\/index.php\/wp-json\/wp\/v2\/comments?post=345"}],"version-history":[{"count":0,"href":"https:\/\/tulinkahveci.com\/index.php\/wp-json\/wp\/v2\/pages\/345\/revisions"}],"wp:attachment":[{"href":"https:\/\/tulinkahveci.com\/index.php\/wp-json\/wp\/v2\/media?parent=345"}],"curies":[{"name":"wp","href":"https:\/\/api.w.org\/{rel}","templated":true}]}}