{"id":375,"date":"2022-04-19T15:17:08","date_gmt":"2022-04-19T12:17:08","guid":{"rendered":"http:\/\/localhost\/?page_id=375"},"modified":"2022-04-19T15:17:08","modified_gmt":"2022-04-19T12:17:08","slug":"vajinismusve-kizlik-zari","status":"publish","type":"page","link":"https:\/\/tulinkahveci.com\/index.php\/vajinismusve-kizlik-zari\/","title":{"rendered":"Vajinismus ve K\u0131zl\u0131k Zar\u0131"},"content":{"rendered":"\t\t<div data-elementor-type=\"wp-page\" data-elementor-id=\"375\" class=\"elementor elementor-375\">\n\t\t\t\t\t\t<section class=\"elementor-section elementor-top-section elementor-element elementor-element-8c0495b elementor-section-boxed elementor-section-height-default elementor-section-height-default\" data-id=\"8c0495b\" data-element_type=\"section\" data-e-type=\"section\">\n\t\t\t\t\t\t<div class=\"elementor-container elementor-column-gap-default\">\n\t\t\t\t\t<div class=\"aux-parallax-section elementor-column elementor-col-100 elementor-top-column elementor-element elementor-element-ae0ddc3\" data-id=\"ae0ddc3\" data-element_type=\"column\" data-e-type=\"column\">\n\t\t\t<div class=\"elementor-widget-wrap elementor-element-populated\">\n\t\t\t\t\t\t<div class=\"elementor-element elementor-element-9afa10f elementor-widget elementor-widget-heading\" data-id=\"9afa10f\" data-element_type=\"widget\" data-e-type=\"widget\" data-widget_type=\"heading.default\">\n\t\t\t\t\t<h2 class=\"elementor-heading-title elementor-size-default\">Vajinismus ve K\u0131zl\u0131k Zar\u0131<\/h2>\t\t\t\t<\/div>\n\t\t\t\t\t<\/div>\n\t\t<\/div>\n\t\t\t\t\t<\/div>\n\t\t<\/section>\n\t\t\t\t<section class=\"elementor-section elementor-top-section elementor-element elementor-element-4ca91fc8 elementor-section-boxed elementor-section-height-default elementor-section-height-default\" data-id=\"4ca91fc8\" data-element_type=\"section\" data-e-type=\"section\">\n\t\t\t\t\t\t<div class=\"elementor-container elementor-column-gap-default\">\n\t\t\t\t\t<div class=\"aux-parallax-section elementor-column elementor-col-100 elementor-top-column elementor-element elementor-element-6fbd6ff3\" data-id=\"6fbd6ff3\" data-element_type=\"column\" data-e-type=\"column\">\n\t\t\t<div class=\"elementor-widget-wrap elementor-element-populated\">\n\t\t\t\t\t\t<div class=\"elementor-element elementor-element-18a249d4 elementor-widget elementor-widget-text-editor\" data-id=\"18a249d4\" data-element_type=\"widget\" data-e-type=\"widget\" data-widget_type=\"text-editor.default\">\n\t\t\t\t\t\t\t\t\t<p align=\"justify\"><span style=\"font-family: Times New Roman, serif;\"><span style=\"font-size: medium;\"><span style=\"color: #777777;\">K\u0131zl\u0131k zar\u0131; vajinismuslu kad\u0131nlar\u0131n kafas\u0131ndaki \u00e7o\u011fu sorular\u0131n kar\u015f\u0131l\u0131\u011f\u0131 olur ve cinsel ili\u015fkide bulunamamas\u0131n\u0131n nedeni olarak &#8220;k\u0131zl\u0131k zar\u0131n\u0131n kal\u0131nl\u0131\u011f\u0131&#8221; g\u00f6sterilir. Bu nedenle \u00e7o\u011fu zaman hymenektomi ad\u0131 verilen cerrahi bir y\u00f6ntemle bu zar\u0131n kesilmesi operasyonu yap\u0131l\u0131r. Ama sonras\u0131n da sorun devam edince hasta y\u0131k\u0131l\u0131r. Uzun s\u00fcre yard\u0131m almak istemez ve tedavi olmak i\u00e7in cesaretini kaybeder. Bilinenin aksine ger\u00e7ekten cinsel ili\u015fkiye engel olacak k\u0131zl\u0131k zar\u0131n\u0131n veya vajenin bir anatomik bozuklu\u011fun g\u00f6r\u00fclme s\u0131kl\u0131\u011f\u0131 ise %1&#8217;in alt\u0131ndad\u0131r.<\/span><\/span><\/span><\/p><p>\u00a0<\/p><p>\u00a0<\/p><p>\u00a0<\/p>\t\t\t\t\t\t\t\t<\/div>\n\t\t\t\t\t<\/div>\n\t\t<\/div>\n\t\t\t\t\t<\/div>\n\t\t<\/section>\n\t\t\t\t<\/div>\n\t\t","protected":false},"excerpt":{"rendered":"<p>Vajinismus ve K\u0131zl\u0131k Zar\u0131 K\u0131zl\u0131k zar\u0131; vajinismuslu kad\u0131nlar\u0131n kafas\u0131ndaki \u00e7o\u011fu sorular\u0131n kar\u015f\u0131l\u0131\u011f\u0131 olur ve cinsel ili\u015fkide bulunamamas\u0131n\u0131n nedeni olarak &#8220;k\u0131zl\u0131k zar\u0131n\u0131n kal\u0131nl\u0131\u011f\u0131&#8221; g\u00f6sterilir. Bu nedenle \u00e7o\u011fu zaman hymenektomi ad\u0131 verilen cerrahi bir y\u00f6ntemle bu zar\u0131n kesilmesi operasyonu yap\u0131l\u0131r. Ama sonras\u0131n da sorun devam edince hasta y\u0131k\u0131l\u0131r. Uzun s\u00fcre yard\u0131m almak istemez ve tedavi olmak i\u00e7in [&hellip;]<\/p>\n","protected":false},"author":1,"featured_media":0,"parent":0,"menu_order":0,"comment_status":"closed","ping_status":"closed","template":"","meta":{"footnotes":""},"class_list":["post-375","page","type-page","status-publish","hentry"],"yoast_head":"<!-- This site is optimized with the Yoast SEO plugin v27.4 - https:\/\/yoast.com\/product\/yoast-seo-wordpress\/ -->\n<title>Vajinismus ve K\u0131zl\u0131k Zar\u0131 - T\u00dcL\u0130N KAHVEC\u0130<\/title>\n<meta name=\"robots\" content=\"index, follow, max-snippet:-1, max-image-preview:large, max-video-preview:-1\" \/>\n<link rel=\"canonical\" href=\"https:\/\/tulinkahveci.com\/index.php\/vajinismusve-kizlik-zari\/\" \/>\n<meta property=\"og:locale\" content=\"tr_TR\" \/>\n<meta property=\"og:type\" content=\"article\" \/>\n<meta property=\"og:title\" content=\"Vajinismus ve K\u0131zl\u0131k Zar\u0131 - T\u00dcL\u0130N KAHVEC\u0130\" \/>\n<meta property=\"og:description\" content=\"Vajinismus ve K\u0131zl\u0131k Zar\u0131 K\u0131zl\u0131k zar\u0131; vajinismuslu kad\u0131nlar\u0131n kafas\u0131ndaki \u00e7o\u011fu sorular\u0131n kar\u015f\u0131l\u0131\u011f\u0131 olur ve cinsel ili\u015fkide bulunamamas\u0131n\u0131n nedeni olarak &#8220;k\u0131zl\u0131k zar\u0131n\u0131n kal\u0131nl\u0131\u011f\u0131&#8221; g\u00f6sterilir. Bu nedenle \u00e7o\u011fu zaman hymenektomi ad\u0131 verilen cerrahi bir y\u00f6ntemle bu zar\u0131n kesilmesi operasyonu yap\u0131l\u0131r. Ama sonras\u0131n da sorun devam edince hasta y\u0131k\u0131l\u0131r. Uzun s\u00fcre yard\u0131m almak istemez ve tedavi olmak i\u00e7in [&hellip;]\" \/>\n<meta property=\"og:url\" content=\"https:\/\/tulinkahveci.com\/index.php\/vajinismusve-kizlik-zari\/\" \/>\n<meta property=\"og:site_name\" content=\"T\u00dcL\u0130N KAHVEC\u0130\" \/>\n<meta name=\"twitter:card\" content=\"summary_large_image\" \/>\n<meta name=\"twitter:label1\" content=\"Tahmini okuma s\u00fcresi\" \/>\n\t<meta name=\"twitter:data1\" content=\"1 dakika\" \/>\n<script type=\"application\/ld+json\" class=\"yoast-schema-graph\">{\"@context\":\"https:\\\/\\\/schema.org\",\"@graph\":[{\"@type\":\"WebPage\",\"@id\":\"https:\\\/\\\/tulinkahveci.com\\\/index.php\\\/vajinismusve-kizlik-zari\\\/\",\"url\":\"https:\\\/\\\/tulinkahveci.com\\\/index.php\\\/vajinismusve-kizlik-zari\\\/\",\"name\":\"Vajinismus ve K\u0131zl\u0131k Zar\u0131 - T\u00dcL\u0130N KAHVEC\u0130\",\"isPartOf\":{\"@id\":\"https:\\\/\\\/tulinkahveci.com\\\/#website\"},\"datePublished\":\"2022-04-19T12:17:08+00:00\",\"breadcrumb\":{\"@id\":\"https:\\\/\\\/tulinkahveci.com\\\/index.php\\\/vajinismusve-kizlik-zari\\\/#breadcrumb\"},\"inLanguage\":\"tr\",\"potentialAction\":[{\"@type\":\"ReadAction\",\"target\":[\"https:\\\/\\\/tulinkahveci.com\\\/index.php\\\/vajinismusve-kizlik-zari\\\/\"]}]},{\"@type\":\"BreadcrumbList\",\"@id\":\"https:\\\/\\\/tulinkahveci.com\\\/index.php\\\/vajinismusve-kizlik-zari\\\/#breadcrumb\",\"itemListElement\":[{\"@type\":\"ListItem\",\"position\":1,\"name\":\"Anasayfa\",\"item\":\"https:\\\/\\\/tulinkahveci.com\\\/\"},{\"@type\":\"ListItem\",\"position\":2,\"name\":\"Vajinismus ve K\u0131zl\u0131k Zar\u0131\"}]},{\"@type\":\"WebSite\",\"@id\":\"https:\\\/\\\/tulinkahveci.com\\\/#website\",\"url\":\"https:\\\/\\\/tulinkahveci.com\\\/\",\"name\":\"T\u00dcL\u0130N KAHVEC\u0130\",\"description\":\"\",\"potentialAction\":[{\"@type\":\"SearchAction\",\"target\":{\"@type\":\"EntryPoint\",\"urlTemplate\":\"https:\\\/\\\/tulinkahveci.com\\\/?s={search_term_string}\"},\"query-input\":{\"@type\":\"PropertyValueSpecification\",\"valueRequired\":true,\"valueName\":\"search_term_string\"}}],\"inLanguage\":\"tr\"}]}<\/script>\n<!-- \/ Yoast SEO plugin. -->","yoast_head_json":{"title":"Vajinismus ve K\u0131zl\u0131k Zar\u0131 - T\u00dcL\u0130N KAHVEC\u0130","robots":{"index":"index","follow":"follow","max-snippet":"max-snippet:-1","max-image-preview":"max-image-preview:large","max-video-preview":"max-video-preview:-1"},"canonical":"https:\/\/tulinkahveci.com\/index.php\/vajinismusve-kizlik-zari\/","og_locale":"tr_TR","og_type":"article","og_title":"Vajinismus ve K\u0131zl\u0131k Zar\u0131 - T\u00dcL\u0130N KAHVEC\u0130","og_description":"Vajinismus ve K\u0131zl\u0131k Zar\u0131 K\u0131zl\u0131k zar\u0131; vajinismuslu kad\u0131nlar\u0131n kafas\u0131ndaki \u00e7o\u011fu sorular\u0131n kar\u015f\u0131l\u0131\u011f\u0131 olur ve cinsel ili\u015fkide bulunamamas\u0131n\u0131n nedeni olarak &#8220;k\u0131zl\u0131k zar\u0131n\u0131n kal\u0131nl\u0131\u011f\u0131&#8221; g\u00f6sterilir. Bu nedenle \u00e7o\u011fu zaman hymenektomi ad\u0131 verilen cerrahi bir y\u00f6ntemle bu zar\u0131n kesilmesi operasyonu yap\u0131l\u0131r. Ama sonras\u0131n da sorun devam edince hasta y\u0131k\u0131l\u0131r. Uzun s\u00fcre yard\u0131m almak istemez ve tedavi olmak i\u00e7in [&hellip;]","og_url":"https:\/\/tulinkahveci.com\/index.php\/vajinismusve-kizlik-zari\/","og_site_name":"T\u00dcL\u0130N KAHVEC\u0130","twitter_card":"summary_large_image","twitter_misc":{"Tahmini okuma s\u00fcresi":"1 dakika"},"schema":{"@context":"https:\/\/schema.org","@graph":[{"@type":"WebPage","@id":"https:\/\/tulinkahveci.com\/index.php\/vajinismusve-kizlik-zari\/","url":"https:\/\/tulinkahveci.com\/index.php\/vajinismusve-kizlik-zari\/","name":"Vajinismus ve K\u0131zl\u0131k Zar\u0131 - T\u00dcL\u0130N KAHVEC\u0130","isPartOf":{"@id":"https:\/\/tulinkahveci.com\/#website"},"datePublished":"2022-04-19T12:17:08+00:00","breadcrumb":{"@id":"https:\/\/tulinkahveci.com\/index.php\/vajinismusve-kizlik-zari\/#breadcrumb"},"inLanguage":"tr","potentialAction":[{"@type":"ReadAction","target":["https:\/\/tulinkahveci.com\/index.php\/vajinismusve-kizlik-zari\/"]}]},{"@type":"BreadcrumbList","@id":"https:\/\/tulinkahveci.com\/index.php\/vajinismusve-kizlik-zari\/#breadcrumb","itemListElement":[{"@type":"ListItem","position":1,"name":"Anasayfa","item":"https:\/\/tulinkahveci.com\/"},{"@type":"ListItem","position":2,"name":"Vajinismus ve K\u0131zl\u0131k Zar\u0131"}]},{"@type":"WebSite","@id":"https:\/\/tulinkahveci.com\/#website","url":"https:\/\/tulinkahveci.com\/","name":"T\u00dcL\u0130N KAHVEC\u0130","description":"","potentialAction":[{"@type":"SearchAction","target":{"@type":"EntryPoint","urlTemplate":"https:\/\/tulinkahveci.com\/?s={search_term_string}"},"query-input":{"@type":"PropertyValueSpecification","valueRequired":true,"valueName":"search_term_string"}}],"inLanguage":"tr"}]}},"_links":{"self":[{"href":"https:\/\/tulinkahveci.com\/index.php\/wp-json\/wp\/v2\/pages\/375","targetHints":{"allow":["GET"]}}],"collection":[{"href":"https:\/\/tulinkahveci.com\/index.php\/wp-json\/wp\/v2\/pages"}],"about":[{"href":"https:\/\/tulinkahveci.com\/index.php\/wp-json\/wp\/v2\/types\/page"}],"author":[{"embeddable":true,"href":"https:\/\/tulinkahveci.com\/index.php\/wp-json\/wp\/v2\/users\/1"}],"replies":[{"embeddable":true,"href":"https:\/\/tulinkahveci.com\/index.php\/wp-json\/wp\/v2\/comments?post=375"}],"version-history":[{"count":0,"href":"https:\/\/tulinkahveci.com\/index.php\/wp-json\/wp\/v2\/pages\/375\/revisions"}],"wp:attachment":[{"href":"https:\/\/tulinkahveci.com\/index.php\/wp-json\/wp\/v2\/media?parent=375"}],"curies":[{"name":"wp","href":"https:\/\/api.w.org\/{rel}","templated":true}]}}