{"id":414,"date":"2022-04-22T13:43:13","date_gmt":"2022-04-22T10:43:13","guid":{"rendered":"http:\/\/localhost\/?page_id=414"},"modified":"2022-04-22T13:43:13","modified_gmt":"2022-04-22T10:43:13","slug":"kadin-sagligi-jinekoloji","status":"publish","type":"page","link":"https:\/\/tulinkahveci.com\/index.php\/kadin-sagligi-jinekoloji\/","title":{"rendered":"KADIN SA\u011eLI\u011eI (J\u0130NEKOLOJ\u0130)"},"content":{"rendered":"\t\t<div data-elementor-type=\"wp-page\" data-elementor-id=\"414\" class=\"elementor elementor-414\">\n\t\t\t\t\t\t<section class=\"elementor-section elementor-top-section elementor-element elementor-element-ab41f78 elementor-section-boxed elementor-section-height-default elementor-section-height-default\" data-id=\"ab41f78\" data-element_type=\"section\" data-e-type=\"section\">\n\t\t\t\t\t\t<div class=\"elementor-container elementor-column-gap-default\">\n\t\t\t\t\t<div class=\"aux-parallax-section elementor-column elementor-col-100 elementor-top-column elementor-element elementor-element-26181b6\" data-id=\"26181b6\" data-element_type=\"column\" data-e-type=\"column\">\n\t\t\t<div class=\"elementor-widget-wrap elementor-element-populated\">\n\t\t\t\t\t\t<section class=\"elementor-section elementor-inner-section elementor-element elementor-element-af4da8e elementor-section-boxed elementor-section-height-default elementor-section-height-default\" data-id=\"af4da8e\" data-element_type=\"section\" data-e-type=\"section\">\n\t\t\t\t\t\t<div class=\"elementor-container elementor-column-gap-default\">\n\t\t\t\t\t<div class=\"aux-parallax-section elementor-column elementor-col-33 elementor-inner-column elementor-element elementor-element-693fd27\" data-id=\"693fd27\" data-element_type=\"column\" data-e-type=\"column\">\n\t\t\t<div class=\"elementor-widget-wrap elementor-element-populated\">\n\t\t\t\t\t\t<div class=\"elementor-element elementor-element-74254b5 elementor-widget elementor-widget-text-editor\" data-id=\"74254b5\" data-element_type=\"widget\" data-e-type=\"widget\" data-widget_type=\"text-editor.default\">\n\t\t\t\t\t\t\t\t\t<p>Jinekolojik Muayene<\/p><p><br \/>Son y\u0131llarda insan \u00f6mr\u00fcn\u00fcn uzamas\u0131 ve bunun sonucunda artan sa\u011fl\u0131k problemleri ve koruyucu t\u0131bb\u0131n \u00f6nem kazanmas\u0131, kad\u0131nlar\u0131n rutin jinekolojik muayenelerini yapt\u0131rmalar\u0131n\u0131 zorunlu k\u0131lmaktad\u0131r.<\/p><p>\u00a0<\/p>\t\t\t\t\t\t\t\t<\/div>\n\t\t\t\t<div class=\"elementor-element elementor-element-256f7d0 elementor-widget elementor-widget-button\" data-id=\"256f7d0\" data-element_type=\"widget\" data-e-type=\"widget\" data-widget_type=\"button.default\">\n\t\t\t\t\t\t\t\t\t\t<a class=\"elementor-button elementor-button-link elementor-size-sm\" href=\"https:\/\/tulinkahveci.com\/jinekolojik-muayene\/\">\n\t\t\t\t\t\t<span class=\"elementor-button-content-wrapper\">\n\t\t\t\t\t\t\t\t\t<span class=\"elementor-button-text\">Devam\u0131 i\u00e7in t\u0131klay\u0131n <\/span>\n\t\t\t\t\t<\/span>\n\t\t\t\t\t<\/a>\n\t\t\t\t\t\t\t\t<\/div>\n\t\t\t\t\t<\/div>\n\t\t<\/div>\n\t\t\t\t<div class=\"aux-parallax-section elementor-column elementor-col-33 elementor-inner-column elementor-element elementor-element-925ec9a\" data-id=\"925ec9a\" data-element_type=\"column\" data-e-type=\"column\">\n\t\t\t<div class=\"elementor-widget-wrap elementor-element-populated\">\n\t\t\t\t\t\t<div class=\"elementor-element elementor-element-9834d9f elementor-widget elementor-widget-text-editor\" data-id=\"9834d9f\" data-element_type=\"widget\" data-e-type=\"widget\" data-widget_type=\"text-editor.default\">\n\t\t\t\t\t\t\t\t\t<p>Menar\u015f-\u0130lk Adet G\u00f6rme<\/p>\n<p><span style=\"color: #212529;\"><span style=\"font-family: Times New Roman, serif;\"><span style=\"font-size: medium;\">K\u0131z \u00e7ocuklar\u0131n\u0131n ergenli\u011fe girdi\u011finin en \u00f6nemli belirtilerinden olan ilk adet g\u00f6rme (menar\u015f), asl\u0131nda ergenlik geli\u015fmelerinin ba\u015flad\u0131\u011f\u0131 zamandan yakla\u015f\u0131k bir y\u0131l sonra ya\u015fan\u0131r.<\/span><\/span><\/span><\/p>\n<p><span style=\"color: #212529;\"><span style=\"font-family: Times New Roman, serif;\"><span style=\"font-size: medium;\">&nbsp;<\/span><\/span><\/span><\/p><p><span style=\"color: #212529;\"><span style=\"font-family: Times New Roman, serif;\"><span style=\"font-size: medium;\"><br><\/span><\/span><\/span><\/p>\t\t\t\t\t\t\t\t<\/div>\n\t\t\t\t<div class=\"elementor-element elementor-element-57ed447 elementor-widget elementor-widget-button\" data-id=\"57ed447\" data-element_type=\"widget\" data-e-type=\"widget\" data-widget_type=\"button.default\">\n\t\t\t\t\t\t\t\t\t\t<a class=\"elementor-button elementor-button-link elementor-size-sm\" href=\"https:\/\/tulinkahveci.com\/ilk-adet-gorme-menars\/\">\n\t\t\t\t\t\t<span class=\"elementor-button-content-wrapper\">\n\t\t\t\t\t\t\t\t\t<span class=\"elementor-button-text\">Devam\u0131 i\u00e7in t\u0131klay\u0131n...<\/span>\n\t\t\t\t\t<\/span>\n\t\t\t\t\t<\/a>\n\t\t\t\t\t\t\t\t<\/div>\n\t\t\t\t\t<\/div>\n\t\t<\/div>\n\t\t\t\t<div class=\"aux-parallax-section elementor-column elementor-col-33 elementor-inner-column elementor-element elementor-element-15e1e86\" data-id=\"15e1e86\" data-element_type=\"column\" data-e-type=\"column\">\n\t\t\t<div class=\"elementor-widget-wrap elementor-element-populated\">\n\t\t\t\t\t\t<div class=\"elementor-element elementor-element-53b5483 elementor-widget elementor-widget-text-editor\" data-id=\"53b5483\" data-element_type=\"widget\" data-e-type=\"widget\" data-widget_type=\"text-editor.default\">\n\t\t\t\t\t\t\t\t\t<p>Adet Gecikmesi<\/p><p class=\"western\" align=\"justify\"><span style=\"color: #212529;\"><span style=\"font-family: Times New Roman, serif;\"><span style=\"font-size: medium;\">T\u0131p dilinde amenore olarak adland\u0131r\u0131lan adet gecikmesi, adet kanamas\u0131n\u0131n beklenen tarihte olmamas\u0131, belli bir s\u00fcre daha ge\u00e7 olmas\u0131 demektir.<\/span><\/span><\/span><\/p><p class=\"western\" align=\"justify\"><span style=\"color: #212529;\"><span style=\"font-family: Times New Roman, serif;\"><span style=\"font-size: medium;\">\u00a0<\/span><\/span><\/span><\/p><p class=\"western\" align=\"justify\"><span style=\"color: #212529;\"><span style=\"font-family: Times New Roman, serif;\"><span style=\"font-size: medium;\">\u00a0<\/span><\/span><\/span><\/p>\t\t\t\t\t\t\t\t<\/div>\n\t\t\t\t<div class=\"elementor-element elementor-element-09ae557 elementor-widget elementor-widget-button\" data-id=\"09ae557\" data-element_type=\"widget\" data-e-type=\"widget\" data-widget_type=\"button.default\">\n\t\t\t\t\t\t\t\t\t\t<a class=\"elementor-button elementor-button-link elementor-size-sm\" href=\"https:\/\/tulinkahveci.com\/adet-gecikmesi\/\">\n\t\t\t\t\t\t<span class=\"elementor-button-content-wrapper\">\n\t\t\t\t\t\t\t\t\t<span class=\"elementor-button-text\">Devam\u0131 i\u00e7in t\u0131klay\u0131n...<\/span>\n\t\t\t\t\t<\/span>\n\t\t\t\t\t<\/a>\n\t\t\t\t\t\t\t\t<\/div>\n\t\t\t\t\t<\/div>\n\t\t<\/div>\n\t\t\t\t\t<\/div>\n\t\t<\/section>\n\t\t\t\t\t<\/div>\n\t\t<\/div>\n\t\t\t\t\t<\/div>\n\t\t<\/section>\n\t\t\t\t<\/div>\n\t\t","protected":false},"excerpt":{"rendered":"<p>Jinekolojik Muayene Son y\u0131llarda insan \u00f6mr\u00fcn\u00fcn uzamas\u0131 ve bunun sonucunda artan sa\u011fl\u0131k problemleri ve koruyucu t\u0131bb\u0131n \u00f6nem kazanmas\u0131, kad\u0131nlar\u0131n rutin jinekolojik muayenelerini yapt\u0131rmalar\u0131n\u0131 zorunlu k\u0131lmaktad\u0131r. \u00a0 Devam\u0131 i\u00e7in t\u0131klay\u0131n Menar\u015f-\u0130lk Adet G\u00f6rme K\u0131z \u00e7ocuklar\u0131n\u0131n ergenli\u011fe girdi\u011finin en \u00f6nemli belirtilerinden olan ilk adet g\u00f6rme (menar\u015f), asl\u0131nda ergenlik geli\u015fmelerinin ba\u015flad\u0131\u011f\u0131 zamandan yakla\u015f\u0131k bir y\u0131l sonra ya\u015fan\u0131r. &nbsp; [&hellip;]<\/p>\n","protected":false},"author":1,"featured_media":0,"parent":0,"menu_order":0,"comment_status":"closed","ping_status":"closed","template":"","meta":{"footnotes":""},"class_list":["post-414","page","type-page","status-publish","hentry"],"yoast_head":"<!-- This site is optimized with the Yoast SEO plugin v27.4 - https:\/\/yoast.com\/product\/yoast-seo-wordpress\/ -->\n<title>KADIN SA\u011eLI\u011eI (J\u0130NEKOLOJ\u0130) - T\u00dcL\u0130N KAHVEC\u0130<\/title>\n<meta name=\"robots\" content=\"index, follow, max-snippet:-1, max-image-preview:large, max-video-preview:-1\" \/>\n<link rel=\"canonical\" href=\"https:\/\/tulinkahveci.com\/index.php\/kadin-sagligi-jinekoloji\/\" \/>\n<meta property=\"og:locale\" content=\"tr_TR\" \/>\n<meta property=\"og:type\" content=\"article\" \/>\n<meta property=\"og:title\" content=\"KADIN SA\u011eLI\u011eI (J\u0130NEKOLOJ\u0130) - T\u00dcL\u0130N KAHVEC\u0130\" \/>\n<meta property=\"og:description\" content=\"Jinekolojik Muayene Son y\u0131llarda insan \u00f6mr\u00fcn\u00fcn uzamas\u0131 ve bunun sonucunda artan sa\u011fl\u0131k problemleri ve koruyucu t\u0131bb\u0131n \u00f6nem kazanmas\u0131, kad\u0131nlar\u0131n rutin jinekolojik muayenelerini yapt\u0131rmalar\u0131n\u0131 zorunlu k\u0131lmaktad\u0131r. \u00a0 Devam\u0131 i\u00e7in t\u0131klay\u0131n Menar\u015f-\u0130lk Adet G\u00f6rme K\u0131z \u00e7ocuklar\u0131n\u0131n ergenli\u011fe girdi\u011finin en \u00f6nemli belirtilerinden olan ilk adet g\u00f6rme (menar\u015f), asl\u0131nda ergenlik geli\u015fmelerinin ba\u015flad\u0131\u011f\u0131 zamandan yakla\u015f\u0131k bir y\u0131l sonra ya\u015fan\u0131r. &nbsp; [&hellip;]\" \/>\n<meta property=\"og:url\" content=\"https:\/\/tulinkahveci.com\/index.php\/kadin-sagligi-jinekoloji\/\" \/>\n<meta property=\"og:site_name\" content=\"T\u00dcL\u0130N KAHVEC\u0130\" \/>\n<meta name=\"twitter:card\" content=\"summary_large_image\" \/>\n<meta name=\"twitter:label1\" content=\"Tahmini okuma s\u00fcresi\" \/>\n\t<meta name=\"twitter:data1\" content=\"1 dakika\" \/>\n<script type=\"application\/ld+json\" class=\"yoast-schema-graph\">{\"@context\":\"https:\\\/\\\/schema.org\",\"@graph\":[{\"@type\":\"WebPage\",\"@id\":\"https:\\\/\\\/tulinkahveci.com\\\/index.php\\\/kadin-sagligi-jinekoloji\\\/\",\"url\":\"https:\\\/\\\/tulinkahveci.com\\\/index.php\\\/kadin-sagligi-jinekoloji\\\/\",\"name\":\"KADIN SA\u011eLI\u011eI (J\u0130NEKOLOJ\u0130) - T\u00dcL\u0130N KAHVEC\u0130\",\"isPartOf\":{\"@id\":\"https:\\\/\\\/tulinkahveci.com\\\/#website\"},\"datePublished\":\"2022-04-22T10:43:13+00:00\",\"breadcrumb\":{\"@id\":\"https:\\\/\\\/tulinkahveci.com\\\/index.php\\\/kadin-sagligi-jinekoloji\\\/#breadcrumb\"},\"inLanguage\":\"tr\",\"potentialAction\":[{\"@type\":\"ReadAction\",\"target\":[\"https:\\\/\\\/tulinkahveci.com\\\/index.php\\\/kadin-sagligi-jinekoloji\\\/\"]}]},{\"@type\":\"BreadcrumbList\",\"@id\":\"https:\\\/\\\/tulinkahveci.com\\\/index.php\\\/kadin-sagligi-jinekoloji\\\/#breadcrumb\",\"itemListElement\":[{\"@type\":\"ListItem\",\"position\":1,\"name\":\"Anasayfa\",\"item\":\"https:\\\/\\\/tulinkahveci.com\\\/\"},{\"@type\":\"ListItem\",\"position\":2,\"name\":\"KADIN SA\u011eLI\u011eI (J\u0130NEKOLOJ\u0130)\"}]},{\"@type\":\"WebSite\",\"@id\":\"https:\\\/\\\/tulinkahveci.com\\\/#website\",\"url\":\"https:\\\/\\\/tulinkahveci.com\\\/\",\"name\":\"T\u00dcL\u0130N KAHVEC\u0130\",\"description\":\"\",\"potentialAction\":[{\"@type\":\"SearchAction\",\"target\":{\"@type\":\"EntryPoint\",\"urlTemplate\":\"https:\\\/\\\/tulinkahveci.com\\\/?s={search_term_string}\"},\"query-input\":{\"@type\":\"PropertyValueSpecification\",\"valueRequired\":true,\"valueName\":\"search_term_string\"}}],\"inLanguage\":\"tr\"}]}<\/script>\n<!-- \/ Yoast SEO plugin. -->","yoast_head_json":{"title":"KADIN SA\u011eLI\u011eI (J\u0130NEKOLOJ\u0130) - T\u00dcL\u0130N KAHVEC\u0130","robots":{"index":"index","follow":"follow","max-snippet":"max-snippet:-1","max-image-preview":"max-image-preview:large","max-video-preview":"max-video-preview:-1"},"canonical":"https:\/\/tulinkahveci.com\/index.php\/kadin-sagligi-jinekoloji\/","og_locale":"tr_TR","og_type":"article","og_title":"KADIN SA\u011eLI\u011eI (J\u0130NEKOLOJ\u0130) - T\u00dcL\u0130N KAHVEC\u0130","og_description":"Jinekolojik Muayene Son y\u0131llarda insan \u00f6mr\u00fcn\u00fcn uzamas\u0131 ve bunun sonucunda artan sa\u011fl\u0131k problemleri ve koruyucu t\u0131bb\u0131n \u00f6nem kazanmas\u0131, kad\u0131nlar\u0131n rutin jinekolojik muayenelerini yapt\u0131rmalar\u0131n\u0131 zorunlu k\u0131lmaktad\u0131r. \u00a0 Devam\u0131 i\u00e7in t\u0131klay\u0131n Menar\u015f-\u0130lk Adet G\u00f6rme K\u0131z \u00e7ocuklar\u0131n\u0131n ergenli\u011fe girdi\u011finin en \u00f6nemli belirtilerinden olan ilk adet g\u00f6rme (menar\u015f), asl\u0131nda ergenlik geli\u015fmelerinin ba\u015flad\u0131\u011f\u0131 zamandan yakla\u015f\u0131k bir y\u0131l sonra ya\u015fan\u0131r. &nbsp; [&hellip;]","og_url":"https:\/\/tulinkahveci.com\/index.php\/kadin-sagligi-jinekoloji\/","og_site_name":"T\u00dcL\u0130N KAHVEC\u0130","twitter_card":"summary_large_image","twitter_misc":{"Tahmini okuma s\u00fcresi":"1 dakika"},"schema":{"@context":"https:\/\/schema.org","@graph":[{"@type":"WebPage","@id":"https:\/\/tulinkahveci.com\/index.php\/kadin-sagligi-jinekoloji\/","url":"https:\/\/tulinkahveci.com\/index.php\/kadin-sagligi-jinekoloji\/","name":"KADIN SA\u011eLI\u011eI (J\u0130NEKOLOJ\u0130) - T\u00dcL\u0130N KAHVEC\u0130","isPartOf":{"@id":"https:\/\/tulinkahveci.com\/#website"},"datePublished":"2022-04-22T10:43:13+00:00","breadcrumb":{"@id":"https:\/\/tulinkahveci.com\/index.php\/kadin-sagligi-jinekoloji\/#breadcrumb"},"inLanguage":"tr","potentialAction":[{"@type":"ReadAction","target":["https:\/\/tulinkahveci.com\/index.php\/kadin-sagligi-jinekoloji\/"]}]},{"@type":"BreadcrumbList","@id":"https:\/\/tulinkahveci.com\/index.php\/kadin-sagligi-jinekoloji\/#breadcrumb","itemListElement":[{"@type":"ListItem","position":1,"name":"Anasayfa","item":"https:\/\/tulinkahveci.com\/"},{"@type":"ListItem","position":2,"name":"KADIN SA\u011eLI\u011eI (J\u0130NEKOLOJ\u0130)"}]},{"@type":"WebSite","@id":"https:\/\/tulinkahveci.com\/#website","url":"https:\/\/tulinkahveci.com\/","name":"T\u00dcL\u0130N KAHVEC\u0130","description":"","potentialAction":[{"@type":"SearchAction","target":{"@type":"EntryPoint","urlTemplate":"https:\/\/tulinkahveci.com\/?s={search_term_string}"},"query-input":{"@type":"PropertyValueSpecification","valueRequired":true,"valueName":"search_term_string"}}],"inLanguage":"tr"}]}},"_links":{"self":[{"href":"https:\/\/tulinkahveci.com\/index.php\/wp-json\/wp\/v2\/pages\/414","targetHints":{"allow":["GET"]}}],"collection":[{"href":"https:\/\/tulinkahveci.com\/index.php\/wp-json\/wp\/v2\/pages"}],"about":[{"href":"https:\/\/tulinkahveci.com\/index.php\/wp-json\/wp\/v2\/types\/page"}],"author":[{"embeddable":true,"href":"https:\/\/tulinkahveci.com\/index.php\/wp-json\/wp\/v2\/users\/1"}],"replies":[{"embeddable":true,"href":"https:\/\/tulinkahveci.com\/index.php\/wp-json\/wp\/v2\/comments?post=414"}],"version-history":[{"count":0,"href":"https:\/\/tulinkahveci.com\/index.php\/wp-json\/wp\/v2\/pages\/414\/revisions"}],"wp:attachment":[{"href":"https:\/\/tulinkahveci.com\/index.php\/wp-json\/wp\/v2\/media?parent=414"}],"curies":[{"name":"wp","href":"https:\/\/api.w.org\/{rel}","templated":true}]}}