{"id":482,"date":"2022-04-26T20:31:37","date_gmt":"2022-04-26T17:31:37","guid":{"rendered":"http:\/\/localhost\/?page_id=482"},"modified":"2022-04-26T20:31:37","modified_gmt":"2022-04-26T17:31:37","slug":"adet-geciktirici-ilaclar","status":"publish","type":"page","link":"https:\/\/tulinkahveci.com\/index.php\/adet-geciktirici-ilaclar\/","title":{"rendered":"Adet Geciktirici \u0130la\u00e7lar"},"content":{"rendered":"\t\t<div data-elementor-type=\"wp-page\" data-elementor-id=\"482\" class=\"elementor elementor-482\">\n\t\t\t\t\t\t<section class=\"elementor-section elementor-top-section elementor-element elementor-element-ead5a8a elementor-section-boxed elementor-section-height-default elementor-section-height-default\" data-id=\"ead5a8a\" data-element_type=\"section\" data-e-type=\"section\">\n\t\t\t\t\t\t<div class=\"elementor-container elementor-column-gap-default\">\n\t\t\t\t\t<div class=\"aux-parallax-section elementor-column elementor-col-100 elementor-top-column elementor-element elementor-element-ccbfbf9\" data-id=\"ccbfbf9\" data-element_type=\"column\" data-e-type=\"column\">\n\t\t\t<div class=\"elementor-widget-wrap elementor-element-populated\">\n\t\t\t\t\t\t<div class=\"elementor-element elementor-element-bc28e54 elementor-widget elementor-widget-heading\" data-id=\"bc28e54\" data-element_type=\"widget\" data-e-type=\"widget\" data-widget_type=\"heading.default\">\n\t\t\t\t\t<h2 class=\"elementor-heading-title elementor-size-default\">Adet Geciktirici \u0130la\u00e7lar<\/h2>\t\t\t\t<\/div>\n\t\t\t\t\t<\/div>\n\t\t<\/div>\n\t\t\t\t\t<\/div>\n\t\t<\/section>\n\t\t\t\t<section class=\"elementor-section elementor-top-section elementor-element elementor-element-20809996 elementor-section-boxed elementor-section-height-default elementor-section-height-default\" data-id=\"20809996\" data-element_type=\"section\" data-e-type=\"section\">\n\t\t\t\t\t\t<div class=\"elementor-container elementor-column-gap-default\">\n\t\t\t\t\t<div class=\"aux-parallax-section elementor-column elementor-col-100 elementor-top-column elementor-element elementor-element-43395b3d\" data-id=\"43395b3d\" data-element_type=\"column\" data-e-type=\"column\">\n\t\t\t<div class=\"elementor-widget-wrap elementor-element-populated\">\n\t\t\t\t\t\t<div class=\"elementor-element elementor-element-53c57e6e elementor-widget elementor-widget-text-editor\" data-id=\"53c57e6e\" data-element_type=\"widget\" data-e-type=\"widget\" data-widget_type=\"text-editor.default\">\n\t\t\t\t\t\t\t\t\t<p class=\"western\" align=\"justify\"><span style=\"color: #212529;\"><span style=\"font-family: Times New Roman, serif;\"><span style=\"font-size: medium;\"><b>Adet Geciktirici \u0130la\u00e7lar <\/b><\/span><\/span><\/span><\/p><p class=\"western\" align=\"justify\"><span style=\"color: #212529;\"><span style=\"font-family: Times New Roman, serif;\"><span style=\"font-size: medium;\">Sa\u011fl\u0131kl\u0131 her kad\u0131n normal \u015fartlar alt\u0131nda ortalama ayda bir kez adet kanamas\u0131 ya\u015famaktad\u0131r. Adet kanamas\u0131; kad\u0131n rahminin i\u00e7 dokusunun (endometrium) hormonlar\u0131n etkisiyle kendisini gebeli\u011fe haz\u0131rlamas\u0131 ve gebelik olu\u015fmad\u0131ysa kanama ile d\u00f6k\u00fclmesi olay\u0131d\u0131r.<\/span><\/span><\/span><\/p><p class=\"western\" align=\"justify\"><span style=\"color: #212529;\"><span style=\"font-family: Times New Roman, serif;\"><span style=\"font-size: medium;\">Kad\u0131nlar bazen bu adet d\u00f6nemlerini ertelemek isteyebilmekte ve bunun i\u00e7in de adet kanamas\u0131n\u0131 geciktirecek, erteleyecek ila\u00e7lar kullanmaktad\u0131rlar. Bu ila\u00e7lar progesteron i\u00e7eren, rahim i\u00e7 dokusunun normal d\u00f6ng\u00fcs\u00fcn\u00fc geciktiren, yumurtlamay\u0131 ya da genel sa\u011fl\u0131k durumunu etkilemeyen ila\u00e7lard\u0131r. <\/span><\/span><\/span><\/p><p class=\"western\" align=\"justify\"><span style=\"color: #212529;\"><span style=\"font-family: Times New Roman, serif;\"><span style=\"font-size: medium;\">Ancak adet geciktirici ila\u00e7lar\u0131n kullan\u0131m s\u0131kl\u0131\u011f\u0131, kimlerin bu ila\u00e7lar\u0131 kullanabilece\u011fi, ilac\u0131n ne zaman al\u0131nmas\u0131 gerekti\u011fi, yan etkileri, zararlar\u0131 gibi hususlar konusunda bilgi sahibi olmadan, kad\u0131n hastal\u0131klar\u0131 ve do\u011fum uzman\u0131na dan\u0131\u015fmadan kullanmamak gerekir.\u00a0<\/span><\/span><\/span><\/p><p class=\"western\" align=\"justify\"><span style=\"color: #212529;\"><span style=\"font-family: Times New Roman, serif;\"><span style=\"font-size: medium;\"><b>Kimler adet geciktirici ila\u00e7 kullanabilir?<\/b><\/span><\/span><\/span><span style=\"color: #212529;\"><span style=\"font-family: Times New Roman, serif;\"><span style=\"font-size: medium;\">\u00a0<\/span><\/span><\/span><\/p><p class=\"western\" align=\"justify\"><span style=\"color: #212529;\"><span style=\"font-family: Times New Roman, serif;\"><span style=\"font-size: medium;\">Adet kanamas\u0131n\u0131 ertelemek i\u00e7in kullan\u0131lan ila\u00e7lar\u0131n i\u00e7eri\u011finde progesteron hormonu bulunmaktad\u0131r. Bu sebeple kad\u0131nlar\u0131n \u00e7o\u011funlu\u011fu i\u00e7in sorun yaratmayacak ila\u00e7lar olduklar\u0131 s\u00f6ylenebilir. Ancak \u00f6zellikle d\u00fczenli olarak kad\u0131n do\u011fum muayenesinden ge\u00e7meyen kad\u0131nlarda bilinmeyen hastal\u0131klar olabilece\u011finden, \u00f6ncelikle jinekolojik bir muayeneden ge\u00e7mek, ard\u0131ndan adet geciktirici ila\u00e7lar kullanmak daha do\u011fru olacakt\u0131r. \u00d6zellikle 40 ya\u015f\u0131ndan b\u00fcy\u00fck kad\u0131nlar\u0131n, akci\u011fer ve karaci\u011fer ile ilgili rahats\u0131zl\u0131k ya\u015fam\u0131\u015f olanlar\u0131n, meme ve rahim kanseri ge\u00e7iren kad\u0131nlar\u0131n adet geciktirici ila\u00e7lar\u0131 kullanmalar\u0131 \u00f6nerilmemektedir.\u00a0<\/span><\/span><\/span><\/p><p class=\"western\" align=\"justify\"><span style=\"color: #212529;\"><span style=\"font-family: Times New Roman, serif;\"><span style=\"font-size: medium;\"><b>Adet geciktirici ila\u00e7lar hangi s\u0131kl\u0131kla kullan\u0131lmal\u0131d\u0131r?<\/b><\/span><\/span><\/span><span style=\"color: #212529;\"><span style=\"font-family: Times New Roman, serif;\"><span style=\"font-size: medium;\">\u00a0<\/span><\/span><\/span><\/p><p class=\"western\" align=\"justify\"><span style=\"color: #212529;\"><span style=\"font-family: Times New Roman, serif;\"><span style=\"font-size: medium;\">Adet geciktirici ila\u00e7lar\u0131n \u00e7ok ciddi bir yan etkisi olmamakla beraber, metabolizman\u0131n do\u011fal d\u00f6ng\u00fcs\u00fcn\u00fc bozmaktad\u0131rlar. Bu sebeple \u00e7ok s\u0131k kullan\u0131lmas\u0131 v\u00fccut i\u00e7in sorun te\u015fkil edebilmekte, sonras\u0131nda adet d\u00fczensizli\u011fi ya\u015fanabilmektedir. <\/span><\/span><\/span><\/p><p class=\"western\" align=\"justify\"><span style=\"color: #212529;\"><span style=\"font-family: Times New Roman, serif;\"><span style=\"font-size: medium;\"><b>Adet geciktirici ila\u00e7lar adet kanamas\u0131ndan ka\u00e7 g\u00fcn \u00f6nce al\u0131nmal\u0131d\u0131r?<\/b><\/span><\/span><\/span><span style=\"color: #212529;\"><span style=\"font-family: Times New Roman, serif;\"><span style=\"font-size: medium;\">\u00a0<\/span><\/span><\/span><\/p><p class=\"western\" align=\"justify\"><span style=\"color: #212529;\"><span style=\"font-family: Times New Roman, serif;\"><span style=\"font-size: medium;\">Adet kanamas\u0131n\u0131 ertelemek isteyen kad\u0131n, adet d\u00f6neminden en az 4-5 g\u00fcn \u00f6nceden ilac\u0131 kullanmaya ba\u015flamal\u0131d\u0131r. Ka\u00e7 g\u00fcn geciktirmek isteniyorsa o s\u00fcre i\u00e7inde d\u00fczenli olarak ila\u00e7 kullan\u0131lmal\u0131d\u0131r. Kad\u0131n ka\u00e7 g\u00fcn boyunca adet kanamas\u0131n\u0131n ertelenmesini istiyorsa ilac\u0131 kullan\u0131r, ila\u00e7 b\u0131rak\u0131ld\u0131ktan 1-2 g\u00fcn sonra kad\u0131n adet kanamas\u0131 genellikle ba\u015flamaktad\u0131r.<\/span><\/span><\/span><\/p><p class=\"western\" align=\"justify\"><span style=\"color: #212529;\">\u00a0<\/span><span style=\"color: #212529;\"><span style=\"font-family: Times New Roman, serif;\"><span style=\"font-size: medium;\"><b>Adet geciktiricilerin yan etkileri nelerdir?<\/b><\/span><\/span><\/span><span style=\"color: #212529;\"><span style=\"font-family: Times New Roman, serif;\"><span style=\"font-size: medium;\">\u00a0<\/span><\/span><\/span><\/p><p class=\"western\" align=\"justify\"><span style=\"color: #212529;\"><span style=\"font-family: Times New Roman, serif;\"><span style=\"font-size: medium;\">Adet geciktirici ila\u00e7lar\u0131n kab\u0131zl\u0131k, \u015fi\u015fkinlik, ba\u015f a\u011fr\u0131s\u0131, g\u00f6\u011f\u00fcslerde hassasiyet ve sebepsiz gerginlik gibi \u015fiddeti ki\u015fiden ki\u015fiye de\u011fi\u015febilecek yan etkileri bulunmaktad\u0131r. Ancak bu yan etkiler ge\u00e7icidir ve \u00e7o\u011funlukla \u00e7ok rahats\u0131z edici boyutlarda de\u011fildir. Ayr\u0131ca adet d\u00f6nemi gecikti\u011fi i\u00e7in bir sonraki kanama da yeni tarihe g\u00f6re olaca\u011f\u0131ndan, yeni d\u00f6ng\u00fcy\u00fc takip etmek gerekecektir. Bunlarla beraber adet geciktirici haplar\u0131n direkt olarak k\u0131s\u0131rl\u0131\u011fa sebep olma, yumurtlamay\u0131 engelleme gibi olumsuz etkileri s\u00f6z konusu de\u011fildir.\u00a0<\/span><\/span><\/span><\/p><p class=\"western\" align=\"justify\"><span style=\"color: #212529;\"><span style=\"font-family: Times New Roman, serif;\"><span style=\"font-size: medium;\"><b>Adet geciktirici ila\u00e7larla ilgili do\u011fru bilinen yanl\u0131\u015flar nelerdir?<\/b><\/span><\/span><\/span><\/p><ol><li><p class=\"western\" align=\"justify\"><span style=\"color: #212529;\"><span style=\"font-family: Times New Roman, serif;\"><span style=\"font-size: medium;\">Adet geciktirici ila\u00e7lar\u0131n k\u0131s\u0131r yapabilece\u011fi d\u00fc\u015f\u00fcn\u00fcl\u00fcr. Ancak y\u0131lda 2-3 kereden fazla kullan\u0131lmad\u0131\u011f\u0131nda bu ila\u00e7lar\u0131n k\u0131s\u0131rl\u0131k yapabilece\u011fi ya da gebeli\u011fe engel olabilece\u011fine dair her hangi bir bulgu yoktur.<\/span><\/span><\/span><\/p><\/li><li><p class=\"western\" align=\"justify\"><span style=\"color: #212529;\"><span style=\"font-family: Times New Roman, serif;\"><span style=\"font-size: medium;\">Adet geciktirici ila\u00e7lar\u0131n yumurtlamay\u0131 olumsuz etkiledi\u011fi d\u00fc\u015f\u00fcncesi yayg\u0131nd\u0131r. Ancak bu ila\u00e7lar sadece rahim i\u00e7 dokusunu etkilemekte, s\u0131k kullan\u0131lmad\u0131\u011f\u0131 s\u00fcrece yumurtal\u0131klara her hangi bir m\u00fcdahalesi bulunmamaktad\u0131r. S\u0131k kullan\u0131ld\u0131\u011f\u0131ndan ise yumurtal\u0131klar ve rahim aras\u0131nda d\u00fczenli olarak ger\u00e7ekle\u015fen hormon dengesinin d\u00fczenini bozabilmektedir.<\/span><\/span><\/span><\/p><\/li><li><p class=\"western\" align=\"justify\"><span style=\"color: #212529;\"><span style=\"font-family: Times New Roman, serif;\"><span style=\"font-size: medium;\">Adet geciktirici ila\u00e7lar\u0131n do\u011fum kontrol\u00fcne yard\u0131mc\u0131 olabildi\u011fi d\u00fc\u015f\u00fcn\u00fcld\u00fc\u011f\u00fcnden, bu s\u00fcrede ili\u015fkiye girmenin gebeli\u011fe yol a\u00e7mayaca\u011f\u0131na inan\u0131l\u0131r. Ancak adet geciktirici ila\u00e7lar\u0131n sadece adet kanamas\u0131n\u0131 geciktirmeye etkisi olmaktad\u0131r. Tek ba\u015f\u0131na kullan\u0131ld\u0131\u011f\u0131nda gebeli\u011fi \u00f6nlemesi s\u00f6z konusu de\u011fildir. \u0130la\u00e7 kullan\u0131m sonras\u0131 olan adet gecikmelerinde mutlaka gebelik testi istenmelidir.<\/span><\/span><\/span><\/p><\/li><\/ol><p class=\"western\" align=\"justify\"><br \/><br \/><\/p>\t\t\t\t\t\t\t\t<\/div>\n\t\t\t\t\t<\/div>\n\t\t<\/div>\n\t\t\t\t\t<\/div>\n\t\t<\/section>\n\t\t\t\t<\/div>\n\t\t","protected":false},"excerpt":{"rendered":"<p>Adet Geciktirici \u0130la\u00e7lar Adet Geciktirici \u0130la\u00e7lar Sa\u011fl\u0131kl\u0131 her kad\u0131n normal \u015fartlar alt\u0131nda ortalama ayda bir kez adet kanamas\u0131 ya\u015famaktad\u0131r. Adet kanamas\u0131; kad\u0131n rahminin i\u00e7 dokusunun (endometrium) hormonlar\u0131n etkisiyle kendisini gebeli\u011fe haz\u0131rlamas\u0131 ve gebelik olu\u015fmad\u0131ysa kanama ile d\u00f6k\u00fclmesi olay\u0131d\u0131r. Kad\u0131nlar bazen bu adet d\u00f6nemlerini ertelemek isteyebilmekte ve bunun i\u00e7in de adet kanamas\u0131n\u0131 geciktirecek, erteleyecek ila\u00e7lar kullanmaktad\u0131rlar. [&hellip;]<\/p>\n","protected":false},"author":1,"featured_media":0,"parent":0,"menu_order":0,"comment_status":"closed","ping_status":"closed","template":"","meta":{"footnotes":""},"class_list":["post-482","page","type-page","status-publish","hentry"],"yoast_head":"<!-- This site is optimized with the Yoast SEO plugin v27.4 - https:\/\/yoast.com\/product\/yoast-seo-wordpress\/ -->\n<title>Adet Geciktirici \u0130la\u00e7lar - T\u00dcL\u0130N KAHVEC\u0130<\/title>\n<meta name=\"description\" content=\"Sa\u011fl\u0131kl\u0131 her kad\u0131n normal \u015fartlar alt\u0131nda ortalama ayda bir kez adet kanamas\u0131 ya\u015famaktad\u0131r. Kad\u0131nlar bazen bu adet d\u00f6nemlerini ertelemek isteyebilir. Bunun i\u00e7in adet kanamas\u0131n\u0131 geciktirecek, erteleyecek ila\u00e7lar kullan\u0131lmaktad\u0131r. Bu ila\u00e7lar progesteron i\u00e7eren, rahim i\u00e7 dokusunun normal d\u00f6ng\u00fcs\u00fcn\u00fc geciktiren, yumurtlamay\u0131 ya da genel sa\u011fl\u0131k durumunu etkilemeyen ila\u00e7lard\u0131r.\" \/>\n<meta name=\"robots\" content=\"index, follow, max-snippet:-1, max-image-preview:large, max-video-preview:-1\" \/>\n<link rel=\"canonical\" href=\"https:\/\/tulinkahveci.com\/index.php\/adet-geciktirici-ilaclar\/\" \/>\n<meta property=\"og:locale\" content=\"tr_TR\" \/>\n<meta property=\"og:type\" content=\"article\" \/>\n<meta property=\"og:title\" content=\"Adet Geciktirici \u0130la\u00e7lar - T\u00dcL\u0130N KAHVEC\u0130\" \/>\n<meta property=\"og:description\" content=\"Sa\u011fl\u0131kl\u0131 her kad\u0131n normal \u015fartlar alt\u0131nda ortalama ayda bir kez adet kanamas\u0131 ya\u015famaktad\u0131r. Kad\u0131nlar bazen bu adet d\u00f6nemlerini ertelemek isteyebilir. Bunun i\u00e7in adet kanamas\u0131n\u0131 geciktirecek, erteleyecek ila\u00e7lar kullan\u0131lmaktad\u0131r. Bu ila\u00e7lar progesteron i\u00e7eren, rahim i\u00e7 dokusunun normal d\u00f6ng\u00fcs\u00fcn\u00fc geciktiren, yumurtlamay\u0131 ya da genel sa\u011fl\u0131k durumunu etkilemeyen ila\u00e7lard\u0131r.\" \/>\n<meta property=\"og:url\" content=\"https:\/\/tulinkahveci.com\/index.php\/adet-geciktirici-ilaclar\/\" \/>\n<meta property=\"og:site_name\" content=\"T\u00dcL\u0130N KAHVEC\u0130\" \/>\n<meta name=\"twitter:card\" content=\"summary_large_image\" \/>\n<meta name=\"twitter:label1\" content=\"Tahmini okuma s\u00fcresi\" \/>\n\t<meta name=\"twitter:data1\" content=\"3 dakika\" \/>\n<script type=\"application\/ld+json\" class=\"yoast-schema-graph\">{\"@context\":\"https:\\\/\\\/schema.org\",\"@graph\":[{\"@type\":\"WebPage\",\"@id\":\"https:\\\/\\\/tulinkahveci.com\\\/index.php\\\/adet-geciktirici-ilaclar\\\/\",\"url\":\"https:\\\/\\\/tulinkahveci.com\\\/index.php\\\/adet-geciktirici-ilaclar\\\/\",\"name\":\"Adet Geciktirici \u0130la\u00e7lar - T\u00dcL\u0130N KAHVEC\u0130\",\"isPartOf\":{\"@id\":\"https:\\\/\\\/tulinkahveci.com\\\/#website\"},\"datePublished\":\"2022-04-26T17:31:37+00:00\",\"description\":\"Sa\u011fl\u0131kl\u0131 her kad\u0131n normal \u015fartlar alt\u0131nda ortalama ayda bir kez adet kanamas\u0131 ya\u015famaktad\u0131r. Kad\u0131nlar bazen bu adet d\u00f6nemlerini ertelemek isteyebilir. Bunun i\u00e7in adet kanamas\u0131n\u0131 geciktirecek, erteleyecek ila\u00e7lar kullan\u0131lmaktad\u0131r. Bu ila\u00e7lar progesteron i\u00e7eren, rahim i\u00e7 dokusunun normal d\u00f6ng\u00fcs\u00fcn\u00fc geciktiren, yumurtlamay\u0131 ya da genel sa\u011fl\u0131k durumunu etkilemeyen ila\u00e7lard\u0131r.\",\"breadcrumb\":{\"@id\":\"https:\\\/\\\/tulinkahveci.com\\\/index.php\\\/adet-geciktirici-ilaclar\\\/#breadcrumb\"},\"inLanguage\":\"tr\",\"potentialAction\":[{\"@type\":\"ReadAction\",\"target\":[\"https:\\\/\\\/tulinkahveci.com\\\/index.php\\\/adet-geciktirici-ilaclar\\\/\"]}]},{\"@type\":\"BreadcrumbList\",\"@id\":\"https:\\\/\\\/tulinkahveci.com\\\/index.php\\\/adet-geciktirici-ilaclar\\\/#breadcrumb\",\"itemListElement\":[{\"@type\":\"ListItem\",\"position\":1,\"name\":\"Anasayfa\",\"item\":\"https:\\\/\\\/tulinkahveci.com\\\/\"},{\"@type\":\"ListItem\",\"position\":2,\"name\":\"Adet Geciktirici \u0130la\u00e7lar\"}]},{\"@type\":\"WebSite\",\"@id\":\"https:\\\/\\\/tulinkahveci.com\\\/#website\",\"url\":\"https:\\\/\\\/tulinkahveci.com\\\/\",\"name\":\"T\u00dcL\u0130N KAHVEC\u0130\",\"description\":\"\",\"potentialAction\":[{\"@type\":\"SearchAction\",\"target\":{\"@type\":\"EntryPoint\",\"urlTemplate\":\"https:\\\/\\\/tulinkahveci.com\\\/?s={search_term_string}\"},\"query-input\":{\"@type\":\"PropertyValueSpecification\",\"valueRequired\":true,\"valueName\":\"search_term_string\"}}],\"inLanguage\":\"tr\"}]}<\/script>\n<!-- \/ Yoast SEO plugin. -->","yoast_head_json":{"title":"Adet Geciktirici \u0130la\u00e7lar - T\u00dcL\u0130N KAHVEC\u0130","description":"Sa\u011fl\u0131kl\u0131 her kad\u0131n normal \u015fartlar alt\u0131nda ortalama ayda bir kez adet kanamas\u0131 ya\u015famaktad\u0131r. Kad\u0131nlar bazen bu adet d\u00f6nemlerini ertelemek isteyebilir. Bunun i\u00e7in adet kanamas\u0131n\u0131 geciktirecek, erteleyecek ila\u00e7lar kullan\u0131lmaktad\u0131r. Bu ila\u00e7lar progesteron i\u00e7eren, rahim i\u00e7 dokusunun normal d\u00f6ng\u00fcs\u00fcn\u00fc geciktiren, yumurtlamay\u0131 ya da genel sa\u011fl\u0131k durumunu etkilemeyen ila\u00e7lard\u0131r.","robots":{"index":"index","follow":"follow","max-snippet":"max-snippet:-1","max-image-preview":"max-image-preview:large","max-video-preview":"max-video-preview:-1"},"canonical":"https:\/\/tulinkahveci.com\/index.php\/adet-geciktirici-ilaclar\/","og_locale":"tr_TR","og_type":"article","og_title":"Adet Geciktirici \u0130la\u00e7lar - T\u00dcL\u0130N KAHVEC\u0130","og_description":"Sa\u011fl\u0131kl\u0131 her kad\u0131n normal \u015fartlar alt\u0131nda ortalama ayda bir kez adet kanamas\u0131 ya\u015famaktad\u0131r. Kad\u0131nlar bazen bu adet d\u00f6nemlerini ertelemek isteyebilir. Bunun i\u00e7in adet kanamas\u0131n\u0131 geciktirecek, erteleyecek ila\u00e7lar kullan\u0131lmaktad\u0131r. Bu ila\u00e7lar progesteron i\u00e7eren, rahim i\u00e7 dokusunun normal d\u00f6ng\u00fcs\u00fcn\u00fc geciktiren, yumurtlamay\u0131 ya da genel sa\u011fl\u0131k durumunu etkilemeyen ila\u00e7lard\u0131r.","og_url":"https:\/\/tulinkahveci.com\/index.php\/adet-geciktirici-ilaclar\/","og_site_name":"T\u00dcL\u0130N KAHVEC\u0130","twitter_card":"summary_large_image","twitter_misc":{"Tahmini okuma s\u00fcresi":"3 dakika"},"schema":{"@context":"https:\/\/schema.org","@graph":[{"@type":"WebPage","@id":"https:\/\/tulinkahveci.com\/index.php\/adet-geciktirici-ilaclar\/","url":"https:\/\/tulinkahveci.com\/index.php\/adet-geciktirici-ilaclar\/","name":"Adet Geciktirici \u0130la\u00e7lar - T\u00dcL\u0130N KAHVEC\u0130","isPartOf":{"@id":"https:\/\/tulinkahveci.com\/#website"},"datePublished":"2022-04-26T17:31:37+00:00","description":"Sa\u011fl\u0131kl\u0131 her kad\u0131n normal \u015fartlar alt\u0131nda ortalama ayda bir kez adet kanamas\u0131 ya\u015famaktad\u0131r. Kad\u0131nlar bazen bu adet d\u00f6nemlerini ertelemek isteyebilir. Bunun i\u00e7in adet kanamas\u0131n\u0131 geciktirecek, erteleyecek ila\u00e7lar kullan\u0131lmaktad\u0131r. Bu ila\u00e7lar progesteron i\u00e7eren, rahim i\u00e7 dokusunun normal d\u00f6ng\u00fcs\u00fcn\u00fc geciktiren, yumurtlamay\u0131 ya da genel sa\u011fl\u0131k durumunu etkilemeyen ila\u00e7lard\u0131r.","breadcrumb":{"@id":"https:\/\/tulinkahveci.com\/index.php\/adet-geciktirici-ilaclar\/#breadcrumb"},"inLanguage":"tr","potentialAction":[{"@type":"ReadAction","target":["https:\/\/tulinkahveci.com\/index.php\/adet-geciktirici-ilaclar\/"]}]},{"@type":"BreadcrumbList","@id":"https:\/\/tulinkahveci.com\/index.php\/adet-geciktirici-ilaclar\/#breadcrumb","itemListElement":[{"@type":"ListItem","position":1,"name":"Anasayfa","item":"https:\/\/tulinkahveci.com\/"},{"@type":"ListItem","position":2,"name":"Adet Geciktirici \u0130la\u00e7lar"}]},{"@type":"WebSite","@id":"https:\/\/tulinkahveci.com\/#website","url":"https:\/\/tulinkahveci.com\/","name":"T\u00dcL\u0130N KAHVEC\u0130","description":"","potentialAction":[{"@type":"SearchAction","target":{"@type":"EntryPoint","urlTemplate":"https:\/\/tulinkahveci.com\/?s={search_term_string}"},"query-input":{"@type":"PropertyValueSpecification","valueRequired":true,"valueName":"search_term_string"}}],"inLanguage":"tr"}]}},"_links":{"self":[{"href":"https:\/\/tulinkahveci.com\/index.php\/wp-json\/wp\/v2\/pages\/482","targetHints":{"allow":["GET"]}}],"collection":[{"href":"https:\/\/tulinkahveci.com\/index.php\/wp-json\/wp\/v2\/pages"}],"about":[{"href":"https:\/\/tulinkahveci.com\/index.php\/wp-json\/wp\/v2\/types\/page"}],"author":[{"embeddable":true,"href":"https:\/\/tulinkahveci.com\/index.php\/wp-json\/wp\/v2\/users\/1"}],"replies":[{"embeddable":true,"href":"https:\/\/tulinkahveci.com\/index.php\/wp-json\/wp\/v2\/comments?post=482"}],"version-history":[{"count":0,"href":"https:\/\/tulinkahveci.com\/index.php\/wp-json\/wp\/v2\/pages\/482\/revisions"}],"wp:attachment":[{"href":"https:\/\/tulinkahveci.com\/index.php\/wp-json\/wp\/v2\/media?parent=482"}],"curies":[{"name":"wp","href":"https:\/\/api.w.org\/{rel}","templated":true}]}}